{"id":147,"date":"2023-07-01T09:08:56","date_gmt":"2023-07-01T07:08:56","guid":{"rendered":"https:\/\/hoppetossa.com\/haga\/?page_id=147"},"modified":"2024-12-18T13:06:36","modified_gmt":"2024-12-18T12:06:36","slug":"vision-och-karnvarden","status":"publish","type":"page","link":"http:\/\/hoppetossa.com\/haga\/vision-och-karnvarden\/","title":{"rendered":"Vision och k\u00e4rnv\u00e4rden"},"content":{"rendered":"\n<h2 class=\"wp-block-heading\">Vision och k\u00e4rnv\u00e4rden<\/h2>\n\n\n\n<figure class=\"wp-block-image\"><img data-recalc-dims=\"1\" loading=\"lazy\" decoding=\"async\" width=\"1024\" height=\"666\" src=\"https:\/\/i0.wp.com\/hoppetossa.com\/haga\/wp-content\/uploads\/sites\/12\/2022\/05\/haga-bild-komprimerad.jpg?resize=1024%2C666\" alt=\"\" class=\"wp-image-17 img-responsive\" srcset=\"https:\/\/i0.wp.com\/hoppetossa.com\/haga\/wp-content\/uploads\/sites\/12\/2022\/05\/haga-bild-komprimerad.jpg?resize=1024%2C666 1024w, https:\/\/i0.wp.com\/hoppetossa.com\/haga\/wp-content\/uploads\/sites\/12\/2022\/05\/haga-bild-komprimerad.jpg?resize=300%2C195 300w, https:\/\/i0.wp.com\/hoppetossa.com\/haga\/wp-content\/uploads\/sites\/12\/2022\/05\/haga-bild-komprimerad.jpg?resize=768%2C500 768w, https:\/\/i0.wp.com\/hoppetossa.com\/haga\/wp-content\/uploads\/sites\/12\/2022\/05\/haga-bild-komprimerad.jpg?resize=1536%2C1000 1536w, https:\/\/i0.wp.com\/hoppetossa.com\/haga\/wp-content\/uploads\/sites\/12\/2022\/05\/haga-bild-komprimerad.jpg?resize=2048%2C1333 2048w\" sizes=\"auto, (max-width: 1024px) 100vw, 1024px\" \/><\/figure>\n\n\n\n<div style=\"height:16px\" aria-hidden=\"true\" class=\"wp-block-spacer\"><\/div>\n\n\n\n<p>P\u00e5 v\u00e5r f\u00f6rskola arbetar n\u00e4rvarande och engagerade pedagoger. Att vara samspelta i arbetslaget kring v\u00e5r barnsyn och v\u00e5rt f\u00f6rh\u00e5llningss\u00e4tt till barnen \u00e4r viktigt, d\u00e4r v\u00e5ra k\u00e4rnv\u00e4rden och v\u00e5r vision ligger till grund f\u00f6r v\u00e5r utbildning, verksamhet och l\u00e4rande.<\/p>\n\n\n\n<p>Vi arbetar med barnens anknytning till pedagogerna, det ska vara tryggt i b\u00f6rjan och det \u00e4r viktigt att fokusera p\u00e5 det f\u00f6rst och fr\u00e4mst, och \u00e4ven p\u00e5 en trygg milj\u00f6 som passar barngrupperna. Vi \u00e4r n\u00e4rvarande pedagoger med fokus p\u00e5 barnens utveckling och l\u00e4rande.<\/p>\n\n\n\n<p><strong>Vision<\/strong><br>Vi vill vara en drivande kraft f\u00f6r en j\u00e4mst\u00e4lld och demokratisk v\u00e4rld.<\/p>\n\n\n\n<p><strong>K\u00e4rnv\u00e4rden<\/strong><br><em>Trygghet<br><\/em>Ett tryggt barn kan g\u00e5 hur l\u00e5ngt som helst. Sj\u00e4lvfallet vill vi erbjuda en trygg milj\u00f6 i v\u00e5r f\u00f6rskola; detta g\u00e4ller b\u00e5de den fysiska och den sociala milj\u00f6n. Genom att systematiskt utveckla v\u00e5r kvalitet f\u00f6rb\u00e4ttrar vi verksamheten och s\u00e4kerst\u00e4ller samtidigt att vi har kontroll som skapar den trygghet vi vill uppn\u00e5.<\/p>\n\n\n\n<p><em>Gl\u00e4dje<br><\/em>Vi l\u00e4gger v\u00e5rt fulla engagemang i vardagen med barnen och vill att hela f\u00f6rskolan ska genomsyras av gl\u00e4dje&nbsp;till barn, barns l\u00e4rande och f\u00f6rskolan.<\/p>\n\n\n\n<p><em>Nyfikenhet<\/em><br>Att erbjuda kvalitativ f\u00f6rskoleverksamhet&nbsp;kr\u00e4ver att vi ligger i framkant, samarbetar och utbyter erfarenheter med varandra och andra. Vi vill att&nbsp;barnens naturliga nyfikenhet och intresse alltid ska uppmuntras.<\/p>\n\n\n\n<p><em>Kunskap<br><\/em>Vi kan barns utveckling och l\u00e4rande, och vi vill alltid s\u00e4tta kunskap i fokus n\u00e4r vi driver v\u00e5r verksamhet.&nbsp;<\/p>\n","protected":false},"excerpt":{"rendered":"<p>Vision och k\u00e4rnv\u00e4rden P\u00e5 v\u00e5r f\u00f6rskola arbetar n\u00e4rvarande och engagerade pedagoger. Att vara samspelta i arbetslaget kring v\u00e5r barnsyn och&hellip; <a class=\"read-more\" href=\"http:\/\/hoppetossa.com\/haga\/vision-och-karnvarden\/\">L\u00e4s mera<\/a><\/p>\n","protected":false},"author":1,"featured_media":0,"parent":0,"menu_order":0,"comment_status":"closed","ping_status":"closed","template":"","meta":{"_acf_changed":false,"_monsterinsights_skip_tracking":false,"_monsterinsights_sitenote_active":false,"_monsterinsights_sitenote_note":"","_monsterinsights_sitenote_category":0,"footnotes":""},"class_list":["post-147","page","type-page","status-publish","hentry"],"acf":[],"yoast_head":"<!-- This site is optimized with the Yoast SEO plugin v27.6 - https:\/\/yoast.com\/product\/yoast-seo-wordpress\/ -->\n<title>Vision och k\u00e4rnv\u00e4rden - F\u00f6rskolan Haga<\/title>\n<meta name=\"robots\" content=\"index, follow, max-snippet:-1, max-image-preview:large, max-video-preview:-1\" \/>\n<link rel=\"canonical\" href=\"https:\/\/hoppetossa.com\/haga\/vision-och-karnvarden\/\" \/>\n<meta property=\"og:locale\" content=\"sv_SE\" \/>\n<meta property=\"og:type\" content=\"article\" \/>\n<meta property=\"og:title\" content=\"Vision och k\u00e4rnv\u00e4rden - F\u00f6rskolan Haga\" \/>\n<meta property=\"og:description\" content=\"Vision och k\u00e4rnv\u00e4rden P\u00e5 v\u00e5r f\u00f6rskola arbetar n\u00e4rvarande och engagerade pedagoger. Att vara samspelta i arbetslaget kring v\u00e5r barnsyn och&hellip; L\u00e4s mera\" \/>\n<meta property=\"og:url\" content=\"https:\/\/hoppetossa.com\/haga\/vision-och-karnvarden\/\" \/>\n<meta property=\"og:site_name\" content=\"F\u00f6rskolan Haga\" \/>\n<meta property=\"article:modified_time\" content=\"2024-12-18T12:06:36+00:00\" \/>\n<meta property=\"og:image\" content=\"http:\/\/hoppetossa.com\/haga\/wp-content\/uploads\/sites\/12\/2022\/05\/haga-bild-komprimerad-1024x666.jpg\" \/>\n<meta name=\"twitter:card\" content=\"summary_large_image\" \/>\n<meta name=\"twitter:label1\" content=\"Ber\u00e4knad l\u00e4stid\" \/>\n\t<meta name=\"twitter:data1\" content=\"2 minuter\" \/>\n<script type=\"application\/ld+json\" class=\"yoast-schema-graph\">{\"@context\":\"https:\\\/\\\/schema.org\",\"@graph\":[{\"@type\":\"WebPage\",\"@id\":\"https:\\\/\\\/hoppetossa.com\\\/haga\\\/vision-och-karnvarden\\\/\",\"url\":\"https:\\\/\\\/hoppetossa.com\\\/haga\\\/vision-och-karnvarden\\\/\",\"name\":\"Vision och k\u00e4rnv\u00e4rden - F\u00f6rskolan Haga\",\"isPartOf\":{\"@id\":\"https:\\\/\\\/hoppetossa.com\\\/haga\\\/#website\"},\"primaryImageOfPage\":{\"@id\":\"https:\\\/\\\/hoppetossa.com\\\/haga\\\/vision-och-karnvarden\\\/#primaryimage\"},\"image\":{\"@id\":\"https:\\\/\\\/hoppetossa.com\\\/haga\\\/vision-och-karnvarden\\\/#primaryimage\"},\"thumbnailUrl\":\"http:\\\/\\\/hoppetossa.com\\\/haga\\\/wp-content\\\/uploads\\\/sites\\\/12\\\/2022\\\/05\\\/haga-bild-komprimerad-1024x666.jpg\",\"datePublished\":\"2023-07-01T07:08:56+00:00\",\"dateModified\":\"2024-12-18T12:06:36+00:00\",\"breadcrumb\":{\"@id\":\"https:\\\/\\\/hoppetossa.com\\\/haga\\\/vision-och-karnvarden\\\/#breadcrumb\"},\"inLanguage\":\"sv-SE\",\"potentialAction\":[{\"@type\":\"ReadAction\",\"target\":[\"https:\\\/\\\/hoppetossa.com\\\/haga\\\/vision-och-karnvarden\\\/\"]}]},{\"@type\":\"ImageObject\",\"inLanguage\":\"sv-SE\",\"@id\":\"https:\\\/\\\/hoppetossa.com\\\/haga\\\/vision-och-karnvarden\\\/#primaryimage\",\"url\":\"https:\\\/\\\/i0.wp.com\\\/hoppetossa.com\\\/haga\\\/wp-content\\\/uploads\\\/sites\\\/12\\\/2022\\\/05\\\/haga-bild-komprimerad.jpg?fit=2182%2C1420\",\"contentUrl\":\"https:\\\/\\\/i0.wp.com\\\/hoppetossa.com\\\/haga\\\/wp-content\\\/uploads\\\/sites\\\/12\\\/2022\\\/05\\\/haga-bild-komprimerad.jpg?fit=2182%2C1420\",\"width\":2182,\"height\":1420},{\"@type\":\"BreadcrumbList\",\"@id\":\"https:\\\/\\\/hoppetossa.com\\\/haga\\\/vision-och-karnvarden\\\/#breadcrumb\",\"itemListElement\":[{\"@type\":\"ListItem\",\"position\":1,\"name\":\"Hem\",\"item\":\"https:\\\/\\\/hoppetossa.com\\\/haga\\\/\"},{\"@type\":\"ListItem\",\"position\":2,\"name\":\"Vision och k\u00e4rnv\u00e4rden\"}]},{\"@type\":\"WebSite\",\"@id\":\"https:\\\/\\\/hoppetossa.com\\\/haga\\\/#website\",\"url\":\"https:\\\/\\\/hoppetossa.com\\\/haga\\\/\",\"name\":\"F\u00f6rskolan Haga\",\"description\":\"Hoppetossa f\u00f6rskolor\",\"potentialAction\":[{\"@type\":\"SearchAction\",\"target\":{\"@type\":\"EntryPoint\",\"urlTemplate\":\"https:\\\/\\\/hoppetossa.com\\\/haga\\\/?s={search_term_string}\"},\"query-input\":{\"@type\":\"PropertyValueSpecification\",\"valueRequired\":true,\"valueName\":\"search_term_string\"}}],\"inLanguage\":\"sv-SE\"}]}<\/script>\n<!-- \/ Yoast SEO plugin. -->","yoast_head_json":{"title":"Vision och k\u00e4rnv\u00e4rden - F\u00f6rskolan Haga","robots":{"index":"index","follow":"follow","max-snippet":"max-snippet:-1","max-image-preview":"max-image-preview:large","max-video-preview":"max-video-preview:-1"},"canonical":"https:\/\/hoppetossa.com\/haga\/vision-och-karnvarden\/","og_locale":"sv_SE","og_type":"article","og_title":"Vision och k\u00e4rnv\u00e4rden - F\u00f6rskolan Haga","og_description":"Vision och k\u00e4rnv\u00e4rden P\u00e5 v\u00e5r f\u00f6rskola arbetar n\u00e4rvarande och engagerade pedagoger. Att vara samspelta i arbetslaget kring v\u00e5r barnsyn och&hellip; L\u00e4s mera","og_url":"https:\/\/hoppetossa.com\/haga\/vision-och-karnvarden\/","og_site_name":"F\u00f6rskolan Haga","article_modified_time":"2024-12-18T12:06:36+00:00","og_image":[{"url":"http:\/\/hoppetossa.com\/haga\/wp-content\/uploads\/sites\/12\/2022\/05\/haga-bild-komprimerad-1024x666.jpg","type":"","width":"","height":""}],"twitter_card":"summary_large_image","twitter_misc":{"Ber\u00e4knad l\u00e4stid":"2 minuter"},"schema":{"@context":"https:\/\/schema.org","@graph":[{"@type":"WebPage","@id":"https:\/\/hoppetossa.com\/haga\/vision-och-karnvarden\/","url":"https:\/\/hoppetossa.com\/haga\/vision-och-karnvarden\/","name":"Vision och k\u00e4rnv\u00e4rden - F\u00f6rskolan Haga","isPartOf":{"@id":"https:\/\/hoppetossa.com\/haga\/#website"},"primaryImageOfPage":{"@id":"https:\/\/hoppetossa.com\/haga\/vision-och-karnvarden\/#primaryimage"},"image":{"@id":"https:\/\/hoppetossa.com\/haga\/vision-och-karnvarden\/#primaryimage"},"thumbnailUrl":"http:\/\/hoppetossa.com\/haga\/wp-content\/uploads\/sites\/12\/2022\/05\/haga-bild-komprimerad-1024x666.jpg","datePublished":"2023-07-01T07:08:56+00:00","dateModified":"2024-12-18T12:06:36+00:00","breadcrumb":{"@id":"https:\/\/hoppetossa.com\/haga\/vision-och-karnvarden\/#breadcrumb"},"inLanguage":"sv-SE","potentialAction":[{"@type":"ReadAction","target":["https:\/\/hoppetossa.com\/haga\/vision-och-karnvarden\/"]}]},{"@type":"ImageObject","inLanguage":"sv-SE","@id":"https:\/\/hoppetossa.com\/haga\/vision-och-karnvarden\/#primaryimage","url":"https:\/\/i0.wp.com\/hoppetossa.com\/haga\/wp-content\/uploads\/sites\/12\/2022\/05\/haga-bild-komprimerad.jpg?fit=2182%2C1420","contentUrl":"https:\/\/i0.wp.com\/hoppetossa.com\/haga\/wp-content\/uploads\/sites\/12\/2022\/05\/haga-bild-komprimerad.jpg?fit=2182%2C1420","width":2182,"height":1420},{"@type":"BreadcrumbList","@id":"https:\/\/hoppetossa.com\/haga\/vision-och-karnvarden\/#breadcrumb","itemListElement":[{"@type":"ListItem","position":1,"name":"Hem","item":"https:\/\/hoppetossa.com\/haga\/"},{"@type":"ListItem","position":2,"name":"Vision och k\u00e4rnv\u00e4rden"}]},{"@type":"WebSite","@id":"https:\/\/hoppetossa.com\/haga\/#website","url":"https:\/\/hoppetossa.com\/haga\/","name":"F\u00f6rskolan Haga","description":"Hoppetossa f\u00f6rskolor","potentialAction":[{"@type":"SearchAction","target":{"@type":"EntryPoint","urlTemplate":"https:\/\/hoppetossa.com\/haga\/?s={search_term_string}"},"query-input":{"@type":"PropertyValueSpecification","valueRequired":true,"valueName":"search_term_string"}}],"inLanguage":"sv-SE"}]}},"jetpack-related-posts":[],"jetpack_sharing_enabled":true,"_links":{"self":[{"href":"http:\/\/hoppetossa.com\/haga\/wp-json\/wp\/v2\/pages\/147","targetHints":{"allow":["GET"]}}],"collection":[{"href":"http:\/\/hoppetossa.com\/haga\/wp-json\/wp\/v2\/pages"}],"about":[{"href":"http:\/\/hoppetossa.com\/haga\/wp-json\/wp\/v2\/types\/page"}],"author":[{"embeddable":true,"href":"http:\/\/hoppetossa.com\/haga\/wp-json\/wp\/v2\/users\/1"}],"replies":[{"embeddable":true,"href":"http:\/\/hoppetossa.com\/haga\/wp-json\/wp\/v2\/comments?post=147"}],"version-history":[{"count":4,"href":"http:\/\/hoppetossa.com\/haga\/wp-json\/wp\/v2\/pages\/147\/revisions"}],"predecessor-version":[{"id":221,"href":"http:\/\/hoppetossa.com\/haga\/wp-json\/wp\/v2\/pages\/147\/revisions\/221"}],"wp:attachment":[{"href":"http:\/\/hoppetossa.com\/haga\/wp-json\/wp\/v2\/media?parent=147"}],"curies":[{"name":"wp","href":"https:\/\/api.w.org\/{rel}","templated":true}]}}