{"id":47,"date":"2022-05-04T20:11:22","date_gmt":"2022-05-04T18:11:22","guid":{"rendered":"http:\/\/hoppetossa.com\/haga\/?page_id=47"},"modified":"2024-12-18T13:20:15","modified_gmt":"2024-12-18T12:20:15","slug":"ovrig-information","status":"publish","type":"page","link":"http:\/\/hoppetossa.com\/haga\/ovrig-information\/","title":{"rendered":"F\u00f6rskola och hem"},"content":{"rendered":"\n<h1>F\u00f6rskola och hem<\/h1>\n\n\n\n<figure class=\"wp-block-gallery alignleft has-nested-images columns-default is-cropped wp-block-gallery-1 is-layout-flex wp-block-gallery-is-layout-flex\">\n<figure class=\"wp-block-image size-large\"><img data-recalc-dims=\"1\" loading=\"lazy\" decoding=\"async\" width=\"665\" height=\"1024\" data-id=\"205\" src=\"https:\/\/i0.wp.com\/hoppetossa.com\/haga\/wp-content\/uploads\/sites\/12\/2024\/12\/img-2500.jpg?resize=665%2C1024\" alt=\"\" class=\"wp-image-205 img-responsive\" srcset=\"https:\/\/i0.wp.com\/hoppetossa.com\/haga\/wp-content\/uploads\/sites\/12\/2024\/12\/img-2500.jpg?resize=665%2C1024 665w, https:\/\/i0.wp.com\/hoppetossa.com\/haga\/wp-content\/uploads\/sites\/12\/2024\/12\/img-2500.jpg?resize=195%2C300 195w, https:\/\/i0.wp.com\/hoppetossa.com\/haga\/wp-content\/uploads\/sites\/12\/2024\/12\/img-2500.jpg?resize=768%2C1182 768w, https:\/\/i0.wp.com\/hoppetossa.com\/haga\/wp-content\/uploads\/sites\/12\/2024\/12\/img-2500.jpg?w=950 950w\" sizes=\"auto, (max-width: 665px) 100vw, 665px\" \/><\/figure>\n\n\n\n<figure class=\"wp-block-image size-large\"><img data-recalc-dims=\"1\" loading=\"lazy\" decoding=\"async\" width=\"809\" height=\"1024\" data-id=\"138\" src=\"https:\/\/i0.wp.com\/hoppetossa.com\/haga\/wp-content\/uploads\/sites\/12\/2023\/07\/img-9200-809x1024.jpg?resize=809%2C1024&#038;ssl=1\" alt=\"\" class=\"wp-image-138 img-responsive\" srcset=\"https:\/\/i0.wp.com\/hoppetossa.com\/haga\/wp-content\/uploads\/sites\/12\/2023\/07\/img-9200.jpg?resize=809%2C1024 809w, https:\/\/i0.wp.com\/hoppetossa.com\/haga\/wp-content\/uploads\/sites\/12\/2023\/07\/img-9200.jpg?resize=237%2C300 237w, https:\/\/i0.wp.com\/hoppetossa.com\/haga\/wp-content\/uploads\/sites\/12\/2023\/07\/img-9200.jpg?resize=768%2C972 768w, https:\/\/i0.wp.com\/hoppetossa.com\/haga\/wp-content\/uploads\/sites\/12\/2023\/07\/img-9200.jpg?w=1049 1049w\" sizes=\"auto, (max-width: 809px) 100vw, 809px\" \/><\/figure>\n\n\n\n<figure class=\"wp-block-image size-large\"><img data-recalc-dims=\"1\" loading=\"lazy\" decoding=\"async\" width=\"1024\" height=\"789\" data-id=\"207\" src=\"https:\/\/i0.wp.com\/hoppetossa.com\/haga\/wp-content\/uploads\/sites\/12\/2024\/12\/img-2503-e1734524188990-1024x789.jpg?resize=1024%2C789&#038;ssl=1\" alt=\"\" class=\"wp-image-207 img-responsive\" srcset=\"https:\/\/i0.wp.com\/hoppetossa.com\/haga\/wp-content\/uploads\/sites\/12\/2024\/12\/img-2503-e1734524188990.jpg?resize=1024%2C789 1024w, https:\/\/i0.wp.com\/hoppetossa.com\/haga\/wp-content\/uploads\/sites\/12\/2024\/12\/img-2503-e1734524188990.jpg?resize=300%2C231 300w, https:\/\/i0.wp.com\/hoppetossa.com\/haga\/wp-content\/uploads\/sites\/12\/2024\/12\/img-2503-e1734524188990.jpg?resize=768%2C592 768w, https:\/\/i0.wp.com\/hoppetossa.com\/haga\/wp-content\/uploads\/sites\/12\/2024\/12\/img-2503-e1734524188990.jpg?w=1170 1170w\" sizes=\"auto, (max-width: 1024px) 100vw, 1024px\" \/><\/figure>\n<\/figure>\n\n\n\n<p>Vi arbetar medvetet f\u00f6r att skapa\u00a0trygghet\u00a0f\u00f6r barn och v\u00e5rdnadshavare.\u00a0F\u00f6r oss \u00e4r det viktigt att vi, f\u00f6rskola \u2013 hem, samarbetar och utvecklar en tillitsfull relation. Ett prioriterat omr\u00e5de hos oss \u00e4r att arbeta med \u00e4r barninflytande och f\u00f6r\u00e4ldrasamverkan. <\/p>\n\n\n\n<h2 class=\"wp-block-heading\">Introduktion \u2013 n\u00e4r ert barn b\u00f6rjar f\u00f6rskolan<\/h2>\n\n\n\n<p>Innan introduktionen tar f\u00f6rskolans pedagoger kontakt med er f\u00f6r att delge er information inf\u00f6r inskolningen. I samband med inskolningen sker \u00e4ven samtal mellan er och f\u00f6rskolan, syftet \u00e4r att ni f\u00e5r m\u00f6jlighet att ber\u00e4tta om ert barn och p\u00e5 vilket s\u00e4tt f\u00f6rskolan kan bidra till trivsel, utveckling och l\u00e4rande. Vid inskolningsperioden \u00e4r v\u00e5rt syfte att barnen ska kunna k\u00e4nna sig v\u00e4lkomna d\u00e4r vi f\u00f6rs\u00f6ker att skapa relation med barnen f\u00f6r deras trygghet och tillit till oss pedagoger.<\/p>\n\n\n\n<h2 class=\"wp-block-heading\">\u00d6ppettider<\/h2>\n\n\n\n<p>Vi f\u00f6ljer Stockholm stads riktlinjer. Enligt dem ska en f\u00f6rskola erbjuda \u00f6ppettider i f\u00f6rh\u00e5llande till v\u00e5rdnadshavares behov inom ramtiden 06.30-18.30 alla helgfria vardagar f\u00f6rutom julafton, midsommarafton och ny\u00e5rsafton.<\/p>\n\n\n\n<p>Vid inskrivning av nytt barn samt i b\u00f6rjan av varje termin samlar vi in v\u00e5rdnadshavares behov av barnomsorg f\u00f6r den kommande terminen. Sj\u00e4lvfallet g\u00e5r det att \u00e4ndra tider \u00e4ven under terminens g\u00e5ng. <\/p>\n\n\n\n<p>\u00c4ndring av vistelsetid (del-eller heltid) g\u00f6rs via kommunens e-tj\u00e4nst. \u00c4ndring av enstaka f\u00f6r\u00e4ndring av schema\/n\u00e4rvarotid meddelas avdelningspersonalen, om f\u00f6r\u00e4ndringen \u00e4r best\u00e5ende meddelas rektor. V\u00e5rdnadshavare ansvarar f\u00f6r att den avtalade tiden h\u00e5lls.<\/p>\n\n\n\n<h2 class=\"wp-block-heading\">K\u00f6regler<\/h2>\n\n\n\n<p>V\u00e5r f\u00f6rskola&nbsp;\u00e4r med i Stockholm Stads gemensamma k\u00f6, vilket inneb\u00e4r att vi f\u00f6ljer Stockholms stads urvalsregler. V\u00e5r k\u00f6 hittar ni h\u00e4r: <a href=\"https:\/\/forskola.stockholm\/hitta-forskola\/forskola\/hoppetossa-haga\/\">https:\/\/forskola.stockholm\/hitta-forskola\/forskola\/hoppetossa-haga\/<\/a>.<\/p>\n\n\n\n<h2 class=\"wp-block-heading\">M\u00e5nadsavgift<\/h2>\n\n\n\n<p>M\u00e5nadsavgiften f\u00f6ljer den kommunala maxtaxan. Man&nbsp;har ingen r\u00e4tt till \u00e5terbetalning av m\u00e5nadsavgiften om barnet&nbsp;\u00e4r tillf\u00e4lligt fr\u00e5nvarande fr\u00e5n f\u00f6rskolan&nbsp;(t.ex. vid sjukdom eller resa).&nbsp;Man betalar m\u00e5nadsavgift 12 m\u00e5nader per \u00e5r.&nbsp; N\u00e5gon avgift\/kostnad ut\u00f6ver maxtaxan f\u00e5r inte tas ut f\u00f6r en plats i f\u00f6rskolan, och detta g\u00f6r vi sj\u00e4lvfallet&nbsp;<strong>inte<\/strong>&nbsp;i v\u00e5r f\u00f6rskola.<\/p>\n\n\n\n<h2 class=\"wp-block-heading\">Upps\u00e4gningstid<\/h2>\n\n\n\n<p>En v\u00e5rdnadshavares upps\u00e4gningstid av sitt barns plats i en f\u00f6rskola \u00e4r en m\u00e5nad. Man betalar m\u00e5nadsavgift under upps\u00e4gningstiden.<\/p>\n\n\n\n<h2 class=\"wp-block-heading\">Olycksfallsf\u00f6rs\u00e4kring<\/h2>\n\n\n\n<p>Alla barn som g\u00e5r i kommunala och frist\u00e5ende f\u00f6rskolor i Stockholm Stad \u00e4r olycksfallsf\u00f6rs\u00e4krade genom f\u00f6rs\u00e4kringsbolaget S:t Erik f\u00f6rs\u00e4kring. F\u00f6rs\u00e4kringen g\u00e4ller dygnet runt.<\/p>\n\n\n\n<p>Om ditt barn r\u00e5kar ut f\u00f6r en skada \u00e4r det du som v\u00e5rdnadshavare som anm\u00e4ler skadan. En blankett\u202ff\u00f6r skadeanm\u00e4lan finns p\u00e5 S:t Eriks f\u00f6rs\u00e4krings webbplats.<\/p>\n\n\n\n<p>Om du beh\u00f6ver anv\u00e4nda f\u00f6rs\u00e4kringen beh\u00f6ver du inte betala sj\u00e4lvrisk. Om du vill veta mer om f\u00f6rs\u00e4kringen, villkor och liknande hittar du det p\u00e5 S:t Eriks f\u00f6rs\u00e4krings webbplats.<\/p>\n\n\n\n<p><a href=\"http:\/\/www.sterikforsakring.se\/\">S:t Eriks f\u00f6rs\u00e4krings webbplats<\/a><\/p>\n","protected":false},"excerpt":{"rendered":"<p>F\u00f6rskola och hem Vi arbetar medvetet f\u00f6r att skapa\u00a0trygghet\u00a0f\u00f6r barn och v\u00e5rdnadshavare.\u00a0F\u00f6r oss \u00e4r det viktigt att vi, f\u00f6rskola \u2013&hellip; <a class=\"read-more\" href=\"http:\/\/hoppetossa.com\/haga\/ovrig-information\/\">L\u00e4s mera<\/a><\/p>\n","protected":false},"author":1,"featured_media":0,"parent":0,"menu_order":0,"comment_status":"closed","ping_status":"closed","template":"","meta":{"_acf_changed":false,"_monsterinsights_skip_tracking":false,"_monsterinsights_sitenote_active":false,"_monsterinsights_sitenote_note":"","_monsterinsights_sitenote_category":0,"footnotes":""},"class_list":["post-47","page","type-page","status-publish","hentry"],"acf":[],"yoast_head":"<!-- This site is optimized with the Yoast SEO plugin v27.5 - https:\/\/yoast.com\/product\/yoast-seo-wordpress\/ -->\n<title>F\u00f6rskola och hem - F\u00f6rskolan Haga<\/title>\n<meta name=\"robots\" content=\"index, follow, max-snippet:-1, max-image-preview:large, max-video-preview:-1\" \/>\n<link rel=\"canonical\" href=\"http:\/\/hoppetossa.com\/haga\/ovrig-information\/\" \/>\n<meta property=\"og:locale\" content=\"sv_SE\" \/>\n<meta property=\"og:type\" content=\"article\" \/>\n<meta property=\"og:title\" content=\"F\u00f6rskola och hem - F\u00f6rskolan Haga\" \/>\n<meta property=\"og:description\" content=\"F\u00f6rskola och hem Vi arbetar medvetet f\u00f6r att skapa\u00a0trygghet\u00a0f\u00f6r barn och v\u00e5rdnadshavare.\u00a0F\u00f6r oss \u00e4r det viktigt att vi, f\u00f6rskola \u2013&hellip; L\u00e4s mera\" \/>\n<meta property=\"og:url\" content=\"http:\/\/hoppetossa.com\/haga\/ovrig-information\/\" \/>\n<meta property=\"og:site_name\" content=\"F\u00f6rskolan Haga\" \/>\n<meta property=\"article:modified_time\" content=\"2024-12-18T12:20:15+00:00\" \/>\n<meta property=\"og:image\" content=\"http:\/\/hoppetossa.com\/haga\/wp-content\/uploads\/sites\/12\/2024\/12\/img-2500-665x1024.jpg\" \/>\n<meta name=\"twitter:card\" content=\"summary_large_image\" \/>\n<meta name=\"twitter:label1\" content=\"Ber\u00e4knad l\u00e4stid\" \/>\n\t<meta name=\"twitter:data1\" content=\"3 minuter\" \/>\n<script type=\"application\/ld+json\" class=\"yoast-schema-graph\">{\"@context\":\"https:\\\/\\\/schema.org\",\"@graph\":[{\"@type\":\"WebPage\",\"@id\":\"http:\\\/\\\/hoppetossa.com\\\/haga\\\/ovrig-information\\\/\",\"url\":\"http:\\\/\\\/hoppetossa.com\\\/haga\\\/ovrig-information\\\/\",\"name\":\"F\u00f6rskola och hem - F\u00f6rskolan Haga\",\"isPartOf\":{\"@id\":\"https:\\\/\\\/hoppetossa.com\\\/haga\\\/#website\"},\"primaryImageOfPage\":{\"@id\":\"http:\\\/\\\/hoppetossa.com\\\/haga\\\/ovrig-information\\\/#primaryimage\"},\"image\":{\"@id\":\"http:\\\/\\\/hoppetossa.com\\\/haga\\\/ovrig-information\\\/#primaryimage\"},\"thumbnailUrl\":\"http:\\\/\\\/hoppetossa.com\\\/haga\\\/wp-content\\\/uploads\\\/sites\\\/12\\\/2024\\\/12\\\/img-2500-665x1024.jpg\",\"datePublished\":\"2022-05-04T18:11:22+00:00\",\"dateModified\":\"2024-12-18T12:20:15+00:00\",\"breadcrumb\":{\"@id\":\"http:\\\/\\\/hoppetossa.com\\\/haga\\\/ovrig-information\\\/#breadcrumb\"},\"inLanguage\":\"sv-SE\",\"potentialAction\":[{\"@type\":\"ReadAction\",\"target\":[\"http:\\\/\\\/hoppetossa.com\\\/haga\\\/ovrig-information\\\/\"]}]},{\"@type\":\"ImageObject\",\"inLanguage\":\"sv-SE\",\"@id\":\"http:\\\/\\\/hoppetossa.com\\\/haga\\\/ovrig-information\\\/#primaryimage\",\"url\":\"https:\\\/\\\/i0.wp.com\\\/hoppetossa.com\\\/haga\\\/wp-content\\\/uploads\\\/sites\\\/12\\\/2024\\\/12\\\/img-2500.jpg?fit=950%2C1462\",\"contentUrl\":\"https:\\\/\\\/i0.wp.com\\\/hoppetossa.com\\\/haga\\\/wp-content\\\/uploads\\\/sites\\\/12\\\/2024\\\/12\\\/img-2500.jpg?fit=950%2C1462\",\"width\":950,\"height\":1462,\"caption\":\"Screenshot\"},{\"@type\":\"BreadcrumbList\",\"@id\":\"http:\\\/\\\/hoppetossa.com\\\/haga\\\/ovrig-information\\\/#breadcrumb\",\"itemListElement\":[{\"@type\":\"ListItem\",\"position\":1,\"name\":\"Hem\",\"item\":\"https:\\\/\\\/hoppetossa.com\\\/haga\\\/\"},{\"@type\":\"ListItem\",\"position\":2,\"name\":\"F\u00f6rskola och hem\"}]},{\"@type\":\"WebSite\",\"@id\":\"https:\\\/\\\/hoppetossa.com\\\/haga\\\/#website\",\"url\":\"https:\\\/\\\/hoppetossa.com\\\/haga\\\/\",\"name\":\"F\u00f6rskolan Haga\",\"description\":\"Hoppetossa f\u00f6rskolor\",\"potentialAction\":[{\"@type\":\"SearchAction\",\"target\":{\"@type\":\"EntryPoint\",\"urlTemplate\":\"https:\\\/\\\/hoppetossa.com\\\/haga\\\/?s={search_term_string}\"},\"query-input\":{\"@type\":\"PropertyValueSpecification\",\"valueRequired\":true,\"valueName\":\"search_term_string\"}}],\"inLanguage\":\"sv-SE\"}]}<\/script>\n<!-- \/ Yoast SEO plugin. -->","yoast_head_json":{"title":"F\u00f6rskola och hem - F\u00f6rskolan Haga","robots":{"index":"index","follow":"follow","max-snippet":"max-snippet:-1","max-image-preview":"max-image-preview:large","max-video-preview":"max-video-preview:-1"},"canonical":"http:\/\/hoppetossa.com\/haga\/ovrig-information\/","og_locale":"sv_SE","og_type":"article","og_title":"F\u00f6rskola och hem - F\u00f6rskolan Haga","og_description":"F\u00f6rskola och hem Vi arbetar medvetet f\u00f6r att skapa\u00a0trygghet\u00a0f\u00f6r barn och v\u00e5rdnadshavare.\u00a0F\u00f6r oss \u00e4r det viktigt att vi, f\u00f6rskola \u2013&hellip; L\u00e4s mera","og_url":"http:\/\/hoppetossa.com\/haga\/ovrig-information\/","og_site_name":"F\u00f6rskolan Haga","article_modified_time":"2024-12-18T12:20:15+00:00","og_image":[{"url":"http:\/\/hoppetossa.com\/haga\/wp-content\/uploads\/sites\/12\/2024\/12\/img-2500-665x1024.jpg","type":"","width":"","height":""}],"twitter_card":"summary_large_image","twitter_misc":{"Ber\u00e4knad l\u00e4stid":"3 minuter"},"schema":{"@context":"https:\/\/schema.org","@graph":[{"@type":"WebPage","@id":"http:\/\/hoppetossa.com\/haga\/ovrig-information\/","url":"http:\/\/hoppetossa.com\/haga\/ovrig-information\/","name":"F\u00f6rskola och hem - F\u00f6rskolan Haga","isPartOf":{"@id":"https:\/\/hoppetossa.com\/haga\/#website"},"primaryImageOfPage":{"@id":"http:\/\/hoppetossa.com\/haga\/ovrig-information\/#primaryimage"},"image":{"@id":"http:\/\/hoppetossa.com\/haga\/ovrig-information\/#primaryimage"},"thumbnailUrl":"http:\/\/hoppetossa.com\/haga\/wp-content\/uploads\/sites\/12\/2024\/12\/img-2500-665x1024.jpg","datePublished":"2022-05-04T18:11:22+00:00","dateModified":"2024-12-18T12:20:15+00:00","breadcrumb":{"@id":"http:\/\/hoppetossa.com\/haga\/ovrig-information\/#breadcrumb"},"inLanguage":"sv-SE","potentialAction":[{"@type":"ReadAction","target":["http:\/\/hoppetossa.com\/haga\/ovrig-information\/"]}]},{"@type":"ImageObject","inLanguage":"sv-SE","@id":"http:\/\/hoppetossa.com\/haga\/ovrig-information\/#primaryimage","url":"https:\/\/i0.wp.com\/hoppetossa.com\/haga\/wp-content\/uploads\/sites\/12\/2024\/12\/img-2500.jpg?fit=950%2C1462","contentUrl":"https:\/\/i0.wp.com\/hoppetossa.com\/haga\/wp-content\/uploads\/sites\/12\/2024\/12\/img-2500.jpg?fit=950%2C1462","width":950,"height":1462,"caption":"Screenshot"},{"@type":"BreadcrumbList","@id":"http:\/\/hoppetossa.com\/haga\/ovrig-information\/#breadcrumb","itemListElement":[{"@type":"ListItem","position":1,"name":"Hem","item":"https:\/\/hoppetossa.com\/haga\/"},{"@type":"ListItem","position":2,"name":"F\u00f6rskola och hem"}]},{"@type":"WebSite","@id":"https:\/\/hoppetossa.com\/haga\/#website","url":"https:\/\/hoppetossa.com\/haga\/","name":"F\u00f6rskolan Haga","description":"Hoppetossa f\u00f6rskolor","potentialAction":[{"@type":"SearchAction","target":{"@type":"EntryPoint","urlTemplate":"https:\/\/hoppetossa.com\/haga\/?s={search_term_string}"},"query-input":{"@type":"PropertyValueSpecification","valueRequired":true,"valueName":"search_term_string"}}],"inLanguage":"sv-SE"}]}},"jetpack-related-posts":[],"jetpack_sharing_enabled":true,"_links":{"self":[{"href":"http:\/\/hoppetossa.com\/haga\/wp-json\/wp\/v2\/pages\/47","targetHints":{"allow":["GET"]}}],"collection":[{"href":"http:\/\/hoppetossa.com\/haga\/wp-json\/wp\/v2\/pages"}],"about":[{"href":"http:\/\/hoppetossa.com\/haga\/wp-json\/wp\/v2\/types\/page"}],"author":[{"embeddable":true,"href":"http:\/\/hoppetossa.com\/haga\/wp-json\/wp\/v2\/users\/1"}],"replies":[{"embeddable":true,"href":"http:\/\/hoppetossa.com\/haga\/wp-json\/wp\/v2\/comments?post=47"}],"version-history":[{"count":7,"href":"http:\/\/hoppetossa.com\/haga\/wp-json\/wp\/v2\/pages\/47\/revisions"}],"predecessor-version":[{"id":224,"href":"http:\/\/hoppetossa.com\/haga\/wp-json\/wp\/v2\/pages\/47\/revisions\/224"}],"wp:attachment":[{"href":"http:\/\/hoppetossa.com\/haga\/wp-json\/wp\/v2\/media?parent=47"}],"curies":[{"name":"wp","href":"https:\/\/api.w.org\/{rel}","templated":true}]}}