{"id":58,"date":"2012-11-11T20:14:55","date_gmt":"2012-11-11T20:14:55","guid":{"rendered":"http:\/\/jollen.hoppetossa.com\/?page_id=58"},"modified":"2024-06-04T20:02:17","modified_gmt":"2024-06-04T18:02:17","slug":"hitta-hit","status":"publish","type":"page","link":"http:\/\/hoppetossa.com\/jollen\/hitta-hit\/","title":{"rendered":"Kontakta oss"},"content":{"rendered":"\n<h1 class=\"wp-block-heading\">Kontakta oss<\/h1>\n\n\n\n<div class=\"wp-block-media-text alignwide is-stacked-on-mobile\"><figure class=\"wp-block-media-text__media\"><img data-recalc-dims=\"1\" loading=\"lazy\" decoding=\"async\" width=\"150\" height=\"150\" data-attachment-id=\"545\" data-permalink=\"http:\/\/hoppetossa.com\/jollen\/hitta-hit\/hoppetossa-karta\/\" data-orig-file=\"https:\/\/i0.wp.com\/hoppetossa.com\/jollen\/wp-content\/uploads\/sites\/5\/2012\/11\/Hoppetossa-Karta.png?fit=163%2C170\" data-orig-size=\"163,170\" data-comments-opened=\"0\" data-image-meta=\"{&quot;aperture&quot;:&quot;0&quot;,&quot;credit&quot;:&quot;&quot;,&quot;camera&quot;:&quot;&quot;,&quot;caption&quot;:&quot;&quot;,&quot;created_timestamp&quot;:&quot;0&quot;,&quot;copyright&quot;:&quot;&quot;,&quot;focal_length&quot;:&quot;0&quot;,&quot;iso&quot;:&quot;0&quot;,&quot;shutter_speed&quot;:&quot;0&quot;,&quot;title&quot;:&quot;&quot;,&quot;orientation&quot;:&quot;0&quot;}\" data-image-title=\"Hoppetossa F\u00f6rskola Roslagsgatan\" data-image-description=\"\" data-image-caption=\"\" data-large-file=\"https:\/\/i0.wp.com\/hoppetossa.com\/jollen\/wp-content\/uploads\/sites\/5\/2012\/11\/Hoppetossa-Karta.png?fit=163%2C170\" src=\"https:\/\/i0.wp.com\/hoppetossa.com\/jollen\/wp-content\/uploads\/sites\/5\/2012\/11\/Hoppetossa-Karta.png?resize=150%2C150\" alt=\"\" class=\"wp-image-545 size-full img-responsive\"\/><\/figure><div class=\"wp-block-media-text__content\">\n<p><strong>F\u00f6rskolan Jollen<\/strong><br>Roslagsgatan 45<br>113 54 Stockholm<\/p>\n<\/div><\/div>\n\n\n\n<div style=\"height:10px\" aria-hidden=\"true\" class=\"wp-block-spacer\"><\/div>\n\n\n\n<p><a href=\"https:\/\/hoppetossa.com\/jollen\/synpunkter-och-forslag\/\">Rutiner vid klagom\u00e5l<\/a><\/p>\n\n\n\n<h2 class=\"wp-block-heading\">Kontaktuppgifter och organisation<\/h2>\n\n\n\n<p>Generella fr\u00e5gor till f\u00f6rskolan:<a href=\"mailto: jollen@hoppetossa.com\"> jollen@hoppetossa.com<\/a><\/p>\n\n\n\n<h3 class=\"wp-block-heading\">Kontaktuppgifter till v\u00e5ra avdelningar<\/h3>\n\n\n\n<p>Avdelning&nbsp;Kompassen: <a href=\"+46 76-946 49 58\">076-946 49 58<\/a><br>Avdelning&nbsp;Kartan: <a href=\"+4672-250 49 58\" target=\"_blank\" rel=\"noopener noreferrer\">072-250 49 58<\/a><\/p>\n\n\n\n<h3 class=\"wp-block-heading\">Kontaktuppgifter till v\u00e5r rektor<\/h3>\n\n\n\n<p><a href=\"mailto:jollen@hoppetossa.com\">jollen@hoppetossa.com<\/a><\/p>\n\n\n\n<h2 class=\"wp-block-heading\">\u00d6vrigt<\/h2>\n\n\n\n<p><a href=\"https:\/\/www.facebook.com\/ForskolanJollen\" target=\"_blank\" rel=\"noopener noreferrer\">Facebook-sida<\/a><a href=\"http:\/\/www.hoppetossa.com\/jollen\/blogg\"><br><\/a><a href=\"https:\/\/forskola.stockholm\/hitta-forskola\/forskola\/hoppetossa-jollen\/\">K\u00f6<\/a><\/p>\n\n\n\n<h2 class=\"wp-block-heading\">Hur hittar du till oss?<\/h2>\n\n\n\n<h3 class=\"wp-block-heading\"><strong>T-bana, buss eller fot<\/strong><\/h3>\n\n\n\n<p>\u00c5ker du kollektivt till oss finns flera alternativ. Vi \u00e4r bel\u00e4gna p\u00e5 Roslagsgatan 45 mellan Johannes skola och Ingemarsgatan, precis bredvid Vanadislunden.<\/p>\n\n\n\n<p>Innerstadsbussarna som stannar i n\u00e4rheten av f\u00f6rskolan \u00e4r m\u00e5nga. N\u00e4rmast stannar buss 53 med h\u00e5llplats p\u00e5 Ingemarsgatan, precis runt h\u00f6rnet fr\u00e5n f\u00f6rskolan. L\u00e4ngst Odengatan stannar buss 2, 4, 43 samt 72. G\u00e5 av p\u00e5 h\u00e5llplatsen i n\u00e4rheten av Roslagsgatan. N\u00e4r man kommit av bussen g\u00e5r man bara Roslagsgatan ner mot Norrtull tills man n\u00e5r f\u00f6rskolan. L\u00e4ngs Cederdalsgatan g\u00e5r buss 40, 70 och 73. N\u00e4rmaste h\u00e5llplats ligger i anslutning till Socialh\u00f6gskolan, i n\u00e4rheten av Johannes skola. D\u00e4refter g\u00e5r man in p\u00e5 Roslagsgatan och passerar Johannes skola f\u00f6r att komma till f\u00f6rskolan.<\/p>\n\n\n\n<p>Fr\u00e5n \u00d6stra Stations T-banestation \u00e4r det ca 10 minuters (850 m) promenad. G\u00e5 l\u00e4ngs Odengatan och ta d\u00e4refter h\u00f6ger in p\u00e5 Roslagsgatan. Till \u00d6stra Station kommer man till med r\u00f6d linje.<\/p>\n\n\n\n<p>Fr\u00e5n R\u00e5dhusets T-banestation \u00e4r det 13 minuters (1,1 km) promenad. G\u00e5 l\u00e4ngs Sveav\u00e4gen, ta h\u00f6ger in p\u00e5 Odengatan och slutligen v\u00e4nster in p\u00e5 Roslagsgatan. Fr\u00e5n Odenplans T-banestation \u00e4r det 14 minuters (1,2 km) promenad. G\u00e5 l\u00e4ngs Odengatan och ta d\u00e4refter v\u00e4nster in p\u00e5 Roslagsgatan. B\u00e5de till R\u00e5dhuset och Odenplan kommer man med gr\u00f6n linje.<\/p>\n\n\n\n<h3 class=\"wp-block-heading\"><strong>Med bil<\/strong><\/h3>\n\n\n\n<p>Att ta bilen till f\u00f6rskolan g\u00e5r bra, observera dock att Roslagsgatan \u00e4r en \u00e5terv\u00e4ndsgata samt att det uppskattas om man t\u00e4nker p\u00e5 att k\u00f6ra lugnt i n\u00e4rheten av f\u00f6rskolan. Kommer man fr\u00e5n Roslagstull tar man av mot Valhallav\u00e4gen och tar sedan direkt h\u00f6ger p\u00e5 Birger Jarlsgatan. D\u00e4refter f\u00f6rsta h\u00f6ger p\u00e5 Ingemarsgatan, varp\u00e5 man tar h\u00f6ger igen in p\u00e5 Roslagsgatan. Kommer man p\u00e5 Odengatan fr\u00e5n \u00d6stra Station kan man ta in h\u00f6ger direkt p\u00e5 Roslagsgatan. Kommer man dock p\u00e5 Odengatan fr\u00e5n Odenplan f\u00e5r man ta v\u00e4nster p\u00e5 Birger Jarlsgatan, d\u00e4refter v\u00e4nster p\u00e5 Frejgatan och slutligen h\u00f6ger p\u00e5 Roslagsgatan. Kommer man fr\u00e5n Sveav\u00e4gen tar man l\u00e4ttast in p\u00e5 Frejgatan, l\u00e4ngs med Vanadislunden, och d\u00e4refter v\u00e4nster p\u00e5 Roslagsgatan.<\/p>\n\n\n\n<h3 class=\"wp-block-heading\"><strong>Med cykel<\/strong><\/h3>\n\n\n\n<p>Det finns tyv\u00e4rr ingen cykelv\u00e4g l\u00e4ngs Roslagsgatan s\u00e5 cykla f\u00f6rsiktigt!<\/p>\n\n\n\n<h2 class=\"wp-block-heading\">Rutiner f\u00f6r klagom\u00e5lshantering<\/h2>\n\n\n\n<p>Enligt skollagen 4 kap. 8\u00a7 skall huvudmannen ha skriftliga rutiner f\u00f6r att ta emot och utreda klagom\u00e5l mot utbildningen. Ifall du som v\u00e5rdnadshavare har synpunkter eller klagom\u00e5l p\u00e5 f\u00f6rskolan vill vi g\u00e4rna veta det. Vi ser det som ett tillf\u00e4lle att f\u00f6rb\u00e4ttra v\u00e5r verksamhet.<\/p>\n\n\n\n<p>L\u00e4s mer h\u00e4r: <a href=\"https:\/\/hoppetossa.com\/jollen\/synpunkter-och-forslag\/\">https:\/\/hoppetossa.com\/jollen\/synpunkter-och-forslag\/<\/a><\/p>\n\n\n<div><span style=\"color: #222222; font-family: sans-serif; font-size: 12px; font-style: normal; font-weight: bold; line-height: 16px; background-color: #ffffff;\">\u00a0<\/span><\/div>","protected":false},"excerpt":{"rendered":"<p>Kontakta oss F\u00f6rskolan JollenRoslagsgatan 45113 54 Stockholm Rutiner vid klagom\u00e5l Kontaktuppgifter och organisation Generella fr\u00e5gor till f\u00f6rskolan: jollen@hoppetossa.com Kontaktuppgifter till&hellip; <a class=\"read-more\" href=\"http:\/\/hoppetossa.com\/jollen\/hitta-hit\/\">L\u00e4s mera<\/a><\/p>\n","protected":false},"author":5,"featured_media":0,"parent":0,"menu_order":6,"comment_status":"closed","ping_status":"closed","template":"","meta":{"_acf_changed":false,"_monsterinsights_skip_tracking":false,"_monsterinsights_sitenote_active":false,"_monsterinsights_sitenote_note":"","_monsterinsights_sitenote_category":0,"footnotes":""},"class_list":["post-58","page","type-page","status-publish","hentry"],"acf":[],"yoast_head":"<!-- This site is optimized with the Yoast SEO plugin v27.6 - https:\/\/yoast.com\/product\/yoast-seo-wordpress\/ -->\n<title>Kontakta oss - F\u00f6rskolan Jollen<\/title>\n<meta name=\"description\" content=\"H\u00e4r hittar du kontaktuppgifter till Hoppetossa f\u00f6rskolan Jollen.\" \/>\n<meta name=\"robots\" content=\"index, follow, max-snippet:-1, max-image-preview:large, max-video-preview:-1\" \/>\n<link rel=\"canonical\" href=\"https:\/\/hoppetossa.com\/jollen\/hitta-hit\/\" \/>\n<meta property=\"og:locale\" content=\"sv_SE\" \/>\n<meta property=\"og:type\" content=\"article\" \/>\n<meta property=\"og:title\" content=\"Kontakta oss - F\u00f6rskolan Jollen\" \/>\n<meta property=\"og:description\" content=\"H\u00e4r hittar du kontaktuppgifter till Hoppetossa f\u00f6rskolan Jollen.\" \/>\n<meta property=\"og:url\" content=\"https:\/\/hoppetossa.com\/jollen\/hitta-hit\/\" \/>\n<meta property=\"og:site_name\" content=\"F\u00f6rskolan Jollen\" \/>\n<meta property=\"article:modified_time\" content=\"2024-06-04T18:02:17+00:00\" \/>\n<meta property=\"og:image\" content=\"http:\/\/hoppetossa.com\/jollen\/wp-content\/uploads\/sites\/5\/2012\/11\/Hoppetossa-Karta-150x150.png\" \/>\n<meta name=\"twitter:card\" content=\"summary_large_image\" \/>\n<meta name=\"twitter:label1\" content=\"Ber\u00e4knad l\u00e4stid\" \/>\n\t<meta name=\"twitter:data1\" content=\"3 minuter\" \/>\n<script type=\"application\/ld+json\" class=\"yoast-schema-graph\">{\"@context\":\"https:\\\/\\\/schema.org\",\"@graph\":[{\"@type\":\"WebPage\",\"@id\":\"https:\\\/\\\/hoppetossa.com\\\/jollen\\\/hitta-hit\\\/\",\"url\":\"https:\\\/\\\/hoppetossa.com\\\/jollen\\\/hitta-hit\\\/\",\"name\":\"Kontakta oss - F\u00f6rskolan Jollen\",\"isPartOf\":{\"@id\":\"https:\\\/\\\/hoppetossa.com\\\/jollen\\\/#website\"},\"primaryImageOfPage\":{\"@id\":\"https:\\\/\\\/hoppetossa.com\\\/jollen\\\/hitta-hit\\\/#primaryimage\"},\"image\":{\"@id\":\"https:\\\/\\\/hoppetossa.com\\\/jollen\\\/hitta-hit\\\/#primaryimage\"},\"thumbnailUrl\":\"http:\\\/\\\/hoppetossa.com\\\/jollen\\\/wp-content\\\/uploads\\\/sites\\\/5\\\/2012\\\/11\\\/Hoppetossa-Karta-150x150.png\",\"datePublished\":\"2012-11-11T20:14:55+00:00\",\"dateModified\":\"2024-06-04T18:02:17+00:00\",\"description\":\"H\u00e4r hittar du kontaktuppgifter till Hoppetossa f\u00f6rskolan Jollen.\",\"breadcrumb\":{\"@id\":\"https:\\\/\\\/hoppetossa.com\\\/jollen\\\/hitta-hit\\\/#breadcrumb\"},\"inLanguage\":\"sv-SE\",\"potentialAction\":[{\"@type\":\"ReadAction\",\"target\":[\"https:\\\/\\\/hoppetossa.com\\\/jollen\\\/hitta-hit\\\/\"]}]},{\"@type\":\"ImageObject\",\"inLanguage\":\"sv-SE\",\"@id\":\"https:\\\/\\\/hoppetossa.com\\\/jollen\\\/hitta-hit\\\/#primaryimage\",\"url\":\"https:\\\/\\\/i0.wp.com\\\/hoppetossa.com\\\/jollen\\\/wp-content\\\/uploads\\\/sites\\\/5\\\/2012\\\/11\\\/Hoppetossa-Karta.png?fit=163%2C170\",\"contentUrl\":\"https:\\\/\\\/i0.wp.com\\\/hoppetossa.com\\\/jollen\\\/wp-content\\\/uploads\\\/sites\\\/5\\\/2012\\\/11\\\/Hoppetossa-Karta.png?fit=163%2C170\",\"width\":163,\"height\":170},{\"@type\":\"BreadcrumbList\",\"@id\":\"https:\\\/\\\/hoppetossa.com\\\/jollen\\\/hitta-hit\\\/#breadcrumb\",\"itemListElement\":[{\"@type\":\"ListItem\",\"position\":1,\"name\":\"Hem\",\"item\":\"https:\\\/\\\/hoppetossa.com\\\/jollen\\\/\"},{\"@type\":\"ListItem\",\"position\":2,\"name\":\"Kontakta oss\"}]},{\"@type\":\"WebSite\",\"@id\":\"https:\\\/\\\/hoppetossa.com\\\/jollen\\\/#website\",\"url\":\"https:\\\/\\\/hoppetossa.com\\\/jollen\\\/\",\"name\":\"F\u00f6rskolan Jollen\",\"description\":\"Hoppetossa f\u00f6rskolor\",\"potentialAction\":[{\"@type\":\"SearchAction\",\"target\":{\"@type\":\"EntryPoint\",\"urlTemplate\":\"https:\\\/\\\/hoppetossa.com\\\/jollen\\\/?s={search_term_string}\"},\"query-input\":{\"@type\":\"PropertyValueSpecification\",\"valueRequired\":true,\"valueName\":\"search_term_string\"}}],\"inLanguage\":\"sv-SE\"}]}<\/script>\n<!-- \/ Yoast SEO plugin. -->","yoast_head_json":{"title":"Kontakta oss - F\u00f6rskolan Jollen","description":"H\u00e4r hittar du kontaktuppgifter till Hoppetossa f\u00f6rskolan Jollen.","robots":{"index":"index","follow":"follow","max-snippet":"max-snippet:-1","max-image-preview":"max-image-preview:large","max-video-preview":"max-video-preview:-1"},"canonical":"https:\/\/hoppetossa.com\/jollen\/hitta-hit\/","og_locale":"sv_SE","og_type":"article","og_title":"Kontakta oss - F\u00f6rskolan Jollen","og_description":"H\u00e4r hittar du kontaktuppgifter till Hoppetossa f\u00f6rskolan Jollen.","og_url":"https:\/\/hoppetossa.com\/jollen\/hitta-hit\/","og_site_name":"F\u00f6rskolan Jollen","article_modified_time":"2024-06-04T18:02:17+00:00","og_image":[{"url":"http:\/\/hoppetossa.com\/jollen\/wp-content\/uploads\/sites\/5\/2012\/11\/Hoppetossa-Karta-150x150.png","type":"","width":"","height":""}],"twitter_card":"summary_large_image","twitter_misc":{"Ber\u00e4knad l\u00e4stid":"3 minuter"},"schema":{"@context":"https:\/\/schema.org","@graph":[{"@type":"WebPage","@id":"https:\/\/hoppetossa.com\/jollen\/hitta-hit\/","url":"https:\/\/hoppetossa.com\/jollen\/hitta-hit\/","name":"Kontakta oss - F\u00f6rskolan Jollen","isPartOf":{"@id":"https:\/\/hoppetossa.com\/jollen\/#website"},"primaryImageOfPage":{"@id":"https:\/\/hoppetossa.com\/jollen\/hitta-hit\/#primaryimage"},"image":{"@id":"https:\/\/hoppetossa.com\/jollen\/hitta-hit\/#primaryimage"},"thumbnailUrl":"http:\/\/hoppetossa.com\/jollen\/wp-content\/uploads\/sites\/5\/2012\/11\/Hoppetossa-Karta-150x150.png","datePublished":"2012-11-11T20:14:55+00:00","dateModified":"2024-06-04T18:02:17+00:00","description":"H\u00e4r hittar du kontaktuppgifter till Hoppetossa f\u00f6rskolan Jollen.","breadcrumb":{"@id":"https:\/\/hoppetossa.com\/jollen\/hitta-hit\/#breadcrumb"},"inLanguage":"sv-SE","potentialAction":[{"@type":"ReadAction","target":["https:\/\/hoppetossa.com\/jollen\/hitta-hit\/"]}]},{"@type":"ImageObject","inLanguage":"sv-SE","@id":"https:\/\/hoppetossa.com\/jollen\/hitta-hit\/#primaryimage","url":"https:\/\/i0.wp.com\/hoppetossa.com\/jollen\/wp-content\/uploads\/sites\/5\/2012\/11\/Hoppetossa-Karta.png?fit=163%2C170","contentUrl":"https:\/\/i0.wp.com\/hoppetossa.com\/jollen\/wp-content\/uploads\/sites\/5\/2012\/11\/Hoppetossa-Karta.png?fit=163%2C170","width":163,"height":170},{"@type":"BreadcrumbList","@id":"https:\/\/hoppetossa.com\/jollen\/hitta-hit\/#breadcrumb","itemListElement":[{"@type":"ListItem","position":1,"name":"Hem","item":"https:\/\/hoppetossa.com\/jollen\/"},{"@type":"ListItem","position":2,"name":"Kontakta oss"}]},{"@type":"WebSite","@id":"https:\/\/hoppetossa.com\/jollen\/#website","url":"https:\/\/hoppetossa.com\/jollen\/","name":"F\u00f6rskolan Jollen","description":"Hoppetossa f\u00f6rskolor","potentialAction":[{"@type":"SearchAction","target":{"@type":"EntryPoint","urlTemplate":"https:\/\/hoppetossa.com\/jollen\/?s={search_term_string}"},"query-input":{"@type":"PropertyValueSpecification","valueRequired":true,"valueName":"search_term_string"}}],"inLanguage":"sv-SE"}]}},"jetpack_sharing_enabled":true,"jetpack_shortlink":"https:\/\/wp.me\/P7pkrG-W","jetpack-related-posts":[],"_links":{"self":[{"href":"http:\/\/hoppetossa.com\/jollen\/wp-json\/wp\/v2\/pages\/58","targetHints":{"allow":["GET"]}}],"collection":[{"href":"http:\/\/hoppetossa.com\/jollen\/wp-json\/wp\/v2\/pages"}],"about":[{"href":"http:\/\/hoppetossa.com\/jollen\/wp-json\/wp\/v2\/types\/page"}],"author":[{"embeddable":true,"href":"http:\/\/hoppetossa.com\/jollen\/wp-json\/wp\/v2\/users\/5"}],"replies":[{"embeddable":true,"href":"http:\/\/hoppetossa.com\/jollen\/wp-json\/wp\/v2\/comments?post=58"}],"version-history":[{"count":16,"href":"http:\/\/hoppetossa.com\/jollen\/wp-json\/wp\/v2\/pages\/58\/revisions"}],"predecessor-version":[{"id":1720,"href":"http:\/\/hoppetossa.com\/jollen\/wp-json\/wp\/v2\/pages\/58\/revisions\/1720"}],"wp:attachment":[{"href":"http:\/\/hoppetossa.com\/jollen\/wp-json\/wp\/v2\/media?parent=58"}],"curies":[{"name":"wp","href":"https:\/\/api.w.org\/{rel}","templated":true}]}}