{"id":34,"date":"2018-11-20T21:30:21","date_gmt":"2018-11-20T20:30:21","guid":{"rendered":"http:\/\/hoppetossa.com\/kuben\/?page_id=34"},"modified":"2024-12-18T13:52:54","modified_gmt":"2024-12-18T12:52:54","slug":"framsida","status":"publish","type":"page","link":"http:\/\/hoppetossa.com\/kuben\/","title":{"rendered":"Kuben &#8211; Hoppetossa F\u00f6rskolor"},"content":{"rendered":"","protected":false},"excerpt":{"rendered":"","protected":false},"author":5,"featured_media":0,"parent":0,"menu_order":0,"comment_status":"closed","ping_status":"closed","template":"","meta":{"_acf_changed":false,"_monsterinsights_skip_tracking":false,"_monsterinsights_sitenote_active":false,"_monsterinsights_sitenote_note":"","_monsterinsights_sitenote_category":0,"jetpack_post_was_ever_published":false,"footnotes":""},"class_list":["post-34","page","type-page","status-publish","hentry"],"acf":[],"yoast_head":"<!-- This site is optimized with the Yoast SEO plugin v27.5 - https:\/\/yoast.com\/product\/yoast-seo-wordpress\/ -->\n<title>Kuben - Hoppetossa F\u00f6rskolor - F\u00f6rskolan Kuben<\/title>\n<meta name=\"description\" content=\"Den lilla f\u00f6rskolan d\u00e4r naturen inspirerar till lek, utforskande och nyfikenhet.\" \/>\n<meta name=\"robots\" content=\"index, follow, max-snippet:-1, max-image-preview:large, max-video-preview:-1\" \/>\n<link rel=\"canonical\" href=\"https:\/\/hoppetossa.com\/kuben\/\" \/>\n<meta property=\"og:locale\" content=\"sv_SE\" \/>\n<meta property=\"og:type\" content=\"article\" \/>\n<meta property=\"og:title\" content=\"Kuben - Hoppetossa F\u00f6rskolor - F\u00f6rskolan Kuben\" \/>\n<meta property=\"og:description\" content=\"Den lilla f\u00f6rskolan d\u00e4r naturen inspirerar till lek, utforskande och nyfikenhet.\" \/>\n<meta property=\"og:url\" content=\"https:\/\/hoppetossa.com\/kuben\/\" \/>\n<meta property=\"og:site_name\" content=\"F\u00f6rskolan Kuben\" \/>\n<meta property=\"article:modified_time\" content=\"2024-12-18T12:52:54+00:00\" \/>\n<meta name=\"twitter:card\" content=\"summary_large_image\" \/>\n<meta name=\"twitter:label1\" content=\"Ber\u00e4knad l\u00e4stid\" \/>\n\t<meta name=\"twitter:data1\" content=\"2 minuter\" \/>\n<script type=\"application\/ld+json\" class=\"yoast-schema-graph\">{\"@context\":\"https:\\\/\\\/schema.org\",\"@graph\":[{\"@type\":\"WebPage\",\"@id\":\"https:\\\/\\\/hoppetossa.com\\\/kuben\\\/\",\"url\":\"https:\\\/\\\/hoppetossa.com\\\/kuben\\\/\",\"name\":\"Kuben - Hoppetossa F\u00f6rskolor - F\u00f6rskolan Kuben\",\"isPartOf\":{\"@id\":\"https:\\\/\\\/hoppetossa.com\\\/kuben\\\/#website\"},\"datePublished\":\"2018-11-20T20:30:21+00:00\",\"dateModified\":\"2024-12-18T12:52:54+00:00\",\"description\":\"Den lilla f\u00f6rskolan d\u00e4r naturen inspirerar till lek, utforskande och nyfikenhet.\",\"breadcrumb\":{\"@id\":\"https:\\\/\\\/hoppetossa.com\\\/kuben\\\/#breadcrumb\"},\"inLanguage\":\"sv-SE\",\"potentialAction\":[{\"@type\":\"ReadAction\",\"target\":[\"https:\\\/\\\/hoppetossa.com\\\/kuben\\\/\"]}]},{\"@type\":\"BreadcrumbList\",\"@id\":\"https:\\\/\\\/hoppetossa.com\\\/kuben\\\/#breadcrumb\",\"itemListElement\":[{\"@type\":\"ListItem\",\"position\":1,\"name\":\"Hem\",\"item\":\"https:\\\/\\\/hoppetossa.com\\\/kuben\\\/\"},{\"@type\":\"ListItem\",\"position\":2,\"name\":\"Kuben &#8211; Hoppetossa F\u00f6rskolor\"}]},{\"@type\":\"WebSite\",\"@id\":\"https:\\\/\\\/hoppetossa.com\\\/kuben\\\/#website\",\"url\":\"https:\\\/\\\/hoppetossa.com\\\/kuben\\\/\",\"name\":\"F\u00f6rskolan Kuben\",\"description\":\"Hoppetossa f\u00f6rskolor\",\"potentialAction\":[{\"@type\":\"SearchAction\",\"target\":{\"@type\":\"EntryPoint\",\"urlTemplate\":\"https:\\\/\\\/hoppetossa.com\\\/kuben\\\/?s={search_term_string}\"},\"query-input\":{\"@type\":\"PropertyValueSpecification\",\"valueRequired\":true,\"valueName\":\"search_term_string\"}}],\"inLanguage\":\"sv-SE\"}]}<\/script>\n<!-- \/ Yoast SEO plugin. -->","yoast_head_json":{"title":"Kuben - Hoppetossa F\u00f6rskolor - F\u00f6rskolan Kuben","description":"Den lilla f\u00f6rskolan d\u00e4r naturen inspirerar till lek, utforskande och nyfikenhet.","robots":{"index":"index","follow":"follow","max-snippet":"max-snippet:-1","max-image-preview":"max-image-preview:large","max-video-preview":"max-video-preview:-1"},"canonical":"https:\/\/hoppetossa.com\/kuben\/","og_locale":"sv_SE","og_type":"article","og_title":"Kuben - Hoppetossa F\u00f6rskolor - F\u00f6rskolan Kuben","og_description":"Den lilla f\u00f6rskolan d\u00e4r naturen inspirerar till lek, utforskande och nyfikenhet.","og_url":"https:\/\/hoppetossa.com\/kuben\/","og_site_name":"F\u00f6rskolan Kuben","article_modified_time":"2024-12-18T12:52:54+00:00","twitter_card":"summary_large_image","twitter_misc":{"Ber\u00e4knad l\u00e4stid":"2 minuter"},"schema":{"@context":"https:\/\/schema.org","@graph":[{"@type":"WebPage","@id":"https:\/\/hoppetossa.com\/kuben\/","url":"https:\/\/hoppetossa.com\/kuben\/","name":"Kuben - Hoppetossa F\u00f6rskolor - F\u00f6rskolan Kuben","isPartOf":{"@id":"https:\/\/hoppetossa.com\/kuben\/#website"},"datePublished":"2018-11-20T20:30:21+00:00","dateModified":"2024-12-18T12:52:54+00:00","description":"Den lilla f\u00f6rskolan d\u00e4r naturen inspirerar till lek, utforskande och nyfikenhet.","breadcrumb":{"@id":"https:\/\/hoppetossa.com\/kuben\/#breadcrumb"},"inLanguage":"sv-SE","potentialAction":[{"@type":"ReadAction","target":["https:\/\/hoppetossa.com\/kuben\/"]}]},{"@type":"BreadcrumbList","@id":"https:\/\/hoppetossa.com\/kuben\/#breadcrumb","itemListElement":[{"@type":"ListItem","position":1,"name":"Hem","item":"https:\/\/hoppetossa.com\/kuben\/"},{"@type":"ListItem","position":2,"name":"Kuben &#8211; Hoppetossa F\u00f6rskolor"}]},{"@type":"WebSite","@id":"https:\/\/hoppetossa.com\/kuben\/#website","url":"https:\/\/hoppetossa.com\/kuben\/","name":"F\u00f6rskolan Kuben","description":"Hoppetossa f\u00f6rskolor","potentialAction":[{"@type":"SearchAction","target":{"@type":"EntryPoint","urlTemplate":"https:\/\/hoppetossa.com\/kuben\/?s={search_term_string}"},"query-input":{"@type":"PropertyValueSpecification","valueRequired":true,"valueName":"search_term_string"}}],"inLanguage":"sv-SE"}]}},"jetpack_sharing_enabled":true,"jetpack_shortlink":"https:\/\/wp.me\/PasYQ5-y","jetpack-related-posts":[{"id":67,"url":"http:\/\/hoppetossa.com\/kuben\/en-plats-hos-oss\/","url_meta":{"origin":34,"position":0},"title":"En plats hos oss","author":"Hoppetossa F\u00f6rskolor","date":"5 december, 2018","format":false,"excerpt":"En plats hos oss \/ St\u00e4ll ditt barn i k\u00f6 Kontakta oss g\u00e4rna f\u00f6r mer information: 076 007 98 25 eller kuben@hoppetossa.com. Vi finns med i Nacka kommuns gemensamma k\u00f6 under namnet\u00a0Kuben Hoppetossa. H\u00e4r hittar ni den gemensamma k\u00f6n:\u00a0https:\/\/www.nacka.se\/forskola-skola\/forskola-och-pedagogisk-omsorg\/ansok-om-plats-forskola\/\u00a0\u00a0 V\u00e4lkomna! A place with us \/ Put your child in the\u2026","rel":"","context":"Liknande inl\u00e4gg","block_context":{"text":"Liknande inl\u00e4gg","link":""},"img":{"alt_text":"","src":"https:\/\/i0.wp.com\/hoppetossa.com\/kuben\/wp-content\/uploads\/sites\/9\/2018\/12\/kuben-3-150x150.png?resize=350%2C200","width":350,"height":200},"classes":[]},{"id":58,"url":"http:\/\/hoppetossa.com\/kuben\/pedagogik-och-verksamhet-2\/","url_meta":{"origin":34,"position":1},"title":"Pedagogik och verksamhet","author":"Hoppetossa F\u00f6rskolor","date":"5 december, 2018","format":false,"excerpt":"Pedagogik och verksamhet Kuben \u00e4r en liten f\u00f6rskola bel\u00e4gen i Jarlaberg, med direkt anslutning till Stockholms inlopp och Nyckelvikens naturreservat. Kuben har tv\u00e5 hemvister Kottarna (ungef\u00e4r 4-6 \u00e5r) samt Fr\u00f6na (ungef\u00e4r 1-3 \u00e5r), i tv\u00e5 separata hus med en liten g\u00e5ngv\u00e4g emellan. Projektinriktat arbetss\u00e4tt Vi har ett projektinriktat arbetss\u00e4tt f\u00f6r\u2026","rel":"","context":"Liknande inl\u00e4gg","block_context":{"text":"Liknande inl\u00e4gg","link":""},"img":{"alt_text":"","src":"https:\/\/i0.wp.com\/hoppetossa.com\/kuben\/wp-content\/uploads\/sites\/9\/2019\/04\/frocc88na-1.jpg?resize=350%2C200","width":350,"height":200,"srcset":"https:\/\/i0.wp.com\/hoppetossa.com\/kuben\/wp-content\/uploads\/sites\/9\/2019\/04\/frocc88na-1.jpg?resize=350%2C200 1x, https:\/\/i0.wp.com\/hoppetossa.com\/kuben\/wp-content\/uploads\/sites\/9\/2019\/04\/frocc88na-1.jpg?resize=525%2C300 1.5x, https:\/\/i0.wp.com\/hoppetossa.com\/kuben\/wp-content\/uploads\/sites\/9\/2019\/04\/frocc88na-1.jpg?resize=700%2C400 2x, https:\/\/i0.wp.com\/hoppetossa.com\/kuben\/wp-content\/uploads\/sites\/9\/2019\/04\/frocc88na-1.jpg?resize=1050%2C600 3x"},"classes":[]},{"id":370,"url":"http:\/\/hoppetossa.com\/kuben\/vision-karnvarden\/","url_meta":{"origin":34,"position":2},"title":"Vision &#038; K\u00e4rnv\u00e4rden","author":"Hoppetossa F\u00f6rskolor","date":"10 mars, 2024","format":false,"excerpt":"Vision och k\u00e4rnv\u00e4rden Vi str\u00e4var efter att ge barnen s\u00e5 mycket inflytande som m\u00f6jligt inom v\u00e5r verksamhet. Detta uppn\u00e5r vi genom att uppmuntra dem att bidra med f\u00f6rslag och id\u00e9er till olika aktiviteter samt till exempel ink\u00f6p f\u00f6r avdelningen. Vi v\u00e4rdes\u00e4tter och str\u00e4var efter att skapa ett n\u00e4ra samarbete mellan\u2026","rel":"","context":"Liknande inl\u00e4gg","block_context":{"text":"Liknande inl\u00e4gg","link":""},"img":{"alt_text":"","src":"https:\/\/i0.wp.com\/hoppetossa.com\/kuben\/wp-content\/uploads\/sites\/9\/2024\/12\/img-2507.jpg?resize=350%2C200","width":350,"height":200,"srcset":"https:\/\/i0.wp.com\/hoppetossa.com\/kuben\/wp-content\/uploads\/sites\/9\/2024\/12\/img-2507.jpg?resize=350%2C200 1x, https:\/\/i0.wp.com\/hoppetossa.com\/kuben\/wp-content\/uploads\/sites\/9\/2024\/12\/img-2507.jpg?resize=525%2C300 1.5x, https:\/\/i0.wp.com\/hoppetossa.com\/kuben\/wp-content\/uploads\/sites\/9\/2024\/12\/img-2507.jpg?resize=700%2C400 2x"},"classes":[]},{"id":5,"url":"http:\/\/hoppetossa.com\/kuben\/forskolan-kuben\/","url_meta":{"origin":34,"position":3},"title":"F\u00f6rskolan Kuben","author":"Admin","date":"20 november, 2018","format":false,"excerpt":"","rel":"","context":"Liknande inl\u00e4gg","block_context":{"text":"Liknande inl\u00e4gg","link":""},"img":{"alt_text":"","src":"","width":0,"height":0},"classes":[]},{"id":4,"url":"http:\/\/hoppetossa.com\/kuben\/blogg\/","url_meta":{"origin":34,"position":4},"title":"Blogg","author":"Admin","date":"20 november, 2018","format":false,"excerpt":"","rel":"","context":"Liknande inl\u00e4gg","block_context":{"text":"Liknande inl\u00e4gg","link":""},"img":{"alt_text":"","src":"","width":0,"height":0},"classes":[]},{"id":12,"url":"http:\/\/hoppetossa.com\/kuben\/arbeta-hos-oss\/","url_meta":{"origin":34,"position":5},"title":"Arbeta hos oss","author":"Admin","date":"20 november, 2018","format":false,"excerpt":"","rel":"","context":"Liknande inl\u00e4gg","block_context":{"text":"Liknande inl\u00e4gg","link":""},"img":{"alt_text":"","src":"","width":0,"height":0},"classes":[]}],"_links":{"self":[{"href":"http:\/\/hoppetossa.com\/kuben\/wp-json\/wp\/v2\/pages\/34","targetHints":{"allow":["GET"]}}],"collection":[{"href":"http:\/\/hoppetossa.com\/kuben\/wp-json\/wp\/v2\/pages"}],"about":[{"href":"http:\/\/hoppetossa.com\/kuben\/wp-json\/wp\/v2\/types\/page"}],"author":[{"embeddable":true,"href":"http:\/\/hoppetossa.com\/kuben\/wp-json\/wp\/v2\/users\/5"}],"replies":[{"embeddable":true,"href":"http:\/\/hoppetossa.com\/kuben\/wp-json\/wp\/v2\/comments?post=34"}],"version-history":[{"count":54,"href":"http:\/\/hoppetossa.com\/kuben\/wp-json\/wp\/v2\/pages\/34\/revisions"}],"predecessor-version":[{"id":396,"href":"http:\/\/hoppetossa.com\/kuben\/wp-json\/wp\/v2\/pages\/34\/revisions\/396"}],"wp:attachment":[{"href":"http:\/\/hoppetossa.com\/kuben\/wp-json\/wp\/v2\/media?parent=34"}],"curies":[{"name":"wp","href":"https:\/\/api.w.org\/{rel}","templated":true}]}}