{"id":67,"date":"2018-12-05T12:13:11","date_gmt":"2018-12-05T11:13:11","guid":{"rendered":"http:\/\/hoppetossa.com\/kuben\/?page_id=67"},"modified":"2025-09-11T11:19:35","modified_gmt":"2025-09-11T09:19:35","slug":"en-plats-hos-oss","status":"publish","type":"page","link":"http:\/\/hoppetossa.com\/kuben\/en-plats-hos-oss\/","title":{"rendered":"En plats hos oss"},"content":{"rendered":"<h1><img data-recalc-dims=\"1\" loading=\"lazy\" decoding=\"async\" data-attachment-id=\"59\" data-permalink=\"http:\/\/hoppetossa.com\/kuben\/pedagogik-och-verksamhet-2\/kuben-3\/\" data-orig-file=\"https:\/\/i0.wp.com\/hoppetossa.com\/kuben\/wp-content\/uploads\/sites\/9\/2018\/12\/kuben-3.png?fit=296%2C196\" data-orig-size=\"296,196\" data-comments-opened=\"0\" data-image-meta=\"{&quot;aperture&quot;:&quot;0&quot;,&quot;credit&quot;:&quot;&quot;,&quot;camera&quot;:&quot;&quot;,&quot;caption&quot;:&quot;&quot;,&quot;created_timestamp&quot;:&quot;0&quot;,&quot;copyright&quot;:&quot;&quot;,&quot;focal_length&quot;:&quot;0&quot;,&quot;iso&quot;:&quot;0&quot;,&quot;shutter_speed&quot;:&quot;0&quot;,&quot;title&quot;:&quot;&quot;,&quot;orientation&quot;:&quot;0&quot;}\" data-image-title=\"Kuben 3\" data-image-description=\"\" data-image-caption=\"\" data-large-file=\"https:\/\/i0.wp.com\/hoppetossa.com\/kuben\/wp-content\/uploads\/sites\/9\/2018\/12\/kuben-3.png?fit=296%2C196\" class=\"alignleft size-thumbnail wp-image-59 img-responsive\" src=\"https:\/\/i0.wp.com\/hoppetossa.com\/kuben\/wp-content\/uploads\/sites\/9\/2018\/12\/kuben-3.png?resize=150%2C150\" alt=\"\" width=\"150\" height=\"150\" \/>En plats hos oss \/ St\u00e4ll ditt barn i k\u00f6<\/h1>\n<p>Kontakta oss g\u00e4rna f\u00f6r mer information: <a href=\"phone: 076 007 98 25\">076 007 98 25<\/a> eller <a href=\"mailto:kuben@hoppetossa.com\">kuben@hoppetossa.com<\/a>.<\/p>\n<p>Vi finns med i Nacka kommuns gemensamma k\u00f6 under namnet\u00a0<em>Kuben Hoppetossa<\/em>. H\u00e4r hittar ni den gemensamma k\u00f6n:<span class=\"s1\">\u00a0<a href=\"https:\/\/www.nacka.se\/forskola-skola\/forskola-och-pedagogisk-omsorg\/ansok-om-plats-forskola\/\"><span class=\"s2\">https:\/\/www.nacka.se\/forskola-skola\/forskola-och-pedagogisk-omsorg\/ansok-om-plats-forskola\/\u00a0<\/span><\/a>\u00a0<\/span><\/p>\n<p>V\u00e4lkomna!<\/p>\n<h1><img data-recalc-dims=\"1\" loading=\"lazy\" decoding=\"async\" data-attachment-id=\"161\" data-permalink=\"http:\/\/hoppetossa.com\/kuben\/2019\/05\/02\/med-nyckelviken-som-narmsta-granne\/kottarna-2\/\" data-orig-file=\"https:\/\/i0.wp.com\/hoppetossa.com\/kuben\/wp-content\/uploads\/sites\/9\/2019\/04\/kottarna-2.jpg?fit=1125%2C1440\" data-orig-size=\"1125,1440\" data-comments-opened=\"0\" data-image-meta=\"{&quot;aperture&quot;:&quot;0&quot;,&quot;credit&quot;:&quot;&quot;,&quot;camera&quot;:&quot;&quot;,&quot;caption&quot;:&quot;&quot;,&quot;created_timestamp&quot;:&quot;1556531877&quot;,&quot;copyright&quot;:&quot;&quot;,&quot;focal_length&quot;:&quot;0&quot;,&quot;iso&quot;:&quot;0&quot;,&quot;shutter_speed&quot;:&quot;0&quot;,&quot;title&quot;:&quot;&quot;,&quot;orientation&quot;:&quot;1&quot;}\" data-image-title=\"Kottarna 2\" data-image-description=\"\" data-image-caption=\"\" data-large-file=\"https:\/\/i0.wp.com\/hoppetossa.com\/kuben\/wp-content\/uploads\/sites\/9\/2019\/04\/kottarna-2.jpg?fit=800%2C1024\" class=\"alignleft size-thumbnail wp-image-161 img-responsive\" src=\"https:\/\/i0.wp.com\/hoppetossa.com\/kuben\/wp-content\/uploads\/sites\/9\/2019\/04\/kottarna-2.jpg?resize=150%2C150\" alt=\"\" width=\"150\" height=\"150\" srcset=\"https:\/\/i0.wp.com\/hoppetossa.com\/kuben\/wp-content\/uploads\/sites\/9\/2019\/04\/kottarna-2.jpg?resize=150%2C150 150w, https:\/\/i0.wp.com\/hoppetossa.com\/kuben\/wp-content\/uploads\/sites\/9\/2019\/04\/kottarna-2.jpg?zoom=2&amp;resize=150%2C150 300w, https:\/\/i0.wp.com\/hoppetossa.com\/kuben\/wp-content\/uploads\/sites\/9\/2019\/04\/kottarna-2.jpg?zoom=3&amp;resize=150%2C150 450w\" sizes=\"auto, (max-width: 150px) 100vw, 150px\" \/>A place with us \/ Put your child in the queue<\/h1>\n<p>Please contact us for more information: <a href=\"phone: 076 007 98 25\">076 007 98 25<\/a> or <a href=\"mailto:kuben@hoppetossa.com\">kuben@hoppetossa.com<\/a>.<\/p>\n<p>We are part of the common queue of the municipality of Nacka under the name <em>Kuben Hoppetossa<\/em>. Here you will find the common queue:\u00a0<a href=\"https:\/\/www.nacka.se\/forskola-skola\/forskola-och-pedagogisk-omsorg\/ansok-om-plats-forskola\/\">https:\/\/www.nacka.se\/forskola-skola\/forskola-och-pedagogisk-omsorg\/ansok-om-plats-forskola\/<\/a><\/p>\n<p>Welcome!<\/p>\n","protected":false},"excerpt":{"rendered":"<p>En plats hos oss \/ St\u00e4ll ditt barn i k\u00f6 Kontakta oss g\u00e4rna f\u00f6r mer information: 076 007 98 25&hellip; <a class=\"read-more\" href=\"http:\/\/hoppetossa.com\/kuben\/en-plats-hos-oss\/\">L\u00e4s mera<\/a><\/p>\n","protected":false},"author":1,"featured_media":0,"parent":0,"menu_order":0,"comment_status":"closed","ping_status":"closed","template":"","meta":{"_acf_changed":false,"_monsterinsights_skip_tracking":false,"_monsterinsights_sitenote_active":false,"_monsterinsights_sitenote_note":"","_monsterinsights_sitenote_category":0,"footnotes":""},"class_list":["post-67","page","type-page","status-publish","hentry"],"acf":[],"yoast_head":"<!-- This site is optimized with the Yoast SEO plugin v27.6 - https:\/\/yoast.com\/product\/yoast-seo-wordpress\/ -->\n<title>En plats hos oss - F\u00f6rskolan Kuben<\/title>\n<meta name=\"robots\" content=\"index, follow, max-snippet:-1, max-image-preview:large, max-video-preview:-1\" \/>\n<link rel=\"canonical\" href=\"https:\/\/hoppetossa.com\/kuben\/en-plats-hos-oss\/\" \/>\n<meta property=\"og:locale\" content=\"sv_SE\" \/>\n<meta property=\"og:type\" content=\"article\" \/>\n<meta property=\"og:title\" content=\"En plats hos oss - F\u00f6rskolan Kuben\" \/>\n<meta property=\"og:description\" content=\"En plats hos oss \/ St\u00e4ll ditt barn i k\u00f6 Kontakta oss g\u00e4rna f\u00f6r mer information: 076 007 98 25&hellip; L\u00e4s mera\" \/>\n<meta property=\"og:url\" content=\"https:\/\/hoppetossa.com\/kuben\/en-plats-hos-oss\/\" \/>\n<meta property=\"og:site_name\" content=\"F\u00f6rskolan Kuben\" \/>\n<meta property=\"article:modified_time\" content=\"2025-09-11T09:19:35+00:00\" \/>\n<meta property=\"og:image\" content=\"http:\/\/hoppetossa.com\/kuben\/wp-content\/uploads\/sites\/9\/2018\/12\/kuben-3-150x150.png\" \/>\n<meta name=\"twitter:card\" content=\"summary_large_image\" \/>\n<meta name=\"twitter:label1\" content=\"Ber\u00e4knad l\u00e4stid\" \/>\n\t<meta name=\"twitter:data1\" content=\"1 minut\" \/>\n<script type=\"application\/ld+json\" class=\"yoast-schema-graph\">{\"@context\":\"https:\\\/\\\/schema.org\",\"@graph\":[{\"@type\":\"WebPage\",\"@id\":\"https:\\\/\\\/hoppetossa.com\\\/kuben\\\/en-plats-hos-oss\\\/\",\"url\":\"https:\\\/\\\/hoppetossa.com\\\/kuben\\\/en-plats-hos-oss\\\/\",\"name\":\"En plats hos oss - F\u00f6rskolan Kuben\",\"isPartOf\":{\"@id\":\"https:\\\/\\\/hoppetossa.com\\\/kuben\\\/#website\"},\"primaryImageOfPage\":{\"@id\":\"https:\\\/\\\/hoppetossa.com\\\/kuben\\\/en-plats-hos-oss\\\/#primaryimage\"},\"image\":{\"@id\":\"https:\\\/\\\/hoppetossa.com\\\/kuben\\\/en-plats-hos-oss\\\/#primaryimage\"},\"thumbnailUrl\":\"http:\\\/\\\/hoppetossa.com\\\/kuben\\\/wp-content\\\/uploads\\\/sites\\\/9\\\/2018\\\/12\\\/kuben-3-150x150.png\",\"datePublished\":\"2018-12-05T11:13:11+00:00\",\"dateModified\":\"2025-09-11T09:19:35+00:00\",\"breadcrumb\":{\"@id\":\"https:\\\/\\\/hoppetossa.com\\\/kuben\\\/en-plats-hos-oss\\\/#breadcrumb\"},\"inLanguage\":\"sv-SE\",\"potentialAction\":[{\"@type\":\"ReadAction\",\"target\":[\"https:\\\/\\\/hoppetossa.com\\\/kuben\\\/en-plats-hos-oss\\\/\"]}]},{\"@type\":\"ImageObject\",\"inLanguage\":\"sv-SE\",\"@id\":\"https:\\\/\\\/hoppetossa.com\\\/kuben\\\/en-plats-hos-oss\\\/#primaryimage\",\"url\":\"https:\\\/\\\/i0.wp.com\\\/hoppetossa.com\\\/kuben\\\/wp-content\\\/uploads\\\/sites\\\/9\\\/2018\\\/12\\\/kuben-3.png?fit=296%2C196\",\"contentUrl\":\"https:\\\/\\\/i0.wp.com\\\/hoppetossa.com\\\/kuben\\\/wp-content\\\/uploads\\\/sites\\\/9\\\/2018\\\/12\\\/kuben-3.png?fit=296%2C196\",\"width\":296,\"height\":196},{\"@type\":\"BreadcrumbList\",\"@id\":\"https:\\\/\\\/hoppetossa.com\\\/kuben\\\/en-plats-hos-oss\\\/#breadcrumb\",\"itemListElement\":[{\"@type\":\"ListItem\",\"position\":1,\"name\":\"Hem\",\"item\":\"https:\\\/\\\/hoppetossa.com\\\/kuben\\\/\"},{\"@type\":\"ListItem\",\"position\":2,\"name\":\"En plats hos oss\"}]},{\"@type\":\"WebSite\",\"@id\":\"https:\\\/\\\/hoppetossa.com\\\/kuben\\\/#website\",\"url\":\"https:\\\/\\\/hoppetossa.com\\\/kuben\\\/\",\"name\":\"F\u00f6rskolan Kuben\",\"description\":\"Hoppetossa f\u00f6rskolor\",\"potentialAction\":[{\"@type\":\"SearchAction\",\"target\":{\"@type\":\"EntryPoint\",\"urlTemplate\":\"https:\\\/\\\/hoppetossa.com\\\/kuben\\\/?s={search_term_string}\"},\"query-input\":{\"@type\":\"PropertyValueSpecification\",\"valueRequired\":true,\"valueName\":\"search_term_string\"}}],\"inLanguage\":\"sv-SE\"}]}<\/script>\n<!-- \/ Yoast SEO plugin. -->","yoast_head_json":{"title":"En plats hos oss - F\u00f6rskolan Kuben","robots":{"index":"index","follow":"follow","max-snippet":"max-snippet:-1","max-image-preview":"max-image-preview:large","max-video-preview":"max-video-preview:-1"},"canonical":"https:\/\/hoppetossa.com\/kuben\/en-plats-hos-oss\/","og_locale":"sv_SE","og_type":"article","og_title":"En plats hos oss - F\u00f6rskolan Kuben","og_description":"En plats hos oss \/ St\u00e4ll ditt barn i k\u00f6 Kontakta oss g\u00e4rna f\u00f6r mer information: 076 007 98 25&hellip; L\u00e4s mera","og_url":"https:\/\/hoppetossa.com\/kuben\/en-plats-hos-oss\/","og_site_name":"F\u00f6rskolan Kuben","article_modified_time":"2025-09-11T09:19:35+00:00","og_image":[{"url":"http:\/\/hoppetossa.com\/kuben\/wp-content\/uploads\/sites\/9\/2018\/12\/kuben-3-150x150.png","type":"","width":"","height":""}],"twitter_card":"summary_large_image","twitter_misc":{"Ber\u00e4knad l\u00e4stid":"1 minut"},"schema":{"@context":"https:\/\/schema.org","@graph":[{"@type":"WebPage","@id":"https:\/\/hoppetossa.com\/kuben\/en-plats-hos-oss\/","url":"https:\/\/hoppetossa.com\/kuben\/en-plats-hos-oss\/","name":"En plats hos oss - F\u00f6rskolan Kuben","isPartOf":{"@id":"https:\/\/hoppetossa.com\/kuben\/#website"},"primaryImageOfPage":{"@id":"https:\/\/hoppetossa.com\/kuben\/en-plats-hos-oss\/#primaryimage"},"image":{"@id":"https:\/\/hoppetossa.com\/kuben\/en-plats-hos-oss\/#primaryimage"},"thumbnailUrl":"http:\/\/hoppetossa.com\/kuben\/wp-content\/uploads\/sites\/9\/2018\/12\/kuben-3-150x150.png","datePublished":"2018-12-05T11:13:11+00:00","dateModified":"2025-09-11T09:19:35+00:00","breadcrumb":{"@id":"https:\/\/hoppetossa.com\/kuben\/en-plats-hos-oss\/#breadcrumb"},"inLanguage":"sv-SE","potentialAction":[{"@type":"ReadAction","target":["https:\/\/hoppetossa.com\/kuben\/en-plats-hos-oss\/"]}]},{"@type":"ImageObject","inLanguage":"sv-SE","@id":"https:\/\/hoppetossa.com\/kuben\/en-plats-hos-oss\/#primaryimage","url":"https:\/\/i0.wp.com\/hoppetossa.com\/kuben\/wp-content\/uploads\/sites\/9\/2018\/12\/kuben-3.png?fit=296%2C196","contentUrl":"https:\/\/i0.wp.com\/hoppetossa.com\/kuben\/wp-content\/uploads\/sites\/9\/2018\/12\/kuben-3.png?fit=296%2C196","width":296,"height":196},{"@type":"BreadcrumbList","@id":"https:\/\/hoppetossa.com\/kuben\/en-plats-hos-oss\/#breadcrumb","itemListElement":[{"@type":"ListItem","position":1,"name":"Hem","item":"https:\/\/hoppetossa.com\/kuben\/"},{"@type":"ListItem","position":2,"name":"En plats hos oss"}]},{"@type":"WebSite","@id":"https:\/\/hoppetossa.com\/kuben\/#website","url":"https:\/\/hoppetossa.com\/kuben\/","name":"F\u00f6rskolan Kuben","description":"Hoppetossa f\u00f6rskolor","potentialAction":[{"@type":"SearchAction","target":{"@type":"EntryPoint","urlTemplate":"https:\/\/hoppetossa.com\/kuben\/?s={search_term_string}"},"query-input":{"@type":"PropertyValueSpecification","valueRequired":true,"valueName":"search_term_string"}}],"inLanguage":"sv-SE"}]}},"jetpack_sharing_enabled":true,"jetpack_shortlink":"https:\/\/wp.me\/PasYQ5-15","jetpack-related-posts":[{"id":10,"url":"http:\/\/hoppetossa.com\/kuben\/ovrig-information\/","url_meta":{"origin":67,"position":0},"title":"F\u00f6rskola och hem","author":"Admin","date":"20 november, 2018","format":false,"excerpt":"F\u00f6rskola och hem Vi v\u00e4rdes\u00e4tter och str\u00e4var efter att skapa ett n\u00e4ra samarbete mellan f\u00f6rskola och hem. Detta inneb\u00e4r att vi prioriterar dialog vid h\u00e4mtning och l\u00e4mning samt aktivt inkluderar barnens familjer i olika verksamhetsaktiviteter. Exempelvis kan barnens familjer delta i v\u00e5ra kulturaktiviteter genom att skicka med s\u00e5nger eller b\u00f6cker\u2026","rel":"","context":"Liknande inl\u00e4gg","block_context":{"text":"Liknande inl\u00e4gg","link":""},"img":{"alt_text":"","src":"https:\/\/i0.wp.com\/hoppetossa.com\/kuben\/wp-content\/uploads\/sites\/9\/2022\/11\/kuben-matematik.png?resize=350%2C200","width":350,"height":200,"srcset":"https:\/\/i0.wp.com\/hoppetossa.com\/kuben\/wp-content\/uploads\/sites\/9\/2022\/11\/kuben-matematik.png?resize=350%2C200 1x, https:\/\/i0.wp.com\/hoppetossa.com\/kuben\/wp-content\/uploads\/sites\/9\/2022\/11\/kuben-matematik.png?resize=525%2C300 1.5x"},"classes":[]},{"id":8,"url":"http:\/\/hoppetossa.com\/kuben\/kontakt-och-hitta-hit\/","url_meta":{"origin":67,"position":1},"title":"Kontakt och hitta hit","author":"Admin","date":"20 november, 2018","format":false,"excerpt":"Kontakt och hitta hit F\u00f6rskolan Hoppetossa KubenDiligensv\u00e4gen 34131 48 Nacka Rutiner vid klagom\u00e5l Kontaktuppgifter till platsansvarig: 076-007 98 25 Kontaktuppgifter till v\u00e5ra avdelningar:\u00a0Avd. Fr\u00f6na:\u00a0076 007 98 25\u00a0Avd. Kottarna:\u00a0076 007 98 23 Kontaktuppgifter till v\u00e5r rektor: kuben@hoppetossa.com \u00d6vrigt:Facebook-sidaK\u00f6Hur hittar du till oss? Med kollektivtrafik:\u00a0N\u00e4rmsta bussh\u00e5llplats \u00e4r Jarlaberg, dit \u00e4r det knappt\u2026","rel":"","context":"Liknande inl\u00e4gg","block_context":{"text":"Liknande inl\u00e4gg","link":""},"img":{"alt_text":"","src":"https:\/\/i0.wp.com\/hoppetossa.com\/kuben\/wp-content\/uploads\/sites\/9\/2018\/12\/karta-kuben-293x300.png?resize=350%2C200","width":350,"height":200},"classes":[]},{"id":11,"url":"http:\/\/hoppetossa.com\/kuben\/in-english\/","url_meta":{"origin":67,"position":2},"title":"In English","author":"Admin","date":"20 november, 2018","format":false,"excerpt":"Welcome to preschool Kuben! \u00a0 \u00a0 We are a small preschool that puts our children in center. We have Nyckelviken as the nearest neighbor and the close proximity to nature are used extensively. Here the children can discover, explore and put their own hypotheses. Furthermore we enjoy a focus on\u2026","rel":"","context":"Liknande inl\u00e4gg","block_context":{"text":"Liknande inl\u00e4gg","link":""},"img":{"alt_text":"","src":"https:\/\/i0.wp.com\/hoppetossa.com\/kuben\/wp-content\/uploads\/sites\/9\/2024\/12\/img-2516.jpg?resize=350%2C200","width":350,"height":200,"srcset":"https:\/\/i0.wp.com\/hoppetossa.com\/kuben\/wp-content\/uploads\/sites\/9\/2024\/12\/img-2516.jpg?resize=350%2C200 1x, https:\/\/i0.wp.com\/hoppetossa.com\/kuben\/wp-content\/uploads\/sites\/9\/2024\/12\/img-2516.jpg?resize=525%2C300 1.5x, https:\/\/i0.wp.com\/hoppetossa.com\/kuben\/wp-content\/uploads\/sites\/9\/2024\/12\/img-2516.jpg?resize=700%2C400 2x"},"classes":[]},{"id":13,"url":"http:\/\/hoppetossa.com\/kuben\/plats-hos-oss-our-queue\/","url_meta":{"origin":67,"position":3},"title":"PLATS HOS OSS &#8211; OUR QUEUE","author":"Admin","date":"20 november, 2018","format":false,"excerpt":"","rel":"","context":"Liknande inl\u00e4gg","block_context":{"text":"Liknande inl\u00e4gg","link":""},"img":{"alt_text":"","src":"","width":0,"height":0},"classes":[]},{"id":58,"url":"http:\/\/hoppetossa.com\/kuben\/pedagogik-och-verksamhet-2\/","url_meta":{"origin":67,"position":4},"title":"Pedagogik och verksamhet","author":"Hoppetossa F\u00f6rskolor","date":"5 december, 2018","format":false,"excerpt":"Pedagogik och verksamhet Kuben \u00e4r en liten f\u00f6rskola bel\u00e4gen i Jarlaberg, med direkt anslutning till Stockholms inlopp och Nyckelvikens naturreservat. Kuben har tv\u00e5 hemvister Kottarna (ungef\u00e4r 4-6 \u00e5r) samt Fr\u00f6na (ungef\u00e4r 1-3 \u00e5r), i tv\u00e5 separata hus med en liten g\u00e5ngv\u00e4g emellan. Projektinriktat arbetss\u00e4tt Vi har ett projektinriktat arbetss\u00e4tt f\u00f6r\u2026","rel":"","context":"Liknande inl\u00e4gg","block_context":{"text":"Liknande inl\u00e4gg","link":""},"img":{"alt_text":"","src":"https:\/\/i0.wp.com\/hoppetossa.com\/kuben\/wp-content\/uploads\/sites\/9\/2019\/04\/frocc88na-1.jpg?resize=350%2C200","width":350,"height":200,"srcset":"https:\/\/i0.wp.com\/hoppetossa.com\/kuben\/wp-content\/uploads\/sites\/9\/2019\/04\/frocc88na-1.jpg?resize=350%2C200 1x, https:\/\/i0.wp.com\/hoppetossa.com\/kuben\/wp-content\/uploads\/sites\/9\/2019\/04\/frocc88na-1.jpg?resize=525%2C300 1.5x, https:\/\/i0.wp.com\/hoppetossa.com\/kuben\/wp-content\/uploads\/sites\/9\/2019\/04\/frocc88na-1.jpg?resize=700%2C400 2x, https:\/\/i0.wp.com\/hoppetossa.com\/kuben\/wp-content\/uploads\/sites\/9\/2019\/04\/frocc88na-1.jpg?resize=1050%2C600 3x"},"classes":[]},{"id":370,"url":"http:\/\/hoppetossa.com\/kuben\/vision-karnvarden\/","url_meta":{"origin":67,"position":5},"title":"Vision &#038; K\u00e4rnv\u00e4rden","author":"Hoppetossa F\u00f6rskolor","date":"10 mars, 2024","format":false,"excerpt":"Vision och k\u00e4rnv\u00e4rden Vi str\u00e4var efter att ge barnen s\u00e5 mycket inflytande som m\u00f6jligt inom v\u00e5r verksamhet. Detta uppn\u00e5r vi genom att uppmuntra dem att bidra med f\u00f6rslag och id\u00e9er till olika aktiviteter samt till exempel ink\u00f6p f\u00f6r avdelningen. Vi v\u00e4rdes\u00e4tter och str\u00e4var efter att skapa ett n\u00e4ra samarbete mellan\u2026","rel":"","context":"Liknande inl\u00e4gg","block_context":{"text":"Liknande inl\u00e4gg","link":""},"img":{"alt_text":"","src":"https:\/\/i0.wp.com\/hoppetossa.com\/kuben\/wp-content\/uploads\/sites\/9\/2024\/12\/img-2507.jpg?resize=350%2C200","width":350,"height":200,"srcset":"https:\/\/i0.wp.com\/hoppetossa.com\/kuben\/wp-content\/uploads\/sites\/9\/2024\/12\/img-2507.jpg?resize=350%2C200 1x, https:\/\/i0.wp.com\/hoppetossa.com\/kuben\/wp-content\/uploads\/sites\/9\/2024\/12\/img-2507.jpg?resize=525%2C300 1.5x, https:\/\/i0.wp.com\/hoppetossa.com\/kuben\/wp-content\/uploads\/sites\/9\/2024\/12\/img-2507.jpg?resize=700%2C400 2x"},"classes":[]}],"_links":{"self":[{"href":"http:\/\/hoppetossa.com\/kuben\/wp-json\/wp\/v2\/pages\/67","targetHints":{"allow":["GET"]}}],"collection":[{"href":"http:\/\/hoppetossa.com\/kuben\/wp-json\/wp\/v2\/pages"}],"about":[{"href":"http:\/\/hoppetossa.com\/kuben\/wp-json\/wp\/v2\/types\/page"}],"author":[{"embeddable":true,"href":"http:\/\/hoppetossa.com\/kuben\/wp-json\/wp\/v2\/users\/1"}],"replies":[{"embeddable":true,"href":"http:\/\/hoppetossa.com\/kuben\/wp-json\/wp\/v2\/comments?post=67"}],"version-history":[{"count":11,"href":"http:\/\/hoppetossa.com\/kuben\/wp-json\/wp\/v2\/pages\/67\/revisions"}],"predecessor-version":[{"id":427,"href":"http:\/\/hoppetossa.com\/kuben\/wp-json\/wp\/v2\/pages\/67\/revisions\/427"}],"wp:attachment":[{"href":"http:\/\/hoppetossa.com\/kuben\/wp-json\/wp\/v2\/media?parent=67"}],"curies":[{"name":"wp","href":"https:\/\/api.w.org\/{rel}","templated":true}]}}