{"id":8,"date":"2018-11-20T21:23:09","date_gmt":"2018-11-20T20:23:09","guid":{"rendered":"http:\/\/hoppetossa.com\/kuben\/?page_id=8"},"modified":"2025-09-11T11:17:31","modified_gmt":"2025-09-11T09:17:31","slug":"kontakt-och-hitta-hit","status":"publish","type":"page","link":"http:\/\/hoppetossa.com\/kuben\/kontakt-och-hitta-hit\/","title":{"rendered":"Kontakt och hitta hit"},"content":{"rendered":"<h1>Kontakt och hitta hit<\/h1>\n<p><img data-recalc-dims=\"1\" loading=\"lazy\" decoding=\"async\" data-attachment-id=\"64\" data-permalink=\"http:\/\/hoppetossa.com\/kuben\/kontakt-och-hitta-hit\/karta-kuben\/\" data-orig-file=\"https:\/\/i0.wp.com\/hoppetossa.com\/kuben\/wp-content\/uploads\/sites\/9\/2018\/12\/karta-kuben.png?fit=358%2C367\" data-orig-size=\"358,367\" data-comments-opened=\"0\" data-image-meta=\"{&quot;aperture&quot;:&quot;0&quot;,&quot;credit&quot;:&quot;&quot;,&quot;camera&quot;:&quot;&quot;,&quot;caption&quot;:&quot;&quot;,&quot;created_timestamp&quot;:&quot;0&quot;,&quot;copyright&quot;:&quot;&quot;,&quot;focal_length&quot;:&quot;0&quot;,&quot;iso&quot;:&quot;0&quot;,&quot;shutter_speed&quot;:&quot;0&quot;,&quot;title&quot;:&quot;&quot;,&quot;orientation&quot;:&quot;0&quot;}\" data-image-title=\"Karta Kuben\" data-image-description=\"\" data-image-caption=\"\" data-large-file=\"https:\/\/i0.wp.com\/hoppetossa.com\/kuben\/wp-content\/uploads\/sites\/9\/2018\/12\/karta-kuben.png?fit=358%2C367\" class=\"alignnone size-medium wp-image-64 img-responsive\" src=\"https:\/\/i0.wp.com\/hoppetossa.com\/kuben\/wp-content\/uploads\/sites\/9\/2018\/12\/karta-kuben.png?resize=293%2C300\" alt=\"\" width=\"293\" height=\"300\" srcset=\"https:\/\/i0.wp.com\/hoppetossa.com\/kuben\/wp-content\/uploads\/sites\/9\/2018\/12\/karta-kuben.png?resize=293%2C300 293w, https:\/\/i0.wp.com\/hoppetossa.com\/kuben\/wp-content\/uploads\/sites\/9\/2018\/12\/karta-kuben.png?w=358 358w\" sizes=\"auto, (max-width: 293px) 100vw, 293px\" \/><\/p>\n<p>F\u00f6rskolan Hoppetossa Kuben<br \/>Diligensv\u00e4gen 34<br \/>131 48 Nacka<\/p>\n<p><a href=\"https:\/\/hoppetossa.com\/kuben\/synpunkter-och-forslag\/\">Rutiner vid klagom\u00e5l<\/a><\/p>\n<p>Kontaktuppgifter till platsansvarig: 076-007 98 25<\/p>\n<p>Kontaktuppgifter till v\u00e5ra avdelningar:<br \/>\u00a0Avd. Fr\u00f6na:\u00a0<a href=\"phone: 076 007 98 25\">076 007 98 25<\/a><br \/>\u00a0Avd. Kottarna:\u00a0<a href=\"phone: 076 007 98 23\">076 007 98 23<\/a><\/p>\n<p>Kontaktuppgifter till v\u00e5r rektor: <a href=\"mailto:kuben@hoppetossa.com\">kuben@hoppetossa.com<\/a><\/p>\n<p>\u00d6vrigt:<br \/><a href=\"https:\/\/www.facebook.com\/ForskolanHoppetossaKuben\/\">Facebook-sida<\/a><br \/><a href=\"http:\/\/hoppetossa.com\/kuben\/en-plats-hos-oss\/\">K\u00f6<\/a><br \/><a href=\"http:\/\/raketen.hoppetossa.com\/blogg\/\"><br \/><\/a>Hur hittar du till oss?<\/p>\n<p><strong>Med kollektivtrafik:<\/strong>\u00a0N\u00e4rmsta bussh\u00e5llplats \u00e4r Jarlaberg, dit \u00e4r det knappt 500m att g\u00e5 till fr\u00e5n f\u00f6rskolan. Det tar ca 15 minuter med buss till Slussen. N\u00e4rmsta b\u00e5th\u00e5llplats heter Nacka Strand, dit \u00e4r det ca 1 km att g\u00e5 till fr\u00e5n f\u00f6rskolan. Det tar sedan 30 minuter med b\u00e5t till Nybroplan.<\/p>\n<p><strong>Med bil:\u00a0<\/strong>Ta av vid Trafikplats Svaltan fr\u00e5n v\u00e4g 222 f\u00f6r att komma till f\u00f6rskolan Kuben. Forts\u00e4tt sedan p\u00e5 Sk\u00f6nviksv\u00e4gen till Diligensv\u00e4gen kommer p\u00e5 v\u00e4nster sida.<\/p>\n\n\n<h2 class=\"wp-block-heading\">Rutiner f\u00f6r klagom\u00e5lshantering<\/h2>\n\n\n\n<p>Enligt skollagen 4 kap. 8\u00a7 skall huvudmannen ha skriftliga rutiner f\u00f6r att ta emot och utreda klagom\u00e5l mot utbildningen. Ifall du som v\u00e5rdnadshavare har synpunkter eller klagom\u00e5l p\u00e5 f\u00f6rskolan vill vi g\u00e4rna veta det. Vi ser det som ett tillf\u00e4lle att f\u00f6rb\u00e4ttra v\u00e5r verksamhet.<\/p>\n\n\n\n<p>L\u00e4s mer h\u00e4r: <a href=\"https:\/\/hoppetossa.com\/kuben\/synpunkter-och-forslag\/\">https:\/\/hoppetossa.com\/kuben\/synpunkter-och-forslag\/<\/a><\/p>\n","protected":false},"excerpt":{"rendered":"<p>Kontakt och hitta hit F\u00f6rskolan Hoppetossa KubenDiligensv\u00e4gen 34131 48 Nacka Rutiner vid klagom\u00e5l Kontaktuppgifter till platsansvarig: 076-007 98 25 Kontaktuppgifter&hellip; <a class=\"read-more\" href=\"http:\/\/hoppetossa.com\/kuben\/kontakt-och-hitta-hit\/\">L\u00e4s mera<\/a><\/p>\n","protected":false},"author":5,"featured_media":0,"parent":0,"menu_order":0,"comment_status":"closed","ping_status":"closed","template":"","meta":{"_acf_changed":false,"_monsterinsights_skip_tracking":false,"_monsterinsights_sitenote_active":false,"_monsterinsights_sitenote_note":"","_monsterinsights_sitenote_category":0,"footnotes":""},"class_list":["post-8","page","type-page","status-publish","hentry"],"acf":[],"yoast_head":"<!-- This site is optimized with the Yoast SEO plugin v27.6 - https:\/\/yoast.com\/product\/yoast-seo-wordpress\/ -->\n<title>Kontakt och hitta hit - F\u00f6rskolan Kuben<\/title>\n<meta name=\"robots\" content=\"index, follow, max-snippet:-1, max-image-preview:large, max-video-preview:-1\" \/>\n<link rel=\"canonical\" href=\"https:\/\/hoppetossa.com\/kuben\/kontakt-och-hitta-hit\/\" \/>\n<meta property=\"og:locale\" content=\"sv_SE\" \/>\n<meta property=\"og:type\" content=\"article\" \/>\n<meta property=\"og:title\" content=\"Kontakt och hitta hit - F\u00f6rskolan Kuben\" \/>\n<meta property=\"og:description\" content=\"Kontakt och hitta hit F\u00f6rskolan Hoppetossa KubenDiligensv\u00e4gen 34131 48 Nacka Rutiner vid klagom\u00e5l Kontaktuppgifter till platsansvarig: 076-007 98 25 Kontaktuppgifter&hellip; L\u00e4s mera\" \/>\n<meta property=\"og:url\" content=\"https:\/\/hoppetossa.com\/kuben\/kontakt-och-hitta-hit\/\" \/>\n<meta property=\"og:site_name\" content=\"F\u00f6rskolan Kuben\" \/>\n<meta property=\"article:modified_time\" content=\"2025-09-11T09:17:31+00:00\" \/>\n<meta property=\"og:image\" content=\"http:\/\/hoppetossa.com\/kuben\/wp-content\/uploads\/sites\/9\/2018\/12\/karta-kuben-293x300.png\" \/>\n<meta name=\"twitter:card\" content=\"summary_large_image\" \/>\n<meta name=\"twitter:label1\" content=\"Ber\u00e4knad l\u00e4stid\" \/>\n\t<meta name=\"twitter:data1\" content=\"2 minuter\" \/>\n<script type=\"application\/ld+json\" class=\"yoast-schema-graph\">{\"@context\":\"https:\\\/\\\/schema.org\",\"@graph\":[{\"@type\":\"WebPage\",\"@id\":\"https:\\\/\\\/hoppetossa.com\\\/kuben\\\/kontakt-och-hitta-hit\\\/\",\"url\":\"https:\\\/\\\/hoppetossa.com\\\/kuben\\\/kontakt-och-hitta-hit\\\/\",\"name\":\"Kontakt och hitta hit - F\u00f6rskolan Kuben\",\"isPartOf\":{\"@id\":\"https:\\\/\\\/hoppetossa.com\\\/kuben\\\/#website\"},\"primaryImageOfPage\":{\"@id\":\"https:\\\/\\\/hoppetossa.com\\\/kuben\\\/kontakt-och-hitta-hit\\\/#primaryimage\"},\"image\":{\"@id\":\"https:\\\/\\\/hoppetossa.com\\\/kuben\\\/kontakt-och-hitta-hit\\\/#primaryimage\"},\"thumbnailUrl\":\"http:\\\/\\\/hoppetossa.com\\\/kuben\\\/wp-content\\\/uploads\\\/sites\\\/9\\\/2018\\\/12\\\/karta-kuben-293x300.png\",\"datePublished\":\"2018-11-20T20:23:09+00:00\",\"dateModified\":\"2025-09-11T09:17:31+00:00\",\"breadcrumb\":{\"@id\":\"https:\\\/\\\/hoppetossa.com\\\/kuben\\\/kontakt-och-hitta-hit\\\/#breadcrumb\"},\"inLanguage\":\"sv-SE\",\"potentialAction\":[{\"@type\":\"ReadAction\",\"target\":[\"https:\\\/\\\/hoppetossa.com\\\/kuben\\\/kontakt-och-hitta-hit\\\/\"]}]},{\"@type\":\"ImageObject\",\"inLanguage\":\"sv-SE\",\"@id\":\"https:\\\/\\\/hoppetossa.com\\\/kuben\\\/kontakt-och-hitta-hit\\\/#primaryimage\",\"url\":\"https:\\\/\\\/i0.wp.com\\\/hoppetossa.com\\\/kuben\\\/wp-content\\\/uploads\\\/sites\\\/9\\\/2018\\\/12\\\/karta-kuben.png?fit=358%2C367\",\"contentUrl\":\"https:\\\/\\\/i0.wp.com\\\/hoppetossa.com\\\/kuben\\\/wp-content\\\/uploads\\\/sites\\\/9\\\/2018\\\/12\\\/karta-kuben.png?fit=358%2C367\",\"width\":358,\"height\":367},{\"@type\":\"BreadcrumbList\",\"@id\":\"https:\\\/\\\/hoppetossa.com\\\/kuben\\\/kontakt-och-hitta-hit\\\/#breadcrumb\",\"itemListElement\":[{\"@type\":\"ListItem\",\"position\":1,\"name\":\"Hem\",\"item\":\"https:\\\/\\\/hoppetossa.com\\\/kuben\\\/\"},{\"@type\":\"ListItem\",\"position\":2,\"name\":\"Kontakt och hitta hit\"}]},{\"@type\":\"WebSite\",\"@id\":\"https:\\\/\\\/hoppetossa.com\\\/kuben\\\/#website\",\"url\":\"https:\\\/\\\/hoppetossa.com\\\/kuben\\\/\",\"name\":\"F\u00f6rskolan Kuben\",\"description\":\"Hoppetossa f\u00f6rskolor\",\"potentialAction\":[{\"@type\":\"SearchAction\",\"target\":{\"@type\":\"EntryPoint\",\"urlTemplate\":\"https:\\\/\\\/hoppetossa.com\\\/kuben\\\/?s={search_term_string}\"},\"query-input\":{\"@type\":\"PropertyValueSpecification\",\"valueRequired\":true,\"valueName\":\"search_term_string\"}}],\"inLanguage\":\"sv-SE\"}]}<\/script>\n<!-- \/ Yoast SEO plugin. -->","yoast_head_json":{"title":"Kontakt och hitta hit - F\u00f6rskolan Kuben","robots":{"index":"index","follow":"follow","max-snippet":"max-snippet:-1","max-image-preview":"max-image-preview:large","max-video-preview":"max-video-preview:-1"},"canonical":"https:\/\/hoppetossa.com\/kuben\/kontakt-och-hitta-hit\/","og_locale":"sv_SE","og_type":"article","og_title":"Kontakt och hitta hit - F\u00f6rskolan Kuben","og_description":"Kontakt och hitta hit F\u00f6rskolan Hoppetossa KubenDiligensv\u00e4gen 34131 48 Nacka Rutiner vid klagom\u00e5l Kontaktuppgifter till platsansvarig: 076-007 98 25 Kontaktuppgifter&hellip; L\u00e4s mera","og_url":"https:\/\/hoppetossa.com\/kuben\/kontakt-och-hitta-hit\/","og_site_name":"F\u00f6rskolan Kuben","article_modified_time":"2025-09-11T09:17:31+00:00","og_image":[{"url":"http:\/\/hoppetossa.com\/kuben\/wp-content\/uploads\/sites\/9\/2018\/12\/karta-kuben-293x300.png","type":"","width":"","height":""}],"twitter_card":"summary_large_image","twitter_misc":{"Ber\u00e4knad l\u00e4stid":"2 minuter"},"schema":{"@context":"https:\/\/schema.org","@graph":[{"@type":"WebPage","@id":"https:\/\/hoppetossa.com\/kuben\/kontakt-och-hitta-hit\/","url":"https:\/\/hoppetossa.com\/kuben\/kontakt-och-hitta-hit\/","name":"Kontakt och hitta hit - F\u00f6rskolan Kuben","isPartOf":{"@id":"https:\/\/hoppetossa.com\/kuben\/#website"},"primaryImageOfPage":{"@id":"https:\/\/hoppetossa.com\/kuben\/kontakt-och-hitta-hit\/#primaryimage"},"image":{"@id":"https:\/\/hoppetossa.com\/kuben\/kontakt-och-hitta-hit\/#primaryimage"},"thumbnailUrl":"http:\/\/hoppetossa.com\/kuben\/wp-content\/uploads\/sites\/9\/2018\/12\/karta-kuben-293x300.png","datePublished":"2018-11-20T20:23:09+00:00","dateModified":"2025-09-11T09:17:31+00:00","breadcrumb":{"@id":"https:\/\/hoppetossa.com\/kuben\/kontakt-och-hitta-hit\/#breadcrumb"},"inLanguage":"sv-SE","potentialAction":[{"@type":"ReadAction","target":["https:\/\/hoppetossa.com\/kuben\/kontakt-och-hitta-hit\/"]}]},{"@type":"ImageObject","inLanguage":"sv-SE","@id":"https:\/\/hoppetossa.com\/kuben\/kontakt-och-hitta-hit\/#primaryimage","url":"https:\/\/i0.wp.com\/hoppetossa.com\/kuben\/wp-content\/uploads\/sites\/9\/2018\/12\/karta-kuben.png?fit=358%2C367","contentUrl":"https:\/\/i0.wp.com\/hoppetossa.com\/kuben\/wp-content\/uploads\/sites\/9\/2018\/12\/karta-kuben.png?fit=358%2C367","width":358,"height":367},{"@type":"BreadcrumbList","@id":"https:\/\/hoppetossa.com\/kuben\/kontakt-och-hitta-hit\/#breadcrumb","itemListElement":[{"@type":"ListItem","position":1,"name":"Hem","item":"https:\/\/hoppetossa.com\/kuben\/"},{"@type":"ListItem","position":2,"name":"Kontakt och hitta hit"}]},{"@type":"WebSite","@id":"https:\/\/hoppetossa.com\/kuben\/#website","url":"https:\/\/hoppetossa.com\/kuben\/","name":"F\u00f6rskolan Kuben","description":"Hoppetossa f\u00f6rskolor","potentialAction":[{"@type":"SearchAction","target":{"@type":"EntryPoint","urlTemplate":"https:\/\/hoppetossa.com\/kuben\/?s={search_term_string}"},"query-input":{"@type":"PropertyValueSpecification","valueRequired":true,"valueName":"search_term_string"}}],"inLanguage":"sv-SE"}]}},"jetpack_sharing_enabled":true,"jetpack_shortlink":"https:\/\/wp.me\/PasYQ5-8","jetpack-related-posts":[{"id":67,"url":"http:\/\/hoppetossa.com\/kuben\/en-plats-hos-oss\/","url_meta":{"origin":8,"position":0},"title":"En plats hos oss","author":"Hoppetossa F\u00f6rskolor","date":"5 december, 2018","format":false,"excerpt":"En plats hos oss \/ St\u00e4ll ditt barn i k\u00f6 Kontakta oss g\u00e4rna f\u00f6r mer information: 076 007 98 25 eller kuben@hoppetossa.com. Vi finns med i Nacka kommuns gemensamma k\u00f6 under namnet\u00a0Kuben Hoppetossa. H\u00e4r hittar ni den gemensamma k\u00f6n:\u00a0https:\/\/www.nacka.se\/forskola-skola\/forskola-och-pedagogisk-omsorg\/ansok-om-plats-forskola\/\u00a0\u00a0 V\u00e4lkomna! A place with us \/ Put your child in the\u2026","rel":"","context":"Liknande inl\u00e4gg","block_context":{"text":"Liknande inl\u00e4gg","link":""},"img":{"alt_text":"","src":"https:\/\/i0.wp.com\/hoppetossa.com\/kuben\/wp-content\/uploads\/sites\/9\/2018\/12\/kuben-3-150x150.png?resize=350%2C200","width":350,"height":200},"classes":[]},{"id":11,"url":"http:\/\/hoppetossa.com\/kuben\/in-english\/","url_meta":{"origin":8,"position":1},"title":"In English","author":"Admin","date":"20 november, 2018","format":false,"excerpt":"Welcome to preschool Kuben! \u00a0 \u00a0 We are a small preschool that puts our children in center. We have Nyckelviken as the nearest neighbor and the close proximity to nature are used extensively. Here the children can discover, explore and put their own hypotheses. Furthermore we enjoy a focus on\u2026","rel":"","context":"Liknande inl\u00e4gg","block_context":{"text":"Liknande inl\u00e4gg","link":""},"img":{"alt_text":"","src":"https:\/\/i0.wp.com\/hoppetossa.com\/kuben\/wp-content\/uploads\/sites\/9\/2024\/12\/img-2516.jpg?resize=350%2C200","width":350,"height":200,"srcset":"https:\/\/i0.wp.com\/hoppetossa.com\/kuben\/wp-content\/uploads\/sites\/9\/2024\/12\/img-2516.jpg?resize=350%2C200 1x, https:\/\/i0.wp.com\/hoppetossa.com\/kuben\/wp-content\/uploads\/sites\/9\/2024\/12\/img-2516.jpg?resize=525%2C300 1.5x, https:\/\/i0.wp.com\/hoppetossa.com\/kuben\/wp-content\/uploads\/sites\/9\/2024\/12\/img-2516.jpg?resize=700%2C400 2x"},"classes":[]},{"id":9,"url":"http:\/\/hoppetossa.com\/kuben\/synpunkter-och-forslag\/","url_meta":{"origin":8,"position":2},"title":"Klagom\u00e5l och synpunkter","author":"Admin","date":"20 november, 2018","format":false,"excerpt":"Klagom\u00e5l och synpunkter Vi har som m\u00e5l att erbjuda god kvalitet i v\u00e5r verksamhet. Inget \u00e4r s\u00e5 bra att det inte kan bli b\u00e4ttre och synpunkter och klagom\u00e5l bidrar till att utveckla verksamheten. Ge oss m\u00f6jligheten att r\u00e4tta till fel och brister genom att tala om vad\u00a0det \u00e4r\u00a0som\u00a0du inte \u00e4r\u2026","rel":"","context":"Liknande inl\u00e4gg","block_context":{"text":"Liknande inl\u00e4gg","link":""},"img":{"alt_text":"","src":"https:\/\/i0.wp.com\/hoppetossa.com\/kuben\/wp-content\/uploads\/sites\/9\/2018\/12\/kuben-2-150x150.png?resize=350%2C200","width":350,"height":200},"classes":[]},{"id":10,"url":"http:\/\/hoppetossa.com\/kuben\/ovrig-information\/","url_meta":{"origin":8,"position":3},"title":"F\u00f6rskola och hem","author":"Admin","date":"20 november, 2018","format":false,"excerpt":"F\u00f6rskola och hem Vi v\u00e4rdes\u00e4tter och str\u00e4var efter att skapa ett n\u00e4ra samarbete mellan f\u00f6rskola och hem. Detta inneb\u00e4r att vi prioriterar dialog vid h\u00e4mtning och l\u00e4mning samt aktivt inkluderar barnens familjer i olika verksamhetsaktiviteter. Exempelvis kan barnens familjer delta i v\u00e5ra kulturaktiviteter genom att skicka med s\u00e5nger eller b\u00f6cker\u2026","rel":"","context":"Liknande inl\u00e4gg","block_context":{"text":"Liknande inl\u00e4gg","link":""},"img":{"alt_text":"","src":"https:\/\/i0.wp.com\/hoppetossa.com\/kuben\/wp-content\/uploads\/sites\/9\/2022\/11\/kuben-matematik.png?resize=350%2C200","width":350,"height":200,"srcset":"https:\/\/i0.wp.com\/hoppetossa.com\/kuben\/wp-content\/uploads\/sites\/9\/2022\/11\/kuben-matematik.png?resize=350%2C200 1x, https:\/\/i0.wp.com\/hoppetossa.com\/kuben\/wp-content\/uploads\/sites\/9\/2022\/11\/kuben-matematik.png?resize=525%2C300 1.5x"},"classes":[]},{"id":58,"url":"http:\/\/hoppetossa.com\/kuben\/pedagogik-och-verksamhet-2\/","url_meta":{"origin":8,"position":4},"title":"Pedagogik och verksamhet","author":"Hoppetossa F\u00f6rskolor","date":"5 december, 2018","format":false,"excerpt":"Pedagogik och verksamhet Kuben \u00e4r en liten f\u00f6rskola bel\u00e4gen i Jarlaberg, med direkt anslutning till Stockholms inlopp och Nyckelvikens naturreservat. Kuben har tv\u00e5 hemvister Kottarna (ungef\u00e4r 4-6 \u00e5r) samt Fr\u00f6na (ungef\u00e4r 1-3 \u00e5r), i tv\u00e5 separata hus med en liten g\u00e5ngv\u00e4g emellan. Projektinriktat arbetss\u00e4tt Vi har ett projektinriktat arbetss\u00e4tt f\u00f6r\u2026","rel":"","context":"Liknande inl\u00e4gg","block_context":{"text":"Liknande inl\u00e4gg","link":""},"img":{"alt_text":"","src":"https:\/\/i0.wp.com\/hoppetossa.com\/kuben\/wp-content\/uploads\/sites\/9\/2019\/04\/frocc88na-1.jpg?resize=350%2C200","width":350,"height":200,"srcset":"https:\/\/i0.wp.com\/hoppetossa.com\/kuben\/wp-content\/uploads\/sites\/9\/2019\/04\/frocc88na-1.jpg?resize=350%2C200 1x, https:\/\/i0.wp.com\/hoppetossa.com\/kuben\/wp-content\/uploads\/sites\/9\/2019\/04\/frocc88na-1.jpg?resize=525%2C300 1.5x, https:\/\/i0.wp.com\/hoppetossa.com\/kuben\/wp-content\/uploads\/sites\/9\/2019\/04\/frocc88na-1.jpg?resize=700%2C400 2x, https:\/\/i0.wp.com\/hoppetossa.com\/kuben\/wp-content\/uploads\/sites\/9\/2019\/04\/frocc88na-1.jpg?resize=1050%2C600 3x"},"classes":[]},{"id":370,"url":"http:\/\/hoppetossa.com\/kuben\/vision-karnvarden\/","url_meta":{"origin":8,"position":5},"title":"Vision &#038; K\u00e4rnv\u00e4rden","author":"Hoppetossa F\u00f6rskolor","date":"10 mars, 2024","format":false,"excerpt":"Vision och k\u00e4rnv\u00e4rden Vi str\u00e4var efter att ge barnen s\u00e5 mycket inflytande som m\u00f6jligt inom v\u00e5r verksamhet. Detta uppn\u00e5r vi genom att uppmuntra dem att bidra med f\u00f6rslag och id\u00e9er till olika aktiviteter samt till exempel ink\u00f6p f\u00f6r avdelningen. Vi v\u00e4rdes\u00e4tter och str\u00e4var efter att skapa ett n\u00e4ra samarbete mellan\u2026","rel":"","context":"Liknande inl\u00e4gg","block_context":{"text":"Liknande inl\u00e4gg","link":""},"img":{"alt_text":"","src":"https:\/\/i0.wp.com\/hoppetossa.com\/kuben\/wp-content\/uploads\/sites\/9\/2024\/12\/img-2507.jpg?resize=350%2C200","width":350,"height":200,"srcset":"https:\/\/i0.wp.com\/hoppetossa.com\/kuben\/wp-content\/uploads\/sites\/9\/2024\/12\/img-2507.jpg?resize=350%2C200 1x, https:\/\/i0.wp.com\/hoppetossa.com\/kuben\/wp-content\/uploads\/sites\/9\/2024\/12\/img-2507.jpg?resize=525%2C300 1.5x, https:\/\/i0.wp.com\/hoppetossa.com\/kuben\/wp-content\/uploads\/sites\/9\/2024\/12\/img-2507.jpg?resize=700%2C400 2x"},"classes":[]}],"_links":{"self":[{"href":"http:\/\/hoppetossa.com\/kuben\/wp-json\/wp\/v2\/pages\/8","targetHints":{"allow":["GET"]}}],"collection":[{"href":"http:\/\/hoppetossa.com\/kuben\/wp-json\/wp\/v2\/pages"}],"about":[{"href":"http:\/\/hoppetossa.com\/kuben\/wp-json\/wp\/v2\/types\/page"}],"author":[{"embeddable":true,"href":"http:\/\/hoppetossa.com\/kuben\/wp-json\/wp\/v2\/users\/5"}],"replies":[{"embeddable":true,"href":"http:\/\/hoppetossa.com\/kuben\/wp-json\/wp\/v2\/comments?post=8"}],"version-history":[{"count":13,"href":"http:\/\/hoppetossa.com\/kuben\/wp-json\/wp\/v2\/pages\/8\/revisions"}],"predecessor-version":[{"id":425,"href":"http:\/\/hoppetossa.com\/kuben\/wp-json\/wp\/v2\/pages\/8\/revisions\/425"}],"wp:attachment":[{"href":"http:\/\/hoppetossa.com\/kuben\/wp-json\/wp\/v2\/media?parent=8"}],"curies":[{"name":"wp","href":"https:\/\/api.w.org\/{rel}","templated":true}]}}