{"id":1669,"date":"2015-04-10T13:43:38","date_gmt":"2015-04-10T12:43:38","guid":{"rendered":"http:\/\/raketen.hoppetossa.com\/?page_id=1669"},"modified":"2024-12-18T11:04:20","modified_gmt":"2024-12-18T10:04:20","slug":"in-english","status":"publish","type":"page","link":"http:\/\/hoppetossa.com\/raketen\/in-english\/","title":{"rendered":"In English"},"content":{"rendered":"\n<h1 class=\"wp-block-heading\">Welcome to preschool Raketen<\/h1>\n\n\n\n<p><strong>We have a few vacancies. Feel free to join our queue <a href=\"https:\/\/forskola.stockholm\/hitta-forskola\/forskola\/hoppetossa-raketen\/\">here<\/a> and\/or contact us for a visit: <a href=\"mailto:raketen@hoppetossa.com\">raketen@hoppetossa.com<\/a>.<\/strong><\/p>\n\n\n\n<p>At Raketen, language and outdoor education are important. Through play, movement, and outdoor activities, we lay the foundation for children&#8217;s development and health. <\/p>\n\n\n\n<p>Our preschool is ideally located close to the forest and only&nbsp;1 minute from Skarpn\u00e4ck&#8217;s underground station. We are within walking distance to both Lilla Sk\u00f6ndal and Bagarmossen.<\/p>\n\n\n\n<div style=\"height:10px\" aria-hidden=\"true\" class=\"wp-block-spacer\"><\/div>\n\n\n\n<figure class=\"wp-block-gallery has-nested-images columns-default is-cropped wp-block-gallery-1 is-layout-flex wp-block-gallery-is-layout-flex\">\n<figure class=\"wp-block-image size-large\"><img data-recalc-dims=\"1\" loading=\"lazy\" decoding=\"async\" width=\"1024\" height=\"1024\" data-attachment-id=\"2682\" data-permalink=\"http:\/\/hoppetossa.com\/raketen\/raketen-skapar\/\" data-orig-file=\"https:\/\/i0.wp.com\/hoppetossa.com\/raketen\/wp-content\/uploads\/sites\/4\/2022\/11\/raketen-skapar.jpg?fit=1038%2C1038\" data-orig-size=\"1038,1038\" data-comments-opened=\"1\" data-image-meta=\"{&quot;aperture&quot;:&quot;0&quot;,&quot;credit&quot;:&quot;&quot;,&quot;camera&quot;:&quot;&quot;,&quot;caption&quot;:&quot;&quot;,&quot;created_timestamp&quot;:&quot;0&quot;,&quot;copyright&quot;:&quot;&quot;,&quot;focal_length&quot;:&quot;0&quot;,&quot;iso&quot;:&quot;0&quot;,&quot;shutter_speed&quot;:&quot;0&quot;,&quot;title&quot;:&quot;&quot;,&quot;orientation&quot;:&quot;1&quot;}\" data-image-title=\"Raketen_skapar\" data-image-description=\"\" data-image-caption=\"\" data-large-file=\"https:\/\/i0.wp.com\/hoppetossa.com\/raketen\/wp-content\/uploads\/sites\/4\/2022\/11\/raketen-skapar.jpg?fit=1024%2C1024\" data-id=\"2682\" src=\"https:\/\/i0.wp.com\/hoppetossa.com\/raketen\/wp-content\/uploads\/sites\/4\/2022\/11\/raketen-skapar.jpg?resize=1024%2C1024\" alt=\"\" class=\"wp-image-2682 img-responsive\" srcset=\"https:\/\/i0.wp.com\/hoppetossa.com\/raketen\/wp-content\/uploads\/sites\/4\/2022\/11\/raketen-skapar.jpg?resize=1024%2C1024 1024w, https:\/\/i0.wp.com\/hoppetossa.com\/raketen\/wp-content\/uploads\/sites\/4\/2022\/11\/raketen-skapar.jpg?resize=300%2C300 300w, https:\/\/i0.wp.com\/hoppetossa.com\/raketen\/wp-content\/uploads\/sites\/4\/2022\/11\/raketen-skapar.jpg?resize=150%2C150 150w, https:\/\/i0.wp.com\/hoppetossa.com\/raketen\/wp-content\/uploads\/sites\/4\/2022\/11\/raketen-skapar.jpg?resize=768%2C768 768w, https:\/\/i0.wp.com\/hoppetossa.com\/raketen\/wp-content\/uploads\/sites\/4\/2022\/11\/raketen-skapar.jpg?w=1038 1038w\" sizes=\"auto, (max-width: 1024px) 100vw, 1024px\" \/><\/figure>\n\n\n\n<figure class=\"wp-block-image size-large\"><img data-recalc-dims=\"1\" loading=\"lazy\" decoding=\"async\" width=\"602\" height=\"656\" data-attachment-id=\"2529\" data-permalink=\"http:\/\/hoppetossa.com\/raketen\/kultur\/skarmavbild-2019-11-05-kl-09-38-31\/\" data-orig-file=\"https:\/\/i0.wp.com\/hoppetossa.com\/raketen\/wp-content\/uploads\/sites\/4\/2019\/11\/skacc88rmavbild-2019-11-05-kl-09-38-31.png?fit=602%2C656\" data-orig-size=\"602,656\" data-comments-opened=\"0\" data-image-meta=\"{&quot;aperture&quot;:&quot;0&quot;,&quot;credit&quot;:&quot;&quot;,&quot;camera&quot;:&quot;&quot;,&quot;caption&quot;:&quot;&quot;,&quot;created_timestamp&quot;:&quot;0&quot;,&quot;copyright&quot;:&quot;&quot;,&quot;focal_length&quot;:&quot;0&quot;,&quot;iso&quot;:&quot;0&quot;,&quot;shutter_speed&quot;:&quot;0&quot;,&quot;title&quot;:&quot;&quot;,&quot;orientation&quot;:&quot;0&quot;}\" data-image-title=\"Ska\u0308rmavbild 2019-11-05 kl. 09.38.31\" data-image-description=\"\" data-image-caption=\"\" data-large-file=\"https:\/\/i0.wp.com\/hoppetossa.com\/raketen\/wp-content\/uploads\/sites\/4\/2019\/11\/skacc88rmavbild-2019-11-05-kl-09-38-31.png?fit=602%2C656\" data-id=\"2529\" src=\"https:\/\/i0.wp.com\/hoppetossa.com\/raketen\/wp-content\/uploads\/sites\/4\/2019\/11\/skacc88rmavbild-2019-11-05-kl-09-38-31.png?resize=602%2C656\" alt=\"\" class=\"wp-image-2529 img-responsive\" srcset=\"https:\/\/i0.wp.com\/hoppetossa.com\/raketen\/wp-content\/uploads\/sites\/4\/2019\/11\/skacc88rmavbild-2019-11-05-kl-09-38-31.png?w=602 602w, https:\/\/i0.wp.com\/hoppetossa.com\/raketen\/wp-content\/uploads\/sites\/4\/2019\/11\/skacc88rmavbild-2019-11-05-kl-09-38-31.png?resize=275%2C300 275w\" sizes=\"auto, (max-width: 602px) 100vw, 602px\" \/><\/figure>\n\n\n\n<figure class=\"wp-block-image size-large\"><img data-recalc-dims=\"1\" loading=\"lazy\" decoding=\"async\" width=\"344\" height=\"345\" data-attachment-id=\"2494\" data-permalink=\"http:\/\/hoppetossa.com\/raketen\/pedagogik-och-verksamhet\/skarmavbild-2019-06-24-kl-11-12-01\/\" data-orig-file=\"https:\/\/i0.wp.com\/hoppetossa.com\/raketen\/wp-content\/uploads\/sites\/4\/2019\/06\/skacc88rmavbild-2019-06-24-kl-11-12-01.png?fit=344%2C345\" data-orig-size=\"344,345\" data-comments-opened=\"0\" data-image-meta=\"{&quot;aperture&quot;:&quot;0&quot;,&quot;credit&quot;:&quot;&quot;,&quot;camera&quot;:&quot;&quot;,&quot;caption&quot;:&quot;&quot;,&quot;created_timestamp&quot;:&quot;0&quot;,&quot;copyright&quot;:&quot;&quot;,&quot;focal_length&quot;:&quot;0&quot;,&quot;iso&quot;:&quot;0&quot;,&quot;shutter_speed&quot;:&quot;0&quot;,&quot;title&quot;:&quot;&quot;,&quot;orientation&quot;:&quot;0&quot;}\" data-image-title=\"Ska\u0308rmavbild 2019-06-24 kl. 11.12.01\" data-image-description=\"\" data-image-caption=\"\" data-large-file=\"https:\/\/i0.wp.com\/hoppetossa.com\/raketen\/wp-content\/uploads\/sites\/4\/2019\/06\/skacc88rmavbild-2019-06-24-kl-11-12-01.png?fit=344%2C345\" data-id=\"2494\" src=\"https:\/\/i0.wp.com\/hoppetossa.com\/raketen\/wp-content\/uploads\/sites\/4\/2019\/06\/skacc88rmavbild-2019-06-24-kl-11-12-01.png?resize=344%2C345\" alt=\"\" class=\"wp-image-2494 img-responsive\" srcset=\"https:\/\/i0.wp.com\/hoppetossa.com\/raketen\/wp-content\/uploads\/sites\/4\/2019\/06\/skacc88rmavbild-2019-06-24-kl-11-12-01.png?w=344 344w, https:\/\/i0.wp.com\/hoppetossa.com\/raketen\/wp-content\/uploads\/sites\/4\/2019\/06\/skacc88rmavbild-2019-06-24-kl-11-12-01.png?resize=150%2C150 150w, https:\/\/i0.wp.com\/hoppetossa.com\/raketen\/wp-content\/uploads\/sites\/4\/2019\/06\/skacc88rmavbild-2019-06-24-kl-11-12-01.png?resize=300%2C300 300w\" sizes=\"auto, (max-width: 344px) 100vw, 344px\" \/><\/figure>\n<\/figure>\n\n\n\n<div style=\"height:10px\" aria-hidden=\"true\" class=\"wp-block-spacer\"><\/div>\n\n\n<p><span style=\"font-size: revert; color: initial; font-family: -apple-system, BlinkMacSystemFont, 'Segoe UI', Roboto, Oxygen-Sans, Ubuntu, Cantarell, 'Helvetica Neue', sans-serif;\">Our preschool sets the foundation for lifelong learning in an environment that is fun, secure and inspiring. Our goal is to allow each child to develop into a unique individual. It is important to us that everyone feels welcome and included. Raketen is run like a traditional Swedish preschool.<\/span><\/p>\n<p>We have well educated and experienced teachers as well as clear targets and continuous following-up of the preschool, to ensure high quality. As a parent you have the opportunity to create a meaningful time for your child together with us teachers.<\/p>\n<p>For more information and please\u00a0contact us\u00a0at <a href=\"mailto:raketen@hoppetossa.com\">raketen@hoppetossa.com<\/a>.\u00a0<\/p>\n<p>Welcome!<br \/><img data-recalc-dims=\"1\" loading=\"lazy\" decoding=\"async\" data-attachment-id=\"2799\" data-permalink=\"http:\/\/hoppetossa.com\/raketen\/kontakt-och-hitta-hit\/skarmavbild-2024-03-10-kl-171103\/\" data-orig-file=\"https:\/\/i0.wp.com\/hoppetossa.com\/raketen\/wp-content\/uploads\/sites\/4\/2024\/03\/skarmavbild-2024-03-10-kl-171103.png?fit=1064%2C692\" data-orig-size=\"1064,692\" data-comments-opened=\"0\" data-image-meta=\"{&quot;aperture&quot;:&quot;0&quot;,&quot;credit&quot;:&quot;&quot;,&quot;camera&quot;:&quot;&quot;,&quot;caption&quot;:&quot;&quot;,&quot;created_timestamp&quot;:&quot;0&quot;,&quot;copyright&quot;:&quot;&quot;,&quot;focal_length&quot;:&quot;0&quot;,&quot;iso&quot;:&quot;0&quot;,&quot;shutter_speed&quot;:&quot;0&quot;,&quot;title&quot;:&quot;&quot;,&quot;orientation&quot;:&quot;0&quot;}\" data-image-title=\"Ska\u0308rmavbild 2024-03-10 kl. 17.11.03\" data-image-description=\"\" data-image-caption=\"\" data-large-file=\"https:\/\/i0.wp.com\/hoppetossa.com\/raketen\/wp-content\/uploads\/sites\/4\/2024\/03\/skarmavbild-2024-03-10-kl-171103.png?fit=1024%2C666\" class=\"alignleft wp-image-2799 size-thumbnail img-responsive\" src=\"https:\/\/i0.wp.com\/hoppetossa.com\/raketen\/wp-content\/uploads\/sites\/4\/2024\/03\/skarmavbild-2024-03-10-kl-171103.png?resize=150%2C150\" alt=\"\" width=\"150\" height=\"150\" srcset=\"https:\/\/i0.wp.com\/hoppetossa.com\/raketen\/wp-content\/uploads\/sites\/4\/2024\/03\/skarmavbild-2024-03-10-kl-171103.png?resize=150%2C150 150w, https:\/\/i0.wp.com\/hoppetossa.com\/raketen\/wp-content\/uploads\/sites\/4\/2024\/03\/skarmavbild-2024-03-10-kl-171103.png?zoom=2&amp;resize=150%2C150 300w, https:\/\/i0.wp.com\/hoppetossa.com\/raketen\/wp-content\/uploads\/sites\/4\/2024\/03\/skarmavbild-2024-03-10-kl-171103.png?zoom=3&amp;resize=150%2C150 450w\" sizes=\"auto, (max-width: 150px) 100vw, 150px\" \/><\/p>\n<p>Preschool Raketen<br \/>Flyghamnsgatan 10, 128 34 Skarpn\u00e4ck<\/p>\n<p>General questions to the pre-school:\u00a0<a href=\"mailto:raketen@hoppetossa.com\">raketen@hoppetossa.com<\/a><\/p>\n<p>Contact details to our site manager: <a href=\"phoneto: 079-065 44 16\">079-065 44 16<\/a><\/p>\n<p>Contact details to our departments:<br \/>Dep. Galaxen <a href=\"phoneto: 073-231 93 43\">073-231 93 43<\/a><br \/>Dep. Kometen <a href=\"phoneto: 072-853 63 18\">072-853 63 18\u00a0<\/a><\/p>\n<p>Contact details to our pre-school principal:\u00a0<a href=\"mailto:raketen@hoppetossa.com\">raketen@hoppetossa.com<\/a><\/p>\n<p>Other:<\/p>\n<p><a href=\"https:\/\/www.facebook.com\/HoppetossaForskolanRaketen\/\">Facebook-page<\/a><a href=\"http:\/\/www.hoppetossa.com\/raketen\/blogg\"><br \/><\/a><a href=\"https:\/\/forskola.stockholm\/hitta-forskola\/forskola\/hoppetossa-raketen\/\" data-wplink-edit=\"true\">Our queue<\/a><\/p>\n<p><strong>Complaints and comments<\/strong><br \/><img data-recalc-dims=\"1\" loading=\"lazy\" decoding=\"async\" data-attachment-id=\"2317\" data-permalink=\"http:\/\/hoppetossa.com\/raketen\/synpunkter-och-forslag\/kompis-tradet\/\" data-orig-file=\"https:\/\/i0.wp.com\/hoppetossa.com\/raketen\/wp-content\/uploads\/sites\/4\/2015\/04\/Kompis-tr%C3%A4det.jpg?fit=1024%2C1364\" data-orig-size=\"1024,1364\" data-comments-opened=\"0\" data-image-meta=\"{&quot;aperture&quot;:&quot;0&quot;,&quot;credit&quot;:&quot;&quot;,&quot;camera&quot;:&quot;&quot;,&quot;caption&quot;:&quot;&quot;,&quot;created_timestamp&quot;:&quot;0&quot;,&quot;copyright&quot;:&quot;&quot;,&quot;focal_length&quot;:&quot;0&quot;,&quot;iso&quot;:&quot;0&quot;,&quot;shutter_speed&quot;:&quot;0&quot;,&quot;title&quot;:&quot;&quot;,&quot;orientation&quot;:&quot;0&quot;}\" data-image-title=\"Kompis-tr\u00e4det\" data-image-description=\"\" data-image-caption=\"\" data-large-file=\"https:\/\/i0.wp.com\/hoppetossa.com\/raketen\/wp-content\/uploads\/sites\/4\/2015\/04\/Kompis-tr%C3%A4det.jpg?fit=769%2C1024\" class=\"alignleft size-thumbnail wp-image-2317 img-responsive\" src=\"https:\/\/i0.wp.com\/hoppetossa.com\/raketen\/wp-content\/uploads\/sites\/4\/2015\/04\/Kompis-tr%C3%A4det.jpg?resize=150%2C150\" alt=\"\" width=\"150\" height=\"150\" srcset=\"https:\/\/i0.wp.com\/hoppetossa.com\/raketen\/wp-content\/uploads\/sites\/4\/2015\/04\/Kompis-tr%C3%A4det.jpg?resize=150%2C150 150w, https:\/\/i0.wp.com\/hoppetossa.com\/raketen\/wp-content\/uploads\/sites\/4\/2015\/04\/Kompis-tr%C3%A4det.jpg?zoom=2&amp;resize=150%2C150 300w, https:\/\/i0.wp.com\/hoppetossa.com\/raketen\/wp-content\/uploads\/sites\/4\/2015\/04\/Kompis-tr%C3%A4det.jpg?zoom=3&amp;resize=150%2C150 450w\" sizes=\"auto, (max-width: 150px) 100vw, 150px\" \/>We aim to offer good quality in our preschool. Nothing is so good that it cannot be better and views and complaints contribute to developing the preschool. Give us the opportunity to correct errors and shortcomings by talking about what you are not satisfied with or tell us what we are doing that is good.<\/p>\n<p>If it is something that does not meet your expectations or that you are dissatisfied with in your child\u2019s education, turn primarily to us teachers at the preschool. We can then for example address your point of view\/proposal at the next planning meeting so that everyone at the department\/preschool will be informed and in these meetings we will also discuss what measures we should take.<\/p>\n<p>If we do not succeed in resolving the problem and your dissatisfaction persists, turn to the principal so that the preschool, together with the principal, can act further.<\/p>\n<p>Sometimes a meeting is needed, where you as the guardian, the teacher you talked to and the principal are present. The meeting will be a forum for discussing and jointly land in a solution\/action. After this meeting, relevant teachers at the department\/preschool will be informed so that everyone knows what measures are being taken. If we find that a more in-depth analysis is needed, the principal together with the\u00a0<em>huvudman<\/em>\u00a0make an inquiry.<\/p>\n<p>Should you still be dissatisfied, you make a written complaint to the\u00a0<em>huvudman<\/em>\u00a0by sending an e-mail to\u00a0<a href=\"mailto:synpunkter@hoppetossa.com\">synpunkter@hoppetossa.com<\/a>. The\u00a0<em>huvudman<\/em>\u00a0always informs the principal in connection with this, and of course directly to you who have left the complaint\/point of view.<\/p>\n<p>If you are not satisfied with how the huvudman received and investigated your complaint, you can proceed with the matter to Stockholm Stad.<\/p>\n<p>Complaints are documented to ensure adequate follow-up.<\/p>\n<p>Of course, the parental council (f\u00f6r\u00e4ldrar\u00e5d) is also a good opportunity to raise views\/complaints. The parental council is a forum for guardians\u2019 representatives from each department and us from the preschool meet. The task of the guardians representative is to highlight suggestions, views and questions from other guardians, and ensure that the other guardians receive information from all meetings.<\/p>\n<p>It is important for us to have a close and trusting cooperation with all families in our preschool!<\/p>\n\n\n<div style=\"height:24px\" aria-hidden=\"true\" class=\"wp-block-spacer\"><\/div>\n","protected":false},"excerpt":{"rendered":"<p>Welcome to preschool Raketen We have a few vacancies. Feel free to join our queue here and\/or contact us for&hellip; <a class=\"read-more\" href=\"http:\/\/hoppetossa.com\/raketen\/in-english\/\">L\u00e4s mera<\/a><\/p>\n","protected":false},"author":5,"featured_media":0,"parent":0,"menu_order":0,"comment_status":"closed","ping_status":"closed","template":"","meta":{"_acf_changed":false,"_monsterinsights_skip_tracking":false,"_monsterinsights_sitenote_active":false,"_monsterinsights_sitenote_note":"","_monsterinsights_sitenote_category":0,"jetpack_post_was_ever_published":false,"footnotes":""},"class_list":["post-1669","page","type-page","status-publish","hentry"],"acf":[],"yoast_head":"<!-- This site is optimized with the Yoast SEO plugin v27.5 - https:\/\/yoast.com\/product\/yoast-seo-wordpress\/ -->\n<title>In English - F\u00f6rskolan Raketen<\/title>\n<meta name=\"robots\" content=\"index, follow, max-snippet:-1, max-image-preview:large, max-video-preview:-1\" \/>\n<link rel=\"canonical\" href=\"http:\/\/hoppetossa.com\/raketen\/in-english\/\" \/>\n<meta property=\"og:locale\" content=\"sv_SE\" \/>\n<meta property=\"og:type\" content=\"article\" \/>\n<meta property=\"og:title\" content=\"In English - F\u00f6rskolan Raketen\" \/>\n<meta property=\"og:description\" content=\"Welcome to preschool Raketen We have a few vacancies. Feel free to join our queue here and\/or contact us for&hellip; L\u00e4s mera\" \/>\n<meta property=\"og:url\" content=\"http:\/\/hoppetossa.com\/raketen\/in-english\/\" \/>\n<meta property=\"og:site_name\" content=\"F\u00f6rskolan Raketen\" \/>\n<meta property=\"article:modified_time\" content=\"2024-12-18T10:04:20+00:00\" \/>\n<meta property=\"og:image\" content=\"http:\/\/hoppetossa.com\/raketen\/wp-content\/uploads\/sites\/4\/2022\/11\/raketen-skapar-1024x1024.jpg\" \/>\n<meta name=\"twitter:card\" content=\"summary_large_image\" \/>\n<meta name=\"twitter:label1\" content=\"Ber\u00e4knad l\u00e4stid\" \/>\n\t<meta name=\"twitter:data1\" content=\"4 minuter\" \/>\n<script type=\"application\/ld+json\" class=\"yoast-schema-graph\">{\"@context\":\"https:\\\/\\\/schema.org\",\"@graph\":[{\"@type\":\"WebPage\",\"@id\":\"http:\\\/\\\/hoppetossa.com\\\/raketen\\\/in-english\\\/\",\"url\":\"http:\\\/\\\/hoppetossa.com\\\/raketen\\\/in-english\\\/\",\"name\":\"In English - F\u00f6rskolan Raketen\",\"isPartOf\":{\"@id\":\"https:\\\/\\\/hoppetossa.com\\\/raketen\\\/#website\"},\"primaryImageOfPage\":{\"@id\":\"http:\\\/\\\/hoppetossa.com\\\/raketen\\\/in-english\\\/#primaryimage\"},\"image\":{\"@id\":\"http:\\\/\\\/hoppetossa.com\\\/raketen\\\/in-english\\\/#primaryimage\"},\"thumbnailUrl\":\"http:\\\/\\\/hoppetossa.com\\\/raketen\\\/wp-content\\\/uploads\\\/sites\\\/4\\\/2022\\\/11\\\/raketen-skapar-1024x1024.jpg\",\"datePublished\":\"2015-04-10T12:43:38+00:00\",\"dateModified\":\"2024-12-18T10:04:20+00:00\",\"breadcrumb\":{\"@id\":\"http:\\\/\\\/hoppetossa.com\\\/raketen\\\/in-english\\\/#breadcrumb\"},\"inLanguage\":\"sv-SE\",\"potentialAction\":[{\"@type\":\"ReadAction\",\"target\":[\"http:\\\/\\\/hoppetossa.com\\\/raketen\\\/in-english\\\/\"]}]},{\"@type\":\"ImageObject\",\"inLanguage\":\"sv-SE\",\"@id\":\"http:\\\/\\\/hoppetossa.com\\\/raketen\\\/in-english\\\/#primaryimage\",\"url\":\"https:\\\/\\\/i0.wp.com\\\/hoppetossa.com\\\/raketen\\\/wp-content\\\/uploads\\\/sites\\\/4\\\/2022\\\/11\\\/raketen-skapar.jpg?fit=1038%2C1038\",\"contentUrl\":\"https:\\\/\\\/i0.wp.com\\\/hoppetossa.com\\\/raketen\\\/wp-content\\\/uploads\\\/sites\\\/4\\\/2022\\\/11\\\/raketen-skapar.jpg?fit=1038%2C1038\",\"width\":1038,\"height\":1038},{\"@type\":\"BreadcrumbList\",\"@id\":\"http:\\\/\\\/hoppetossa.com\\\/raketen\\\/in-english\\\/#breadcrumb\",\"itemListElement\":[{\"@type\":\"ListItem\",\"position\":1,\"name\":\"Hem\",\"item\":\"https:\\\/\\\/hoppetossa.com\\\/raketen\\\/\"},{\"@type\":\"ListItem\",\"position\":2,\"name\":\"In English\"}]},{\"@type\":\"WebSite\",\"@id\":\"https:\\\/\\\/hoppetossa.com\\\/raketen\\\/#website\",\"url\":\"https:\\\/\\\/hoppetossa.com\\\/raketen\\\/\",\"name\":\"F\u00f6rskolan Raketen\",\"description\":\"Hoppetossa f\u00f6rskolor\",\"potentialAction\":[{\"@type\":\"SearchAction\",\"target\":{\"@type\":\"EntryPoint\",\"urlTemplate\":\"https:\\\/\\\/hoppetossa.com\\\/raketen\\\/?s={search_term_string}\"},\"query-input\":{\"@type\":\"PropertyValueSpecification\",\"valueRequired\":true,\"valueName\":\"search_term_string\"}}],\"inLanguage\":\"sv-SE\"}]}<\/script>\n<!-- \/ Yoast SEO plugin. -->","yoast_head_json":{"title":"In English - F\u00f6rskolan Raketen","robots":{"index":"index","follow":"follow","max-snippet":"max-snippet:-1","max-image-preview":"max-image-preview:large","max-video-preview":"max-video-preview:-1"},"canonical":"http:\/\/hoppetossa.com\/raketen\/in-english\/","og_locale":"sv_SE","og_type":"article","og_title":"In English - F\u00f6rskolan Raketen","og_description":"Welcome to preschool Raketen We have a few vacancies. Feel free to join our queue here and\/or contact us for&hellip; L\u00e4s mera","og_url":"http:\/\/hoppetossa.com\/raketen\/in-english\/","og_site_name":"F\u00f6rskolan Raketen","article_modified_time":"2024-12-18T10:04:20+00:00","og_image":[{"url":"http:\/\/hoppetossa.com\/raketen\/wp-content\/uploads\/sites\/4\/2022\/11\/raketen-skapar-1024x1024.jpg","type":"","width":"","height":""}],"twitter_card":"summary_large_image","twitter_misc":{"Ber\u00e4knad l\u00e4stid":"4 minuter"},"schema":{"@context":"https:\/\/schema.org","@graph":[{"@type":"WebPage","@id":"http:\/\/hoppetossa.com\/raketen\/in-english\/","url":"http:\/\/hoppetossa.com\/raketen\/in-english\/","name":"In English - F\u00f6rskolan Raketen","isPartOf":{"@id":"https:\/\/hoppetossa.com\/raketen\/#website"},"primaryImageOfPage":{"@id":"http:\/\/hoppetossa.com\/raketen\/in-english\/#primaryimage"},"image":{"@id":"http:\/\/hoppetossa.com\/raketen\/in-english\/#primaryimage"},"thumbnailUrl":"http:\/\/hoppetossa.com\/raketen\/wp-content\/uploads\/sites\/4\/2022\/11\/raketen-skapar-1024x1024.jpg","datePublished":"2015-04-10T12:43:38+00:00","dateModified":"2024-12-18T10:04:20+00:00","breadcrumb":{"@id":"http:\/\/hoppetossa.com\/raketen\/in-english\/#breadcrumb"},"inLanguage":"sv-SE","potentialAction":[{"@type":"ReadAction","target":["http:\/\/hoppetossa.com\/raketen\/in-english\/"]}]},{"@type":"ImageObject","inLanguage":"sv-SE","@id":"http:\/\/hoppetossa.com\/raketen\/in-english\/#primaryimage","url":"https:\/\/i0.wp.com\/hoppetossa.com\/raketen\/wp-content\/uploads\/sites\/4\/2022\/11\/raketen-skapar.jpg?fit=1038%2C1038","contentUrl":"https:\/\/i0.wp.com\/hoppetossa.com\/raketen\/wp-content\/uploads\/sites\/4\/2022\/11\/raketen-skapar.jpg?fit=1038%2C1038","width":1038,"height":1038},{"@type":"BreadcrumbList","@id":"http:\/\/hoppetossa.com\/raketen\/in-english\/#breadcrumb","itemListElement":[{"@type":"ListItem","position":1,"name":"Hem","item":"https:\/\/hoppetossa.com\/raketen\/"},{"@type":"ListItem","position":2,"name":"In English"}]},{"@type":"WebSite","@id":"https:\/\/hoppetossa.com\/raketen\/#website","url":"https:\/\/hoppetossa.com\/raketen\/","name":"F\u00f6rskolan Raketen","description":"Hoppetossa f\u00f6rskolor","potentialAction":[{"@type":"SearchAction","target":{"@type":"EntryPoint","urlTemplate":"https:\/\/hoppetossa.com\/raketen\/?s={search_term_string}"},"query-input":{"@type":"PropertyValueSpecification","valueRequired":true,"valueName":"search_term_string"}}],"inLanguage":"sv-SE"}]}},"jetpack_sharing_enabled":true,"jetpack_shortlink":"https:\/\/wp.me\/P7phn9-qV","jetpack-related-posts":[],"_links":{"self":[{"href":"http:\/\/hoppetossa.com\/raketen\/wp-json\/wp\/v2\/pages\/1669","targetHints":{"allow":["GET"]}}],"collection":[{"href":"http:\/\/hoppetossa.com\/raketen\/wp-json\/wp\/v2\/pages"}],"about":[{"href":"http:\/\/hoppetossa.com\/raketen\/wp-json\/wp\/v2\/types\/page"}],"author":[{"embeddable":true,"href":"http:\/\/hoppetossa.com\/raketen\/wp-json\/wp\/v2\/users\/5"}],"replies":[{"embeddable":true,"href":"http:\/\/hoppetossa.com\/raketen\/wp-json\/wp\/v2\/comments?post=1669"}],"version-history":[{"count":35,"href":"http:\/\/hoppetossa.com\/raketen\/wp-json\/wp\/v2\/pages\/1669\/revisions"}],"predecessor-version":[{"id":2826,"href":"http:\/\/hoppetossa.com\/raketen\/wp-json\/wp\/v2\/pages\/1669\/revisions\/2826"}],"wp:attachment":[{"href":"http:\/\/hoppetossa.com\/raketen\/wp-json\/wp\/v2\/media?parent=1669"}],"curies":[{"name":"wp","href":"https:\/\/api.w.org\/{rel}","templated":true}]}}