{"id":11,"date":"2021-06-23T09:28:08","date_gmt":"2021-06-23T07:28:08","guid":{"rendered":"http:\/\/hoppetossa.com\/risgrynet\/?page_id=11"},"modified":"2024-12-18T17:13:33","modified_gmt":"2024-12-18T16:13:33","slug":"in-english","status":"publish","type":"page","link":"http:\/\/hoppetossa.com\/risgrynet\/in-english\/","title":{"rendered":"In English"},"content":{"rendered":"\n<div class=\"wp-block-jetpack-tiled-gallery aligncenter is-style-rectangular\"><div class=\"\"><div class=\"tiled-gallery__gallery\"><div class=\"tiled-gallery__row\"><div class=\"tiled-gallery__col\" style=\"flex-basis:67.05842%\"><figure class=\"tiled-gallery__item\"><img decoding=\"async\" srcset=\"https:\/\/i0.wp.com\/hoppetossa.com\/risgrynet\/wp-content\/uploads\/sites\/11\/2024\/12\/img-2543-1024x720.jpg?strip=info&#038;w=600 600w,https:\/\/i0.wp.com\/hoppetossa.com\/risgrynet\/wp-content\/uploads\/sites\/11\/2024\/12\/img-2543-1024x720.jpg?strip=info&#038;w=900 900w,https:\/\/i0.wp.com\/hoppetossa.com\/risgrynet\/wp-content\/uploads\/sites\/11\/2024\/12\/img-2543-1024x720.jpg?strip=info&#038;w=1170 1170w\" alt=\"\" data-height=\"823\" data-id=\"177\" data-link=\"https:\/\/hoppetossa.com\/risgrynet\/in-english\/screenshot-16\/\" data-url=\"http:\/\/hoppetossa.com\/risgrynet\/wp-content\/uploads\/sites\/11\/2024\/12\/img-2543-1024x720.jpg\" data-width=\"1170\" src=\"https:\/\/i0.wp.com\/hoppetossa.com\/risgrynet\/wp-content\/uploads\/sites\/11\/2024\/12\/img-2543-1024x720.jpg\" data-amp-layout=\"responsive\" tabindex=\"0\" role=\"button\" aria-label=\"\u00d6ppna bild 1 av 3 i fullsk\u00e4rm\"\/><\/figure><\/div><div class=\"tiled-gallery__col img-responsive\" style=\"flex-basis:32.94158%\"><figure class=\"tiled-gallery__item\"><img decoding=\"async\" srcset=\"https:\/\/i0.wp.com\/hoppetossa.com\/risgrynet\/wp-content\/uploads\/sites\/11\/2024\/12\/img-2542-1024x727.jpg?strip=info&#038;w=600 600w,https:\/\/i0.wp.com\/hoppetossa.com\/risgrynet\/wp-content\/uploads\/sites\/11\/2024\/12\/img-2542-1024x727.jpg?strip=info&#038;w=900 900w,https:\/\/i0.wp.com\/hoppetossa.com\/risgrynet\/wp-content\/uploads\/sites\/11\/2024\/12\/img-2542-1024x727.jpg?strip=info&#038;w=1170 1170w\" alt=\"\" data-height=\"831\" data-id=\"176\" data-link=\"https:\/\/hoppetossa.com\/risgrynet\/in-english\/screenshot-15\/\" data-url=\"http:\/\/hoppetossa.com\/risgrynet\/wp-content\/uploads\/sites\/11\/2024\/12\/img-2542-1024x727.jpg\" data-width=\"1170\" src=\"https:\/\/i0.wp.com\/hoppetossa.com\/risgrynet\/wp-content\/uploads\/sites\/11\/2024\/12\/img-2542-1024x727.jpg\" data-amp-layout=\"responsive\" tabindex=\"0\" role=\"button\" aria-label=\"\u00d6ppna bild 2 av 3 i fullsk\u00e4rm\"\/><\/figure><figure class=\"tiled-gallery__item img-responsive\"><img decoding=\"async\" srcset=\"https:\/\/i0.wp.com\/hoppetossa.com\/risgrynet\/wp-content\/uploads\/sites\/11\/2024\/12\/img-2544-1024x732.jpg?strip=info&#038;w=600 600w,https:\/\/i0.wp.com\/hoppetossa.com\/risgrynet\/wp-content\/uploads\/sites\/11\/2024\/12\/img-2544-1024x732.jpg?strip=info&#038;w=900 900w,https:\/\/i0.wp.com\/hoppetossa.com\/risgrynet\/wp-content\/uploads\/sites\/11\/2024\/12\/img-2544-1024x732.jpg?strip=info&#038;w=1170 1170w\" alt=\"\" data-height=\"836\" data-id=\"178\" data-link=\"https:\/\/hoppetossa.com\/risgrynet\/in-english\/screenshot-16-2\/\" data-url=\"http:\/\/hoppetossa.com\/risgrynet\/wp-content\/uploads\/sites\/11\/2024\/12\/img-2544-1024x732.jpg\" data-width=\"1170\" src=\"https:\/\/i0.wp.com\/hoppetossa.com\/risgrynet\/wp-content\/uploads\/sites\/11\/2024\/12\/img-2544-1024x732.jpg\" data-amp-layout=\"responsive\" tabindex=\"0\" role=\"button\" aria-label=\"\u00d6ppna bild 3 av 3 i fullsk\u00e4rm\"\/><\/figure><\/div><\/div><\/div><\/div><\/div>\n\n\n\n<h1>Welcome to preschool Hoppetossa Risgrynet<\/h1>\n<p>We are a small, Reggio Emilia-inspired preschool located in Solna, where we embrace the idea of the competent child and the concept of a child having a hundred languages.<\/p>\n<p>At Risgrynet, we strive to create the best possible conditions for children to grow socially, physically, emotionally, and intellectually in a safe and joyful environment with skilled and dedicated teachers. Our inviting premises are designed to encourage both development and learning, with an indoor environment that inspires curiosity and exploration. Nature is also a vital part of our preschool experience, with regular outdoor activities that help children connect with the world around them.<\/p>\n<p>We value collaboration with parents, and daily interactions enrich and shape our preschool community. We provide various opportunities for dialogue, including a preschool council, development meetings, a preschool app, and parent gatherings.<\/p>\n<p>For more information and please contact our principal. Our queue can be found here: <a href=\"http:\/\/hoppetossa.com\/risgrynet\/var-ko\/\">http:\/\/hoppetossa.com\/risgrynet\/var-ko\/<\/a>\u00a0<\/p>\n<p><img data-recalc-dims=\"1\" loading=\"lazy\" decoding=\"async\" class=\"alignleft size-thumbnail wp-image-64 img-responsive\" src=\"https:\/\/i0.wp.com\/hoppetossa.com\/risgrynet\/wp-content\/uploads\/sites\/11\/2021\/06\/karta-risgrynet.png?resize=150%2C150\" alt=\"\" width=\"150\" height=\"150\" srcset=\"https:\/\/i0.wp.com\/hoppetossa.com\/risgrynet\/wp-content\/uploads\/sites\/11\/2021\/06\/karta-risgrynet.png?resize=150%2C150 150w, https:\/\/i0.wp.com\/hoppetossa.com\/risgrynet\/wp-content\/uploads\/sites\/11\/2021\/06\/karta-risgrynet.png?zoom=2&amp;resize=150%2C150 300w, https:\/\/i0.wp.com\/hoppetossa.com\/risgrynet\/wp-content\/uploads\/sites\/11\/2021\/06\/karta-risgrynet.png?zoom=3&amp;resize=150%2C150 450w\" sizes=\"auto, (max-width: 150px) 100vw, 150px\" \/><br \/>Preschool Hoppetossa Risgrynet<br \/>Tv\u00e4rv\u00e4gen 2-4 and L\u00f6vgatan 66-68<br \/>169 32 Solna<\/p>\n<p>\u00a0<\/p>\n<p lang=\"SV-SE\"><span lang=\"SV-SE\" data-contrast=\"auto\"><span class=\"x_x_ContentPasted0\">Telephone dep. Lemuren <a href=\"phoneto: 070-794 34 60\">070-794 34 60<\/a><\/span><span class=\"x_x_ContentPasted0\"><br \/><\/span><\/span><\/p>\n<p lang=\"SV-SE\"><span lang=\"SV-SE\" data-contrast=\"auto\"><span class=\"x_x_ContentPasted0\">Telephone dep. Pantern <a href=\"phoneto: 070-494 07 41\">070-494 07 41<\/a><\/span><\/span><\/p>\n<p>Contact details to our pre-school principal: <a href=\"mailto:risgrynet@hoppetossa.com\">risgrynet@hoppetossa.com<\/a><\/p>\n<p>Other:<br \/><a href=\"https:\/\/www.facebook.com\/HoppetossaRisgrynet\/\">Facebook page<\/a><br \/><a href=\"http:\/\/hoppetossa.com\/risgrynet\/var-ko\/\">Queue<\/a><\/p>\n\n\n<div class=\"wp-block-image\">\n<figure class=\"alignleft\"><img decoding=\"async\" src=\"https:\/\/i2.wp.com\/hoppetossa.com\/jollen\/wp-content\/uploads\/sites\/5\/2013\/09\/Kompissol.jpg?resize=150%2C150\" alt=\"\" class=\"wp-image-587 img-responsive\"\/><\/figure>\n<\/div>\n\n\n<p><strong>Complaints and comments<\/strong><br>We aim to offer good quality in our preschool. Nothing is so good that it cannot be better and views and complaints contribute to developing the preschool. Give us the opportunity to correct errors and shortcomings by talking about what you are not satisfied with or tell us what we are doing that is good.<\/p>\n\n\n\n<p>If it is something that does not meet your expectations or that you are dissatisfied with in your child\u2019s education, turn primarily to us teachers at the preschool. We can then for example address your point of view\/proposal at the next planning meeting so that everyone at the department\/preschool will be informed and in these meetings we will also discuss what measures we should take.<\/p>\n\n\n\n<p>If we do not succeed in resolving the problem and your dissatisfaction persists, turn to the principal so that the preschool, together with the principal, can act further.<\/p>\n\n\n\n<p>Sometimes a meeting is needed, where you as the guardian, the teacher you talked to and the principal are present. The meeting will be a forum for discussing and jointly land in a solution\/action. After this meeting, relevant teachers at the department\/preschool will be informed so that everyone knows what measures are being taken. If we find that a more in-depth analysis is needed, the principal together with the&nbsp;<em>huvudman<\/em>&nbsp;make an inquiry.<\/p>\n\n\n\n<p>Should you still be dissatisfied, you make a written complaint to the&nbsp;<em>huvudman<\/em>&nbsp;by sending an e-mail to&nbsp;<a href=\"mailto:synpunkter@hoppetossa.com\">synpunkter@hoppetossa.com<\/a>. The&nbsp;<em>huvudman<\/em>&nbsp;always informs the principal in connection with this, and of course directly to you who have left the complaint\/point of view.<\/p>\n\n\n\n<p>If you are not satisfied with how the<em> huvudman<\/em> received and investigated your complaint, you can proceed with the matter to Solna stad.<\/p>\n\n\n\n<p>Complaints are documented to ensure adequate follow-up.<\/p>\n\n\n\n<p>Of course, the parental council (f\u00f6r\u00e4ldrar\u00e5d) is also a good opportunity to raise views\/complaints. The parental council is a forum for guardians\u2019 representatives from each department and us from the preschool meet. The task of the guardians representative is to highlight suggestions, views and questions from other guardians, and ensure that the other guardians receive information from all meetings.<\/p>\n\n\n\n<p>It is important for us to have a close and trusting cooperation with all families in our preschool!<\/p>\n","protected":false},"excerpt":{"rendered":"<p>Welcome to preschool Hoppetossa Risgrynet We are a small, Reggio Emilia-inspired preschool located in Solna, where we embrace the idea&hellip; <a class=\"read-more\" href=\"http:\/\/hoppetossa.com\/risgrynet\/in-english\/\">L\u00e4s mera<\/a><\/p>\n","protected":false},"author":1,"featured_media":0,"parent":0,"menu_order":0,"comment_status":"closed","ping_status":"closed","template":"","meta":{"_acf_changed":false,"_monsterinsights_skip_tracking":false,"_monsterinsights_sitenote_active":false,"_monsterinsights_sitenote_note":"","_monsterinsights_sitenote_category":0,"footnotes":""},"class_list":["post-11","page","type-page","status-publish","hentry"],"acf":[],"yoast_head":"<!-- This site is optimized with the Yoast SEO plugin v27.5 - https:\/\/yoast.com\/product\/yoast-seo-wordpress\/ -->\n<title>In English - F\u00f6rskolan Risgrynet<\/title>\n<meta name=\"robots\" content=\"index, follow, max-snippet:-1, max-image-preview:large, max-video-preview:-1\" \/>\n<link rel=\"canonical\" href=\"http:\/\/hoppetossa.com\/risgrynet\/in-english\/\" \/>\n<meta property=\"og:locale\" content=\"sv_SE\" \/>\n<meta property=\"og:type\" content=\"article\" \/>\n<meta property=\"og:title\" content=\"In English - F\u00f6rskolan Risgrynet\" \/>\n<meta property=\"og:description\" content=\"Welcome to preschool Hoppetossa Risgrynet We are a small, Reggio Emilia-inspired preschool located in Solna, where we embrace the idea&hellip; L\u00e4s mera\" \/>\n<meta property=\"og:url\" content=\"http:\/\/hoppetossa.com\/risgrynet\/in-english\/\" \/>\n<meta property=\"og:site_name\" content=\"F\u00f6rskolan Risgrynet\" \/>\n<meta property=\"article:modified_time\" content=\"2024-12-18T16:13:33+00:00\" \/>\n<meta property=\"og:image\" content=\"https:\/\/i0.wp.com\/hoppetossa.com\/risgrynet\/wp-content\/uploads\/sites\/11\/2024\/12\/img-2543-1024x720.jpg\" \/>\n<meta name=\"twitter:card\" content=\"summary_large_image\" \/>\n<meta name=\"twitter:label1\" content=\"Ber\u00e4knad l\u00e4stid\" \/>\n\t<meta name=\"twitter:data1\" content=\"4 minuter\" \/>\n<script type=\"application\/ld+json\" class=\"yoast-schema-graph\">{\"@context\":\"https:\\\/\\\/schema.org\",\"@graph\":[{\"@type\":\"WebPage\",\"@id\":\"http:\\\/\\\/hoppetossa.com\\\/risgrynet\\\/in-english\\\/\",\"url\":\"http:\\\/\\\/hoppetossa.com\\\/risgrynet\\\/in-english\\\/\",\"name\":\"In English - F\u00f6rskolan Risgrynet\",\"isPartOf\":{\"@id\":\"https:\\\/\\\/hoppetossa.com\\\/risgrynet\\\/#website\"},\"primaryImageOfPage\":{\"@id\":\"http:\\\/\\\/hoppetossa.com\\\/risgrynet\\\/in-english\\\/#primaryimage\"},\"image\":{\"@id\":\"http:\\\/\\\/hoppetossa.com\\\/risgrynet\\\/in-english\\\/#primaryimage\"},\"thumbnailUrl\":\"https:\\\/\\\/i0.wp.com\\\/hoppetossa.com\\\/risgrynet\\\/wp-content\\\/uploads\\\/sites\\\/11\\\/2024\\\/12\\\/img-2543-1024x720.jpg\",\"datePublished\":\"2021-06-23T07:28:08+00:00\",\"dateModified\":\"2024-12-18T16:13:33+00:00\",\"breadcrumb\":{\"@id\":\"http:\\\/\\\/hoppetossa.com\\\/risgrynet\\\/in-english\\\/#breadcrumb\"},\"inLanguage\":\"sv-SE\",\"potentialAction\":[{\"@type\":\"ReadAction\",\"target\":[\"http:\\\/\\\/hoppetossa.com\\\/risgrynet\\\/in-english\\\/\"]}]},{\"@type\":\"ImageObject\",\"inLanguage\":\"sv-SE\",\"@id\":\"http:\\\/\\\/hoppetossa.com\\\/risgrynet\\\/in-english\\\/#primaryimage\",\"url\":\"https:\\\/\\\/i0.wp.com\\\/hoppetossa.com\\\/risgrynet\\\/wp-content\\\/uploads\\\/sites\\\/11\\\/2024\\\/12\\\/img-2543-1024x720.jpg\",\"contentUrl\":\"https:\\\/\\\/i0.wp.com\\\/hoppetossa.com\\\/risgrynet\\\/wp-content\\\/uploads\\\/sites\\\/11\\\/2024\\\/12\\\/img-2543-1024x720.jpg\"},{\"@type\":\"BreadcrumbList\",\"@id\":\"http:\\\/\\\/hoppetossa.com\\\/risgrynet\\\/in-english\\\/#breadcrumb\",\"itemListElement\":[{\"@type\":\"ListItem\",\"position\":1,\"name\":\"Hem\",\"item\":\"https:\\\/\\\/hoppetossa.com\\\/risgrynet\\\/\"},{\"@type\":\"ListItem\",\"position\":2,\"name\":\"In English\"}]},{\"@type\":\"WebSite\",\"@id\":\"https:\\\/\\\/hoppetossa.com\\\/risgrynet\\\/#website\",\"url\":\"https:\\\/\\\/hoppetossa.com\\\/risgrynet\\\/\",\"name\":\"F\u00f6rskolan Risgrynet\",\"description\":\"Hoppetossa f\u00f6rskolor\",\"potentialAction\":[{\"@type\":\"SearchAction\",\"target\":{\"@type\":\"EntryPoint\",\"urlTemplate\":\"https:\\\/\\\/hoppetossa.com\\\/risgrynet\\\/?s={search_term_string}\"},\"query-input\":{\"@type\":\"PropertyValueSpecification\",\"valueRequired\":true,\"valueName\":\"search_term_string\"}}],\"inLanguage\":\"sv-SE\"}]}<\/script>\n<!-- \/ Yoast SEO plugin. -->","yoast_head_json":{"title":"In English - F\u00f6rskolan Risgrynet","robots":{"index":"index","follow":"follow","max-snippet":"max-snippet:-1","max-image-preview":"max-image-preview:large","max-video-preview":"max-video-preview:-1"},"canonical":"http:\/\/hoppetossa.com\/risgrynet\/in-english\/","og_locale":"sv_SE","og_type":"article","og_title":"In English - F\u00f6rskolan Risgrynet","og_description":"Welcome to preschool Hoppetossa Risgrynet We are a small, Reggio Emilia-inspired preschool located in Solna, where we embrace the idea&hellip; L\u00e4s mera","og_url":"http:\/\/hoppetossa.com\/risgrynet\/in-english\/","og_site_name":"F\u00f6rskolan Risgrynet","article_modified_time":"2024-12-18T16:13:33+00:00","og_image":[{"url":"https:\/\/i0.wp.com\/hoppetossa.com\/risgrynet\/wp-content\/uploads\/sites\/11\/2024\/12\/img-2543-1024x720.jpg","type":"","width":"","height":""}],"twitter_card":"summary_large_image","twitter_misc":{"Ber\u00e4knad l\u00e4stid":"4 minuter"},"schema":{"@context":"https:\/\/schema.org","@graph":[{"@type":"WebPage","@id":"http:\/\/hoppetossa.com\/risgrynet\/in-english\/","url":"http:\/\/hoppetossa.com\/risgrynet\/in-english\/","name":"In English - F\u00f6rskolan Risgrynet","isPartOf":{"@id":"https:\/\/hoppetossa.com\/risgrynet\/#website"},"primaryImageOfPage":{"@id":"http:\/\/hoppetossa.com\/risgrynet\/in-english\/#primaryimage"},"image":{"@id":"http:\/\/hoppetossa.com\/risgrynet\/in-english\/#primaryimage"},"thumbnailUrl":"https:\/\/i0.wp.com\/hoppetossa.com\/risgrynet\/wp-content\/uploads\/sites\/11\/2024\/12\/img-2543-1024x720.jpg","datePublished":"2021-06-23T07:28:08+00:00","dateModified":"2024-12-18T16:13:33+00:00","breadcrumb":{"@id":"http:\/\/hoppetossa.com\/risgrynet\/in-english\/#breadcrumb"},"inLanguage":"sv-SE","potentialAction":[{"@type":"ReadAction","target":["http:\/\/hoppetossa.com\/risgrynet\/in-english\/"]}]},{"@type":"ImageObject","inLanguage":"sv-SE","@id":"http:\/\/hoppetossa.com\/risgrynet\/in-english\/#primaryimage","url":"https:\/\/i0.wp.com\/hoppetossa.com\/risgrynet\/wp-content\/uploads\/sites\/11\/2024\/12\/img-2543-1024x720.jpg","contentUrl":"https:\/\/i0.wp.com\/hoppetossa.com\/risgrynet\/wp-content\/uploads\/sites\/11\/2024\/12\/img-2543-1024x720.jpg"},{"@type":"BreadcrumbList","@id":"http:\/\/hoppetossa.com\/risgrynet\/in-english\/#breadcrumb","itemListElement":[{"@type":"ListItem","position":1,"name":"Hem","item":"https:\/\/hoppetossa.com\/risgrynet\/"},{"@type":"ListItem","position":2,"name":"In English"}]},{"@type":"WebSite","@id":"https:\/\/hoppetossa.com\/risgrynet\/#website","url":"https:\/\/hoppetossa.com\/risgrynet\/","name":"F\u00f6rskolan Risgrynet","description":"Hoppetossa f\u00f6rskolor","potentialAction":[{"@type":"SearchAction","target":{"@type":"EntryPoint","urlTemplate":"https:\/\/hoppetossa.com\/risgrynet\/?s={search_term_string}"},"query-input":{"@type":"PropertyValueSpecification","valueRequired":true,"valueName":"search_term_string"}}],"inLanguage":"sv-SE"}]}},"jetpack_sharing_enabled":true,"_links":{"self":[{"href":"http:\/\/hoppetossa.com\/risgrynet\/wp-json\/wp\/v2\/pages\/11","targetHints":{"allow":["GET"]}}],"collection":[{"href":"http:\/\/hoppetossa.com\/risgrynet\/wp-json\/wp\/v2\/pages"}],"about":[{"href":"http:\/\/hoppetossa.com\/risgrynet\/wp-json\/wp\/v2\/types\/page"}],"author":[{"embeddable":true,"href":"http:\/\/hoppetossa.com\/risgrynet\/wp-json\/wp\/v2\/users\/1"}],"replies":[{"embeddable":true,"href":"http:\/\/hoppetossa.com\/risgrynet\/wp-json\/wp\/v2\/comments?post=11"}],"version-history":[{"count":11,"href":"http:\/\/hoppetossa.com\/risgrynet\/wp-json\/wp\/v2\/pages\/11\/revisions"}],"predecessor-version":[{"id":180,"href":"http:\/\/hoppetossa.com\/risgrynet\/wp-json\/wp\/v2\/pages\/11\/revisions\/180"}],"wp:attachment":[{"href":"http:\/\/hoppetossa.com\/risgrynet\/wp-json\/wp\/v2\/media?parent=11"}],"curies":[{"name":"wp","href":"https:\/\/api.w.org\/{rel}","templated":true}]}}