{"id":130,"date":"2024-03-10T19:45:04","date_gmt":"2024-03-10T18:45:04","guid":{"rendered":"https:\/\/hoppetossa.com\/risgrynet\/?page_id=130"},"modified":"2024-12-18T16:45:00","modified_gmt":"2024-12-18T15:45:00","slug":"vision-karnvarden","status":"publish","type":"page","link":"http:\/\/hoppetossa.com\/risgrynet\/vision-karnvarden\/","title":{"rendered":"Vision &#038; K\u00e4rnv\u00e4rden"},"content":{"rendered":"\n<h1 class=\"wp-block-heading\">Vision och k\u00e4rnv\u00e4rden<\/h1>\n\n\n\n<div class=\"wp-block-jetpack-tiled-gallery aligncenter is-style-rectangular\"><div class=\"\"><div class=\"tiled-gallery__gallery\"><div class=\"tiled-gallery__row\"><div class=\"tiled-gallery__col\" style=\"flex-basis:36.65324%\"><figure class=\"tiled-gallery__item\"><img decoding=\"async\" srcset=\"https:\/\/i0.wp.com\/hoppetossa.com\/risgrynet\/wp-content\/uploads\/sites\/11\/2021\/06\/risgrynet5.png?strip=info&#038;w=600 600w,https:\/\/i0.wp.com\/hoppetossa.com\/risgrynet\/wp-content\/uploads\/sites\/11\/2021\/06\/risgrynet5.png?strip=info&#038;w=698 698w\" alt=\"\" data-height=\"396\" data-id=\"40\" data-link=\"https:\/\/hoppetossa.com\/risgrynet\/pedagogik-och-verksamhet\/risgrynet5\/\" data-url=\"http:\/\/hoppetossa.com\/risgrynet\/wp-content\/uploads\/sites\/11\/2021\/06\/risgrynet5.png\" data-width=\"698\" src=\"https:\/\/i0.wp.com\/hoppetossa.com\/risgrynet\/wp-content\/uploads\/sites\/11\/2021\/06\/risgrynet5.png\" data-amp-layout=\"responsive\" tabindex=\"0\" role=\"button\" aria-label=\"\u00d6ppna bild 1 av 3 i fullsk\u00e4rm\"\/><\/figure><\/div><div class=\"tiled-gallery__col img-responsive\" style=\"flex-basis:28.97054%\"><figure class=\"tiled-gallery__item\"><img decoding=\"async\" srcset=\"https:\/\/i0.wp.com\/hoppetossa.com\/risgrynet\/wp-content\/uploads\/sites\/11\/2024\/12\/img-2531-1-1024x736.jpg?strip=info&#038;w=600&#038;ssl=1 600w,https:\/\/i0.wp.com\/hoppetossa.com\/risgrynet\/wp-content\/uploads\/sites\/11\/2024\/12\/img-2531-1-1024x736.jpg?strip=info&#038;w=900&#038;ssl=1 900w,https:\/\/i0.wp.com\/hoppetossa.com\/risgrynet\/wp-content\/uploads\/sites\/11\/2024\/12\/img-2531-1-1024x736.jpg?strip=info&#038;w=1170&#038;ssl=1 1170w\" alt=\"\" data-height=\"841\" data-id=\"163\" data-link=\"https:\/\/hoppetossa.com\/risgrynet\/vision-karnvarden\/screenshot-10\/\" data-url=\"https:\/\/hoppetossa.com\/risgrynet\/wp-content\/uploads\/sites\/11\/2024\/12\/img-2531-1-1024x736.jpg\" data-width=\"1170\" src=\"https:\/\/i0.wp.com\/hoppetossa.com\/risgrynet\/wp-content\/uploads\/sites\/11\/2024\/12\/img-2531-1-1024x736.jpg?ssl=1\" data-amp-layout=\"responsive\" tabindex=\"0\" role=\"button\" aria-label=\"\u00d6ppna bild 2 av 3 i fullsk\u00e4rm\"\/><\/figure><\/div><div class=\"tiled-gallery__col img-responsive\" style=\"flex-basis:34.37622%\"><figure class=\"tiled-gallery__item\"><img decoding=\"async\" srcset=\"https:\/\/i0.wp.com\/hoppetossa.com\/risgrynet\/wp-content\/uploads\/sites\/11\/2024\/12\/img-2535-1-1024x620.jpg?strip=info&#038;w=600&#038;ssl=1 600w,https:\/\/i0.wp.com\/hoppetossa.com\/risgrynet\/wp-content\/uploads\/sites\/11\/2024\/12\/img-2535-1-1024x620.jpg?strip=info&#038;w=900&#038;ssl=1 900w,https:\/\/i0.wp.com\/hoppetossa.com\/risgrynet\/wp-content\/uploads\/sites\/11\/2024\/12\/img-2535-1-1024x620.jpg?strip=info&#038;w=1170&#038;ssl=1 1170w\" alt=\"\" data-height=\"708\" data-id=\"164\" data-link=\"https:\/\/hoppetossa.com\/risgrynet\/vision-karnvarden\/screenshot-11\/\" data-url=\"https:\/\/hoppetossa.com\/risgrynet\/wp-content\/uploads\/sites\/11\/2024\/12\/img-2535-1-1024x620.jpg\" data-width=\"1170\" src=\"https:\/\/i0.wp.com\/hoppetossa.com\/risgrynet\/wp-content\/uploads\/sites\/11\/2024\/12\/img-2535-1-1024x620.jpg?ssl=1\" data-amp-layout=\"responsive\" tabindex=\"0\" role=\"button\" aria-label=\"\u00d6ppna bild 3 av 3 i fullsk\u00e4rm\"\/><\/figure><\/div><\/div><\/div><\/div><\/div>\n\n\n\n<div style=\"height:8px\" aria-hidden=\"true\" class=\"wp-block-spacer\"><\/div>\n\n\n\n<p>\u202fV\u00e5r syn p\u00e5 barnen \u00e4r att varje barn \u00e4r unikt och ska bli sett utifr\u00e5n den individ hen \u00e4r. Vi ser det kompetenta barnet, varje barn \u00e4r fullt av m\u00f6jligheter, \u00e4r nyfikna och vill l\u00e4ra sig.\u202f&nbsp;<\/p>\n\n\n\n<p>Barnen ska f\u00e5 m\u00f6jlighet att l\u00e4ra sig att f\u00f6rst\u00e5 vad de har f\u00f6r r\u00e4ttigheter, alla m\u00e4nniskors lika v\u00e4rde, att alla \u00e4r lika mycket v\u00e4rda och \u00e4r lika viktiga, att bry sig om sig sj\u00e4lva och andra m\u00e4nniskor, visa h\u00e4nsyn och respekt, att utveckla en stark sj\u00e4lvk\u00e4nsla och f\u00e5 en positiv bild av sig sj\u00e4lva, att f\u00e5 k\u00e4nna sig sedda, bekr\u00e4ftade, lyssnade p\u00e5 och kompetenta, att de duger precis som de \u00e4r, ges m\u00f6jlighet att utveckla det sociala samspelet och att f\u00f6rskolans inneh\u00e5ll bidrar till \u00f6kad lust och nyfikenhet i l\u00e4randet.\u202f\u202f\u00a0<\/p>\n\n\n\n<p>V\u00e5ra k\u00e4rnv\u00e4rden och v\u00e5r vision ligger till grund f\u00f6r v\u00e5r utbildning, verksamhet och l\u00e4rande.<\/p>\n\n\n\n<p><strong>Vision<\/strong><br>Vi vill vara en drivande kraft f\u00f6r en j\u00e4mst\u00e4lld och demokratisk v\u00e4rld.<\/p>\n\n\n\n<p><strong>K\u00e4rnv\u00e4rden<\/strong><br><em>Trygghet<br><\/em>Ett tryggt barn kan g\u00e5 hur l\u00e5ngt som helst. Sj\u00e4lvfallet vill vi erbjuda en trygg milj\u00f6 i v\u00e5r f\u00f6rskola; detta g\u00e4ller b\u00e5de den fysiska och den sociala milj\u00f6n. Genom att systematiskt utveckla v\u00e5r kvalitet f\u00f6rb\u00e4ttrar vi verksamheten och s\u00e4kerst\u00e4ller samtidigt att vi har kontroll som skapar den trygghet vi vill uppn\u00e5.<\/p>\n\n\n\n<p><em>Gl\u00e4dje<br><\/em>Vi l\u00e4gger v\u00e5rt fulla engagemang i vardagen med barnen och vill att hela f\u00f6rskolan ska genomsyras av gl\u00e4dje&nbsp;till barn, barns l\u00e4rande och f\u00f6rskolan.<\/p>\n\n\n\n<p><em>Nyfikenhet<\/em><br>Att erbjuda kvalitativ f\u00f6rskoleverksamhet&nbsp;kr\u00e4ver att vi ligger i framkant, samarbetar och utbyter erfarenheter med varandra och andra. Vi vill att&nbsp;barnens naturliga nyfikenhet och intresse alltid ska uppmuntras.<\/p>\n\n\n\n<p><em>Kunskap<br><\/em>Vi kan barns utveckling och l\u00e4rande, och vi vill alltid s\u00e4tta kunskap i fokus n\u00e4r vi driver v\u00e5r verksamhet.&nbsp;<\/p>\n","protected":false},"excerpt":{"rendered":"<p>Vision och k\u00e4rnv\u00e4rden \u202fV\u00e5r syn p\u00e5 barnen \u00e4r att varje barn \u00e4r unikt och ska bli sett utifr\u00e5n den individ&hellip; <a class=\"read-more\" href=\"http:\/\/hoppetossa.com\/risgrynet\/vision-karnvarden\/\">L\u00e4s mera<\/a><\/p>\n","protected":false},"author":1,"featured_media":0,"parent":0,"menu_order":0,"comment_status":"closed","ping_status":"closed","template":"","meta":{"_acf_changed":false,"_monsterinsights_skip_tracking":false,"_monsterinsights_sitenote_active":false,"_monsterinsights_sitenote_note":"","_monsterinsights_sitenote_category":0,"footnotes":""},"class_list":["post-130","page","type-page","status-publish","hentry"],"acf":[],"yoast_head":"<!-- This site is optimized with the Yoast SEO plugin v27.6 - https:\/\/yoast.com\/product\/yoast-seo-wordpress\/ -->\n<title>Vision &amp; K\u00e4rnv\u00e4rden - F\u00f6rskolan Risgrynet<\/title>\n<meta name=\"robots\" content=\"index, follow, max-snippet:-1, max-image-preview:large, max-video-preview:-1\" \/>\n<link rel=\"canonical\" href=\"http:\/\/hoppetossa.com\/risgrynet\/vision-karnvarden\/\" \/>\n<meta property=\"og:locale\" content=\"sv_SE\" \/>\n<meta property=\"og:type\" content=\"article\" \/>\n<meta property=\"og:title\" content=\"Vision &amp; K\u00e4rnv\u00e4rden - F\u00f6rskolan Risgrynet\" \/>\n<meta property=\"og:description\" content=\"Vision och k\u00e4rnv\u00e4rden \u202fV\u00e5r syn p\u00e5 barnen \u00e4r att varje barn \u00e4r unikt och ska bli sett utifr\u00e5n den individ&hellip; L\u00e4s mera\" \/>\n<meta property=\"og:url\" content=\"http:\/\/hoppetossa.com\/risgrynet\/vision-karnvarden\/\" \/>\n<meta property=\"og:site_name\" content=\"F\u00f6rskolan Risgrynet\" \/>\n<meta property=\"article:modified_time\" content=\"2024-12-18T15:45:00+00:00\" \/>\n<meta property=\"og:image\" content=\"https:\/\/i0.wp.com\/hoppetossa.com\/risgrynet\/wp-content\/uploads\/sites\/11\/2021\/06\/risgrynet5.png\" \/>\n<meta name=\"twitter:card\" content=\"summary_large_image\" \/>\n<meta name=\"twitter:label1\" content=\"Ber\u00e4knad l\u00e4stid\" \/>\n\t<meta name=\"twitter:data1\" content=\"2 minuter\" \/>\n<script type=\"application\/ld+json\" class=\"yoast-schema-graph\">{\"@context\":\"https:\\\/\\\/schema.org\",\"@graph\":[{\"@type\":\"WebPage\",\"@id\":\"http:\\\/\\\/hoppetossa.com\\\/risgrynet\\\/vision-karnvarden\\\/\",\"url\":\"http:\\\/\\\/hoppetossa.com\\\/risgrynet\\\/vision-karnvarden\\\/\",\"name\":\"Vision & K\u00e4rnv\u00e4rden - F\u00f6rskolan Risgrynet\",\"isPartOf\":{\"@id\":\"https:\\\/\\\/hoppetossa.com\\\/risgrynet\\\/#website\"},\"primaryImageOfPage\":{\"@id\":\"http:\\\/\\\/hoppetossa.com\\\/risgrynet\\\/vision-karnvarden\\\/#primaryimage\"},\"image\":{\"@id\":\"http:\\\/\\\/hoppetossa.com\\\/risgrynet\\\/vision-karnvarden\\\/#primaryimage\"},\"thumbnailUrl\":\"https:\\\/\\\/i0.wp.com\\\/hoppetossa.com\\\/risgrynet\\\/wp-content\\\/uploads\\\/sites\\\/11\\\/2021\\\/06\\\/risgrynet5.png\",\"datePublished\":\"2024-03-10T18:45:04+00:00\",\"dateModified\":\"2024-12-18T15:45:00+00:00\",\"breadcrumb\":{\"@id\":\"http:\\\/\\\/hoppetossa.com\\\/risgrynet\\\/vision-karnvarden\\\/#breadcrumb\"},\"inLanguage\":\"sv-SE\",\"potentialAction\":[{\"@type\":\"ReadAction\",\"target\":[\"http:\\\/\\\/hoppetossa.com\\\/risgrynet\\\/vision-karnvarden\\\/\"]}]},{\"@type\":\"ImageObject\",\"inLanguage\":\"sv-SE\",\"@id\":\"http:\\\/\\\/hoppetossa.com\\\/risgrynet\\\/vision-karnvarden\\\/#primaryimage\",\"url\":\"https:\\\/\\\/i0.wp.com\\\/hoppetossa.com\\\/risgrynet\\\/wp-content\\\/uploads\\\/sites\\\/11\\\/2021\\\/06\\\/risgrynet5.png\",\"contentUrl\":\"https:\\\/\\\/i0.wp.com\\\/hoppetossa.com\\\/risgrynet\\\/wp-content\\\/uploads\\\/sites\\\/11\\\/2021\\\/06\\\/risgrynet5.png\"},{\"@type\":\"BreadcrumbList\",\"@id\":\"http:\\\/\\\/hoppetossa.com\\\/risgrynet\\\/vision-karnvarden\\\/#breadcrumb\",\"itemListElement\":[{\"@type\":\"ListItem\",\"position\":1,\"name\":\"Hem\",\"item\":\"https:\\\/\\\/hoppetossa.com\\\/risgrynet\\\/\"},{\"@type\":\"ListItem\",\"position\":2,\"name\":\"Vision &#038; K\u00e4rnv\u00e4rden\"}]},{\"@type\":\"WebSite\",\"@id\":\"https:\\\/\\\/hoppetossa.com\\\/risgrynet\\\/#website\",\"url\":\"https:\\\/\\\/hoppetossa.com\\\/risgrynet\\\/\",\"name\":\"F\u00f6rskolan Risgrynet\",\"description\":\"Hoppetossa f\u00f6rskolor\",\"potentialAction\":[{\"@type\":\"SearchAction\",\"target\":{\"@type\":\"EntryPoint\",\"urlTemplate\":\"https:\\\/\\\/hoppetossa.com\\\/risgrynet\\\/?s={search_term_string}\"},\"query-input\":{\"@type\":\"PropertyValueSpecification\",\"valueRequired\":true,\"valueName\":\"search_term_string\"}}],\"inLanguage\":\"sv-SE\"}]}<\/script>\n<!-- \/ Yoast SEO plugin. -->","yoast_head_json":{"title":"Vision & K\u00e4rnv\u00e4rden - F\u00f6rskolan Risgrynet","robots":{"index":"index","follow":"follow","max-snippet":"max-snippet:-1","max-image-preview":"max-image-preview:large","max-video-preview":"max-video-preview:-1"},"canonical":"http:\/\/hoppetossa.com\/risgrynet\/vision-karnvarden\/","og_locale":"sv_SE","og_type":"article","og_title":"Vision & K\u00e4rnv\u00e4rden - F\u00f6rskolan Risgrynet","og_description":"Vision och k\u00e4rnv\u00e4rden \u202fV\u00e5r syn p\u00e5 barnen \u00e4r att varje barn \u00e4r unikt och ska bli sett utifr\u00e5n den individ&hellip; L\u00e4s mera","og_url":"http:\/\/hoppetossa.com\/risgrynet\/vision-karnvarden\/","og_site_name":"F\u00f6rskolan Risgrynet","article_modified_time":"2024-12-18T15:45:00+00:00","og_image":[{"url":"https:\/\/i0.wp.com\/hoppetossa.com\/risgrynet\/wp-content\/uploads\/sites\/11\/2021\/06\/risgrynet5.png","type":"","width":"","height":""}],"twitter_card":"summary_large_image","twitter_misc":{"Ber\u00e4knad l\u00e4stid":"2 minuter"},"schema":{"@context":"https:\/\/schema.org","@graph":[{"@type":"WebPage","@id":"http:\/\/hoppetossa.com\/risgrynet\/vision-karnvarden\/","url":"http:\/\/hoppetossa.com\/risgrynet\/vision-karnvarden\/","name":"Vision & K\u00e4rnv\u00e4rden - F\u00f6rskolan Risgrynet","isPartOf":{"@id":"https:\/\/hoppetossa.com\/risgrynet\/#website"},"primaryImageOfPage":{"@id":"http:\/\/hoppetossa.com\/risgrynet\/vision-karnvarden\/#primaryimage"},"image":{"@id":"http:\/\/hoppetossa.com\/risgrynet\/vision-karnvarden\/#primaryimage"},"thumbnailUrl":"https:\/\/i0.wp.com\/hoppetossa.com\/risgrynet\/wp-content\/uploads\/sites\/11\/2021\/06\/risgrynet5.png","datePublished":"2024-03-10T18:45:04+00:00","dateModified":"2024-12-18T15:45:00+00:00","breadcrumb":{"@id":"http:\/\/hoppetossa.com\/risgrynet\/vision-karnvarden\/#breadcrumb"},"inLanguage":"sv-SE","potentialAction":[{"@type":"ReadAction","target":["http:\/\/hoppetossa.com\/risgrynet\/vision-karnvarden\/"]}]},{"@type":"ImageObject","inLanguage":"sv-SE","@id":"http:\/\/hoppetossa.com\/risgrynet\/vision-karnvarden\/#primaryimage","url":"https:\/\/i0.wp.com\/hoppetossa.com\/risgrynet\/wp-content\/uploads\/sites\/11\/2021\/06\/risgrynet5.png","contentUrl":"https:\/\/i0.wp.com\/hoppetossa.com\/risgrynet\/wp-content\/uploads\/sites\/11\/2021\/06\/risgrynet5.png"},{"@type":"BreadcrumbList","@id":"http:\/\/hoppetossa.com\/risgrynet\/vision-karnvarden\/#breadcrumb","itemListElement":[{"@type":"ListItem","position":1,"name":"Hem","item":"https:\/\/hoppetossa.com\/risgrynet\/"},{"@type":"ListItem","position":2,"name":"Vision &#038; K\u00e4rnv\u00e4rden"}]},{"@type":"WebSite","@id":"https:\/\/hoppetossa.com\/risgrynet\/#website","url":"https:\/\/hoppetossa.com\/risgrynet\/","name":"F\u00f6rskolan Risgrynet","description":"Hoppetossa f\u00f6rskolor","potentialAction":[{"@type":"SearchAction","target":{"@type":"EntryPoint","urlTemplate":"https:\/\/hoppetossa.com\/risgrynet\/?s={search_term_string}"},"query-input":{"@type":"PropertyValueSpecification","valueRequired":true,"valueName":"search_term_string"}}],"inLanguage":"sv-SE"}]}},"jetpack_sharing_enabled":true,"_links":{"self":[{"href":"http:\/\/hoppetossa.com\/risgrynet\/wp-json\/wp\/v2\/pages\/130","targetHints":{"allow":["GET"]}}],"collection":[{"href":"http:\/\/hoppetossa.com\/risgrynet\/wp-json\/wp\/v2\/pages"}],"about":[{"href":"http:\/\/hoppetossa.com\/risgrynet\/wp-json\/wp\/v2\/types\/page"}],"author":[{"embeddable":true,"href":"http:\/\/hoppetossa.com\/risgrynet\/wp-json\/wp\/v2\/users\/1"}],"replies":[{"embeddable":true,"href":"http:\/\/hoppetossa.com\/risgrynet\/wp-json\/wp\/v2\/comments?post=130"}],"version-history":[{"count":3,"href":"http:\/\/hoppetossa.com\/risgrynet\/wp-json\/wp\/v2\/pages\/130\/revisions"}],"predecessor-version":[{"id":165,"href":"http:\/\/hoppetossa.com\/risgrynet\/wp-json\/wp\/v2\/pages\/130\/revisions\/165"}],"wp:attachment":[{"href":"http:\/\/hoppetossa.com\/risgrynet\/wp-json\/wp\/v2\/media?parent=130"}],"curies":[{"name":"wp","href":"https:\/\/api.w.org\/{rel}","templated":true}]}}