{"id":18,"date":"2021-06-23T09:36:26","date_gmt":"2021-06-23T07:36:26","guid":{"rendered":"http:\/\/hoppetossa.com\/risgrynet\/?page_id=18"},"modified":"2025-01-27T19:00:22","modified_gmt":"2025-01-27T18:00:22","slug":"home","status":"publish","type":"page","link":"http:\/\/hoppetossa.com\/risgrynet\/","title":{"rendered":"Risgrynet &#8211; Hoppetossa F\u00f6rskolor"},"content":{"rendered":"","protected":false},"excerpt":{"rendered":"","protected":false},"author":1,"featured_media":0,"parent":0,"menu_order":0,"comment_status":"closed","ping_status":"closed","template":"","meta":{"_acf_changed":false,"_monsterinsights_skip_tracking":false,"_monsterinsights_sitenote_active":false,"_monsterinsights_sitenote_note":"","_monsterinsights_sitenote_category":0,"footnotes":""},"class_list":["post-18","page","type-page","status-publish","hentry"],"acf":[],"yoast_head":"<!-- This site is optimized with the Yoast SEO plugin v27.4 - https:\/\/yoast.com\/product\/yoast-seo-wordpress\/ -->\n<title>Risgrynet - Hoppetossa F\u00f6rskolor - F\u00f6rskolan Risgrynet<\/title>\n<meta name=\"description\" content=\"V\u00e4lkomna till f\u00f6rskolan Risgrynet, Hoppetossa F\u00f6rskolor, i R\u00e5sunda. Vi \u00e4r den lilla familj\u00e4ra f\u00f6rskolan med naturen runt knuten och barnen i fokus.\" \/>\n<meta name=\"robots\" content=\"index, follow, max-snippet:-1, max-image-preview:large, max-video-preview:-1\" \/>\n<link rel=\"canonical\" href=\"https:\/\/hoppetossa.com\/risgrynet\/\" \/>\n<meta property=\"og:locale\" content=\"sv_SE\" \/>\n<meta property=\"og:type\" content=\"article\" \/>\n<meta property=\"og:title\" content=\"Risgrynet - Hoppetossa F\u00f6rskolor - F\u00f6rskolan Risgrynet\" \/>\n<meta property=\"og:description\" content=\"V\u00e4lkomna till f\u00f6rskolan Risgrynet, Hoppetossa F\u00f6rskolor, i R\u00e5sunda. Vi \u00e4r den lilla familj\u00e4ra f\u00f6rskolan med naturen runt knuten och barnen i fokus.\" \/>\n<meta property=\"og:url\" content=\"https:\/\/hoppetossa.com\/risgrynet\/\" \/>\n<meta property=\"og:site_name\" content=\"F\u00f6rskolan Risgrynet\" \/>\n<meta property=\"article:modified_time\" content=\"2025-01-27T18:00:22+00:00\" \/>\n<meta name=\"twitter:card\" content=\"summary_large_image\" \/>\n<meta name=\"twitter:label1\" content=\"Ber\u00e4knad l\u00e4stid\" \/>\n\t<meta name=\"twitter:data1\" content=\"2 minuter\" \/>\n<script type=\"application\/ld+json\" class=\"yoast-schema-graph\">{\"@context\":\"https:\\\/\\\/schema.org\",\"@graph\":[{\"@type\":\"WebPage\",\"@id\":\"https:\\\/\\\/hoppetossa.com\\\/risgrynet\\\/\",\"url\":\"https:\\\/\\\/hoppetossa.com\\\/risgrynet\\\/\",\"name\":\"Risgrynet - Hoppetossa F\u00f6rskolor - F\u00f6rskolan Risgrynet\",\"isPartOf\":{\"@id\":\"https:\\\/\\\/hoppetossa.com\\\/risgrynet\\\/#website\"},\"datePublished\":\"2021-06-23T07:36:26+00:00\",\"dateModified\":\"2025-01-27T18:00:22+00:00\",\"description\":\"V\u00e4lkomna till f\u00f6rskolan Risgrynet, Hoppetossa F\u00f6rskolor, i R\u00e5sunda. Vi \u00e4r den lilla familj\u00e4ra f\u00f6rskolan med naturen runt knuten och barnen i fokus.\",\"breadcrumb\":{\"@id\":\"https:\\\/\\\/hoppetossa.com\\\/risgrynet\\\/#breadcrumb\"},\"inLanguage\":\"sv-SE\",\"potentialAction\":[{\"@type\":\"ReadAction\",\"target\":[\"https:\\\/\\\/hoppetossa.com\\\/risgrynet\\\/\"]}]},{\"@type\":\"BreadcrumbList\",\"@id\":\"https:\\\/\\\/hoppetossa.com\\\/risgrynet\\\/#breadcrumb\",\"itemListElement\":[{\"@type\":\"ListItem\",\"position\":1,\"name\":\"Hem\",\"item\":\"https:\\\/\\\/hoppetossa.com\\\/risgrynet\\\/\"},{\"@type\":\"ListItem\",\"position\":2,\"name\":\"Risgrynet &#8211; Hoppetossa F\u00f6rskolor\"}]},{\"@type\":\"WebSite\",\"@id\":\"https:\\\/\\\/hoppetossa.com\\\/risgrynet\\\/#website\",\"url\":\"https:\\\/\\\/hoppetossa.com\\\/risgrynet\\\/\",\"name\":\"F\u00f6rskolan Risgrynet\",\"description\":\"Hoppetossa f\u00f6rskolor\",\"potentialAction\":[{\"@type\":\"SearchAction\",\"target\":{\"@type\":\"EntryPoint\",\"urlTemplate\":\"https:\\\/\\\/hoppetossa.com\\\/risgrynet\\\/?s={search_term_string}\"},\"query-input\":{\"@type\":\"PropertyValueSpecification\",\"valueRequired\":true,\"valueName\":\"search_term_string\"}}],\"inLanguage\":\"sv-SE\"}]}<\/script>\n<!-- \/ Yoast SEO plugin. -->","yoast_head_json":{"title":"Risgrynet - Hoppetossa F\u00f6rskolor - F\u00f6rskolan Risgrynet","description":"V\u00e4lkomna till f\u00f6rskolan Risgrynet, Hoppetossa F\u00f6rskolor, i R\u00e5sunda. Vi \u00e4r den lilla familj\u00e4ra f\u00f6rskolan med naturen runt knuten och barnen i fokus.","robots":{"index":"index","follow":"follow","max-snippet":"max-snippet:-1","max-image-preview":"max-image-preview:large","max-video-preview":"max-video-preview:-1"},"canonical":"https:\/\/hoppetossa.com\/risgrynet\/","og_locale":"sv_SE","og_type":"article","og_title":"Risgrynet - Hoppetossa F\u00f6rskolor - F\u00f6rskolan Risgrynet","og_description":"V\u00e4lkomna till f\u00f6rskolan Risgrynet, Hoppetossa F\u00f6rskolor, i R\u00e5sunda. Vi \u00e4r den lilla familj\u00e4ra f\u00f6rskolan med naturen runt knuten och barnen i fokus.","og_url":"https:\/\/hoppetossa.com\/risgrynet\/","og_site_name":"F\u00f6rskolan Risgrynet","article_modified_time":"2025-01-27T18:00:22+00:00","twitter_card":"summary_large_image","twitter_misc":{"Ber\u00e4knad l\u00e4stid":"2 minuter"},"schema":{"@context":"https:\/\/schema.org","@graph":[{"@type":"WebPage","@id":"https:\/\/hoppetossa.com\/risgrynet\/","url":"https:\/\/hoppetossa.com\/risgrynet\/","name":"Risgrynet - Hoppetossa F\u00f6rskolor - F\u00f6rskolan Risgrynet","isPartOf":{"@id":"https:\/\/hoppetossa.com\/risgrynet\/#website"},"datePublished":"2021-06-23T07:36:26+00:00","dateModified":"2025-01-27T18:00:22+00:00","description":"V\u00e4lkomna till f\u00f6rskolan Risgrynet, Hoppetossa F\u00f6rskolor, i R\u00e5sunda. Vi \u00e4r den lilla familj\u00e4ra f\u00f6rskolan med naturen runt knuten och barnen i fokus.","breadcrumb":{"@id":"https:\/\/hoppetossa.com\/risgrynet\/#breadcrumb"},"inLanguage":"sv-SE","potentialAction":[{"@type":"ReadAction","target":["https:\/\/hoppetossa.com\/risgrynet\/"]}]},{"@type":"BreadcrumbList","@id":"https:\/\/hoppetossa.com\/risgrynet\/#breadcrumb","itemListElement":[{"@type":"ListItem","position":1,"name":"Hem","item":"https:\/\/hoppetossa.com\/risgrynet\/"},{"@type":"ListItem","position":2,"name":"Risgrynet &#8211; Hoppetossa F\u00f6rskolor"}]},{"@type":"WebSite","@id":"https:\/\/hoppetossa.com\/risgrynet\/#website","url":"https:\/\/hoppetossa.com\/risgrynet\/","name":"F\u00f6rskolan Risgrynet","description":"Hoppetossa f\u00f6rskolor","potentialAction":[{"@type":"SearchAction","target":{"@type":"EntryPoint","urlTemplate":"https:\/\/hoppetossa.com\/risgrynet\/?s={search_term_string}"},"query-input":{"@type":"PropertyValueSpecification","valueRequired":true,"valueName":"search_term_string"}}],"inLanguage":"sv-SE"}]}},"jetpack_sharing_enabled":true,"_links":{"self":[{"href":"http:\/\/hoppetossa.com\/risgrynet\/wp-json\/wp\/v2\/pages\/18","targetHints":{"allow":["GET"]}}],"collection":[{"href":"http:\/\/hoppetossa.com\/risgrynet\/wp-json\/wp\/v2\/pages"}],"about":[{"href":"http:\/\/hoppetossa.com\/risgrynet\/wp-json\/wp\/v2\/types\/page"}],"author":[{"embeddable":true,"href":"http:\/\/hoppetossa.com\/risgrynet\/wp-json\/wp\/v2\/users\/1"}],"replies":[{"embeddable":true,"href":"http:\/\/hoppetossa.com\/risgrynet\/wp-json\/wp\/v2\/comments?post=18"}],"version-history":[{"count":31,"href":"http:\/\/hoppetossa.com\/risgrynet\/wp-json\/wp\/v2\/pages\/18\/revisions"}],"predecessor-version":[{"id":190,"href":"http:\/\/hoppetossa.com\/risgrynet\/wp-json\/wp\/v2\/pages\/18\/revisions\/190"}],"wp:attachment":[{"href":"http:\/\/hoppetossa.com\/risgrynet\/wp-json\/wp\/v2\/media?parent=18"}],"curies":[{"name":"wp","href":"https:\/\/api.w.org\/{rel}","templated":true}]}}