{"id":7,"date":"2021-06-23T09:26:43","date_gmt":"2021-06-23T07:26:43","guid":{"rendered":"http:\/\/hoppetossa.com\/risgrynet\/?page_id=7"},"modified":"2025-01-06T09:32:26","modified_gmt":"2025-01-06T08:32:26","slug":"pedagogik-och-verksamhet","status":"publish","type":"page","link":"http:\/\/hoppetossa.com\/risgrynet\/pedagogik-och-verksamhet\/","title":{"rendered":"Pedagogik och verksamhet"},"content":{"rendered":"\n<h2 class=\"wp-block-heading\">Pedagogik och verksamhet<\/h2>\n\n\n\n<div class=\"wp-block-jetpack-tiled-gallery aligncenter is-style-rectangular\"><div class=\"\"><div class=\"tiled-gallery__gallery\"><div class=\"tiled-gallery__row\"><div class=\"tiled-gallery__col\" style=\"flex-basis:35.71749%\"><figure class=\"tiled-gallery__item\"><img decoding=\"async\" srcset=\"https:\/\/i0.wp.com\/hoppetossa.com\/risgrynet\/wp-content\/uploads\/sites\/11\/2024\/12\/img-2536.jpg?strip=info&#038;w=600 600w,https:\/\/i0.wp.com\/hoppetossa.com\/risgrynet\/wp-content\/uploads\/sites\/11\/2024\/12\/img-2536.jpg?strip=info&#038;w=900 900w,https:\/\/i0.wp.com\/hoppetossa.com\/risgrynet\/wp-content\/uploads\/sites\/11\/2024\/12\/img-2536.jpg?strip=info&#038;w=1022 1022w\" alt=\"\" data-height=\"862\" data-id=\"158\" data-link=\"https:\/\/hoppetossa.com\/risgrynet\/screenshot-8\/\" data-url=\"http:\/\/hoppetossa.com\/risgrynet\/wp-content\/uploads\/sites\/11\/2024\/12\/img-2536.jpg\" data-width=\"1022\" src=\"https:\/\/i0.wp.com\/hoppetossa.com\/risgrynet\/wp-content\/uploads\/sites\/11\/2024\/12\/img-2536.jpg\" data-amp-layout=\"responsive\" tabindex=\"0\" role=\"button\" aria-label=\"\u00d6ppna bild 1 av 3 i fullsk\u00e4rm\"\/><\/figure><\/div><div class=\"tiled-gallery__col img-responsive\" style=\"flex-basis:23.45071%\"><figure class=\"tiled-gallery__item\"><img decoding=\"async\" srcset=\"https:\/\/i0.wp.com\/hoppetossa.com\/risgrynet\/wp-content\/uploads\/sites\/11\/2024\/12\/img-2530-796x1024.jpg?strip=info&#038;w=600 600w,https:\/\/i0.wp.com\/hoppetossa.com\/risgrynet\/wp-content\/uploads\/sites\/11\/2024\/12\/img-2530-796x1024.jpg?strip=info&#038;w=900 900w,https:\/\/i0.wp.com\/hoppetossa.com\/risgrynet\/wp-content\/uploads\/sites\/11\/2024\/12\/img-2530-796x1024.jpg?strip=info&#038;w=1170 1170w\" alt=\"\" data-height=\"1506\" data-id=\"152\" data-link=\"https:\/\/hoppetossa.com\/risgrynet\/screenshot-2\/\" data-url=\"http:\/\/hoppetossa.com\/risgrynet\/wp-content\/uploads\/sites\/11\/2024\/12\/img-2530-796x1024.jpg\" data-width=\"1170\" src=\"https:\/\/i0.wp.com\/hoppetossa.com\/risgrynet\/wp-content\/uploads\/sites\/11\/2024\/12\/img-2530-796x1024.jpg\" data-amp-layout=\"responsive\" tabindex=\"0\" role=\"button\" aria-label=\"\u00d6ppna bild 2 av 3 i fullsk\u00e4rm\"\/><\/figure><\/div><div class=\"tiled-gallery__col img-responsive\" style=\"flex-basis:40.83180%\"><figure class=\"tiled-gallery__item\"><img decoding=\"async\" srcset=\"https:\/\/i0.wp.com\/hoppetossa.com\/risgrynet\/wp-content\/uploads\/sites\/11\/2021\/06\/risgrynetgard.png?strip=info&#038;w=518 518w\" alt=\"\" data-height=\"382\" data-id=\"54\" data-link=\"https:\/\/hoppetossa.com\/risgrynet\/pedagogik-och-verksamhet\/risgrynetgard\/\" data-url=\"http:\/\/hoppetossa.com\/risgrynet\/wp-content\/uploads\/sites\/11\/2021\/06\/risgrynetgard.png\" data-width=\"518\" src=\"https:\/\/i0.wp.com\/hoppetossa.com\/risgrynet\/wp-content\/uploads\/sites\/11\/2021\/06\/risgrynetgard.png\" data-amp-layout=\"responsive\" tabindex=\"0\" role=\"button\" aria-label=\"\u00d6ppna bild 3 av 3 i fullsk\u00e4rm\"\/><\/figure><\/div><\/div><\/div><\/div><\/div>\n\n\n\n<p>Risgrynet \u00e4r en familj\u00e4r f\u00f6rskola med 36 barn, bel\u00e4gen i R\u00e5sunda n\u00e4ra anrika Filmstaden. Vi erbjuder en inspirerande milj\u00f6 som fr\u00e4mjar b\u00e5de utveckling och l\u00e4rande, med en pedagogik inspirerad av Reggio Emilia. H\u00e4r ser vi varje barn som kompetent, fullt av m\u00f6jligheter och med en vilja att l\u00e4ra och v\u00e4xa.<\/p>\n<p><span data-contrast=\"auto\">\u202fV\u00e5ra lokaler \u00e4r utformade f\u00f6r att locka till utforskande och kreativitet. Med tillg\u00e4ngligt material och tydliga, inspirerande l\u00e4rmilj\u00f6er, f\u00e5r barnen frihet att v\u00e4lja aktiviteter och utforska i sin egen takt. Naturen \u00e4r ocks\u00e5 en viktig del av v\u00e5r vardag \u2013 vi g\u00f6r regelbundna utflykter till n\u00e4rliggande skogar och parker, och v\u00e5rt l\u00e4ge ger m\u00f6jlighet att ta del av ett rikt kulturutbud i n\u00e4romr\u00e5det. V\u00e5r verksamhet ska vara fylld av lustfyllda, utmanande, och l\u00e4rorika aktiviteter d\u00e4r vi ger barnen en bra grund att st\u00e5 p\u00e5 i sin utvecklingsprocess, s\u00e5v\u00e4l inom- som utomhus.<\/span><\/p>\n<p><span style=\"font-size: revert; color: initial; font-family: -apple-system, BlinkMacSystemFont, 'Segoe UI', Roboto, Oxygen-Sans, Ubuntu, Cantarell, 'Helvetica Neue', sans-serif;\">Vi utg\u00e5r fr\u00e5n barnens individuella behov och intressen, och genom lek och utforskande l\u00e4rande hj\u00e4lper vi varje barn att utveckla sin kreativitet, motorik och sociala kompetens. Vi arbetar f\u00f6r att f\u00e5 en trygg barngrupp d\u00e4r alla blir respekterade som de \u00e4r, trivs, har roligt, och kan utvecklas tillsammans.<\/span><\/p>\n<p>V\u00e4lkomna till oss!<\/p>\n\n\n\n<div class=\"wp-block-jetpack-tiled-gallery aligncenter is-style-rectangular\"><div class=\"\"><div class=\"tiled-gallery__gallery\"><div class=\"tiled-gallery__row\"><div class=\"tiled-gallery__col\" style=\"flex-basis:32.97577%\"><figure class=\"tiled-gallery__item\"><img decoding=\"async\" srcset=\"https:\/\/i0.wp.com\/hoppetossa.com\/risgrynet\/wp-content\/uploads\/sites\/11\/2024\/12\/img-2538-782x1024.jpg?strip=info&#038;w=600&#038;ssl=1 600w,https:\/\/i0.wp.com\/hoppetossa.com\/risgrynet\/wp-content\/uploads\/sites\/11\/2024\/12\/img-2538-782x1024.jpg?strip=info&#038;w=900&#038;ssl=1 900w,https:\/\/i0.wp.com\/hoppetossa.com\/risgrynet\/wp-content\/uploads\/sites\/11\/2024\/12\/img-2538-782x1024.jpg?strip=info&#038;w=1170&#038;ssl=1 1170w\" alt=\"\" data-height=\"1532\" data-id=\"167\" data-link=\"https:\/\/hoppetossa.com\/risgrynet\/pedagogik-och-verksamhet\/screenshot-12\/\" data-url=\"https:\/\/hoppetossa.com\/risgrynet\/wp-content\/uploads\/sites\/11\/2024\/12\/img-2538-782x1024.jpg\" data-width=\"1170\" src=\"https:\/\/i0.wp.com\/hoppetossa.com\/risgrynet\/wp-content\/uploads\/sites\/11\/2024\/12\/img-2538-782x1024.jpg?ssl=1\" data-amp-layout=\"responsive\" tabindex=\"0\" role=\"button\" aria-label=\"\u00d6ppna bild 1 av 10 i fullsk\u00e4rm\"\/><\/figure><\/div><div class=\"tiled-gallery__col img-responsive\" style=\"flex-basis:33.76705%\"><figure class=\"tiled-gallery__item\"><img decoding=\"async\" srcset=\"https:\/\/i0.wp.com\/hoppetossa.com\/risgrynet\/wp-content\/uploads\/sites\/11\/2024\/12\/img-2540-801x1024.jpg?strip=info&#038;w=600&#038;ssl=1 600w,https:\/\/i0.wp.com\/hoppetossa.com\/risgrynet\/wp-content\/uploads\/sites\/11\/2024\/12\/img-2540-801x1024.jpg?strip=info&#038;w=900&#038;ssl=1 900w,https:\/\/i0.wp.com\/hoppetossa.com\/risgrynet\/wp-content\/uploads\/sites\/11\/2024\/12\/img-2540-801x1024.jpg?strip=info&#038;w=1170&#038;ssl=1 1170w\" alt=\"\" data-height=\"1496\" data-id=\"169\" data-link=\"https:\/\/hoppetossa.com\/risgrynet\/pedagogik-och-verksamhet\/screenshot-14\/\" data-url=\"https:\/\/hoppetossa.com\/risgrynet\/wp-content\/uploads\/sites\/11\/2024\/12\/img-2540-801x1024.jpg\" data-width=\"1170\" src=\"https:\/\/i0.wp.com\/hoppetossa.com\/risgrynet\/wp-content\/uploads\/sites\/11\/2024\/12\/img-2540-801x1024.jpg?ssl=1\" data-amp-layout=\"responsive\" tabindex=\"0\" role=\"button\" aria-label=\"\u00d6ppna bild 2 av 10 i fullsk\u00e4rm\"\/><\/figure><\/div><div class=\"tiled-gallery__col img-responsive\" style=\"flex-basis:33.25718%\"><figure class=\"tiled-gallery__item\"><img decoding=\"async\" srcset=\"https:\/\/i0.wp.com\/hoppetossa.com\/risgrynet\/wp-content\/uploads\/sites\/11\/2024\/12\/img-2541-789x1024.jpg?strip=info&#038;w=600&#038;ssl=1 600w,https:\/\/i0.wp.com\/hoppetossa.com\/risgrynet\/wp-content\/uploads\/sites\/11\/2024\/12\/img-2541-789x1024.jpg?strip=info&#038;w=900&#038;ssl=1 900w,https:\/\/i0.wp.com\/hoppetossa.com\/risgrynet\/wp-content\/uploads\/sites\/11\/2024\/12\/img-2541-789x1024.jpg?strip=info&#038;w=1170&#038;ssl=1 1170w\" alt=\"\" data-height=\"1519\" data-id=\"168\" data-link=\"https:\/\/hoppetossa.com\/risgrynet\/pedagogik-och-verksamhet\/screenshot-13\/\" data-url=\"https:\/\/hoppetossa.com\/risgrynet\/wp-content\/uploads\/sites\/11\/2024\/12\/img-2541-789x1024.jpg\" data-width=\"1170\" src=\"https:\/\/i0.wp.com\/hoppetossa.com\/risgrynet\/wp-content\/uploads\/sites\/11\/2024\/12\/img-2541-789x1024.jpg?ssl=1\" data-amp-layout=\"responsive\" tabindex=\"0\" role=\"button\" aria-label=\"\u00d6ppna bild 3 av 10 i fullsk\u00e4rm\"\/><\/figure><\/div><\/div><div class=\"tiled-gallery__row img-responsive\"><div class=\"tiled-gallery__col\" style=\"flex-basis:64.74391%\"><figure class=\"tiled-gallery__item\"><img decoding=\"async\" srcset=\"https:\/\/i0.wp.com\/hoppetossa.com\/risgrynet\/wp-content\/uploads\/sites\/11\/2025\/01\/img-2739-1024x736.jpg?strip=info&#038;w=600&#038;ssl=1 600w,https:\/\/i0.wp.com\/hoppetossa.com\/risgrynet\/wp-content\/uploads\/sites\/11\/2025\/01\/img-2739-1024x736.jpg?strip=info&#038;w=900&#038;ssl=1 900w,https:\/\/i0.wp.com\/hoppetossa.com\/risgrynet\/wp-content\/uploads\/sites\/11\/2025\/01\/img-2739-1024x736.jpg?strip=info&#038;w=1170&#038;ssl=1 1170w\" alt=\"\" data-height=\"841\" data-id=\"181\" data-link=\"https:\/\/hoppetossa.com\/risgrynet\/pedagogik-och-verksamhet\/screenshot-17\/\" data-url=\"https:\/\/hoppetossa.com\/risgrynet\/wp-content\/uploads\/sites\/11\/2025\/01\/img-2739-1024x736.jpg\" data-width=\"1170\" src=\"https:\/\/i0.wp.com\/hoppetossa.com\/risgrynet\/wp-content\/uploads\/sites\/11\/2025\/01\/img-2739-1024x736.jpg?ssl=1\" data-amp-layout=\"responsive\" tabindex=\"0\" role=\"button\" aria-label=\"\u00d6ppna bild 4 av 10 i fullsk\u00e4rm\"\/><\/figure><\/div><div class=\"tiled-gallery__col img-responsive\" style=\"flex-basis:35.25609%\"><figure class=\"tiled-gallery__item\"><img decoding=\"async\" srcset=\"https:\/\/i0.wp.com\/hoppetossa.com\/risgrynet\/wp-content\/uploads\/sites\/11\/2025\/01\/img-2740-774x1024.jpg?strip=info&#038;w=600&#038;ssl=1 600w,https:\/\/i0.wp.com\/hoppetossa.com\/risgrynet\/wp-content\/uploads\/sites\/11\/2025\/01\/img-2740-774x1024.jpg?strip=info&#038;w=900&#038;ssl=1 900w,https:\/\/i0.wp.com\/hoppetossa.com\/risgrynet\/wp-content\/uploads\/sites\/11\/2025\/01\/img-2740-774x1024.jpg?strip=info&#038;w=1170&#038;ssl=1 1170w\" alt=\"\" data-height=\"1547\" data-id=\"182\" data-link=\"https:\/\/hoppetossa.com\/risgrynet\/pedagogik-och-verksamhet\/screenshot-18-2\/\" data-url=\"https:\/\/hoppetossa.com\/risgrynet\/wp-content\/uploads\/sites\/11\/2025\/01\/img-2740-774x1024.jpg\" data-width=\"1170\" src=\"https:\/\/i0.wp.com\/hoppetossa.com\/risgrynet\/wp-content\/uploads\/sites\/11\/2025\/01\/img-2740-774x1024.jpg?ssl=1\" data-amp-layout=\"responsive\" tabindex=\"0\" role=\"button\" aria-label=\"\u00d6ppna bild 5 av 10 i fullsk\u00e4rm\"\/><\/figure><\/div><\/div><div class=\"tiled-gallery__row img-responsive\"><div class=\"tiled-gallery__col\" style=\"flex-basis:38.39287%\"><figure class=\"tiled-gallery__item\"><img decoding=\"async\" srcset=\"https:\/\/i0.wp.com\/hoppetossa.com\/risgrynet\/wp-content\/uploads\/sites\/11\/2025\/01\/img-2741-924x1024.jpg?strip=info&#038;w=600&#038;ssl=1 600w,https:\/\/i0.wp.com\/hoppetossa.com\/risgrynet\/wp-content\/uploads\/sites\/11\/2025\/01\/img-2741-924x1024.jpg?strip=info&#038;w=900&#038;ssl=1 900w,https:\/\/i0.wp.com\/hoppetossa.com\/risgrynet\/wp-content\/uploads\/sites\/11\/2025\/01\/img-2741-924x1024.jpg?strip=info&#038;w=1170&#038;ssl=1 1170w\" alt=\"\" data-height=\"1296\" data-id=\"184\" data-link=\"https:\/\/hoppetossa.com\/risgrynet\/pedagogik-och-verksamhet\/screenshot-18\/\" data-url=\"https:\/\/hoppetossa.com\/risgrynet\/wp-content\/uploads\/sites\/11\/2025\/01\/img-2741-924x1024.jpg\" data-width=\"1170\" src=\"https:\/\/i0.wp.com\/hoppetossa.com\/risgrynet\/wp-content\/uploads\/sites\/11\/2025\/01\/img-2741-924x1024.jpg?ssl=1\" data-amp-layout=\"responsive\" tabindex=\"0\" role=\"button\" aria-label=\"\u00d6ppna bild 6 av 10 i fullsk\u00e4rm\"\/><\/figure><figure class=\"tiled-gallery__item img-responsive\"><img decoding=\"async\" srcset=\"https:\/\/i0.wp.com\/hoppetossa.com\/risgrynet\/wp-content\/uploads\/sites\/11\/2025\/01\/img-2743-1024x998.jpg?strip=info&#038;w=600&#038;ssl=1 600w,https:\/\/i0.wp.com\/hoppetossa.com\/risgrynet\/wp-content\/uploads\/sites\/11\/2025\/01\/img-2743-1024x998.jpg?strip=info&#038;w=900&#038;ssl=1 900w,https:\/\/i0.wp.com\/hoppetossa.com\/risgrynet\/wp-content\/uploads\/sites\/11\/2025\/01\/img-2743-1024x998.jpg?strip=info&#038;w=1170&#038;ssl=1 1170w\" alt=\"\" data-height=\"1140\" data-id=\"187\" data-link=\"https:\/\/hoppetossa.com\/risgrynet\/pedagogik-och-verksamhet\/screenshot-21\/\" data-url=\"https:\/\/hoppetossa.com\/risgrynet\/wp-content\/uploads\/sites\/11\/2025\/01\/img-2743-1024x998.jpg\" data-width=\"1170\" src=\"https:\/\/i0.wp.com\/hoppetossa.com\/risgrynet\/wp-content\/uploads\/sites\/11\/2025\/01\/img-2743-1024x998.jpg?ssl=1\" data-amp-layout=\"responsive\" tabindex=\"0\" role=\"button\" aria-label=\"\u00d6ppna bild 7 av 10 i fullsk\u00e4rm\"\/><\/figure><\/div><div class=\"tiled-gallery__col img-responsive\" style=\"flex-basis:61.60713%\"><figure class=\"tiled-gallery__item\"><img decoding=\"async\" srcset=\"https:\/\/i0.wp.com\/hoppetossa.com\/risgrynet\/wp-content\/uploads\/sites\/11\/2025\/01\/img-2745-786x1024.jpg?strip=info&#038;w=600&#038;ssl=1 600w,https:\/\/i0.wp.com\/hoppetossa.com\/risgrynet\/wp-content\/uploads\/sites\/11\/2025\/01\/img-2745-786x1024.jpg?strip=info&#038;w=900&#038;ssl=1 900w,https:\/\/i0.wp.com\/hoppetossa.com\/risgrynet\/wp-content\/uploads\/sites\/11\/2025\/01\/img-2745-786x1024.jpg?strip=info&#038;w=1170&#038;ssl=1 1170w\" alt=\"\" data-height=\"1524\" data-id=\"183\" data-link=\"https:\/\/hoppetossa.com\/risgrynet\/pedagogik-och-verksamhet\/screenshot-18-2\/\" data-url=\"https:\/\/hoppetossa.com\/risgrynet\/wp-content\/uploads\/sites\/11\/2025\/01\/img-2745-786x1024.jpg\" data-width=\"1170\" src=\"https:\/\/i0.wp.com\/hoppetossa.com\/risgrynet\/wp-content\/uploads\/sites\/11\/2025\/01\/img-2745-786x1024.jpg?ssl=1\" data-amp-layout=\"responsive\" tabindex=\"0\" role=\"button\" aria-label=\"\u00d6ppna bild 8 av 10 i fullsk\u00e4rm\"\/><\/figure><\/div><\/div><div class=\"tiled-gallery__row img-responsive\"><div class=\"tiled-gallery__col\" style=\"flex-basis:46.39551%\"><figure class=\"tiled-gallery__item\"><img decoding=\"async\" srcset=\"https:\/\/i0.wp.com\/hoppetossa.com\/risgrynet\/wp-content\/uploads\/sites\/11\/2025\/01\/img-2746-684x1024.jpg?strip=info&#038;w=600&#038;ssl=1 600w,https:\/\/i0.wp.com\/hoppetossa.com\/risgrynet\/wp-content\/uploads\/sites\/11\/2025\/01\/img-2746-684x1024.jpg?strip=info&#038;w=900&#038;ssl=1 900w,https:\/\/i0.wp.com\/hoppetossa.com\/risgrynet\/wp-content\/uploads\/sites\/11\/2025\/01\/img-2746-684x1024.jpg?strip=info&#038;w=1170&#038;ssl=1 1170w\" alt=\"\" data-height=\"1752\" data-id=\"185\" data-link=\"https:\/\/hoppetossa.com\/risgrynet\/pedagogik-och-verksamhet\/screenshot-19\/\" data-url=\"https:\/\/hoppetossa.com\/risgrynet\/wp-content\/uploads\/sites\/11\/2025\/01\/img-2746-684x1024.jpg\" data-width=\"1170\" src=\"https:\/\/i0.wp.com\/hoppetossa.com\/risgrynet\/wp-content\/uploads\/sites\/11\/2025\/01\/img-2746-684x1024.jpg?ssl=1\" data-amp-layout=\"responsive\" tabindex=\"0\" role=\"button\" aria-label=\"\u00d6ppna bild 9 av 10 i fullsk\u00e4rm\"\/><\/figure><\/div><div class=\"tiled-gallery__col img-responsive\" style=\"flex-basis:53.60449%\"><figure class=\"tiled-gallery__item\"><img decoding=\"async\" srcset=\"https:\/\/i0.wp.com\/hoppetossa.com\/risgrynet\/wp-content\/uploads\/sites\/11\/2025\/01\/img-2747-790x1024.jpg?strip=info&#038;w=600&#038;ssl=1 600w,https:\/\/i0.wp.com\/hoppetossa.com\/risgrynet\/wp-content\/uploads\/sites\/11\/2025\/01\/img-2747-790x1024.jpg?strip=info&#038;w=900&#038;ssl=1 900w,https:\/\/i0.wp.com\/hoppetossa.com\/risgrynet\/wp-content\/uploads\/sites\/11\/2025\/01\/img-2747-790x1024.jpg?strip=info&#038;w=1170&#038;ssl=1 1170w\" alt=\"\" data-height=\"1516\" data-id=\"186\" data-link=\"https:\/\/hoppetossa.com\/risgrynet\/pedagogik-och-verksamhet\/screenshot-20\/\" data-url=\"https:\/\/hoppetossa.com\/risgrynet\/wp-content\/uploads\/sites\/11\/2025\/01\/img-2747-790x1024.jpg\" data-width=\"1170\" src=\"https:\/\/i0.wp.com\/hoppetossa.com\/risgrynet\/wp-content\/uploads\/sites\/11\/2025\/01\/img-2747-790x1024.jpg?ssl=1\" data-amp-layout=\"responsive\" tabindex=\"0\" role=\"button\" aria-label=\"\u00d6ppna bild 10 av 10 i fullsk\u00e4rm\"\/><\/figure><\/div><\/div><\/div><\/div><\/div>\n","protected":false},"excerpt":{"rendered":"<p>Pedagogik och verksamhet Risgrynet \u00e4r en familj\u00e4r f\u00f6rskola med 36 barn, bel\u00e4gen i R\u00e5sunda n\u00e4ra anrika Filmstaden. Vi erbjuder en&hellip; <a class=\"read-more\" href=\"http:\/\/hoppetossa.com\/risgrynet\/pedagogik-och-verksamhet\/\">L\u00e4s mera<\/a><\/p>\n","protected":false},"author":1,"featured_media":0,"parent":0,"menu_order":0,"comment_status":"closed","ping_status":"closed","template":"","meta":{"_acf_changed":false,"_monsterinsights_skip_tracking":false,"_monsterinsights_sitenote_active":false,"_monsterinsights_sitenote_note":"","_monsterinsights_sitenote_category":0,"footnotes":""},"class_list":["post-7","page","type-page","status-publish","hentry"],"acf":[],"yoast_head":"<!-- This site is optimized with the Yoast SEO plugin v27.5 - https:\/\/yoast.com\/product\/yoast-seo-wordpress\/ -->\n<title>Pedagogik och verksamhet - F\u00f6rskolan Risgrynet<\/title>\n<meta name=\"robots\" content=\"index, follow, max-snippet:-1, max-image-preview:large, max-video-preview:-1\" \/>\n<link rel=\"canonical\" href=\"https:\/\/hoppetossa.com\/risgrynet\/pedagogik-och-verksamhet\/\" \/>\n<meta property=\"og:locale\" content=\"sv_SE\" \/>\n<meta property=\"og:type\" content=\"article\" \/>\n<meta property=\"og:title\" content=\"Pedagogik och verksamhet - F\u00f6rskolan Risgrynet\" \/>\n<meta property=\"og:description\" content=\"Pedagogik och verksamhet Risgrynet \u00e4r en familj\u00e4r f\u00f6rskola med 36 barn, bel\u00e4gen i R\u00e5sunda n\u00e4ra anrika Filmstaden. Vi erbjuder en&hellip; L\u00e4s mera\" \/>\n<meta property=\"og:url\" content=\"https:\/\/hoppetossa.com\/risgrynet\/pedagogik-och-verksamhet\/\" \/>\n<meta property=\"og:site_name\" content=\"F\u00f6rskolan Risgrynet\" \/>\n<meta property=\"article:modified_time\" content=\"2025-01-06T08:32:26+00:00\" \/>\n<meta property=\"og:image\" content=\"https:\/\/i0.wp.com\/hoppetossa.com\/risgrynet\/wp-content\/uploads\/sites\/11\/2024\/12\/img-2536.jpg\" \/>\n<meta name=\"twitter:card\" content=\"summary_large_image\" \/>\n<meta name=\"twitter:label1\" content=\"Ber\u00e4knad l\u00e4stid\" \/>\n\t<meta name=\"twitter:data1\" content=\"4 minuter\" \/>\n<script type=\"application\/ld+json\" class=\"yoast-schema-graph\">{\"@context\":\"https:\\\/\\\/schema.org\",\"@graph\":[{\"@type\":\"WebPage\",\"@id\":\"https:\\\/\\\/hoppetossa.com\\\/risgrynet\\\/pedagogik-och-verksamhet\\\/\",\"url\":\"https:\\\/\\\/hoppetossa.com\\\/risgrynet\\\/pedagogik-och-verksamhet\\\/\",\"name\":\"Pedagogik och verksamhet - F\u00f6rskolan Risgrynet\",\"isPartOf\":{\"@id\":\"https:\\\/\\\/hoppetossa.com\\\/risgrynet\\\/#website\"},\"primaryImageOfPage\":{\"@id\":\"https:\\\/\\\/hoppetossa.com\\\/risgrynet\\\/pedagogik-och-verksamhet\\\/#primaryimage\"},\"image\":{\"@id\":\"https:\\\/\\\/hoppetossa.com\\\/risgrynet\\\/pedagogik-och-verksamhet\\\/#primaryimage\"},\"thumbnailUrl\":\"https:\\\/\\\/i0.wp.com\\\/hoppetossa.com\\\/risgrynet\\\/wp-content\\\/uploads\\\/sites\\\/11\\\/2024\\\/12\\\/img-2536.jpg\",\"datePublished\":\"2021-06-23T07:26:43+00:00\",\"dateModified\":\"2025-01-06T08:32:26+00:00\",\"breadcrumb\":{\"@id\":\"https:\\\/\\\/hoppetossa.com\\\/risgrynet\\\/pedagogik-och-verksamhet\\\/#breadcrumb\"},\"inLanguage\":\"sv-SE\",\"potentialAction\":[{\"@type\":\"ReadAction\",\"target\":[\"https:\\\/\\\/hoppetossa.com\\\/risgrynet\\\/pedagogik-och-verksamhet\\\/\"]}]},{\"@type\":\"ImageObject\",\"inLanguage\":\"sv-SE\",\"@id\":\"https:\\\/\\\/hoppetossa.com\\\/risgrynet\\\/pedagogik-och-verksamhet\\\/#primaryimage\",\"url\":\"https:\\\/\\\/i0.wp.com\\\/hoppetossa.com\\\/risgrynet\\\/wp-content\\\/uploads\\\/sites\\\/11\\\/2024\\\/12\\\/img-2536.jpg\",\"contentUrl\":\"https:\\\/\\\/i0.wp.com\\\/hoppetossa.com\\\/risgrynet\\\/wp-content\\\/uploads\\\/sites\\\/11\\\/2024\\\/12\\\/img-2536.jpg\"},{\"@type\":\"BreadcrumbList\",\"@id\":\"https:\\\/\\\/hoppetossa.com\\\/risgrynet\\\/pedagogik-och-verksamhet\\\/#breadcrumb\",\"itemListElement\":[{\"@type\":\"ListItem\",\"position\":1,\"name\":\"Hem\",\"item\":\"https:\\\/\\\/hoppetossa.com\\\/risgrynet\\\/\"},{\"@type\":\"ListItem\",\"position\":2,\"name\":\"Pedagogik och verksamhet\"}]},{\"@type\":\"WebSite\",\"@id\":\"https:\\\/\\\/hoppetossa.com\\\/risgrynet\\\/#website\",\"url\":\"https:\\\/\\\/hoppetossa.com\\\/risgrynet\\\/\",\"name\":\"F\u00f6rskolan Risgrynet\",\"description\":\"Hoppetossa f\u00f6rskolor\",\"potentialAction\":[{\"@type\":\"SearchAction\",\"target\":{\"@type\":\"EntryPoint\",\"urlTemplate\":\"https:\\\/\\\/hoppetossa.com\\\/risgrynet\\\/?s={search_term_string}\"},\"query-input\":{\"@type\":\"PropertyValueSpecification\",\"valueRequired\":true,\"valueName\":\"search_term_string\"}}],\"inLanguage\":\"sv-SE\"}]}<\/script>\n<!-- \/ Yoast SEO plugin. -->","yoast_head_json":{"title":"Pedagogik och verksamhet - F\u00f6rskolan Risgrynet","robots":{"index":"index","follow":"follow","max-snippet":"max-snippet:-1","max-image-preview":"max-image-preview:large","max-video-preview":"max-video-preview:-1"},"canonical":"https:\/\/hoppetossa.com\/risgrynet\/pedagogik-och-verksamhet\/","og_locale":"sv_SE","og_type":"article","og_title":"Pedagogik och verksamhet - F\u00f6rskolan Risgrynet","og_description":"Pedagogik och verksamhet Risgrynet \u00e4r en familj\u00e4r f\u00f6rskola med 36 barn, bel\u00e4gen i R\u00e5sunda n\u00e4ra anrika Filmstaden. Vi erbjuder en&hellip; L\u00e4s mera","og_url":"https:\/\/hoppetossa.com\/risgrynet\/pedagogik-och-verksamhet\/","og_site_name":"F\u00f6rskolan Risgrynet","article_modified_time":"2025-01-06T08:32:26+00:00","og_image":[{"url":"https:\/\/i0.wp.com\/hoppetossa.com\/risgrynet\/wp-content\/uploads\/sites\/11\/2024\/12\/img-2536.jpg","type":"","width":"","height":""}],"twitter_card":"summary_large_image","twitter_misc":{"Ber\u00e4knad l\u00e4stid":"4 minuter"},"schema":{"@context":"https:\/\/schema.org","@graph":[{"@type":"WebPage","@id":"https:\/\/hoppetossa.com\/risgrynet\/pedagogik-och-verksamhet\/","url":"https:\/\/hoppetossa.com\/risgrynet\/pedagogik-och-verksamhet\/","name":"Pedagogik och verksamhet - F\u00f6rskolan Risgrynet","isPartOf":{"@id":"https:\/\/hoppetossa.com\/risgrynet\/#website"},"primaryImageOfPage":{"@id":"https:\/\/hoppetossa.com\/risgrynet\/pedagogik-och-verksamhet\/#primaryimage"},"image":{"@id":"https:\/\/hoppetossa.com\/risgrynet\/pedagogik-och-verksamhet\/#primaryimage"},"thumbnailUrl":"https:\/\/i0.wp.com\/hoppetossa.com\/risgrynet\/wp-content\/uploads\/sites\/11\/2024\/12\/img-2536.jpg","datePublished":"2021-06-23T07:26:43+00:00","dateModified":"2025-01-06T08:32:26+00:00","breadcrumb":{"@id":"https:\/\/hoppetossa.com\/risgrynet\/pedagogik-och-verksamhet\/#breadcrumb"},"inLanguage":"sv-SE","potentialAction":[{"@type":"ReadAction","target":["https:\/\/hoppetossa.com\/risgrynet\/pedagogik-och-verksamhet\/"]}]},{"@type":"ImageObject","inLanguage":"sv-SE","@id":"https:\/\/hoppetossa.com\/risgrynet\/pedagogik-och-verksamhet\/#primaryimage","url":"https:\/\/i0.wp.com\/hoppetossa.com\/risgrynet\/wp-content\/uploads\/sites\/11\/2024\/12\/img-2536.jpg","contentUrl":"https:\/\/i0.wp.com\/hoppetossa.com\/risgrynet\/wp-content\/uploads\/sites\/11\/2024\/12\/img-2536.jpg"},{"@type":"BreadcrumbList","@id":"https:\/\/hoppetossa.com\/risgrynet\/pedagogik-och-verksamhet\/#breadcrumb","itemListElement":[{"@type":"ListItem","position":1,"name":"Hem","item":"https:\/\/hoppetossa.com\/risgrynet\/"},{"@type":"ListItem","position":2,"name":"Pedagogik och verksamhet"}]},{"@type":"WebSite","@id":"https:\/\/hoppetossa.com\/risgrynet\/#website","url":"https:\/\/hoppetossa.com\/risgrynet\/","name":"F\u00f6rskolan Risgrynet","description":"Hoppetossa f\u00f6rskolor","potentialAction":[{"@type":"SearchAction","target":{"@type":"EntryPoint","urlTemplate":"https:\/\/hoppetossa.com\/risgrynet\/?s={search_term_string}"},"query-input":{"@type":"PropertyValueSpecification","valueRequired":true,"valueName":"search_term_string"}}],"inLanguage":"sv-SE"}]}},"jetpack_sharing_enabled":true,"_links":{"self":[{"href":"http:\/\/hoppetossa.com\/risgrynet\/wp-json\/wp\/v2\/pages\/7","targetHints":{"allow":["GET"]}}],"collection":[{"href":"http:\/\/hoppetossa.com\/risgrynet\/wp-json\/wp\/v2\/pages"}],"about":[{"href":"http:\/\/hoppetossa.com\/risgrynet\/wp-json\/wp\/v2\/types\/page"}],"author":[{"embeddable":true,"href":"http:\/\/hoppetossa.com\/risgrynet\/wp-json\/wp\/v2\/users\/1"}],"replies":[{"embeddable":true,"href":"http:\/\/hoppetossa.com\/risgrynet\/wp-json\/wp\/v2\/comments?post=7"}],"version-history":[{"count":9,"href":"http:\/\/hoppetossa.com\/risgrynet\/wp-json\/wp\/v2\/pages\/7\/revisions"}],"predecessor-version":[{"id":188,"href":"http:\/\/hoppetossa.com\/risgrynet\/wp-json\/wp\/v2\/pages\/7\/revisions\/188"}],"wp:attachment":[{"href":"http:\/\/hoppetossa.com\/risgrynet\/wp-json\/wp\/v2\/media?parent=7"}],"curies":[{"name":"wp","href":"https:\/\/api.w.org\/{rel}","templated":true}]}}