{"id":25,"date":"2018-07-04T15:46:12","date_gmt":"2018-07-04T13:46:12","guid":{"rendered":"http:\/\/hoppetossa.com\/skeppet\/?page_id=25"},"modified":"2025-08-28T09:01:45","modified_gmt":"2025-08-28T07:01:45","slug":"kontakt-och-hitta-hit","status":"publish","type":"page","link":"http:\/\/hoppetossa.com\/skeppet\/kontakt-och-hitta-hit\/","title":{"rendered":"Kontakt och hitta hit"},"content":{"rendered":"\n<h1 class=\"wp-block-heading\">Kontakt och hitta hit<\/h1>\n\n\n\n<p><\/p>\n\n\n\n<div class=\"wp-block-media-text alignwide is-stacked-on-mobile\"><figure class=\"wp-block-media-text__media\"><img data-recalc-dims=\"1\" loading=\"lazy\" decoding=\"async\" width=\"223\" height=\"300\" data-attachment-id=\"26\" data-permalink=\"http:\/\/hoppetossa.com\/skeppet\/kontakt-och-hitta-hit\/skarmavbild-2018-07-04-kl-15-39-58\/\" data-orig-file=\"https:\/\/i0.wp.com\/hoppetossa.com\/skeppet\/wp-content\/uploads\/sites\/8\/2018\/07\/skacc88rmavbild-2018-07-04-kl-15-39-58.png?fit=352%2C473\" data-orig-size=\"352,473\" data-comments-opened=\"0\" data-image-meta=\"{&quot;aperture&quot;:&quot;0&quot;,&quot;credit&quot;:&quot;&quot;,&quot;camera&quot;:&quot;&quot;,&quot;caption&quot;:&quot;&quot;,&quot;created_timestamp&quot;:&quot;0&quot;,&quot;copyright&quot;:&quot;&quot;,&quot;focal_length&quot;:&quot;0&quot;,&quot;iso&quot;:&quot;0&quot;,&quot;shutter_speed&quot;:&quot;0&quot;,&quot;title&quot;:&quot;&quot;,&quot;orientation&quot;:&quot;0&quot;}\" data-image-title=\"Ska\u0308rmavbild 2018-07-04 kl. 15.39.58\" data-image-description=\"\" data-image-caption=\"\" data-large-file=\"https:\/\/i0.wp.com\/hoppetossa.com\/skeppet\/wp-content\/uploads\/sites\/8\/2018\/07\/skacc88rmavbild-2018-07-04-kl-15-39-58.png?fit=352%2C473\" src=\"https:\/\/i0.wp.com\/hoppetossa.com\/skeppet\/wp-content\/uploads\/sites\/8\/2018\/07\/skacc88rmavbild-2018-07-04-kl-15-39-58.png?resize=223%2C300\" alt=\"\" class=\"wp-image-26 size-full img-responsive\" srcset=\"https:\/\/i0.wp.com\/hoppetossa.com\/skeppet\/wp-content\/uploads\/sites\/8\/2018\/07\/skacc88rmavbild-2018-07-04-kl-15-39-58.png?resize=223%2C300 223w, https:\/\/i0.wp.com\/hoppetossa.com\/skeppet\/wp-content\/uploads\/sites\/8\/2018\/07\/skacc88rmavbild-2018-07-04-kl-15-39-58.png?w=352 352w\" sizes=\"auto, (max-width: 223px) 100vw, 223px\" \/><\/figure><div class=\"wp-block-media-text__content\">\n<p><strong>F\u00f6rskolan Skeppet<\/strong><br>Fabrik\u00f6rv\u00e4gen 8<br>131 52 Nacka Strand<\/p>\n<\/div><\/div>\n\n\n\n\n\n<div style=\"height:10px\" aria-hidden=\"true\" class=\"wp-block-spacer\"><\/div>\n\n\n\n<p><a href=\"http:\/\/hoppetossa.com\/skeppet\/synpunkter-och-forslag\/\">Rutiner vid klagom\u00e5l<\/a><\/p>\n\n\n\n<div style=\"height:10px\" aria-hidden=\"true\" class=\"wp-block-spacer\"><\/div>\n\n\n\n<h2 class=\"wp-block-heading\"><strong>Kontaktuppgifter<\/strong><\/h2>\n\n\n\n<p><em>Avdelningen Ankaret:&nbsp;076-942 93 53<br>Avdelning Bojen:&nbsp;079-062 58 83<br>Avdelningen Kartan: 070-759 34 40<br>Avdelningen Seglet:&nbsp;073-502 85 32<\/em><\/p>\n\n\n\n<p><em>Kontaktuppgifter till platsansvarig:&nbsp;<\/em><em><a href=\"mailto:platsansvarig.skeppet@hoppetossa.com\">platsansvarig.skeppet@hoppetossa.com<\/a><\/em><\/p>\n\n\n\n<p><em>Kontaktuppgifter till skolledning:&nbsp;<\/em><em><a href=\"mailto:skeppet@hoppetossa.com\">skeppet@hoppetossa.com<\/a><\/em><\/p>\n\n\n\n<h2 class=\"wp-block-heading\">\u00d6vrigt<\/h2>\n\n\n\n<p><a href=\"http:\/\/hoppetossa.com\/skeppet\/var-ko\/\">V\u00e5r k\u00f6<\/a><br><a href=\"https:\/\/www.facebook.com\/ForskolanSkeppet\">V\u00e5r facebook-sida<\/a><\/p>\n\n\n\n<h2 class=\"wp-block-heading\"><strong>Hur hittar du till oss?<\/strong><\/h2>\n\n\n\n<p><em>Med kollektivtrafik:&nbsp;<\/em>N\u00e4rmsta bussh\u00e5llplats \u00e4r Nacka Strand, d\u00e4rifr\u00e5n \u00e4r det knappt 200m att g\u00e5 till f\u00f6rskolan. Det tar ca 15 minuter med buss till Slussen. N\u00e4rmsta b\u00e5th\u00e5llplats heter ocks\u00e5 Nacka Strand, d\u00e4rifr\u00e5n \u00e4r det 350m att g\u00e5 till f\u00f6rskolan. Det tar sedan 30 minuter med b\u00e5t till Nybroplan.<\/p>\n\n\n\n<p><em>Med bil:&nbsp;<\/em>Ta av vid Trafikplats Nacka fr\u00e5n v\u00e4g 222 f\u00f6r att komma till f\u00f6rskolan Skeppet. Forts\u00e4tt sedan p\u00e5 Augustendalsv\u00e4gen till du kommer till Fabrik\u00f6rsv\u00e4gen.<\/p>\n\n\n\n<h2 class=\"wp-block-heading\">Rutiner f\u00f6r klagom\u00e5lshantering<\/h2>\n\n\n\n<p>Enligt skollagen 4 kap. 8\u00a7 skall huvudmannen ha skriftliga rutiner f\u00f6r att ta emot och utreda klagom\u00e5l mot utbildningen. Ifall du som v\u00e5rdnadshavare har synpunkter eller klagom\u00e5l p\u00e5 f\u00f6rskolan vill vi g\u00e4rna veta det. Vi ser det som ett tillf\u00e4lle att f\u00f6rb\u00e4ttra v\u00e5r verksamhet.<\/p>\n\n\n\n<p>L\u00e4s mer h\u00e4r: <a href=\"http:\/\/hoppetossa.com\/skeppet\/synpunkter-och-forslag\/\">http:\/\/hoppetossa.com\/skeppet\/synpunkter-och-forslag\/<\/a><\/p>\n\n\n\n<p><\/p>\n\n\n\n\n\n<div style=\"height:21px\" aria-hidden=\"true\" class=\"wp-block-spacer\"><\/div>\n","protected":false},"excerpt":{"rendered":"<p>Kontakt och hitta hit F\u00f6rskolan SkeppetFabrik\u00f6rv\u00e4gen 8131 52 Nacka Strand Rutiner vid klagom\u00e5l Kontaktuppgifter Avdelningen Ankaret:&nbsp;076-942 93 53Avdelning Bojen:&nbsp;079-062 58&hellip; <a class=\"read-more\" href=\"http:\/\/hoppetossa.com\/skeppet\/kontakt-och-hitta-hit\/\">L\u00e4s mera<\/a><\/p>\n","protected":false},"author":1,"featured_media":0,"parent":0,"menu_order":0,"comment_status":"closed","ping_status":"closed","template":"","meta":{"_acf_changed":false,"_monsterinsights_skip_tracking":false,"_monsterinsights_sitenote_active":false,"_monsterinsights_sitenote_note":"","_monsterinsights_sitenote_category":0,"jetpack_post_was_ever_published":false,"footnotes":""},"class_list":["post-25","page","type-page","status-publish","hentry"],"acf":[],"yoast_head":"<!-- This site is optimized with the Yoast SEO plugin v27.5 - https:\/\/yoast.com\/product\/yoast-seo-wordpress\/ -->\n<title>Kontakt och hitta hit - F\u00f6rskolan Skeppet<\/title>\n<meta name=\"robots\" content=\"index, follow, max-snippet:-1, max-image-preview:large, max-video-preview:-1\" \/>\n<link rel=\"canonical\" href=\"https:\/\/hoppetossa.com\/skeppet\/kontakt-och-hitta-hit\/\" \/>\n<meta property=\"og:locale\" content=\"sv_SE\" \/>\n<meta property=\"og:type\" content=\"article\" \/>\n<meta property=\"og:title\" content=\"Kontakt och hitta hit - F\u00f6rskolan Skeppet\" \/>\n<meta property=\"og:description\" content=\"Kontakt och hitta hit F\u00f6rskolan SkeppetFabrik\u00f6rv\u00e4gen 8131 52 Nacka Strand Rutiner vid klagom\u00e5l Kontaktuppgifter Avdelningen Ankaret:&nbsp;076-942 93 53Avdelning Bojen:&nbsp;079-062 58&hellip; L\u00e4s mera\" \/>\n<meta property=\"og:url\" content=\"https:\/\/hoppetossa.com\/skeppet\/kontakt-och-hitta-hit\/\" \/>\n<meta property=\"og:site_name\" content=\"F\u00f6rskolan Skeppet\" \/>\n<meta property=\"article:modified_time\" content=\"2025-08-28T07:01:45+00:00\" \/>\n<meta property=\"og:image\" content=\"http:\/\/hoppetossa.com\/skeppet\/wp-content\/uploads\/sites\/8\/2018\/07\/skacc88rmavbild-2018-07-04-kl-15-39-58-223x300.png\" \/>\n<meta name=\"twitter:card\" content=\"summary_large_image\" \/>\n<meta name=\"twitter:label1\" content=\"Ber\u00e4knad l\u00e4stid\" \/>\n\t<meta name=\"twitter:data1\" content=\"2 minuter\" \/>\n<script type=\"application\/ld+json\" class=\"yoast-schema-graph\">{\"@context\":\"https:\\\/\\\/schema.org\",\"@graph\":[{\"@type\":\"WebPage\",\"@id\":\"https:\\\/\\\/hoppetossa.com\\\/skeppet\\\/kontakt-och-hitta-hit\\\/\",\"url\":\"https:\\\/\\\/hoppetossa.com\\\/skeppet\\\/kontakt-och-hitta-hit\\\/\",\"name\":\"Kontakt och hitta hit - F\u00f6rskolan Skeppet\",\"isPartOf\":{\"@id\":\"https:\\\/\\\/hoppetossa.com\\\/skeppet\\\/#website\"},\"primaryImageOfPage\":{\"@id\":\"https:\\\/\\\/hoppetossa.com\\\/skeppet\\\/kontakt-och-hitta-hit\\\/#primaryimage\"},\"image\":{\"@id\":\"https:\\\/\\\/hoppetossa.com\\\/skeppet\\\/kontakt-och-hitta-hit\\\/#primaryimage\"},\"thumbnailUrl\":\"http:\\\/\\\/hoppetossa.com\\\/skeppet\\\/wp-content\\\/uploads\\\/sites\\\/8\\\/2018\\\/07\\\/skacc88rmavbild-2018-07-04-kl-15-39-58-223x300.png\",\"datePublished\":\"2018-07-04T13:46:12+00:00\",\"dateModified\":\"2025-08-28T07:01:45+00:00\",\"breadcrumb\":{\"@id\":\"https:\\\/\\\/hoppetossa.com\\\/skeppet\\\/kontakt-och-hitta-hit\\\/#breadcrumb\"},\"inLanguage\":\"sv-SE\",\"potentialAction\":[{\"@type\":\"ReadAction\",\"target\":[\"https:\\\/\\\/hoppetossa.com\\\/skeppet\\\/kontakt-och-hitta-hit\\\/\"]}]},{\"@type\":\"ImageObject\",\"inLanguage\":\"sv-SE\",\"@id\":\"https:\\\/\\\/hoppetossa.com\\\/skeppet\\\/kontakt-och-hitta-hit\\\/#primaryimage\",\"url\":\"https:\\\/\\\/i0.wp.com\\\/hoppetossa.com\\\/skeppet\\\/wp-content\\\/uploads\\\/sites\\\/8\\\/2018\\\/07\\\/skacc88rmavbild-2018-07-04-kl-15-39-58.png?fit=352%2C473\",\"contentUrl\":\"https:\\\/\\\/i0.wp.com\\\/hoppetossa.com\\\/skeppet\\\/wp-content\\\/uploads\\\/sites\\\/8\\\/2018\\\/07\\\/skacc88rmavbild-2018-07-04-kl-15-39-58.png?fit=352%2C473\",\"width\":352,\"height\":473},{\"@type\":\"BreadcrumbList\",\"@id\":\"https:\\\/\\\/hoppetossa.com\\\/skeppet\\\/kontakt-och-hitta-hit\\\/#breadcrumb\",\"itemListElement\":[{\"@type\":\"ListItem\",\"position\":1,\"name\":\"Hem\",\"item\":\"https:\\\/\\\/hoppetossa.com\\\/skeppet\\\/\"},{\"@type\":\"ListItem\",\"position\":2,\"name\":\"Kontakt och hitta hit\"}]},{\"@type\":\"WebSite\",\"@id\":\"https:\\\/\\\/hoppetossa.com\\\/skeppet\\\/#website\",\"url\":\"https:\\\/\\\/hoppetossa.com\\\/skeppet\\\/\",\"name\":\"F\u00f6rskolan Skeppet\",\"description\":\"En till Hoppetossa-webbplatser webbplats\",\"potentialAction\":[{\"@type\":\"SearchAction\",\"target\":{\"@type\":\"EntryPoint\",\"urlTemplate\":\"https:\\\/\\\/hoppetossa.com\\\/skeppet\\\/?s={search_term_string}\"},\"query-input\":{\"@type\":\"PropertyValueSpecification\",\"valueRequired\":true,\"valueName\":\"search_term_string\"}}],\"inLanguage\":\"sv-SE\"}]}<\/script>\n<!-- \/ Yoast SEO plugin. -->","yoast_head_json":{"title":"Kontakt och hitta hit - F\u00f6rskolan Skeppet","robots":{"index":"index","follow":"follow","max-snippet":"max-snippet:-1","max-image-preview":"max-image-preview:large","max-video-preview":"max-video-preview:-1"},"canonical":"https:\/\/hoppetossa.com\/skeppet\/kontakt-och-hitta-hit\/","og_locale":"sv_SE","og_type":"article","og_title":"Kontakt och hitta hit - F\u00f6rskolan Skeppet","og_description":"Kontakt och hitta hit F\u00f6rskolan SkeppetFabrik\u00f6rv\u00e4gen 8131 52 Nacka Strand Rutiner vid klagom\u00e5l Kontaktuppgifter Avdelningen Ankaret:&nbsp;076-942 93 53Avdelning Bojen:&nbsp;079-062 58&hellip; L\u00e4s mera","og_url":"https:\/\/hoppetossa.com\/skeppet\/kontakt-och-hitta-hit\/","og_site_name":"F\u00f6rskolan Skeppet","article_modified_time":"2025-08-28T07:01:45+00:00","og_image":[{"url":"http:\/\/hoppetossa.com\/skeppet\/wp-content\/uploads\/sites\/8\/2018\/07\/skacc88rmavbild-2018-07-04-kl-15-39-58-223x300.png","type":"","width":"","height":""}],"twitter_card":"summary_large_image","twitter_misc":{"Ber\u00e4knad l\u00e4stid":"2 minuter"},"schema":{"@context":"https:\/\/schema.org","@graph":[{"@type":"WebPage","@id":"https:\/\/hoppetossa.com\/skeppet\/kontakt-och-hitta-hit\/","url":"https:\/\/hoppetossa.com\/skeppet\/kontakt-och-hitta-hit\/","name":"Kontakt och hitta hit - F\u00f6rskolan Skeppet","isPartOf":{"@id":"https:\/\/hoppetossa.com\/skeppet\/#website"},"primaryImageOfPage":{"@id":"https:\/\/hoppetossa.com\/skeppet\/kontakt-och-hitta-hit\/#primaryimage"},"image":{"@id":"https:\/\/hoppetossa.com\/skeppet\/kontakt-och-hitta-hit\/#primaryimage"},"thumbnailUrl":"http:\/\/hoppetossa.com\/skeppet\/wp-content\/uploads\/sites\/8\/2018\/07\/skacc88rmavbild-2018-07-04-kl-15-39-58-223x300.png","datePublished":"2018-07-04T13:46:12+00:00","dateModified":"2025-08-28T07:01:45+00:00","breadcrumb":{"@id":"https:\/\/hoppetossa.com\/skeppet\/kontakt-och-hitta-hit\/#breadcrumb"},"inLanguage":"sv-SE","potentialAction":[{"@type":"ReadAction","target":["https:\/\/hoppetossa.com\/skeppet\/kontakt-och-hitta-hit\/"]}]},{"@type":"ImageObject","inLanguage":"sv-SE","@id":"https:\/\/hoppetossa.com\/skeppet\/kontakt-och-hitta-hit\/#primaryimage","url":"https:\/\/i0.wp.com\/hoppetossa.com\/skeppet\/wp-content\/uploads\/sites\/8\/2018\/07\/skacc88rmavbild-2018-07-04-kl-15-39-58.png?fit=352%2C473","contentUrl":"https:\/\/i0.wp.com\/hoppetossa.com\/skeppet\/wp-content\/uploads\/sites\/8\/2018\/07\/skacc88rmavbild-2018-07-04-kl-15-39-58.png?fit=352%2C473","width":352,"height":473},{"@type":"BreadcrumbList","@id":"https:\/\/hoppetossa.com\/skeppet\/kontakt-och-hitta-hit\/#breadcrumb","itemListElement":[{"@type":"ListItem","position":1,"name":"Hem","item":"https:\/\/hoppetossa.com\/skeppet\/"},{"@type":"ListItem","position":2,"name":"Kontakt och hitta hit"}]},{"@type":"WebSite","@id":"https:\/\/hoppetossa.com\/skeppet\/#website","url":"https:\/\/hoppetossa.com\/skeppet\/","name":"F\u00f6rskolan Skeppet","description":"En till Hoppetossa-webbplatser webbplats","potentialAction":[{"@type":"SearchAction","target":{"@type":"EntryPoint","urlTemplate":"https:\/\/hoppetossa.com\/skeppet\/?s={search_term_string}"},"query-input":{"@type":"PropertyValueSpecification","valueRequired":true,"valueName":"search_term_string"}}],"inLanguage":"sv-SE"}]}},"jetpack_sharing_enabled":true,"jetpack_shortlink":"https:\/\/wp.me\/Pa2e2P-p","jetpack-related-posts":[],"_links":{"self":[{"href":"http:\/\/hoppetossa.com\/skeppet\/wp-json\/wp\/v2\/pages\/25","targetHints":{"allow":["GET"]}}],"collection":[{"href":"http:\/\/hoppetossa.com\/skeppet\/wp-json\/wp\/v2\/pages"}],"about":[{"href":"http:\/\/hoppetossa.com\/skeppet\/wp-json\/wp\/v2\/types\/page"}],"author":[{"embeddable":true,"href":"http:\/\/hoppetossa.com\/skeppet\/wp-json\/wp\/v2\/users\/1"}],"replies":[{"embeddable":true,"href":"http:\/\/hoppetossa.com\/skeppet\/wp-json\/wp\/v2\/comments?post=25"}],"version-history":[{"count":24,"href":"http:\/\/hoppetossa.com\/skeppet\/wp-json\/wp\/v2\/pages\/25\/revisions"}],"predecessor-version":[{"id":646,"href":"http:\/\/hoppetossa.com\/skeppet\/wp-json\/wp\/v2\/pages\/25\/revisions\/646"}],"wp:attachment":[{"href":"http:\/\/hoppetossa.com\/skeppet\/wp-json\/wp\/v2\/media?parent=25"}],"curies":[{"name":"wp","href":"https:\/\/api.w.org\/{rel}","templated":true}]}}