{"id":30,"date":"2018-07-04T15:48:51","date_gmt":"2018-07-04T13:48:51","guid":{"rendered":"http:\/\/hoppetossa.com\/skeppet\/?page_id=30"},"modified":"2024-12-18T16:05:18","modified_gmt":"2024-12-18T15:05:18","slug":"ovrig-information","status":"publish","type":"page","link":"http:\/\/hoppetossa.com\/skeppet\/ovrig-information\/","title":{"rendered":"F\u00f6rskola och hem"},"content":{"rendered":"\n\n\n\n\n<h1 class=\"wp-block-heading\">F\u00f6rskola och hem<\/h1>\n\n\n\n<figure class=\"wp-block-gallery has-nested-images columns-default is-cropped wp-block-gallery-1 is-layout-flex wp-block-gallery-is-layout-flex\">\n<figure class=\"wp-block-image size-full\"><img data-recalc-dims=\"1\" loading=\"lazy\" decoding=\"async\" width=\"702\" height=\"702\" data-attachment-id=\"471\" data-permalink=\"http:\/\/hoppetossa.com\/skeppet\/skeppet-naturvetenskap\/\" data-orig-file=\"https:\/\/i0.wp.com\/hoppetossa.com\/skeppet\/wp-content\/uploads\/sites\/8\/2022\/11\/skeppet-naturvetenskap.png?fit=702%2C702\" data-orig-size=\"702,702\" data-comments-opened=\"1\" data-image-meta=\"{&quot;aperture&quot;:&quot;0&quot;,&quot;credit&quot;:&quot;&quot;,&quot;camera&quot;:&quot;&quot;,&quot;caption&quot;:&quot;&quot;,&quot;created_timestamp&quot;:&quot;0&quot;,&quot;copyright&quot;:&quot;&quot;,&quot;focal_length&quot;:&quot;0&quot;,&quot;iso&quot;:&quot;0&quot;,&quot;shutter_speed&quot;:&quot;0&quot;,&quot;title&quot;:&quot;&quot;,&quot;orientation&quot;:&quot;0&quot;}\" data-image-title=\"Skeppet_naturvetenskap\" data-image-description=\"\" data-image-caption=\"\" data-large-file=\"https:\/\/i0.wp.com\/hoppetossa.com\/skeppet\/wp-content\/uploads\/sites\/8\/2022\/11\/skeppet-naturvetenskap.png?fit=702%2C702\" data-id=\"471\" src=\"https:\/\/i0.wp.com\/hoppetossa.com\/skeppet\/wp-content\/uploads\/sites\/8\/2022\/11\/skeppet-naturvetenskap.png?resize=702%2C702\" alt=\"\" class=\"wp-image-471 img-responsive\" srcset=\"https:\/\/i0.wp.com\/hoppetossa.com\/skeppet\/wp-content\/uploads\/sites\/8\/2022\/11\/skeppet-naturvetenskap.png?w=702 702w, https:\/\/i0.wp.com\/hoppetossa.com\/skeppet\/wp-content\/uploads\/sites\/8\/2022\/11\/skeppet-naturvetenskap.png?resize=300%2C300 300w, https:\/\/i0.wp.com\/hoppetossa.com\/skeppet\/wp-content\/uploads\/sites\/8\/2022\/11\/skeppet-naturvetenskap.png?resize=150%2C150 150w\" sizes=\"auto, (max-width: 702px) 100vw, 702px\" \/><\/figure>\n\n\n\n<figure class=\"wp-block-image size-full\"><img data-recalc-dims=\"1\" loading=\"lazy\" decoding=\"async\" width=\"872\" height=\"872\" data-attachment-id=\"470\" data-permalink=\"http:\/\/hoppetossa.com\/skeppet\/skeppet-matematik\/\" data-orig-file=\"https:\/\/i0.wp.com\/hoppetossa.com\/skeppet\/wp-content\/uploads\/sites\/8\/2022\/11\/skeppet-matematik.png?fit=872%2C872\" data-orig-size=\"872,872\" data-comments-opened=\"1\" data-image-meta=\"{&quot;aperture&quot;:&quot;0&quot;,&quot;credit&quot;:&quot;&quot;,&quot;camera&quot;:&quot;&quot;,&quot;caption&quot;:&quot;&quot;,&quot;created_timestamp&quot;:&quot;0&quot;,&quot;copyright&quot;:&quot;&quot;,&quot;focal_length&quot;:&quot;0&quot;,&quot;iso&quot;:&quot;0&quot;,&quot;shutter_speed&quot;:&quot;0&quot;,&quot;title&quot;:&quot;&quot;,&quot;orientation&quot;:&quot;0&quot;}\" data-image-title=\"Skeppet_matematik\" data-image-description=\"\" data-image-caption=\"\" data-large-file=\"https:\/\/i0.wp.com\/hoppetossa.com\/skeppet\/wp-content\/uploads\/sites\/8\/2022\/11\/skeppet-matematik.png?fit=872%2C872\" data-id=\"470\" src=\"https:\/\/i0.wp.com\/hoppetossa.com\/skeppet\/wp-content\/uploads\/sites\/8\/2022\/11\/skeppet-matematik.png?resize=872%2C872\" alt=\"\" class=\"wp-image-470 img-responsive\" srcset=\"https:\/\/i0.wp.com\/hoppetossa.com\/skeppet\/wp-content\/uploads\/sites\/8\/2022\/11\/skeppet-matematik.png?w=872 872w, https:\/\/i0.wp.com\/hoppetossa.com\/skeppet\/wp-content\/uploads\/sites\/8\/2022\/11\/skeppet-matematik.png?resize=300%2C300 300w, https:\/\/i0.wp.com\/hoppetossa.com\/skeppet\/wp-content\/uploads\/sites\/8\/2022\/11\/skeppet-matematik.png?resize=150%2C150 150w, https:\/\/i0.wp.com\/hoppetossa.com\/skeppet\/wp-content\/uploads\/sites\/8\/2022\/11\/skeppet-matematik.png?resize=768%2C768 768w\" sizes=\"auto, (max-width: 872px) 100vw, 872px\" \/><\/figure>\n\n\n\n<figure class=\"wp-block-image size-large\"><img data-recalc-dims=\"1\" loading=\"lazy\" decoding=\"async\" width=\"699\" height=\"1024\" data-attachment-id=\"315\" data-permalink=\"http:\/\/hoppetossa.com\/skeppet\/2019\/11\/05\/form-fargprojekt-och-kolla-kultur\/img_1394\/\" data-orig-file=\"https:\/\/i0.wp.com\/hoppetossa.com\/skeppet\/wp-content\/uploads\/sites\/8\/2019\/11\/img_1394.jpg?fit=732%2C1073\" data-orig-size=\"732,1073\" data-comments-opened=\"0\" data-image-meta=\"{&quot;aperture&quot;:&quot;0&quot;,&quot;credit&quot;:&quot;&quot;,&quot;camera&quot;:&quot;&quot;,&quot;caption&quot;:&quot;&quot;,&quot;created_timestamp&quot;:&quot;0&quot;,&quot;copyright&quot;:&quot;&quot;,&quot;focal_length&quot;:&quot;0&quot;,&quot;iso&quot;:&quot;0&quot;,&quot;shutter_speed&quot;:&quot;0&quot;,&quot;title&quot;:&quot;&quot;,&quot;orientation&quot;:&quot;0&quot;}\" data-image-title=\"IMG_1394\" data-image-description=\"\" data-image-caption=\"\" data-large-file=\"https:\/\/i0.wp.com\/hoppetossa.com\/skeppet\/wp-content\/uploads\/sites\/8\/2019\/11\/img_1394.jpg?fit=699%2C1024\" data-id=\"315\" src=\"https:\/\/i0.wp.com\/hoppetossa.com\/skeppet\/wp-content\/uploads\/sites\/8\/2019\/11\/img_1394.jpg?resize=699%2C1024\" alt=\"\" class=\"wp-image-315 img-responsive\" srcset=\"https:\/\/i0.wp.com\/hoppetossa.com\/skeppet\/wp-content\/uploads\/sites\/8\/2019\/11\/img_1394.jpg?resize=699%2C1024 699w, https:\/\/i0.wp.com\/hoppetossa.com\/skeppet\/wp-content\/uploads\/sites\/8\/2019\/11\/img_1394.jpg?resize=205%2C300 205w, https:\/\/i0.wp.com\/hoppetossa.com\/skeppet\/wp-content\/uploads\/sites\/8\/2019\/11\/img_1394.jpg?w=732 732w\" sizes=\"auto, (max-width: 699px) 100vw, 699px\" \/><\/figure>\n<\/figure>\n\n\n<p><span class=\"NormalTextRun SCXW216944128 BCX0\">Vi arbetar medvetet f\u00f6r att skapa <\/span><span class=\"FindHit SCXW216944128 BCX0\">trygghet<\/span><span class=\"NormalTextRun SCXW216944128 BCX0\"> f\u00f6r barn och v\u00e5rdnadshavare. <\/span>F\u00f6r oss \u00e4r det viktigt att vi, f\u00f6rskola &#8211; hem, samarbetar och utvecklar en tillitsfull relation. Vi bjuder in v\u00e5rdnadshavare till samverkan och det dagliga m\u00f6tet berikar och utvecklar verksamheten. Hos oss finns olika m\u00f6tesplatser f\u00f6r dialog som; f\u00f6rskoler\u00e5d\/samverkansr\u00e5d, utvecklingssamtal, f\u00f6rskolans app och f\u00f6r\u00e4ldram\u00f6ten.<\/p>\n<h2 class=\"wp-block-heading\">Introduktion \u2013 n\u00e4r ert barn b\u00f6rjar f\u00f6rskolan<\/h2>\n<p>Innan introduktionen tar f\u00f6rskolans pedagoger kontakt med er f\u00f6r att delge er information inf\u00f6r inskolningen. I samband med inskolningen sker \u00e4ven samtal mellan er och f\u00f6rskolan, syftet \u00e4r att ni f\u00e5r m\u00f6jlighet att ber\u00e4tta om ert barn och p\u00e5 vilket s\u00e4tt f\u00f6rskolan kan bidra till trivsel, utveckling och l\u00e4rande. <span class=\"NormalTextRun SCXW90185654 BCX0\">Vid inskolningsperioden \u00e4r v\u00e5rt syfte att barnen ska kunna k\u00e4nna sig v\u00e4lkomna d\u00e4r vi f\u00f6rs\u00f6ker att skapa relation med barnen f\u00f6r deras <\/span><span class=\"FindHit SCXW90185654 BCX0\">trygghet<\/span><span class=\"NormalTextRun SCXW90185654 BCX0\"> och tillit till oss pedagoger. <\/span><\/p>\n\n\n<h2 class=\"wp-block-heading\">\u00d6ppettider<\/h2>\n\n\n<div class=\"wp-block-image\">\n<figure class=\"alignleft\"><img data-recalc-dims=\"1\" loading=\"lazy\" decoding=\"async\" width=\"150\" height=\"150\" data-attachment-id=\"107\" data-permalink=\"http:\/\/hoppetossa.com\/skeppet\/2018\/09\/10\/forsta-platserbjudanden-utskickade\/jollen1\/\" data-orig-file=\"https:\/\/i0.wp.com\/hoppetossa.com\/skeppet\/wp-content\/uploads\/sites\/8\/2018\/09\/jollen1.jpg?fit=3264%2C2448\" data-orig-size=\"3264,2448\" data-comments-opened=\"0\" data-image-meta=\"{&quot;aperture&quot;:&quot;0&quot;,&quot;credit&quot;:&quot;&quot;,&quot;camera&quot;:&quot;&quot;,&quot;caption&quot;:&quot;&quot;,&quot;created_timestamp&quot;:&quot;0&quot;,&quot;copyright&quot;:&quot;&quot;,&quot;focal_length&quot;:&quot;0&quot;,&quot;iso&quot;:&quot;0&quot;,&quot;shutter_speed&quot;:&quot;0&quot;,&quot;title&quot;:&quot;&quot;,&quot;orientation&quot;:&quot;1&quot;}\" data-image-title=\"Skeppet\" data-image-description=\"\" data-image-caption=\"\" data-large-file=\"https:\/\/i0.wp.com\/hoppetossa.com\/skeppet\/wp-content\/uploads\/sites\/8\/2018\/09\/jollen1.jpg?fit=1024%2C768\" src=\"https:\/\/i0.wp.com\/hoppetossa.com\/skeppet\/wp-content\/uploads\/sites\/8\/2018\/09\/jollen1.jpg?resize=150%2C150\" alt=\"\" class=\"wp-image-107 img-responsive\" srcset=\"https:\/\/i0.wp.com\/hoppetossa.com\/skeppet\/wp-content\/uploads\/sites\/8\/2018\/09\/jollen1.jpg?resize=150%2C150 150w, https:\/\/i0.wp.com\/hoppetossa.com\/skeppet\/wp-content\/uploads\/sites\/8\/2018\/09\/jollen1.jpg?zoom=2&amp;resize=150%2C150 300w, https:\/\/i0.wp.com\/hoppetossa.com\/skeppet\/wp-content\/uploads\/sites\/8\/2018\/09\/jollen1.jpg?zoom=3&amp;resize=150%2C150 450w\" sizes=\"auto, (max-width: 150px) 100vw, 150px\" \/><\/figure>\n<\/div>\n\n\n<p>Skeppet f\u00f6ljer Nacka kommuns riktlinjer.<\/p>\n\n\n\n<p>Vid inskrivning av nytt barn samt i b\u00f6rjan av varje termin samlar vi in v\u00e5rdnadshavares behov av barnomsorg f\u00f6r den kommande terminen. Sj\u00e4lvfallet g\u00e5r det att \u00e4ndra tider \u00e4ven under terminens g\u00e5ng. F\u00f6r permanenta f\u00f6r\u00e4ndringar ber vi dock att detta g\u00f6rs minst en m\u00e5nad i f\u00f6rv\u00e4g.<\/p>\n\n\n\n<p>V\u00e5rdnadshavare ansvarar f\u00f6r att den avtalade tiden h\u00e5lls.<\/p>\n\n\n\n<h2 class=\"wp-block-heading\">K\u00f6regler<\/h2>\n\n\n\n<p>V\u00e5r f\u00f6rskola&nbsp;\u00e4r med i Nacka kommuns gemensamma k\u00f6, vilket inneb\u00e4r att vi f\u00f6ljer Nacka kommuns urvalsregler. V\u00e5r k\u00f6 hittar ni h\u00e4r:&nbsp;<a href=\"http:\/\/hoppetossa.com\/skeppet\/var-ko\/\">http:\/\/hoppetossa.com\/skeppet\/var-ko\/<\/a>.<\/p>\n\n\n\n<h2 class=\"wp-block-heading\">M\u00e5nadsavgift<\/h2>\n\n\n\n<p>M\u00e5nadsavgiften f\u00f6ljer den kommunala maxtaxan, och administreras av Nacka kommun.&nbsp; N\u00e5gon avgift\/kostnad ut\u00f6ver maxtaxan f\u00e5r inte tas ut f\u00f6r en plats i f\u00f6rskolan, och detta g\u00f6r vi sj\u00e4lvfallet&nbsp;<strong>inte<\/strong>&nbsp;i v\u00e5r f\u00f6rskola.<\/p>\n\n\n\n<h2 class=\"wp-block-heading\">Upps\u00e4gningstid<\/h2>\n\n\n\n<p>En v\u00e5rdnadshavares upps\u00e4gningstid av sitt barns plats i en f\u00f6rskola \u00e4r en m\u00e5nad. Man betalar m\u00e5nadsavgift under upps\u00e4gningstiden.<\/p>\n\n\n\n<h2 class=\"wp-block-heading\">Olycksfallsf\u00f6rs\u00e4kring<\/h2>\n\n\n\n<p>Alla barn i Nacka omfattas av en kollektiv olycksfallsf\u00f6rs\u00e4kring som g\u00e4ller under skoltid och fritid. V\u00e5rdnadshavare anm\u00e4ler olycksfall via f\u00f6rs\u00e4kringsbolagets hemsida. D\u00e4r finns \u00e4ven information om villkor och produktblad samt kontaktuppgifter till f\u00f6rs\u00e4kringsbolaget.<\/p>\n\n\n\n<p>Har du fr\u00e5gor om Nacka kommuns f\u00f6rs\u00e4kringar?<br>Kontakta s\u00e4kerhetssamordnare <a title=\"mailto:jan.landstrom@nacka.se\" contenteditable=\"false\" href=\"mailto:jan.landstrom@nacka.se\">Jan Landstr\u00f6m<\/a>, telefon 08-718 80 00.<\/p>\n\n\n\n<p>Nacka kommun har tecknat f\u00f6rs\u00e4kringar genom Stockholmsregionens F\u00f6rs\u00e4kring AB.<\/p>\n\n\n\n\n\n<div style=\"height:20px\" aria-hidden=\"true\" class=\"wp-block-spacer\"><\/div>\n","protected":false},"excerpt":{"rendered":"<p>F\u00f6rskola och hem Vi arbetar medvetet f\u00f6r att skapa trygghet f\u00f6r barn och v\u00e5rdnadshavare. F\u00f6r oss \u00e4r det viktigt att&hellip; <a class=\"read-more\" href=\"http:\/\/hoppetossa.com\/skeppet\/ovrig-information\/\">L\u00e4s mera<\/a><\/p>\n","protected":false},"author":1,"featured_media":0,"parent":0,"menu_order":0,"comment_status":"closed","ping_status":"closed","template":"","meta":{"_acf_changed":false,"_monsterinsights_skip_tracking":false,"_monsterinsights_sitenote_active":false,"_monsterinsights_sitenote_note":"","_monsterinsights_sitenote_category":0,"footnotes":""},"class_list":["post-30","page","type-page","status-publish","hentry"],"acf":[],"yoast_head":"<!-- This site is optimized with the Yoast SEO plugin v27.5 - https:\/\/yoast.com\/product\/yoast-seo-wordpress\/ -->\n<title>F\u00f6rskola och hem - F\u00f6rskolan Skeppet<\/title>\n<meta name=\"robots\" content=\"index, follow, max-snippet:-1, max-image-preview:large, max-video-preview:-1\" \/>\n<link rel=\"canonical\" href=\"http:\/\/hoppetossa.com\/skeppet\/ovrig-information\/\" \/>\n<meta property=\"og:locale\" content=\"sv_SE\" \/>\n<meta property=\"og:type\" content=\"article\" \/>\n<meta property=\"og:title\" content=\"F\u00f6rskola och hem - F\u00f6rskolan Skeppet\" \/>\n<meta property=\"og:description\" content=\"F\u00f6rskola och hem Vi arbetar medvetet f\u00f6r att skapa trygghet f\u00f6r barn och v\u00e5rdnadshavare. F\u00f6r oss \u00e4r det viktigt att&hellip; L\u00e4s mera\" \/>\n<meta property=\"og:url\" content=\"http:\/\/hoppetossa.com\/skeppet\/ovrig-information\/\" \/>\n<meta property=\"og:site_name\" content=\"F\u00f6rskolan Skeppet\" \/>\n<meta property=\"article:modified_time\" content=\"2024-12-18T15:05:18+00:00\" \/>\n<meta property=\"og:image\" content=\"http:\/\/hoppetossa.com\/skeppet\/wp-content\/uploads\/sites\/8\/2022\/11\/skeppet-naturvetenskap.png\" \/>\n<meta name=\"twitter:card\" content=\"summary_large_image\" \/>\n<meta name=\"twitter:label1\" content=\"Ber\u00e4knad l\u00e4stid\" \/>\n\t<meta name=\"twitter:data1\" content=\"3 minuter\" \/>\n<script type=\"application\/ld+json\" class=\"yoast-schema-graph\">{\"@context\":\"https:\\\/\\\/schema.org\",\"@graph\":[{\"@type\":\"WebPage\",\"@id\":\"http:\\\/\\\/hoppetossa.com\\\/skeppet\\\/ovrig-information\\\/\",\"url\":\"http:\\\/\\\/hoppetossa.com\\\/skeppet\\\/ovrig-information\\\/\",\"name\":\"F\u00f6rskola och hem - F\u00f6rskolan Skeppet\",\"isPartOf\":{\"@id\":\"https:\\\/\\\/hoppetossa.com\\\/skeppet\\\/#website\"},\"primaryImageOfPage\":{\"@id\":\"http:\\\/\\\/hoppetossa.com\\\/skeppet\\\/ovrig-information\\\/#primaryimage\"},\"image\":{\"@id\":\"http:\\\/\\\/hoppetossa.com\\\/skeppet\\\/ovrig-information\\\/#primaryimage\"},\"thumbnailUrl\":\"http:\\\/\\\/hoppetossa.com\\\/skeppet\\\/wp-content\\\/uploads\\\/sites\\\/8\\\/2022\\\/11\\\/skeppet-naturvetenskap.png\",\"datePublished\":\"2018-07-04T13:48:51+00:00\",\"dateModified\":\"2024-12-18T15:05:18+00:00\",\"breadcrumb\":{\"@id\":\"http:\\\/\\\/hoppetossa.com\\\/skeppet\\\/ovrig-information\\\/#breadcrumb\"},\"inLanguage\":\"sv-SE\",\"potentialAction\":[{\"@type\":\"ReadAction\",\"target\":[\"http:\\\/\\\/hoppetossa.com\\\/skeppet\\\/ovrig-information\\\/\"]}]},{\"@type\":\"ImageObject\",\"inLanguage\":\"sv-SE\",\"@id\":\"http:\\\/\\\/hoppetossa.com\\\/skeppet\\\/ovrig-information\\\/#primaryimage\",\"url\":\"https:\\\/\\\/i0.wp.com\\\/hoppetossa.com\\\/skeppet\\\/wp-content\\\/uploads\\\/sites\\\/8\\\/2022\\\/11\\\/skeppet-naturvetenskap.png?fit=702%2C702\",\"contentUrl\":\"https:\\\/\\\/i0.wp.com\\\/hoppetossa.com\\\/skeppet\\\/wp-content\\\/uploads\\\/sites\\\/8\\\/2022\\\/11\\\/skeppet-naturvetenskap.png?fit=702%2C702\",\"width\":702,\"height\":702},{\"@type\":\"BreadcrumbList\",\"@id\":\"http:\\\/\\\/hoppetossa.com\\\/skeppet\\\/ovrig-information\\\/#breadcrumb\",\"itemListElement\":[{\"@type\":\"ListItem\",\"position\":1,\"name\":\"Hem\",\"item\":\"https:\\\/\\\/hoppetossa.com\\\/skeppet\\\/\"},{\"@type\":\"ListItem\",\"position\":2,\"name\":\"F\u00f6rskola och hem\"}]},{\"@type\":\"WebSite\",\"@id\":\"https:\\\/\\\/hoppetossa.com\\\/skeppet\\\/#website\",\"url\":\"https:\\\/\\\/hoppetossa.com\\\/skeppet\\\/\",\"name\":\"F\u00f6rskolan Skeppet\",\"description\":\"En till Hoppetossa-webbplatser webbplats\",\"potentialAction\":[{\"@type\":\"SearchAction\",\"target\":{\"@type\":\"EntryPoint\",\"urlTemplate\":\"https:\\\/\\\/hoppetossa.com\\\/skeppet\\\/?s={search_term_string}\"},\"query-input\":{\"@type\":\"PropertyValueSpecification\",\"valueRequired\":true,\"valueName\":\"search_term_string\"}}],\"inLanguage\":\"sv-SE\"}]}<\/script>\n<!-- \/ Yoast SEO plugin. -->","yoast_head_json":{"title":"F\u00f6rskola och hem - F\u00f6rskolan Skeppet","robots":{"index":"index","follow":"follow","max-snippet":"max-snippet:-1","max-image-preview":"max-image-preview:large","max-video-preview":"max-video-preview:-1"},"canonical":"http:\/\/hoppetossa.com\/skeppet\/ovrig-information\/","og_locale":"sv_SE","og_type":"article","og_title":"F\u00f6rskola och hem - F\u00f6rskolan Skeppet","og_description":"F\u00f6rskola och hem Vi arbetar medvetet f\u00f6r att skapa trygghet f\u00f6r barn och v\u00e5rdnadshavare. F\u00f6r oss \u00e4r det viktigt att&hellip; L\u00e4s mera","og_url":"http:\/\/hoppetossa.com\/skeppet\/ovrig-information\/","og_site_name":"F\u00f6rskolan Skeppet","article_modified_time":"2024-12-18T15:05:18+00:00","og_image":[{"url":"http:\/\/hoppetossa.com\/skeppet\/wp-content\/uploads\/sites\/8\/2022\/11\/skeppet-naturvetenskap.png","type":"","width":"","height":""}],"twitter_card":"summary_large_image","twitter_misc":{"Ber\u00e4knad l\u00e4stid":"3 minuter"},"schema":{"@context":"https:\/\/schema.org","@graph":[{"@type":"WebPage","@id":"http:\/\/hoppetossa.com\/skeppet\/ovrig-information\/","url":"http:\/\/hoppetossa.com\/skeppet\/ovrig-information\/","name":"F\u00f6rskola och hem - F\u00f6rskolan Skeppet","isPartOf":{"@id":"https:\/\/hoppetossa.com\/skeppet\/#website"},"primaryImageOfPage":{"@id":"http:\/\/hoppetossa.com\/skeppet\/ovrig-information\/#primaryimage"},"image":{"@id":"http:\/\/hoppetossa.com\/skeppet\/ovrig-information\/#primaryimage"},"thumbnailUrl":"http:\/\/hoppetossa.com\/skeppet\/wp-content\/uploads\/sites\/8\/2022\/11\/skeppet-naturvetenskap.png","datePublished":"2018-07-04T13:48:51+00:00","dateModified":"2024-12-18T15:05:18+00:00","breadcrumb":{"@id":"http:\/\/hoppetossa.com\/skeppet\/ovrig-information\/#breadcrumb"},"inLanguage":"sv-SE","potentialAction":[{"@type":"ReadAction","target":["http:\/\/hoppetossa.com\/skeppet\/ovrig-information\/"]}]},{"@type":"ImageObject","inLanguage":"sv-SE","@id":"http:\/\/hoppetossa.com\/skeppet\/ovrig-information\/#primaryimage","url":"https:\/\/i0.wp.com\/hoppetossa.com\/skeppet\/wp-content\/uploads\/sites\/8\/2022\/11\/skeppet-naturvetenskap.png?fit=702%2C702","contentUrl":"https:\/\/i0.wp.com\/hoppetossa.com\/skeppet\/wp-content\/uploads\/sites\/8\/2022\/11\/skeppet-naturvetenskap.png?fit=702%2C702","width":702,"height":702},{"@type":"BreadcrumbList","@id":"http:\/\/hoppetossa.com\/skeppet\/ovrig-information\/#breadcrumb","itemListElement":[{"@type":"ListItem","position":1,"name":"Hem","item":"https:\/\/hoppetossa.com\/skeppet\/"},{"@type":"ListItem","position":2,"name":"F\u00f6rskola och hem"}]},{"@type":"WebSite","@id":"https:\/\/hoppetossa.com\/skeppet\/#website","url":"https:\/\/hoppetossa.com\/skeppet\/","name":"F\u00f6rskolan Skeppet","description":"En till Hoppetossa-webbplatser webbplats","potentialAction":[{"@type":"SearchAction","target":{"@type":"EntryPoint","urlTemplate":"https:\/\/hoppetossa.com\/skeppet\/?s={search_term_string}"},"query-input":{"@type":"PropertyValueSpecification","valueRequired":true,"valueName":"search_term_string"}}],"inLanguage":"sv-SE"}]}},"jetpack_sharing_enabled":true,"jetpack_shortlink":"https:\/\/wp.me\/Pa2e2P-u","jetpack-related-posts":[],"_links":{"self":[{"href":"http:\/\/hoppetossa.com\/skeppet\/wp-json\/wp\/v2\/pages\/30","targetHints":{"allow":["GET"]}}],"collection":[{"href":"http:\/\/hoppetossa.com\/skeppet\/wp-json\/wp\/v2\/pages"}],"about":[{"href":"http:\/\/hoppetossa.com\/skeppet\/wp-json\/wp\/v2\/types\/page"}],"author":[{"embeddable":true,"href":"http:\/\/hoppetossa.com\/skeppet\/wp-json\/wp\/v2\/users\/1"}],"replies":[{"embeddable":true,"href":"http:\/\/hoppetossa.com\/skeppet\/wp-json\/wp\/v2\/comments?post=30"}],"version-history":[{"count":17,"href":"http:\/\/hoppetossa.com\/skeppet\/wp-json\/wp\/v2\/pages\/30\/revisions"}],"predecessor-version":[{"id":619,"href":"http:\/\/hoppetossa.com\/skeppet\/wp-json\/wp\/v2\/pages\/30\/revisions\/619"}],"wp:attachment":[{"href":"http:\/\/hoppetossa.com\/skeppet\/wp-json\/wp\/v2\/media?parent=30"}],"curies":[{"name":"wp","href":"https:\/\/api.w.org\/{rel}","templated":true}]}}