{"id":4,"date":"2018-06-30T14:47:58","date_gmt":"2018-06-30T12:47:58","guid":{"rendered":"http:\/\/hoppetossa.com\/skeppet\/?page_id=4"},"modified":"2026-03-31T20:44:05","modified_gmt":"2026-03-31T18:44:05","slug":"framsida","status":"publish","type":"page","link":"http:\/\/hoppetossa.com\/skeppet\/","title":{"rendered":"Skeppet"},"content":{"rendered":"","protected":false},"excerpt":{"rendered":"","protected":false},"author":5,"featured_media":0,"parent":0,"menu_order":0,"comment_status":"closed","ping_status":"closed","template":"","meta":{"_acf_changed":false,"_monsterinsights_skip_tracking":false,"_monsterinsights_sitenote_active":false,"_monsterinsights_sitenote_note":"","_monsterinsights_sitenote_category":0,"jetpack_post_was_ever_published":false,"footnotes":""},"class_list":["post-4","page","type-page","status-publish","hentry"],"acf":[],"yoast_head":"<!-- This site is optimized with the Yoast SEO plugin v27.5 - https:\/\/yoast.com\/product\/yoast-seo-wordpress\/ -->\n<title>Skeppet - F\u00f6rskolan Skeppet<\/title>\n<meta name=\"description\" content=\"V\u00e4lkommen till f\u00f6rskolan Skeppet i Nacka Strand! H\u00e4r seglar trygghet och nyfikenhet tillsammans!\" \/>\n<meta name=\"robots\" content=\"index, follow, max-snippet:-1, max-image-preview:large, max-video-preview:-1\" \/>\n<link rel=\"canonical\" href=\"http:\/\/hoppetossa.com\/skeppet\/\" \/>\n<meta property=\"og:locale\" content=\"sv_SE\" \/>\n<meta property=\"og:type\" content=\"article\" \/>\n<meta property=\"og:title\" content=\"Skeppet - F\u00f6rskolan Skeppet\" \/>\n<meta property=\"og:description\" content=\"V\u00e4lkommen till f\u00f6rskolan Skeppet i Nacka Strand! H\u00e4r seglar trygghet och nyfikenhet tillsammans!\" \/>\n<meta property=\"og:url\" content=\"http:\/\/hoppetossa.com\/skeppet\/\" \/>\n<meta property=\"og:site_name\" content=\"F\u00f6rskolan Skeppet\" \/>\n<meta property=\"article:modified_time\" content=\"2026-03-31T18:44:05+00:00\" \/>\n<meta name=\"twitter:card\" content=\"summary_large_image\" \/>\n<meta name=\"twitter:label1\" content=\"Ber\u00e4knad l\u00e4stid\" \/>\n\t<meta name=\"twitter:data1\" content=\"3 minuter\" \/>\n<script type=\"application\/ld+json\" class=\"yoast-schema-graph\">{\"@context\":\"https:\\\/\\\/schema.org\",\"@graph\":[{\"@type\":\"WebPage\",\"@id\":\"http:\\\/\\\/hoppetossa.com\\\/skeppet\\\/\",\"url\":\"http:\\\/\\\/hoppetossa.com\\\/skeppet\\\/\",\"name\":\"Skeppet - F\u00f6rskolan Skeppet\",\"isPartOf\":{\"@id\":\"http:\\\/\\\/hoppetossa.com\\\/skeppet\\\/#website\"},\"datePublished\":\"2018-06-30T12:47:58+00:00\",\"dateModified\":\"2026-03-31T18:44:05+00:00\",\"description\":\"V\u00e4lkommen till f\u00f6rskolan Skeppet i Nacka Strand! H\u00e4r seglar trygghet och nyfikenhet tillsammans!\",\"breadcrumb\":{\"@id\":\"http:\\\/\\\/hoppetossa.com\\\/skeppet\\\/#breadcrumb\"},\"inLanguage\":\"sv-SE\",\"potentialAction\":[{\"@type\":\"ReadAction\",\"target\":[\"http:\\\/\\\/hoppetossa.com\\\/skeppet\\\/\"]}]},{\"@type\":\"BreadcrumbList\",\"@id\":\"http:\\\/\\\/hoppetossa.com\\\/skeppet\\\/#breadcrumb\",\"itemListElement\":[{\"@type\":\"ListItem\",\"position\":1,\"name\":\"Hem\",\"item\":\"http:\\\/\\\/hoppetossa.com\\\/skeppet\\\/\"},{\"@type\":\"ListItem\",\"position\":2,\"name\":\"Skeppet\"}]},{\"@type\":\"WebSite\",\"@id\":\"http:\\\/\\\/hoppetossa.com\\\/skeppet\\\/#website\",\"url\":\"http:\\\/\\\/hoppetossa.com\\\/skeppet\\\/\",\"name\":\"F\u00f6rskolan Skeppet\",\"description\":\"En till Hoppetossa-webbplatser webbplats\",\"potentialAction\":[{\"@type\":\"SearchAction\",\"target\":{\"@type\":\"EntryPoint\",\"urlTemplate\":\"http:\\\/\\\/hoppetossa.com\\\/skeppet\\\/?s={search_term_string}\"},\"query-input\":{\"@type\":\"PropertyValueSpecification\",\"valueRequired\":true,\"valueName\":\"search_term_string\"}}],\"inLanguage\":\"sv-SE\"}]}<\/script>\n<!-- \/ Yoast SEO plugin. -->","yoast_head_json":{"title":"Skeppet - F\u00f6rskolan Skeppet","description":"V\u00e4lkommen till f\u00f6rskolan Skeppet i Nacka Strand! H\u00e4r seglar trygghet och nyfikenhet tillsammans!","robots":{"index":"index","follow":"follow","max-snippet":"max-snippet:-1","max-image-preview":"max-image-preview:large","max-video-preview":"max-video-preview:-1"},"canonical":"http:\/\/hoppetossa.com\/skeppet\/","og_locale":"sv_SE","og_type":"article","og_title":"Skeppet - F\u00f6rskolan Skeppet","og_description":"V\u00e4lkommen till f\u00f6rskolan Skeppet i Nacka Strand! H\u00e4r seglar trygghet och nyfikenhet tillsammans!","og_url":"http:\/\/hoppetossa.com\/skeppet\/","og_site_name":"F\u00f6rskolan Skeppet","article_modified_time":"2026-03-31T18:44:05+00:00","twitter_card":"summary_large_image","twitter_misc":{"Ber\u00e4knad l\u00e4stid":"3 minuter"},"schema":{"@context":"https:\/\/schema.org","@graph":[{"@type":"WebPage","@id":"http:\/\/hoppetossa.com\/skeppet\/","url":"http:\/\/hoppetossa.com\/skeppet\/","name":"Skeppet - F\u00f6rskolan Skeppet","isPartOf":{"@id":"http:\/\/hoppetossa.com\/skeppet\/#website"},"datePublished":"2018-06-30T12:47:58+00:00","dateModified":"2026-03-31T18:44:05+00:00","description":"V\u00e4lkommen till f\u00f6rskolan Skeppet i Nacka Strand! H\u00e4r seglar trygghet och nyfikenhet tillsammans!","breadcrumb":{"@id":"http:\/\/hoppetossa.com\/skeppet\/#breadcrumb"},"inLanguage":"sv-SE","potentialAction":[{"@type":"ReadAction","target":["http:\/\/hoppetossa.com\/skeppet\/"]}]},{"@type":"BreadcrumbList","@id":"http:\/\/hoppetossa.com\/skeppet\/#breadcrumb","itemListElement":[{"@type":"ListItem","position":1,"name":"Hem","item":"http:\/\/hoppetossa.com\/skeppet\/"},{"@type":"ListItem","position":2,"name":"Skeppet"}]},{"@type":"WebSite","@id":"http:\/\/hoppetossa.com\/skeppet\/#website","url":"http:\/\/hoppetossa.com\/skeppet\/","name":"F\u00f6rskolan Skeppet","description":"En till Hoppetossa-webbplatser webbplats","potentialAction":[{"@type":"SearchAction","target":{"@type":"EntryPoint","urlTemplate":"http:\/\/hoppetossa.com\/skeppet\/?s={search_term_string}"},"query-input":{"@type":"PropertyValueSpecification","valueRequired":true,"valueName":"search_term_string"}}],"inLanguage":"sv-SE"}]}},"jetpack_sharing_enabled":true,"jetpack_shortlink":"https:\/\/wp.me\/Pa2e2P-4","jetpack-related-posts":[],"_links":{"self":[{"href":"http:\/\/hoppetossa.com\/skeppet\/wp-json\/wp\/v2\/pages\/4","targetHints":{"allow":["GET"]}}],"collection":[{"href":"http:\/\/hoppetossa.com\/skeppet\/wp-json\/wp\/v2\/pages"}],"about":[{"href":"http:\/\/hoppetossa.com\/skeppet\/wp-json\/wp\/v2\/types\/page"}],"author":[{"embeddable":true,"href":"http:\/\/hoppetossa.com\/skeppet\/wp-json\/wp\/v2\/users\/5"}],"replies":[{"embeddable":true,"href":"http:\/\/hoppetossa.com\/skeppet\/wp-json\/wp\/v2\/comments?post=4"}],"version-history":[{"count":109,"href":"http:\/\/hoppetossa.com\/skeppet\/wp-json\/wp\/v2\/pages\/4\/revisions"}],"predecessor-version":[{"id":663,"href":"http:\/\/hoppetossa.com\/skeppet\/wp-json\/wp\/v2\/pages\/4\/revisions\/663"}],"wp:attachment":[{"href":"http:\/\/hoppetossa.com\/skeppet\/wp-json\/wp\/v2\/media?parent=4"}],"curies":[{"name":"wp","href":"https:\/\/api.w.org\/{rel}","templated":true}]}}