{"id":488,"date":"2023-04-29T20:45:30","date_gmt":"2023-04-29T18:45:30","guid":{"rendered":"http:\/\/hoppetossa.com\/skeppet\/?page_id=488"},"modified":"2024-12-18T15:54:10","modified_gmt":"2024-12-18T14:54:10","slug":"vision-karnvarden","status":"publish","type":"page","link":"http:\/\/hoppetossa.com\/skeppet\/vision-karnvarden\/","title":{"rendered":"Vision &#038; K\u00e4rnv\u00e4rden"},"content":{"rendered":"\n<h1 class=\"wp-block-heading\">Vision och k\u00e4rnv\u00e4rden<\/h1>\n\n\n\n<div style=\"height:10px\" aria-hidden=\"true\" class=\"wp-block-spacer\"><\/div>\n\n\n\n<figure class=\"wp-block-gallery has-nested-images columns-default is-cropped wp-block-gallery-1 is-layout-flex wp-block-gallery-is-layout-flex\">\n<figure class=\"wp-block-image size-full\"><img data-recalc-dims=\"1\" loading=\"lazy\" decoding=\"async\" width=\"632\" height=\"834\" data-attachment-id=\"600\" data-permalink=\"http:\/\/hoppetossa.com\/skeppet\/skarmavbild-2024-12-18-kl-153826\/\" data-orig-file=\"https:\/\/i0.wp.com\/hoppetossa.com\/skeppet\/wp-content\/uploads\/sites\/8\/2024\/12\/skarmavbild-2024-12-18-kl-153826.png?fit=632%2C834\" data-orig-size=\"632,834\" data-comments-opened=\"0\" data-image-meta=\"{&quot;aperture&quot;:&quot;0&quot;,&quot;credit&quot;:&quot;&quot;,&quot;camera&quot;:&quot;&quot;,&quot;caption&quot;:&quot;&quot;,&quot;created_timestamp&quot;:&quot;0&quot;,&quot;copyright&quot;:&quot;&quot;,&quot;focal_length&quot;:&quot;0&quot;,&quot;iso&quot;:&quot;0&quot;,&quot;shutter_speed&quot;:&quot;0&quot;,&quot;title&quot;:&quot;&quot;,&quot;orientation&quot;:&quot;0&quot;}\" data-image-title=\"Ska\u0308rmavbild 2024-12-18 kl. 15.38.26\" data-image-description=\"\" data-image-caption=\"\" data-large-file=\"https:\/\/i0.wp.com\/hoppetossa.com\/skeppet\/wp-content\/uploads\/sites\/8\/2024\/12\/skarmavbild-2024-12-18-kl-153826.png?fit=632%2C834\" data-id=\"600\" src=\"https:\/\/i0.wp.com\/hoppetossa.com\/skeppet\/wp-content\/uploads\/sites\/8\/2024\/12\/skarmavbild-2024-12-18-kl-153826.png?resize=632%2C834\" alt=\"\" class=\"wp-image-600 img-responsive\" srcset=\"https:\/\/i0.wp.com\/hoppetossa.com\/skeppet\/wp-content\/uploads\/sites\/8\/2024\/12\/skarmavbild-2024-12-18-kl-153826.png?w=632 632w, https:\/\/i0.wp.com\/hoppetossa.com\/skeppet\/wp-content\/uploads\/sites\/8\/2024\/12\/skarmavbild-2024-12-18-kl-153826.png?resize=227%2C300 227w\" sizes=\"auto, (max-width: 632px) 100vw, 632px\" \/><\/figure>\n\n\n\n<figure class=\"wp-block-image size-full\"><img data-recalc-dims=\"1\" loading=\"lazy\" decoding=\"async\" width=\"472\" height=\"472\" data-attachment-id=\"325\" data-permalink=\"http:\/\/hoppetossa.com\/skeppet\/2019\/11\/28\/att-bidra-till-en-hallbar-utveckling\/skarmavbild-2019-11-28-kl-14-48-20\/\" data-orig-file=\"https:\/\/i0.wp.com\/hoppetossa.com\/skeppet\/wp-content\/uploads\/sites\/8\/2019\/11\/skacc88rmavbild-2019-11-28-kl-14-48-20-e1682864096688.png?fit=472%2C472\" data-orig-size=\"472,472\" data-comments-opened=\"0\" data-image-meta=\"{&quot;aperture&quot;:&quot;0&quot;,&quot;credit&quot;:&quot;&quot;,&quot;camera&quot;:&quot;&quot;,&quot;caption&quot;:&quot;&quot;,&quot;created_timestamp&quot;:&quot;0&quot;,&quot;copyright&quot;:&quot;&quot;,&quot;focal_length&quot;:&quot;0&quot;,&quot;iso&quot;:&quot;0&quot;,&quot;shutter_speed&quot;:&quot;0&quot;,&quot;title&quot;:&quot;&quot;,&quot;orientation&quot;:&quot;0&quot;}\" data-image-title=\"Ska\u0308rmavbild 2019-11-28 kl. 14.48.20\" data-image-description=\"\" data-image-caption=\"\" data-large-file=\"https:\/\/i0.wp.com\/hoppetossa.com\/skeppet\/wp-content\/uploads\/sites\/8\/2019\/11\/skacc88rmavbild-2019-11-28-kl-14-48-20-e1682864096688.png?fit=472%2C472\" data-id=\"325\" src=\"https:\/\/i0.wp.com\/hoppetossa.com\/skeppet\/wp-content\/uploads\/sites\/8\/2019\/11\/skacc88rmavbild-2019-11-28-kl-14-48-20-e1682864096688.png?resize=472%2C472\" alt=\"\" class=\"wp-image-325 img-responsive\" srcset=\"https:\/\/i0.wp.com\/hoppetossa.com\/skeppet\/wp-content\/uploads\/sites\/8\/2019\/11\/skacc88rmavbild-2019-11-28-kl-14-48-20-e1682864096688.png?w=472 472w, https:\/\/i0.wp.com\/hoppetossa.com\/skeppet\/wp-content\/uploads\/sites\/8\/2019\/11\/skacc88rmavbild-2019-11-28-kl-14-48-20-e1682864096688.png?resize=150%2C150 150w, https:\/\/i0.wp.com\/hoppetossa.com\/skeppet\/wp-content\/uploads\/sites\/8\/2019\/11\/skacc88rmavbild-2019-11-28-kl-14-48-20-e1682864096688.png?resize=300%2C300 300w\" sizes=\"auto, (max-width: 472px) 100vw, 472px\" \/><\/figure>\n\n\n\n<figure class=\"wp-block-image size-full\"><img data-recalc-dims=\"1\" loading=\"lazy\" decoding=\"async\" width=\"868\" height=\"868\" data-attachment-id=\"472\" data-permalink=\"http:\/\/hoppetossa.com\/skeppet\/skeppet-skapar\/\" data-orig-file=\"https:\/\/i0.wp.com\/hoppetossa.com\/skeppet\/wp-content\/uploads\/sites\/8\/2022\/11\/skeppet-skapar.png?fit=868%2C868\" data-orig-size=\"868,868\" data-comments-opened=\"1\" data-image-meta=\"{&quot;aperture&quot;:&quot;0&quot;,&quot;credit&quot;:&quot;&quot;,&quot;camera&quot;:&quot;&quot;,&quot;caption&quot;:&quot;&quot;,&quot;created_timestamp&quot;:&quot;0&quot;,&quot;copyright&quot;:&quot;&quot;,&quot;focal_length&quot;:&quot;0&quot;,&quot;iso&quot;:&quot;0&quot;,&quot;shutter_speed&quot;:&quot;0&quot;,&quot;title&quot;:&quot;&quot;,&quot;orientation&quot;:&quot;0&quot;}\" data-image-title=\"Skeppet_skapar\" data-image-description=\"\" data-image-caption=\"\" data-large-file=\"https:\/\/i0.wp.com\/hoppetossa.com\/skeppet\/wp-content\/uploads\/sites\/8\/2022\/11\/skeppet-skapar.png?fit=868%2C868\" data-id=\"472\" src=\"https:\/\/i0.wp.com\/hoppetossa.com\/skeppet\/wp-content\/uploads\/sites\/8\/2022\/11\/skeppet-skapar.png?resize=868%2C868\" alt=\"\" class=\"wp-image-472 img-responsive\" srcset=\"https:\/\/i0.wp.com\/hoppetossa.com\/skeppet\/wp-content\/uploads\/sites\/8\/2022\/11\/skeppet-skapar.png?w=868 868w, https:\/\/i0.wp.com\/hoppetossa.com\/skeppet\/wp-content\/uploads\/sites\/8\/2022\/11\/skeppet-skapar.png?resize=300%2C300 300w, https:\/\/i0.wp.com\/hoppetossa.com\/skeppet\/wp-content\/uploads\/sites\/8\/2022\/11\/skeppet-skapar.png?resize=150%2C150 150w, https:\/\/i0.wp.com\/hoppetossa.com\/skeppet\/wp-content\/uploads\/sites\/8\/2022\/11\/skeppet-skapar.png?resize=768%2C768 768w\" sizes=\"auto, (max-width: 868px) 100vw, 868px\" \/><\/figure>\n<\/figure>\n\n\n\n<div style=\"height:10px\" aria-hidden=\"true\" class=\"wp-block-spacer\"><\/div>\n\n\n\n<p>F\u00f6rskolan vilar p\u00e5 demokratins grund d\u00e4r vi p\u00e5 Skeppet vill arbeta tematiskt efter barnens intressen och f\u00f6lja barnen i deras utveckling.&nbsp;V\u00e5ra k\u00e4rnv\u00e4rden och v\u00e5r vision ligger till grund f\u00f6r v\u00e5r utbildning, verksamhet och l\u00e4rande.<\/p>\n\n\n\n<p><strong>Vision<\/strong><br>Vi vill vara en drivande kraft f\u00f6r en j\u00e4mst\u00e4lld och demokratisk v\u00e4rld.<\/p>\n\n\n\n<p><strong>K\u00e4rnv\u00e4rden<\/strong><br><em>Trygghet<br><\/em>Ett tryggt barn kan g\u00e5 hur l\u00e5ngt som helst. Sj\u00e4lvfallet vill vi erbjuda en trygg milj\u00f6 i v\u00e5r f\u00f6rskola; detta g\u00e4ller b\u00e5de den fysiska och den sociala milj\u00f6n. Genom att systematiskt utveckla v\u00e5r kvalitet f\u00f6rb\u00e4ttrar vi verksamheten och s\u00e4kerst\u00e4ller samtidigt att vi har kontroll som skapar den trygghet vi vill uppn\u00e5.<\/p>\n\n\n\n<p><em>Gl\u00e4dje<br><\/em>Vi l\u00e4gger v\u00e5rt fulla engagemang i vardagen med barnen och vill att hela f\u00f6rskolan ska genomsyras av gl\u00e4dje&nbsp;till barn, barns l\u00e4rande och f\u00f6rskolan.<\/p>\n\n\n\n<p><em>Nyfikenhet<\/em><br>Att erbjuda kvalitativ f\u00f6rskoleverksamhet&nbsp;kr\u00e4ver att vi ligger i framkant, samarbetar och utbyter erfarenheter med varandra och andra. Vi vill att&nbsp;barnens naturliga nyfikenhet och intresse alltid ska uppmuntras.<\/p>\n\n\n\n<p><em>Kunskap<br><\/em>Vi kan barns utveckling och l\u00e4rande, och vi vill alltid s\u00e4tta kunskap i fokus n\u00e4r vi driver v\u00e5r verksamhet.&nbsp;<\/p>\n\n\n\n\n\n<div style=\"height:25px\" aria-hidden=\"true\" class=\"wp-block-spacer\"><\/div>\n","protected":false},"excerpt":{"rendered":"<p>Vision och k\u00e4rnv\u00e4rden F\u00f6rskolan vilar p\u00e5 demokratins grund d\u00e4r vi p\u00e5 Skeppet vill arbeta tematiskt efter barnens intressen och f\u00f6lja&hellip; <a class=\"read-more\" href=\"http:\/\/hoppetossa.com\/skeppet\/vision-karnvarden\/\">L\u00e4s mera<\/a><\/p>\n","protected":false},"author":1,"featured_media":0,"parent":0,"menu_order":0,"comment_status":"closed","ping_status":"closed","template":"","meta":{"_acf_changed":false,"_monsterinsights_skip_tracking":false,"_monsterinsights_sitenote_active":false,"_monsterinsights_sitenote_note":"","_monsterinsights_sitenote_category":0,"footnotes":""},"class_list":["post-488","page","type-page","status-publish","hentry"],"acf":[],"yoast_head":"<!-- This site is optimized with the Yoast SEO plugin v27.5 - https:\/\/yoast.com\/product\/yoast-seo-wordpress\/ -->\n<title>Vision &amp; K\u00e4rnv\u00e4rden - F\u00f6rskolan Skeppet<\/title>\n<meta name=\"robots\" content=\"index, follow, max-snippet:-1, max-image-preview:large, max-video-preview:-1\" \/>\n<link rel=\"canonical\" href=\"https:\/\/hoppetossa.com\/skeppet\/vision-karnvarden\/\" \/>\n<meta property=\"og:locale\" content=\"sv_SE\" \/>\n<meta property=\"og:type\" content=\"article\" \/>\n<meta property=\"og:title\" content=\"Vision &amp; K\u00e4rnv\u00e4rden - F\u00f6rskolan Skeppet\" \/>\n<meta property=\"og:description\" content=\"Vision och k\u00e4rnv\u00e4rden F\u00f6rskolan vilar p\u00e5 demokratins grund d\u00e4r vi p\u00e5 Skeppet vill arbeta tematiskt efter barnens intressen och f\u00f6lja&hellip; L\u00e4s mera\" \/>\n<meta property=\"og:url\" content=\"https:\/\/hoppetossa.com\/skeppet\/vision-karnvarden\/\" \/>\n<meta property=\"og:site_name\" content=\"F\u00f6rskolan Skeppet\" \/>\n<meta property=\"article:modified_time\" content=\"2024-12-18T14:54:10+00:00\" \/>\n<meta property=\"og:image\" content=\"http:\/\/hoppetossa.com\/skeppet\/wp-content\/uploads\/sites\/8\/2024\/12\/skarmavbild-2024-12-18-kl-153826.png\" \/>\n<meta name=\"twitter:card\" content=\"summary_large_image\" \/>\n<meta name=\"twitter:label1\" content=\"Ber\u00e4knad l\u00e4stid\" \/>\n\t<meta name=\"twitter:data1\" content=\"2 minuter\" \/>\n<script type=\"application\/ld+json\" class=\"yoast-schema-graph\">{\"@context\":\"https:\\\/\\\/schema.org\",\"@graph\":[{\"@type\":\"WebPage\",\"@id\":\"https:\\\/\\\/hoppetossa.com\\\/skeppet\\\/vision-karnvarden\\\/\",\"url\":\"https:\\\/\\\/hoppetossa.com\\\/skeppet\\\/vision-karnvarden\\\/\",\"name\":\"Vision & K\u00e4rnv\u00e4rden - F\u00f6rskolan Skeppet\",\"isPartOf\":{\"@id\":\"https:\\\/\\\/hoppetossa.com\\\/skeppet\\\/#website\"},\"primaryImageOfPage\":{\"@id\":\"https:\\\/\\\/hoppetossa.com\\\/skeppet\\\/vision-karnvarden\\\/#primaryimage\"},\"image\":{\"@id\":\"https:\\\/\\\/hoppetossa.com\\\/skeppet\\\/vision-karnvarden\\\/#primaryimage\"},\"thumbnailUrl\":\"http:\\\/\\\/hoppetossa.com\\\/skeppet\\\/wp-content\\\/uploads\\\/sites\\\/8\\\/2024\\\/12\\\/skarmavbild-2024-12-18-kl-153826.png\",\"datePublished\":\"2023-04-29T18:45:30+00:00\",\"dateModified\":\"2024-12-18T14:54:10+00:00\",\"breadcrumb\":{\"@id\":\"https:\\\/\\\/hoppetossa.com\\\/skeppet\\\/vision-karnvarden\\\/#breadcrumb\"},\"inLanguage\":\"sv-SE\",\"potentialAction\":[{\"@type\":\"ReadAction\",\"target\":[\"https:\\\/\\\/hoppetossa.com\\\/skeppet\\\/vision-karnvarden\\\/\"]}]},{\"@type\":\"ImageObject\",\"inLanguage\":\"sv-SE\",\"@id\":\"https:\\\/\\\/hoppetossa.com\\\/skeppet\\\/vision-karnvarden\\\/#primaryimage\",\"url\":\"https:\\\/\\\/i0.wp.com\\\/hoppetossa.com\\\/skeppet\\\/wp-content\\\/uploads\\\/sites\\\/8\\\/2024\\\/12\\\/skarmavbild-2024-12-18-kl-153826.png?fit=632%2C834\",\"contentUrl\":\"https:\\\/\\\/i0.wp.com\\\/hoppetossa.com\\\/skeppet\\\/wp-content\\\/uploads\\\/sites\\\/8\\\/2024\\\/12\\\/skarmavbild-2024-12-18-kl-153826.png?fit=632%2C834\",\"width\":632,\"height\":834},{\"@type\":\"BreadcrumbList\",\"@id\":\"https:\\\/\\\/hoppetossa.com\\\/skeppet\\\/vision-karnvarden\\\/#breadcrumb\",\"itemListElement\":[{\"@type\":\"ListItem\",\"position\":1,\"name\":\"Hem\",\"item\":\"https:\\\/\\\/hoppetossa.com\\\/skeppet\\\/\"},{\"@type\":\"ListItem\",\"position\":2,\"name\":\"Vision &#038; K\u00e4rnv\u00e4rden\"}]},{\"@type\":\"WebSite\",\"@id\":\"https:\\\/\\\/hoppetossa.com\\\/skeppet\\\/#website\",\"url\":\"https:\\\/\\\/hoppetossa.com\\\/skeppet\\\/\",\"name\":\"F\u00f6rskolan Skeppet\",\"description\":\"En till Hoppetossa-webbplatser webbplats\",\"potentialAction\":[{\"@type\":\"SearchAction\",\"target\":{\"@type\":\"EntryPoint\",\"urlTemplate\":\"https:\\\/\\\/hoppetossa.com\\\/skeppet\\\/?s={search_term_string}\"},\"query-input\":{\"@type\":\"PropertyValueSpecification\",\"valueRequired\":true,\"valueName\":\"search_term_string\"}}],\"inLanguage\":\"sv-SE\"}]}<\/script>\n<!-- \/ Yoast SEO plugin. -->","yoast_head_json":{"title":"Vision & K\u00e4rnv\u00e4rden - F\u00f6rskolan Skeppet","robots":{"index":"index","follow":"follow","max-snippet":"max-snippet:-1","max-image-preview":"max-image-preview:large","max-video-preview":"max-video-preview:-1"},"canonical":"https:\/\/hoppetossa.com\/skeppet\/vision-karnvarden\/","og_locale":"sv_SE","og_type":"article","og_title":"Vision & K\u00e4rnv\u00e4rden - F\u00f6rskolan Skeppet","og_description":"Vision och k\u00e4rnv\u00e4rden F\u00f6rskolan vilar p\u00e5 demokratins grund d\u00e4r vi p\u00e5 Skeppet vill arbeta tematiskt efter barnens intressen och f\u00f6lja&hellip; L\u00e4s mera","og_url":"https:\/\/hoppetossa.com\/skeppet\/vision-karnvarden\/","og_site_name":"F\u00f6rskolan Skeppet","article_modified_time":"2024-12-18T14:54:10+00:00","og_image":[{"url":"http:\/\/hoppetossa.com\/skeppet\/wp-content\/uploads\/sites\/8\/2024\/12\/skarmavbild-2024-12-18-kl-153826.png","type":"","width":"","height":""}],"twitter_card":"summary_large_image","twitter_misc":{"Ber\u00e4knad l\u00e4stid":"2 minuter"},"schema":{"@context":"https:\/\/schema.org","@graph":[{"@type":"WebPage","@id":"https:\/\/hoppetossa.com\/skeppet\/vision-karnvarden\/","url":"https:\/\/hoppetossa.com\/skeppet\/vision-karnvarden\/","name":"Vision & K\u00e4rnv\u00e4rden - F\u00f6rskolan Skeppet","isPartOf":{"@id":"https:\/\/hoppetossa.com\/skeppet\/#website"},"primaryImageOfPage":{"@id":"https:\/\/hoppetossa.com\/skeppet\/vision-karnvarden\/#primaryimage"},"image":{"@id":"https:\/\/hoppetossa.com\/skeppet\/vision-karnvarden\/#primaryimage"},"thumbnailUrl":"http:\/\/hoppetossa.com\/skeppet\/wp-content\/uploads\/sites\/8\/2024\/12\/skarmavbild-2024-12-18-kl-153826.png","datePublished":"2023-04-29T18:45:30+00:00","dateModified":"2024-12-18T14:54:10+00:00","breadcrumb":{"@id":"https:\/\/hoppetossa.com\/skeppet\/vision-karnvarden\/#breadcrumb"},"inLanguage":"sv-SE","potentialAction":[{"@type":"ReadAction","target":["https:\/\/hoppetossa.com\/skeppet\/vision-karnvarden\/"]}]},{"@type":"ImageObject","inLanguage":"sv-SE","@id":"https:\/\/hoppetossa.com\/skeppet\/vision-karnvarden\/#primaryimage","url":"https:\/\/i0.wp.com\/hoppetossa.com\/skeppet\/wp-content\/uploads\/sites\/8\/2024\/12\/skarmavbild-2024-12-18-kl-153826.png?fit=632%2C834","contentUrl":"https:\/\/i0.wp.com\/hoppetossa.com\/skeppet\/wp-content\/uploads\/sites\/8\/2024\/12\/skarmavbild-2024-12-18-kl-153826.png?fit=632%2C834","width":632,"height":834},{"@type":"BreadcrumbList","@id":"https:\/\/hoppetossa.com\/skeppet\/vision-karnvarden\/#breadcrumb","itemListElement":[{"@type":"ListItem","position":1,"name":"Hem","item":"https:\/\/hoppetossa.com\/skeppet\/"},{"@type":"ListItem","position":2,"name":"Vision &#038; K\u00e4rnv\u00e4rden"}]},{"@type":"WebSite","@id":"https:\/\/hoppetossa.com\/skeppet\/#website","url":"https:\/\/hoppetossa.com\/skeppet\/","name":"F\u00f6rskolan Skeppet","description":"En till Hoppetossa-webbplatser webbplats","potentialAction":[{"@type":"SearchAction","target":{"@type":"EntryPoint","urlTemplate":"https:\/\/hoppetossa.com\/skeppet\/?s={search_term_string}"},"query-input":{"@type":"PropertyValueSpecification","valueRequired":true,"valueName":"search_term_string"}}],"inLanguage":"sv-SE"}]}},"jetpack_sharing_enabled":true,"jetpack_shortlink":"https:\/\/wp.me\/Pa2e2P-7S","jetpack-related-posts":[],"_links":{"self":[{"href":"http:\/\/hoppetossa.com\/skeppet\/wp-json\/wp\/v2\/pages\/488","targetHints":{"allow":["GET"]}}],"collection":[{"href":"http:\/\/hoppetossa.com\/skeppet\/wp-json\/wp\/v2\/pages"}],"about":[{"href":"http:\/\/hoppetossa.com\/skeppet\/wp-json\/wp\/v2\/types\/page"}],"author":[{"embeddable":true,"href":"http:\/\/hoppetossa.com\/skeppet\/wp-json\/wp\/v2\/users\/1"}],"replies":[{"embeddable":true,"href":"http:\/\/hoppetossa.com\/skeppet\/wp-json\/wp\/v2\/comments?post=488"}],"version-history":[{"count":5,"href":"http:\/\/hoppetossa.com\/skeppet\/wp-json\/wp\/v2\/pages\/488\/revisions"}],"predecessor-version":[{"id":614,"href":"http:\/\/hoppetossa.com\/skeppet\/wp-json\/wp\/v2\/pages\/488\/revisions\/614"}],"wp:attachment":[{"href":"http:\/\/hoppetossa.com\/skeppet\/wp-json\/wp\/v2\/media?parent=488"}],"curies":[{"name":"wp","href":"https:\/\/api.w.org\/{rel}","templated":true}]}}