{"id":2,"date":"2020-06-16T22:25:46","date_gmt":"2020-06-16T20:25:46","guid":{"rendered":"http:\/\/hoppetossa.com\/tolvan\/?page_id=2"},"modified":"2026-03-21T09:32:06","modified_gmt":"2026-03-21T08:32:06","slug":"hoppetossa-forskolor-tolvan-bromma","status":"publish","type":"page","link":"http:\/\/hoppetossa.com\/tolvan\/","title":{"rendered":"Tolvan &#8211; Hoppetossa F\u00f6rskolor"},"content":{"rendered":"","protected":false},"excerpt":{"rendered":"","protected":false},"author":5,"featured_media":0,"parent":0,"menu_order":0,"comment_status":"closed","ping_status":"open","template":"","meta":{"_acf_changed":false,"_monsterinsights_skip_tracking":false,"_monsterinsights_sitenote_active":false,"_monsterinsights_sitenote_note":"","_monsterinsights_sitenote_category":0,"jetpack_post_was_ever_published":false,"footnotes":""},"class_list":["post-2","page","type-page","status-publish","hentry"],"acf":[],"yoast_head":"<!-- This site is optimized with the Yoast SEO plugin v27.5 - https:\/\/yoast.com\/product\/yoast-seo-wordpress\/ -->\n<title>Tolvan - Hoppetossa F\u00f6rskolor - F\u00f6rskolan Tolvan<\/title>\n<meta name=\"description\" content=\"V\u00e4lkommen till v\u00e5r f\u00f6rskola med ett unikt l\u00e4ge alldeles intill M\u00e4larens strand p\u00e5 Gr\u00f6nviksv\u00e4gen i Bromma. V\u00e5r ledstj\u00e4rna \u00e4r att bygga barnens sj\u00e4lvk\u00e4nsla med grunden i trygghet, tillit, respekt och probleml\u00f6sning.\" \/>\n<meta name=\"robots\" content=\"index, follow, max-snippet:-1, max-image-preview:large, max-video-preview:-1\" \/>\n<link rel=\"canonical\" href=\"http:\/\/hoppetossa.com\/tolvan\/\" \/>\n<meta property=\"og:locale\" content=\"sv_SE\" \/>\n<meta property=\"og:type\" content=\"article\" \/>\n<meta property=\"og:title\" content=\"Tolvan - Hoppetossa F\u00f6rskolor - F\u00f6rskolan Tolvan\" \/>\n<meta property=\"og:description\" content=\"V\u00e4lkommen till v\u00e5r f\u00f6rskola med ett unikt l\u00e4ge alldeles intill M\u00e4larens strand p\u00e5 Gr\u00f6nviksv\u00e4gen i Bromma. V\u00e5r ledstj\u00e4rna \u00e4r att bygga barnens sj\u00e4lvk\u00e4nsla med grunden i trygghet, tillit, respekt och probleml\u00f6sning.\" \/>\n<meta property=\"og:url\" content=\"http:\/\/hoppetossa.com\/tolvan\/\" \/>\n<meta property=\"og:site_name\" content=\"F\u00f6rskolan Tolvan\" \/>\n<meta property=\"article:modified_time\" content=\"2026-03-21T08:32:06+00:00\" \/>\n<meta name=\"twitter:card\" content=\"summary_large_image\" \/>\n<meta name=\"twitter:label1\" content=\"Ber\u00e4knad l\u00e4stid\" \/>\n\t<meta name=\"twitter:data1\" content=\"3 minuter\" \/>\n<script type=\"application\/ld+json\" class=\"yoast-schema-graph\">{\"@context\":\"https:\\\/\\\/schema.org\",\"@graph\":[{\"@type\":\"WebPage\",\"@id\":\"http:\\\/\\\/hoppetossa.com\\\/tolvan\\\/\",\"url\":\"http:\\\/\\\/hoppetossa.com\\\/tolvan\\\/\",\"name\":\"Tolvan - Hoppetossa F\u00f6rskolor - F\u00f6rskolan Tolvan\",\"isPartOf\":{\"@id\":\"http:\\\/\\\/hoppetossa.com\\\/tolvan\\\/#website\"},\"datePublished\":\"2020-06-16T20:25:46+00:00\",\"dateModified\":\"2026-03-21T08:32:06+00:00\",\"description\":\"V\u00e4lkommen till v\u00e5r f\u00f6rskola med ett unikt l\u00e4ge alldeles intill M\u00e4larens strand p\u00e5 Gr\u00f6nviksv\u00e4gen i Bromma. V\u00e5r ledstj\u00e4rna \u00e4r att bygga barnens sj\u00e4lvk\u00e4nsla med grunden i trygghet, tillit, respekt och probleml\u00f6sning.\",\"breadcrumb\":{\"@id\":\"http:\\\/\\\/hoppetossa.com\\\/tolvan\\\/#breadcrumb\"},\"inLanguage\":\"sv-SE\",\"potentialAction\":[{\"@type\":\"ReadAction\",\"target\":[\"http:\\\/\\\/hoppetossa.com\\\/tolvan\\\/\"]}]},{\"@type\":\"BreadcrumbList\",\"@id\":\"http:\\\/\\\/hoppetossa.com\\\/tolvan\\\/#breadcrumb\",\"itemListElement\":[{\"@type\":\"ListItem\",\"position\":1,\"name\":\"Hem\",\"item\":\"http:\\\/\\\/hoppetossa.com\\\/tolvan\\\/\"},{\"@type\":\"ListItem\",\"position\":2,\"name\":\"Tolvan &#8211; Hoppetossa F\u00f6rskolor\"}]},{\"@type\":\"WebSite\",\"@id\":\"http:\\\/\\\/hoppetossa.com\\\/tolvan\\\/#website\",\"url\":\"http:\\\/\\\/hoppetossa.com\\\/tolvan\\\/\",\"name\":\"F\u00f6rskolan Tolvan\",\"description\":\"En till Hoppetossa-webbplatser webbplats\",\"potentialAction\":[{\"@type\":\"SearchAction\",\"target\":{\"@type\":\"EntryPoint\",\"urlTemplate\":\"http:\\\/\\\/hoppetossa.com\\\/tolvan\\\/?s={search_term_string}\"},\"query-input\":{\"@type\":\"PropertyValueSpecification\",\"valueRequired\":true,\"valueName\":\"search_term_string\"}}],\"inLanguage\":\"sv-SE\"}]}<\/script>\n<!-- \/ Yoast SEO plugin. -->","yoast_head_json":{"title":"Tolvan - Hoppetossa F\u00f6rskolor - F\u00f6rskolan Tolvan","description":"V\u00e4lkommen till v\u00e5r f\u00f6rskola med ett unikt l\u00e4ge alldeles intill M\u00e4larens strand p\u00e5 Gr\u00f6nviksv\u00e4gen i Bromma. V\u00e5r ledstj\u00e4rna \u00e4r att bygga barnens sj\u00e4lvk\u00e4nsla med grunden i trygghet, tillit, respekt och probleml\u00f6sning.","robots":{"index":"index","follow":"follow","max-snippet":"max-snippet:-1","max-image-preview":"max-image-preview:large","max-video-preview":"max-video-preview:-1"},"canonical":"http:\/\/hoppetossa.com\/tolvan\/","og_locale":"sv_SE","og_type":"article","og_title":"Tolvan - Hoppetossa F\u00f6rskolor - F\u00f6rskolan Tolvan","og_description":"V\u00e4lkommen till v\u00e5r f\u00f6rskola med ett unikt l\u00e4ge alldeles intill M\u00e4larens strand p\u00e5 Gr\u00f6nviksv\u00e4gen i Bromma. V\u00e5r ledstj\u00e4rna \u00e4r att bygga barnens sj\u00e4lvk\u00e4nsla med grunden i trygghet, tillit, respekt och probleml\u00f6sning.","og_url":"http:\/\/hoppetossa.com\/tolvan\/","og_site_name":"F\u00f6rskolan Tolvan","article_modified_time":"2026-03-21T08:32:06+00:00","twitter_card":"summary_large_image","twitter_misc":{"Ber\u00e4knad l\u00e4stid":"3 minuter"},"schema":{"@context":"https:\/\/schema.org","@graph":[{"@type":"WebPage","@id":"http:\/\/hoppetossa.com\/tolvan\/","url":"http:\/\/hoppetossa.com\/tolvan\/","name":"Tolvan - Hoppetossa F\u00f6rskolor - F\u00f6rskolan Tolvan","isPartOf":{"@id":"http:\/\/hoppetossa.com\/tolvan\/#website"},"datePublished":"2020-06-16T20:25:46+00:00","dateModified":"2026-03-21T08:32:06+00:00","description":"V\u00e4lkommen till v\u00e5r f\u00f6rskola med ett unikt l\u00e4ge alldeles intill M\u00e4larens strand p\u00e5 Gr\u00f6nviksv\u00e4gen i Bromma. V\u00e5r ledstj\u00e4rna \u00e4r att bygga barnens sj\u00e4lvk\u00e4nsla med grunden i trygghet, tillit, respekt och probleml\u00f6sning.","breadcrumb":{"@id":"http:\/\/hoppetossa.com\/tolvan\/#breadcrumb"},"inLanguage":"sv-SE","potentialAction":[{"@type":"ReadAction","target":["http:\/\/hoppetossa.com\/tolvan\/"]}]},{"@type":"BreadcrumbList","@id":"http:\/\/hoppetossa.com\/tolvan\/#breadcrumb","itemListElement":[{"@type":"ListItem","position":1,"name":"Hem","item":"http:\/\/hoppetossa.com\/tolvan\/"},{"@type":"ListItem","position":2,"name":"Tolvan &#8211; Hoppetossa F\u00f6rskolor"}]},{"@type":"WebSite","@id":"http:\/\/hoppetossa.com\/tolvan\/#website","url":"http:\/\/hoppetossa.com\/tolvan\/","name":"F\u00f6rskolan Tolvan","description":"En till Hoppetossa-webbplatser webbplats","potentialAction":[{"@type":"SearchAction","target":{"@type":"EntryPoint","urlTemplate":"http:\/\/hoppetossa.com\/tolvan\/?s={search_term_string}"},"query-input":{"@type":"PropertyValueSpecification","valueRequired":true,"valueName":"search_term_string"}}],"inLanguage":"sv-SE"}]}},"jetpack_sharing_enabled":true,"jetpack-related-posts":[],"jetpack_shortlink":"https:\/\/wp.me\/Pc9iB5-2","_links":{"self":[{"href":"http:\/\/hoppetossa.com\/tolvan\/wp-json\/wp\/v2\/pages\/2","targetHints":{"allow":["GET"]}}],"collection":[{"href":"http:\/\/hoppetossa.com\/tolvan\/wp-json\/wp\/v2\/pages"}],"about":[{"href":"http:\/\/hoppetossa.com\/tolvan\/wp-json\/wp\/v2\/types\/page"}],"author":[{"embeddable":true,"href":"http:\/\/hoppetossa.com\/tolvan\/wp-json\/wp\/v2\/users\/5"}],"replies":[{"embeddable":true,"href":"http:\/\/hoppetossa.com\/tolvan\/wp-json\/wp\/v2\/comments?post=2"}],"version-history":[{"count":47,"href":"http:\/\/hoppetossa.com\/tolvan\/wp-json\/wp\/v2\/pages\/2\/revisions"}],"predecessor-version":[{"id":267,"href":"http:\/\/hoppetossa.com\/tolvan\/wp-json\/wp\/v2\/pages\/2\/revisions\/267"}],"wp:attachment":[{"href":"http:\/\/hoppetossa.com\/tolvan\/wp-json\/wp\/v2\/media?parent=2"}],"curies":[{"name":"wp","href":"https:\/\/api.w.org\/{rel}","templated":true}]}}