{"id":207,"date":"2024-12-20T11:08:17","date_gmt":"2024-12-20T10:08:17","guid":{"rendered":"https:\/\/hoppetossa.com\/tolvan\/?page_id=207"},"modified":"2024-12-20T11:38:48","modified_gmt":"2024-12-20T10:38:48","slug":"vision-karnvarden","status":"publish","type":"page","link":"http:\/\/hoppetossa.com\/tolvan\/vision-karnvarden\/","title":{"rendered":"Vision &amp; K\u00e4rnv\u00e4rden"},"content":{"rendered":"\n<h2 class=\"wp-block-heading\">Vision och k\u00e4rnv\u00e4rden<\/h2>\n\n\n\n<div class=\"wp-block-jetpack-tiled-gallery aligncenter is-style-rectangular\"><div class=\"\"><div class=\"tiled-gallery__gallery\"><div class=\"tiled-gallery__row\"><div class=\"tiled-gallery__col\" style=\"flex-basis:25.15465%\"><figure class=\"tiled-gallery__item\"><img decoding=\"async\" data-attachment-id=\"219\" data-permalink=\"http:\/\/hoppetossa.com\/tolvan\/screenshot-6\/\" data-orig-file=\"https:\/\/i0.wp.com\/hoppetossa.com\/tolvan\/wp-content\/uploads\/sites\/10\/2024\/12\/img-2556.jpg?fit=927%2C1486\" data-orig-size=\"927,1486\" data-comments-opened=\"0\" data-image-meta=\"{&quot;aperture&quot;:&quot;0&quot;,&quot;credit&quot;:&quot;&quot;,&quot;camera&quot;:&quot;&quot;,&quot;caption&quot;:&quot;Screenshot&quot;,&quot;created_timestamp&quot;:&quot;1734693638&quot;,&quot;copyright&quot;:&quot;&quot;,&quot;focal_length&quot;:&quot;0&quot;,&quot;iso&quot;:&quot;0&quot;,&quot;shutter_speed&quot;:&quot;0&quot;,&quot;title&quot;:&quot;Screenshot&quot;,&quot;orientation&quot;:&quot;1&quot;}\" data-image-title=\"IMG_2556\" data-image-description=\"\" data-image-caption=\"\" data-large-file=\"https:\/\/i0.wp.com\/hoppetossa.com\/tolvan\/wp-content\/uploads\/sites\/10\/2024\/12\/img-2556.jpg?fit=639%2C1024\" data-attachment-id=\"219\" data-permalink=\"http:\/\/hoppetossa.com\/tolvan\/screenshot-6\/\" data-orig-file=\"https:\/\/i0.wp.com\/hoppetossa.com\/tolvan\/wp-content\/uploads\/sites\/10\/2024\/12\/img-2556.jpg?fit=927%2C1486\" data-orig-size=\"927,1486\" data-comments-opened=\"0\" data-image-meta=\"{&quot;aperture&quot;:&quot;0&quot;,&quot;credit&quot;:&quot;&quot;,&quot;camera&quot;:&quot;&quot;,&quot;caption&quot;:&quot;Screenshot&quot;,&quot;created_timestamp&quot;:&quot;1734693638&quot;,&quot;copyright&quot;:&quot;&quot;,&quot;focal_length&quot;:&quot;0&quot;,&quot;iso&quot;:&quot;0&quot;,&quot;shutter_speed&quot;:&quot;0&quot;,&quot;title&quot;:&quot;Screenshot&quot;,&quot;orientation&quot;:&quot;1&quot;}\" data-image-title=\"IMG_2556\" data-image-description=\"\" data-image-caption=\"\" data-large-file=\"https:\/\/i0.wp.com\/hoppetossa.com\/tolvan\/wp-content\/uploads\/sites\/10\/2024\/12\/img-2556.jpg?fit=639%2C1024\" role=\"button\" tabindex=\"0\" aria-label=\"\u00d6ppna bild 1 av 3 i fullsk\u00e4rm\"srcset=\"https:\/\/i0.wp.com\/hoppetossa.com\/tolvan\/wp-content\/uploads\/sites\/10\/2024\/12\/img-2556-639x1024.jpg?strip=info&#038;w=600 600w,https:\/\/i0.wp.com\/hoppetossa.com\/tolvan\/wp-content\/uploads\/sites\/10\/2024\/12\/img-2556-639x1024.jpg?strip=info&#038;w=900 900w,https:\/\/i0.wp.com\/hoppetossa.com\/tolvan\/wp-content\/uploads\/sites\/10\/2024\/12\/img-2556-639x1024.jpg?strip=info&#038;w=927 927w\" alt=\"\" data-height=\"1486\" data-id=\"219\" data-link=\"https:\/\/hoppetossa.com\/tolvan\/screenshot-6\/\" data-url=\"http:\/\/hoppetossa.com\/tolvan\/wp-content\/uploads\/sites\/10\/2024\/12\/img-2556-639x1024.jpg\" data-width=\"927\" src=\"https:\/\/i0.wp.com\/hoppetossa.com\/tolvan\/wp-content\/uploads\/sites\/10\/2024\/12\/img-2556-639x1024.jpg\" data-amp-layout=\"responsive\" tabindex=\"0\" role=\"button\" aria-label=\"\u00d6ppna bild 1 av 3 i fullsk\u00e4rm\"\/><\/figure><\/div><div class=\"tiled-gallery__col img-responsive\" style=\"flex-basis:43.64628%\"><figure class=\"tiled-gallery__item\"><img decoding=\"async\" data-attachment-id=\"218\" data-permalink=\"http:\/\/hoppetossa.com\/tolvan\/screenshot-5\/\" data-orig-file=\"https:\/\/i0.wp.com\/hoppetossa.com\/tolvan\/wp-content\/uploads\/sites\/10\/2024\/12\/img-2555.jpg?fit=695%2C641\" data-orig-size=\"695,641\" data-comments-opened=\"0\" data-image-meta=\"{&quot;aperture&quot;:&quot;0&quot;,&quot;credit&quot;:&quot;&quot;,&quot;camera&quot;:&quot;&quot;,&quot;caption&quot;:&quot;Screenshot&quot;,&quot;created_timestamp&quot;:&quot;1734693616&quot;,&quot;copyright&quot;:&quot;&quot;,&quot;focal_length&quot;:&quot;0&quot;,&quot;iso&quot;:&quot;0&quot;,&quot;shutter_speed&quot;:&quot;0&quot;,&quot;title&quot;:&quot;Screenshot&quot;,&quot;orientation&quot;:&quot;1&quot;}\" data-image-title=\"IMG_2555\" data-image-description=\"\" data-image-caption=\"\" data-large-file=\"https:\/\/i0.wp.com\/hoppetossa.com\/tolvan\/wp-content\/uploads\/sites\/10\/2024\/12\/img-2555.jpg?fit=695%2C641\" data-attachment-id=\"218\" data-permalink=\"http:\/\/hoppetossa.com\/tolvan\/screenshot-5\/\" data-orig-file=\"https:\/\/i0.wp.com\/hoppetossa.com\/tolvan\/wp-content\/uploads\/sites\/10\/2024\/12\/img-2555.jpg?fit=695%2C641\" data-orig-size=\"695,641\" data-comments-opened=\"0\" data-image-meta=\"{&quot;aperture&quot;:&quot;0&quot;,&quot;credit&quot;:&quot;&quot;,&quot;camera&quot;:&quot;&quot;,&quot;caption&quot;:&quot;Screenshot&quot;,&quot;created_timestamp&quot;:&quot;1734693616&quot;,&quot;copyright&quot;:&quot;&quot;,&quot;focal_length&quot;:&quot;0&quot;,&quot;iso&quot;:&quot;0&quot;,&quot;shutter_speed&quot;:&quot;0&quot;,&quot;title&quot;:&quot;Screenshot&quot;,&quot;orientation&quot;:&quot;1&quot;}\" data-image-title=\"IMG_2555\" data-image-description=\"\" data-image-caption=\"\" data-large-file=\"https:\/\/i0.wp.com\/hoppetossa.com\/tolvan\/wp-content\/uploads\/sites\/10\/2024\/12\/img-2555.jpg?fit=695%2C641\" role=\"button\" tabindex=\"0\" aria-label=\"\u00d6ppna bild 2 av 3 i fullsk\u00e4rm\"srcset=\"https:\/\/i0.wp.com\/hoppetossa.com\/tolvan\/wp-content\/uploads\/sites\/10\/2024\/12\/img-2555.jpg?strip=info&#038;w=600 600w,https:\/\/i0.wp.com\/hoppetossa.com\/tolvan\/wp-content\/uploads\/sites\/10\/2024\/12\/img-2555.jpg?strip=info&#038;w=695 695w\" alt=\"\" data-height=\"641\" data-id=\"218\" data-link=\"https:\/\/hoppetossa.com\/tolvan\/screenshot-5\/\" data-url=\"http:\/\/hoppetossa.com\/tolvan\/wp-content\/uploads\/sites\/10\/2024\/12\/img-2555.jpg\" data-width=\"695\" src=\"https:\/\/i0.wp.com\/hoppetossa.com\/tolvan\/wp-content\/uploads\/sites\/10\/2024\/12\/img-2555.jpg\" data-amp-layout=\"responsive\" tabindex=\"0\" role=\"button\" aria-label=\"\u00d6ppna bild 2 av 3 i fullsk\u00e4rm\"\/><\/figure><\/div><div class=\"tiled-gallery__col img-responsive\" style=\"flex-basis:31.19907%\"><figure class=\"tiled-gallery__item\"><img decoding=\"async\" data-attachment-id=\"223\" data-permalink=\"http:\/\/hoppetossa.com\/tolvan\/pedagogik-och-verksamhet\/screenshot-10\/\" data-orig-file=\"https:\/\/i0.wp.com\/hoppetossa.com\/tolvan\/wp-content\/uploads\/sites\/10\/2024\/12\/img-2560.jpg?fit=1170%2C1511\" data-orig-size=\"1170,1511\" data-comments-opened=\"0\" data-image-meta=\"{&quot;aperture&quot;:&quot;0&quot;,&quot;credit&quot;:&quot;&quot;,&quot;camera&quot;:&quot;&quot;,&quot;caption&quot;:&quot;Screenshot&quot;,&quot;created_timestamp&quot;:&quot;1734693691&quot;,&quot;copyright&quot;:&quot;&quot;,&quot;focal_length&quot;:&quot;0&quot;,&quot;iso&quot;:&quot;0&quot;,&quot;shutter_speed&quot;:&quot;0&quot;,&quot;title&quot;:&quot;Screenshot&quot;,&quot;orientation&quot;:&quot;1&quot;}\" data-image-title=\"IMG_2560\" data-image-description=\"\" data-image-caption=\"\" data-large-file=\"https:\/\/i0.wp.com\/hoppetossa.com\/tolvan\/wp-content\/uploads\/sites\/10\/2024\/12\/img-2560.jpg?fit=793%2C1024\" data-attachment-id=\"223\" data-permalink=\"http:\/\/hoppetossa.com\/tolvan\/pedagogik-och-verksamhet\/screenshot-10\/\" data-orig-file=\"https:\/\/i0.wp.com\/hoppetossa.com\/tolvan\/wp-content\/uploads\/sites\/10\/2024\/12\/img-2560.jpg?fit=1170%2C1511\" data-orig-size=\"1170,1511\" data-comments-opened=\"0\" data-image-meta=\"{&quot;aperture&quot;:&quot;0&quot;,&quot;credit&quot;:&quot;&quot;,&quot;camera&quot;:&quot;&quot;,&quot;caption&quot;:&quot;Screenshot&quot;,&quot;created_timestamp&quot;:&quot;1734693691&quot;,&quot;copyright&quot;:&quot;&quot;,&quot;focal_length&quot;:&quot;0&quot;,&quot;iso&quot;:&quot;0&quot;,&quot;shutter_speed&quot;:&quot;0&quot;,&quot;title&quot;:&quot;Screenshot&quot;,&quot;orientation&quot;:&quot;1&quot;}\" data-image-title=\"IMG_2560\" data-image-description=\"\" data-image-caption=\"\" data-large-file=\"https:\/\/i0.wp.com\/hoppetossa.com\/tolvan\/wp-content\/uploads\/sites\/10\/2024\/12\/img-2560.jpg?fit=793%2C1024\" role=\"button\" tabindex=\"0\" aria-label=\"\u00d6ppna bild 3 av 3 i fullsk\u00e4rm\"srcset=\"https:\/\/i0.wp.com\/hoppetossa.com\/tolvan\/wp-content\/uploads\/sites\/10\/2024\/12\/img-2560-793x1024.jpg?strip=info&#038;w=600 600w,https:\/\/i0.wp.com\/hoppetossa.com\/tolvan\/wp-content\/uploads\/sites\/10\/2024\/12\/img-2560-793x1024.jpg?strip=info&#038;w=900 900w,https:\/\/i0.wp.com\/hoppetossa.com\/tolvan\/wp-content\/uploads\/sites\/10\/2024\/12\/img-2560-793x1024.jpg?strip=info&#038;w=1170 1170w\" alt=\"\" data-height=\"1511\" data-id=\"223\" data-link=\"https:\/\/hoppetossa.com\/tolvan\/screenshot-10\/\" data-url=\"http:\/\/hoppetossa.com\/tolvan\/wp-content\/uploads\/sites\/10\/2024\/12\/img-2560-793x1024.jpg\" data-width=\"1170\" src=\"https:\/\/i0.wp.com\/hoppetossa.com\/tolvan\/wp-content\/uploads\/sites\/10\/2024\/12\/img-2560-793x1024.jpg\" data-amp-layout=\"responsive\" tabindex=\"0\" role=\"button\" aria-label=\"\u00d6ppna bild 3 av 3 i fullsk\u00e4rm\"\/><\/figure><\/div><\/div><\/div><\/div><\/div>\n\n\n\n<p>V\u00e5r ledstj\u00e4rna \u00e4r att bygga barnens sj\u00e4lvk\u00e4nsla med grunden i trygghet, tillit, respekt och probleml\u00f6sning. F\u00f6r att n\u00e5 dit uppm\u00e4rksammar vi barnets f\u00e4rdigheter och l\u00e4r barnet p\u00e5 s\u00e5 vis att klara sig sj\u00e4lv. Genom att st\u00e4rka och utveckla den empatiska f\u00f6rm\u00e5gan och l\u00e4ra barnet att kl\u00e4 sina k\u00e4nslor i ord bygger vi en tro till den egna f\u00f6rm\u00e5gan och m\u00f6jligg\u00f6r ett utrymme d\u00e4r man kan vara den man \u00e4r.<\/p>\n\n\n\n<p><strong>Vision<\/strong><br>Vi vill vara en drivande kraft f\u00f6r en j\u00e4mst\u00e4lld och demokratisk v\u00e4rld.<\/p>\n\n\n\n<p><strong>K\u00e4rnv\u00e4rden<\/strong><br><em>Trygghet<br><\/em>Ett tryggt barn kan g\u00e5 hur l\u00e5ngt som helst. Sj\u00e4lvfallet vill vi erbjuda en trygg milj\u00f6 i v\u00e5r f\u00f6rskola; detta g\u00e4ller b\u00e5de den fysiska och den sociala milj\u00f6n. Genom att systematiskt utveckla v\u00e5r kvalitet f\u00f6rb\u00e4ttrar vi verksamheten och s\u00e4kerst\u00e4ller samtidigt att vi har kontroll som skapar den trygghet vi vill uppn\u00e5.<\/p>\n\n\n\n<p><em>Gl\u00e4dje<br><\/em>Vi l\u00e4gger v\u00e5rt fulla engagemang i vardagen med barnen och vill att hela f\u00f6rskolan ska genomsyras av gl\u00e4dje&nbsp;till barn, barns l\u00e4rande och f\u00f6rskolan.<\/p>\n\n\n\n<p><em>Nyfikenhet<\/em><br>Att erbjuda kvalitativ f\u00f6rskoleverksamhet&nbsp;kr\u00e4ver att vi ligger i framkant, samarbetar och utbyter erfarenheter med varandra och andra. Vi vill att&nbsp;barnens naturliga nyfikenhet och intresse alltid ska uppmuntras.<\/p>\n\n\n\n<p><em>Kunskap<br><\/em>Vi kan barns utveckling och l\u00e4rande, och vi vill alltid s\u00e4tta kunskap i fokus n\u00e4r vi driver v\u00e5r verksamhet.&nbsp;<\/p>\n","protected":false},"excerpt":{"rendered":"<p>Vision och k\u00e4rnv\u00e4rden V\u00e5r ledstj\u00e4rna \u00e4r att bygga barnens sj\u00e4lvk\u00e4nsla med grunden i trygghet, tillit, respekt och probleml\u00f6sning. F\u00f6r att&hellip; <a class=\"read-more\" href=\"http:\/\/hoppetossa.com\/tolvan\/vision-karnvarden\/\">L\u00e4s mera<\/a><\/p>\n","protected":false},"author":1,"featured_media":0,"parent":0,"menu_order":0,"comment_status":"closed","ping_status":"closed","template":"","meta":{"_acf_changed":false,"_monsterinsights_skip_tracking":false,"_monsterinsights_sitenote_active":false,"_monsterinsights_sitenote_note":"","_monsterinsights_sitenote_category":0,"jetpack_post_was_ever_published":false,"footnotes":""},"class_list":["post-207","page","type-page","status-publish","hentry"],"acf":[],"yoast_head":"<!-- This site is optimized with the Yoast SEO plugin v27.5 - https:\/\/yoast.com\/product\/yoast-seo-wordpress\/ -->\n<title>Vision &amp; K\u00e4rnv\u00e4rden - F\u00f6rskolan Tolvan<\/title>\n<meta name=\"robots\" content=\"index, follow, max-snippet:-1, max-image-preview:large, max-video-preview:-1\" \/>\n<link rel=\"canonical\" href=\"http:\/\/hoppetossa.com\/tolvan\/vision-karnvarden\/\" \/>\n<meta property=\"og:locale\" content=\"sv_SE\" \/>\n<meta property=\"og:type\" content=\"article\" \/>\n<meta property=\"og:title\" content=\"Vision &amp; K\u00e4rnv\u00e4rden - F\u00f6rskolan Tolvan\" \/>\n<meta property=\"og:description\" content=\"Vision och k\u00e4rnv\u00e4rden V\u00e5r ledstj\u00e4rna \u00e4r att bygga barnens sj\u00e4lvk\u00e4nsla med grunden i trygghet, tillit, respekt och probleml\u00f6sning. F\u00f6r att&hellip; L\u00e4s mera\" \/>\n<meta property=\"og:url\" content=\"http:\/\/hoppetossa.com\/tolvan\/vision-karnvarden\/\" \/>\n<meta property=\"og:site_name\" content=\"F\u00f6rskolan Tolvan\" \/>\n<meta property=\"article:modified_time\" content=\"2024-12-20T10:38:48+00:00\" \/>\n<meta property=\"og:image\" content=\"https:\/\/i0.wp.com\/hoppetossa.com\/tolvan\/wp-content\/uploads\/sites\/10\/2024\/12\/img-2556-639x1024.jpg\" \/>\n<meta name=\"twitter:card\" content=\"summary_large_image\" \/>\n<meta name=\"twitter:label1\" content=\"Ber\u00e4knad l\u00e4stid\" \/>\n\t<meta name=\"twitter:data1\" content=\"2 minuter\" \/>\n<script type=\"application\/ld+json\" class=\"yoast-schema-graph\">{\"@context\":\"https:\\\/\\\/schema.org\",\"@graph\":[{\"@type\":\"WebPage\",\"@id\":\"http:\\\/\\\/hoppetossa.com\\\/tolvan\\\/vision-karnvarden\\\/\",\"url\":\"http:\\\/\\\/hoppetossa.com\\\/tolvan\\\/vision-karnvarden\\\/\",\"name\":\"Vision &amp; K\u00e4rnv\u00e4rden - F\u00f6rskolan Tolvan\",\"isPartOf\":{\"@id\":\"http:\\\/\\\/hoppetossa.com\\\/tolvan\\\/#website\"},\"primaryImageOfPage\":{\"@id\":\"http:\\\/\\\/hoppetossa.com\\\/tolvan\\\/vision-karnvarden\\\/#primaryimage\"},\"image\":{\"@id\":\"http:\\\/\\\/hoppetossa.com\\\/tolvan\\\/vision-karnvarden\\\/#primaryimage\"},\"thumbnailUrl\":\"https:\\\/\\\/i0.wp.com\\\/hoppetossa.com\\\/tolvan\\\/wp-content\\\/uploads\\\/sites\\\/10\\\/2024\\\/12\\\/img-2556-639x1024.jpg\",\"datePublished\":\"2024-12-20T10:08:17+00:00\",\"dateModified\":\"2024-12-20T10:38:48+00:00\",\"breadcrumb\":{\"@id\":\"http:\\\/\\\/hoppetossa.com\\\/tolvan\\\/vision-karnvarden\\\/#breadcrumb\"},\"inLanguage\":\"sv-SE\",\"potentialAction\":[{\"@type\":\"ReadAction\",\"target\":[\"http:\\\/\\\/hoppetossa.com\\\/tolvan\\\/vision-karnvarden\\\/\"]}]},{\"@type\":\"ImageObject\",\"inLanguage\":\"sv-SE\",\"@id\":\"http:\\\/\\\/hoppetossa.com\\\/tolvan\\\/vision-karnvarden\\\/#primaryimage\",\"url\":\"https:\\\/\\\/i0.wp.com\\\/hoppetossa.com\\\/tolvan\\\/wp-content\\\/uploads\\\/sites\\\/10\\\/2024\\\/12\\\/img-2556-639x1024.jpg\",\"contentUrl\":\"https:\\\/\\\/i0.wp.com\\\/hoppetossa.com\\\/tolvan\\\/wp-content\\\/uploads\\\/sites\\\/10\\\/2024\\\/12\\\/img-2556-639x1024.jpg\"},{\"@type\":\"BreadcrumbList\",\"@id\":\"http:\\\/\\\/hoppetossa.com\\\/tolvan\\\/vision-karnvarden\\\/#breadcrumb\",\"itemListElement\":[{\"@type\":\"ListItem\",\"position\":1,\"name\":\"Hem\",\"item\":\"http:\\\/\\\/hoppetossa.com\\\/tolvan\\\/\"},{\"@type\":\"ListItem\",\"position\":2,\"name\":\"Vision &amp; K\u00e4rnv\u00e4rden\"}]},{\"@type\":\"WebSite\",\"@id\":\"http:\\\/\\\/hoppetossa.com\\\/tolvan\\\/#website\",\"url\":\"http:\\\/\\\/hoppetossa.com\\\/tolvan\\\/\",\"name\":\"F\u00f6rskolan Tolvan\",\"description\":\"En till Hoppetossa-webbplatser webbplats\",\"potentialAction\":[{\"@type\":\"SearchAction\",\"target\":{\"@type\":\"EntryPoint\",\"urlTemplate\":\"http:\\\/\\\/hoppetossa.com\\\/tolvan\\\/?s={search_term_string}\"},\"query-input\":{\"@type\":\"PropertyValueSpecification\",\"valueRequired\":true,\"valueName\":\"search_term_string\"}}],\"inLanguage\":\"sv-SE\"}]}<\/script>\n<!-- \/ Yoast SEO plugin. -->","yoast_head_json":{"title":"Vision &amp; K\u00e4rnv\u00e4rden - F\u00f6rskolan Tolvan","robots":{"index":"index","follow":"follow","max-snippet":"max-snippet:-1","max-image-preview":"max-image-preview:large","max-video-preview":"max-video-preview:-1"},"canonical":"http:\/\/hoppetossa.com\/tolvan\/vision-karnvarden\/","og_locale":"sv_SE","og_type":"article","og_title":"Vision &amp; K\u00e4rnv\u00e4rden - F\u00f6rskolan Tolvan","og_description":"Vision och k\u00e4rnv\u00e4rden V\u00e5r ledstj\u00e4rna \u00e4r att bygga barnens sj\u00e4lvk\u00e4nsla med grunden i trygghet, tillit, respekt och probleml\u00f6sning. F\u00f6r att&hellip; L\u00e4s mera","og_url":"http:\/\/hoppetossa.com\/tolvan\/vision-karnvarden\/","og_site_name":"F\u00f6rskolan Tolvan","article_modified_time":"2024-12-20T10:38:48+00:00","og_image":[{"url":"https:\/\/i0.wp.com\/hoppetossa.com\/tolvan\/wp-content\/uploads\/sites\/10\/2024\/12\/img-2556-639x1024.jpg","type":"","width":"","height":""}],"twitter_card":"summary_large_image","twitter_misc":{"Ber\u00e4knad l\u00e4stid":"2 minuter"},"schema":{"@context":"https:\/\/schema.org","@graph":[{"@type":"WebPage","@id":"http:\/\/hoppetossa.com\/tolvan\/vision-karnvarden\/","url":"http:\/\/hoppetossa.com\/tolvan\/vision-karnvarden\/","name":"Vision &amp; K\u00e4rnv\u00e4rden - F\u00f6rskolan Tolvan","isPartOf":{"@id":"http:\/\/hoppetossa.com\/tolvan\/#website"},"primaryImageOfPage":{"@id":"http:\/\/hoppetossa.com\/tolvan\/vision-karnvarden\/#primaryimage"},"image":{"@id":"http:\/\/hoppetossa.com\/tolvan\/vision-karnvarden\/#primaryimage"},"thumbnailUrl":"https:\/\/i0.wp.com\/hoppetossa.com\/tolvan\/wp-content\/uploads\/sites\/10\/2024\/12\/img-2556-639x1024.jpg","datePublished":"2024-12-20T10:08:17+00:00","dateModified":"2024-12-20T10:38:48+00:00","breadcrumb":{"@id":"http:\/\/hoppetossa.com\/tolvan\/vision-karnvarden\/#breadcrumb"},"inLanguage":"sv-SE","potentialAction":[{"@type":"ReadAction","target":["http:\/\/hoppetossa.com\/tolvan\/vision-karnvarden\/"]}]},{"@type":"ImageObject","inLanguage":"sv-SE","@id":"http:\/\/hoppetossa.com\/tolvan\/vision-karnvarden\/#primaryimage","url":"https:\/\/i0.wp.com\/hoppetossa.com\/tolvan\/wp-content\/uploads\/sites\/10\/2024\/12\/img-2556-639x1024.jpg","contentUrl":"https:\/\/i0.wp.com\/hoppetossa.com\/tolvan\/wp-content\/uploads\/sites\/10\/2024\/12\/img-2556-639x1024.jpg"},{"@type":"BreadcrumbList","@id":"http:\/\/hoppetossa.com\/tolvan\/vision-karnvarden\/#breadcrumb","itemListElement":[{"@type":"ListItem","position":1,"name":"Hem","item":"http:\/\/hoppetossa.com\/tolvan\/"},{"@type":"ListItem","position":2,"name":"Vision &amp; K\u00e4rnv\u00e4rden"}]},{"@type":"WebSite","@id":"http:\/\/hoppetossa.com\/tolvan\/#website","url":"http:\/\/hoppetossa.com\/tolvan\/","name":"F\u00f6rskolan Tolvan","description":"En till Hoppetossa-webbplatser webbplats","potentialAction":[{"@type":"SearchAction","target":{"@type":"EntryPoint","urlTemplate":"http:\/\/hoppetossa.com\/tolvan\/?s={search_term_string}"},"query-input":{"@type":"PropertyValueSpecification","valueRequired":true,"valueName":"search_term_string"}}],"inLanguage":"sv-SE"}]}},"jetpack_sharing_enabled":true,"jetpack-related-posts":[],"jetpack_shortlink":"https:\/\/wp.me\/Pc9iB5-3l","_links":{"self":[{"href":"http:\/\/hoppetossa.com\/tolvan\/wp-json\/wp\/v2\/pages\/207","targetHints":{"allow":["GET"]}}],"collection":[{"href":"http:\/\/hoppetossa.com\/tolvan\/wp-json\/wp\/v2\/pages"}],"about":[{"href":"http:\/\/hoppetossa.com\/tolvan\/wp-json\/wp\/v2\/types\/page"}],"author":[{"embeddable":true,"href":"http:\/\/hoppetossa.com\/tolvan\/wp-json\/wp\/v2\/users\/1"}],"replies":[{"embeddable":true,"href":"http:\/\/hoppetossa.com\/tolvan\/wp-json\/wp\/v2\/comments?post=207"}],"version-history":[{"count":2,"href":"http:\/\/hoppetossa.com\/tolvan\/wp-json\/wp\/v2\/pages\/207\/revisions"}],"predecessor-version":[{"id":229,"href":"http:\/\/hoppetossa.com\/tolvan\/wp-json\/wp\/v2\/pages\/207\/revisions\/229"}],"wp:attachment":[{"href":"http:\/\/hoppetossa.com\/tolvan\/wp-json\/wp\/v2\/media?parent=207"}],"curies":[{"name":"wp","href":"https:\/\/api.w.org\/{rel}","templated":true}]}}