{"id":23,"date":"2020-06-16T22:38:17","date_gmt":"2020-06-16T20:38:17","guid":{"rendered":"http:\/\/hoppetossa.com\/tolvan\/?page_id=23"},"modified":"2024-12-20T11:57:45","modified_gmt":"2024-12-20T10:57:45","slug":"ovrig-information","status":"publish","type":"page","link":"http:\/\/hoppetossa.com\/tolvan\/ovrig-information\/","title":{"rendered":"\u00d6vrig information"},"content":{"rendered":"\n<figure class=\"wp-block-image size-large\"><img data-recalc-dims=\"1\" loading=\"lazy\" decoding=\"async\" width=\"1024\" height=\"439\" data-attachment-id=\"203\" data-permalink=\"http:\/\/hoppetossa.com\/tolvan\/screenshot\/\" data-orig-file=\"https:\/\/i0.wp.com\/hoppetossa.com\/tolvan\/wp-content\/uploads\/sites\/10\/2024\/12\/tolvan-small-scaled.jpg?fit=2560%2C1099\" data-orig-size=\"2560,1099\" data-comments-opened=\"0\" data-image-meta=\"{&quot;aperture&quot;:&quot;0&quot;,&quot;credit&quot;:&quot;&quot;,&quot;camera&quot;:&quot;&quot;,&quot;caption&quot;:&quot;Screenshot&quot;,&quot;created_timestamp&quot;:&quot;0&quot;,&quot;copyright&quot;:&quot;&quot;,&quot;focal_length&quot;:&quot;0&quot;,&quot;iso&quot;:&quot;0&quot;,&quot;shutter_speed&quot;:&quot;0&quot;,&quot;title&quot;:&quot;Screenshot&quot;,&quot;orientation&quot;:&quot;1&quot;}\" data-image-title=\"Tolvan_small\" data-image-description=\"\" data-image-caption=\"&lt;p&gt;Screenshot&lt;\/p&gt;\n\" data-large-file=\"https:\/\/i0.wp.com\/hoppetossa.com\/tolvan\/wp-content\/uploads\/sites\/10\/2024\/12\/tolvan-small-scaled.jpg?fit=1024%2C439\" src=\"https:\/\/i0.wp.com\/hoppetossa.com\/tolvan\/wp-content\/uploads\/sites\/10\/2024\/12\/tolvan-small.jpg?resize=1024%2C439\" alt=\"\" class=\"wp-image-203 img-responsive\" srcset=\"https:\/\/i0.wp.com\/hoppetossa.com\/tolvan\/wp-content\/uploads\/sites\/10\/2024\/12\/tolvan-small-scaled.jpg?resize=1024%2C439 1024w, https:\/\/i0.wp.com\/hoppetossa.com\/tolvan\/wp-content\/uploads\/sites\/10\/2024\/12\/tolvan-small-scaled.jpg?resize=300%2C129 300w, https:\/\/i0.wp.com\/hoppetossa.com\/tolvan\/wp-content\/uploads\/sites\/10\/2024\/12\/tolvan-small-scaled.jpg?resize=768%2C330 768w, https:\/\/i0.wp.com\/hoppetossa.com\/tolvan\/wp-content\/uploads\/sites\/10\/2024\/12\/tolvan-small-scaled.jpg?resize=1536%2C659 1536w, https:\/\/i0.wp.com\/hoppetossa.com\/tolvan\/wp-content\/uploads\/sites\/10\/2024\/12\/tolvan-small-scaled.jpg?resize=2048%2C879 2048w, https:\/\/i0.wp.com\/hoppetossa.com\/tolvan\/wp-content\/uploads\/sites\/10\/2024\/12\/tolvan-small-scaled.jpg?w=2280 2280w\" sizes=\"auto, (max-width: 1024px) 100vw, 1024px\" \/><\/figure>\n\n\n\n<h1>F\u00f6rskola och hem<\/h1>\n<p>Vi arbetar medvetet f\u00f6r att skapa\u00a0trygghet\u00a0f\u00f6r barn och v\u00e5rdnadshavare.\u00a0F\u00f6r oss \u00e4r det viktigt att vi, f\u00f6rskola \u2013 hem, samarbetar och utvecklar en tillitsfull relation. Hos oss \u00e4r det sj\u00e4lvklart att alla barn och familjer ska bem\u00f6tas med respekt och \u00f6dmjukt i det dagliga m\u00f6tet och k\u00e4nna sig v\u00e4lkomna. Vi uppmuntrar till f\u00f6r\u00e4ldrainflytande eftersom det \u00e4r en f\u00f6ruts\u00e4ttning f\u00f6r barnen att f\u00f6rskolan och hemmet st\u00e5r i tillitsfull och n\u00e4ra f\u00f6rbindelse.<\/p>\n<h2 class=\"wp-block-heading\">Introduktion \u2013 n\u00e4r ert barn b\u00f6rjar f\u00f6rskolan<\/h2>\n<p>Innan introduktionen tar f\u00f6rskolans pedagoger kontakt med er f\u00f6r att delge er information inf\u00f6r inskolningen. I samband med inskolningen sker \u00e4ven samtal mellan er och f\u00f6rskolan, syftet \u00e4r att ni f\u00e5r m\u00f6jlighet att ber\u00e4tta om ert barn och p\u00e5 vilket s\u00e4tt f\u00f6rskolan kan bidra till trivsel, utveckling och l\u00e4rande. Vid inskolningsperioden \u00e4r v\u00e5rt syfte att barnen ska kunna k\u00e4nna sig v\u00e4lkomna d\u00e4r vi f\u00f6rs\u00f6ker att skapa relation med barnen f\u00f6r deras trygghet och tillit till oss pedagoger.<\/p>\n<h2>\u00d6ppettider<\/h2>\n<p>Vi f\u00f6ljer Stockholm stads riktlinjer. Enligt dem ska en f\u00f6rskola erbjuda \u00f6ppettider i f\u00f6rh\u00e5llande till v\u00e5rdnadshavares behov inom ramtiden 06.30-18.30 alla helgfria vardagar f\u00f6rutom julafton, midsommarafton och ny\u00e5rsafton.<\/p>\n<p>Vid inskrivning av nytt barn samt i b\u00f6rjan av varje termin samlar vi in v\u00e5rdnadshavares behov av barnomsorg f\u00f6r den kommande terminen. Sj\u00e4lvfallet g\u00e5r det att \u00e4ndra tider \u00e4ven under terminens g\u00e5ng. \u00c4ndring av vistelsetid (del-eller heltid) g\u00f6rs via kommunens e-tj\u00e4nst. \u00c4ndring av enstaka f\u00f6r\u00e4ndring av schema\/n\u00e4rvarotid meddelas avdelningspersonalen, om f\u00f6r\u00e4ndringen \u00e4r best\u00e5ende meddelas rektor. V\u00e5rdnadshavare ansvarar f\u00f6r att den avtalade tiden h\u00e5lls.<\/p>\n<h2>K\u00f6regler<\/h2>\n<p>V\u00e5r f\u00f6rskola \u00e4r med i Stockholm Stads gemensamma k\u00f6, vilket inneb\u00e4r att vi f\u00f6ljer Stockholms stads urvalsregler. V\u00e5r k\u00f6 hittar ni h\u00e4r: <a href=\"https:\/\/forskola.stockholm\/hitta-forskola\/forskola\/hoppetossa-tolvan\/\">https:\/\/forskola.stockholm\/hitta-forskola\/forskola\/hoppetossa-tolvan\/<\/a><\/p>\n<h2>M\u00e5nadsavgift<\/h2>\n<p>M\u00e5nadsavgiften f\u00f6ljer den kommunala maxtaxan. Man\u00a0har ingen r\u00e4tt till \u00e5terbetalning av m\u00e5nadsavgiften om barnet\u00a0\u00e4r tillf\u00e4lligt fr\u00e5nvarande fr\u00e5n f\u00f6rskolan\u00a0(t.ex. vid sjukdom eller resa).\u00a0Man betalar m\u00e5nadsavgift 12 m\u00e5nader per \u00e5r.\u00a0 N\u00e5gon avgift\/kostnad ut\u00f6ver maxtaxan f\u00e5r inte tas ut f\u00f6r en plats i f\u00f6rskolan, och detta g\u00f6r vi sj\u00e4lvfallet\u00a0<strong>inte<\/strong>\u00a0i v\u00e5r f\u00f6rskola.<\/p>\n<h2>Upps\u00e4gningstid<\/h2>\n<p>En v\u00e5rdnadshavares upps\u00e4gningstid av sitt barns plats i en f\u00f6rskola \u00e4r en m\u00e5nad. Man betalar m\u00e5nadsavgift under upps\u00e4gningstiden.<\/p>\n<h2>Olycksfallsf\u00f6rs\u00e4kring<\/h2>\n<p>Alla barn som g\u00e5r i kommunala och frist\u00e5ende f\u00f6rskolor i Stockholm Stad \u00e4r olycksfallsf\u00f6rs\u00e4krade genom f\u00f6rs\u00e4kringsbolaget S:t Erik f\u00f6rs\u00e4kring. F\u00f6rs\u00e4kringen g\u00e4ller dygnet runt.<\/p>\n<p>Om ditt barn r\u00e5kar ut f\u00f6r en skada \u00e4r det du som v\u00e5rdnadshavare som anm\u00e4ler skadan. En blankett\u202ff\u00f6r skadeanm\u00e4lan finns p\u00e5 S:t Eriks f\u00f6rs\u00e4krings webbplats.<\/p>\n<p>Om du beh\u00f6ver anv\u00e4nda f\u00f6rs\u00e4kringen beh\u00f6ver du inte betala sj\u00e4lvrisk. Om du vill veta mer om f\u00f6rs\u00e4kringen, villkor och liknande hittar du det p\u00e5 S:t Eriks f\u00f6rs\u00e4krings webbplats.<\/p>\n<p class=\"arrow-link\"><a title=\"http:\/\/www.sterikforsakring.se\/\" contenteditable=\"false\" href=\"http:\/\/www.sterikforsakring.se\/\">S:t Eriks f\u00f6rs\u00e4krings webbplats<\/a><\/p>\n","protected":false},"excerpt":{"rendered":"<p>F\u00f6rskola och hem Vi arbetar medvetet f\u00f6r att skapa\u00a0trygghet\u00a0f\u00f6r barn och v\u00e5rdnadshavare.\u00a0F\u00f6r oss \u00e4r det viktigt att vi, f\u00f6rskola \u2013&hellip; <a class=\"read-more\" href=\"http:\/\/hoppetossa.com\/tolvan\/ovrig-information\/\">L\u00e4s mera<\/a><\/p>\n","protected":false},"author":5,"featured_media":0,"parent":0,"menu_order":0,"comment_status":"closed","ping_status":"closed","template":"","meta":{"_acf_changed":false,"_monsterinsights_skip_tracking":false,"_monsterinsights_sitenote_active":false,"_monsterinsights_sitenote_note":"","_monsterinsights_sitenote_category":0,"jetpack_post_was_ever_published":false,"footnotes":""},"class_list":["post-23","page","type-page","status-publish","hentry"],"acf":[],"yoast_head":"<!-- This site is optimized with the Yoast SEO plugin v27.5 - https:\/\/yoast.com\/product\/yoast-seo-wordpress\/ -->\n<title>\u00d6vrig information - F\u00f6rskolan Tolvan<\/title>\n<meta name=\"robots\" content=\"index, follow, max-snippet:-1, max-image-preview:large, max-video-preview:-1\" \/>\n<link rel=\"canonical\" href=\"http:\/\/hoppetossa.com\/tolvan\/ovrig-information\/\" \/>\n<meta property=\"og:locale\" content=\"sv_SE\" \/>\n<meta property=\"og:type\" content=\"article\" \/>\n<meta property=\"og:title\" content=\"\u00d6vrig information - F\u00f6rskolan Tolvan\" \/>\n<meta property=\"og:description\" content=\"F\u00f6rskola och hem Vi arbetar medvetet f\u00f6r att skapa\u00a0trygghet\u00a0f\u00f6r barn och v\u00e5rdnadshavare.\u00a0F\u00f6r oss \u00e4r det viktigt att vi, f\u00f6rskola \u2013&hellip; L\u00e4s mera\" \/>\n<meta property=\"og:url\" content=\"http:\/\/hoppetossa.com\/tolvan\/ovrig-information\/\" \/>\n<meta property=\"og:site_name\" content=\"F\u00f6rskolan Tolvan\" \/>\n<meta property=\"article:modified_time\" content=\"2024-12-20T10:57:45+00:00\" \/>\n<meta property=\"og:image\" content=\"http:\/\/hoppetossa.com\/tolvan\/wp-content\/uploads\/sites\/10\/2024\/12\/tolvan-small-1024x439.jpg\" \/>\n<meta name=\"twitter:card\" content=\"summary_large_image\" \/>\n<meta name=\"twitter:label1\" content=\"Ber\u00e4knad l\u00e4stid\" \/>\n\t<meta name=\"twitter:data1\" content=\"2 minuter\" \/>\n<script type=\"application\/ld+json\" class=\"yoast-schema-graph\">{\"@context\":\"https:\\\/\\\/schema.org\",\"@graph\":[{\"@type\":\"WebPage\",\"@id\":\"http:\\\/\\\/hoppetossa.com\\\/tolvan\\\/ovrig-information\\\/\",\"url\":\"http:\\\/\\\/hoppetossa.com\\\/tolvan\\\/ovrig-information\\\/\",\"name\":\"\u00d6vrig information - F\u00f6rskolan Tolvan\",\"isPartOf\":{\"@id\":\"http:\\\/\\\/hoppetossa.com\\\/tolvan\\\/#website\"},\"primaryImageOfPage\":{\"@id\":\"http:\\\/\\\/hoppetossa.com\\\/tolvan\\\/ovrig-information\\\/#primaryimage\"},\"image\":{\"@id\":\"http:\\\/\\\/hoppetossa.com\\\/tolvan\\\/ovrig-information\\\/#primaryimage\"},\"thumbnailUrl\":\"http:\\\/\\\/hoppetossa.com\\\/tolvan\\\/wp-content\\\/uploads\\\/sites\\\/10\\\/2024\\\/12\\\/tolvan-small-1024x439.jpg\",\"datePublished\":\"2020-06-16T20:38:17+00:00\",\"dateModified\":\"2024-12-20T10:57:45+00:00\",\"breadcrumb\":{\"@id\":\"http:\\\/\\\/hoppetossa.com\\\/tolvan\\\/ovrig-information\\\/#breadcrumb\"},\"inLanguage\":\"sv-SE\",\"potentialAction\":[{\"@type\":\"ReadAction\",\"target\":[\"http:\\\/\\\/hoppetossa.com\\\/tolvan\\\/ovrig-information\\\/\"]}]},{\"@type\":\"ImageObject\",\"inLanguage\":\"sv-SE\",\"@id\":\"http:\\\/\\\/hoppetossa.com\\\/tolvan\\\/ovrig-information\\\/#primaryimage\",\"url\":\"https:\\\/\\\/i0.wp.com\\\/hoppetossa.com\\\/tolvan\\\/wp-content\\\/uploads\\\/sites\\\/10\\\/2024\\\/12\\\/tolvan-small-scaled.jpg?fit=2560%2C1099\",\"contentUrl\":\"https:\\\/\\\/i0.wp.com\\\/hoppetossa.com\\\/tolvan\\\/wp-content\\\/uploads\\\/sites\\\/10\\\/2024\\\/12\\\/tolvan-small-scaled.jpg?fit=2560%2C1099\",\"width\":2560,\"height\":1099,\"caption\":\"Screenshot\"},{\"@type\":\"BreadcrumbList\",\"@id\":\"http:\\\/\\\/hoppetossa.com\\\/tolvan\\\/ovrig-information\\\/#breadcrumb\",\"itemListElement\":[{\"@type\":\"ListItem\",\"position\":1,\"name\":\"Hem\",\"item\":\"http:\\\/\\\/hoppetossa.com\\\/tolvan\\\/\"},{\"@type\":\"ListItem\",\"position\":2,\"name\":\"\u00d6vrig information\"}]},{\"@type\":\"WebSite\",\"@id\":\"http:\\\/\\\/hoppetossa.com\\\/tolvan\\\/#website\",\"url\":\"http:\\\/\\\/hoppetossa.com\\\/tolvan\\\/\",\"name\":\"F\u00f6rskolan Tolvan\",\"description\":\"En till Hoppetossa-webbplatser webbplats\",\"potentialAction\":[{\"@type\":\"SearchAction\",\"target\":{\"@type\":\"EntryPoint\",\"urlTemplate\":\"http:\\\/\\\/hoppetossa.com\\\/tolvan\\\/?s={search_term_string}\"},\"query-input\":{\"@type\":\"PropertyValueSpecification\",\"valueRequired\":true,\"valueName\":\"search_term_string\"}}],\"inLanguage\":\"sv-SE\"}]}<\/script>\n<!-- \/ Yoast SEO plugin. -->","yoast_head_json":{"title":"\u00d6vrig information - F\u00f6rskolan Tolvan","robots":{"index":"index","follow":"follow","max-snippet":"max-snippet:-1","max-image-preview":"max-image-preview:large","max-video-preview":"max-video-preview:-1"},"canonical":"http:\/\/hoppetossa.com\/tolvan\/ovrig-information\/","og_locale":"sv_SE","og_type":"article","og_title":"\u00d6vrig information - F\u00f6rskolan Tolvan","og_description":"F\u00f6rskola och hem Vi arbetar medvetet f\u00f6r att skapa\u00a0trygghet\u00a0f\u00f6r barn och v\u00e5rdnadshavare.\u00a0F\u00f6r oss \u00e4r det viktigt att vi, f\u00f6rskola \u2013&hellip; L\u00e4s mera","og_url":"http:\/\/hoppetossa.com\/tolvan\/ovrig-information\/","og_site_name":"F\u00f6rskolan Tolvan","article_modified_time":"2024-12-20T10:57:45+00:00","og_image":[{"url":"http:\/\/hoppetossa.com\/tolvan\/wp-content\/uploads\/sites\/10\/2024\/12\/tolvan-small-1024x439.jpg","type":"","width":"","height":""}],"twitter_card":"summary_large_image","twitter_misc":{"Ber\u00e4knad l\u00e4stid":"2 minuter"},"schema":{"@context":"https:\/\/schema.org","@graph":[{"@type":"WebPage","@id":"http:\/\/hoppetossa.com\/tolvan\/ovrig-information\/","url":"http:\/\/hoppetossa.com\/tolvan\/ovrig-information\/","name":"\u00d6vrig information - F\u00f6rskolan Tolvan","isPartOf":{"@id":"http:\/\/hoppetossa.com\/tolvan\/#website"},"primaryImageOfPage":{"@id":"http:\/\/hoppetossa.com\/tolvan\/ovrig-information\/#primaryimage"},"image":{"@id":"http:\/\/hoppetossa.com\/tolvan\/ovrig-information\/#primaryimage"},"thumbnailUrl":"http:\/\/hoppetossa.com\/tolvan\/wp-content\/uploads\/sites\/10\/2024\/12\/tolvan-small-1024x439.jpg","datePublished":"2020-06-16T20:38:17+00:00","dateModified":"2024-12-20T10:57:45+00:00","breadcrumb":{"@id":"http:\/\/hoppetossa.com\/tolvan\/ovrig-information\/#breadcrumb"},"inLanguage":"sv-SE","potentialAction":[{"@type":"ReadAction","target":["http:\/\/hoppetossa.com\/tolvan\/ovrig-information\/"]}]},{"@type":"ImageObject","inLanguage":"sv-SE","@id":"http:\/\/hoppetossa.com\/tolvan\/ovrig-information\/#primaryimage","url":"https:\/\/i0.wp.com\/hoppetossa.com\/tolvan\/wp-content\/uploads\/sites\/10\/2024\/12\/tolvan-small-scaled.jpg?fit=2560%2C1099","contentUrl":"https:\/\/i0.wp.com\/hoppetossa.com\/tolvan\/wp-content\/uploads\/sites\/10\/2024\/12\/tolvan-small-scaled.jpg?fit=2560%2C1099","width":2560,"height":1099,"caption":"Screenshot"},{"@type":"BreadcrumbList","@id":"http:\/\/hoppetossa.com\/tolvan\/ovrig-information\/#breadcrumb","itemListElement":[{"@type":"ListItem","position":1,"name":"Hem","item":"http:\/\/hoppetossa.com\/tolvan\/"},{"@type":"ListItem","position":2,"name":"\u00d6vrig information"}]},{"@type":"WebSite","@id":"http:\/\/hoppetossa.com\/tolvan\/#website","url":"http:\/\/hoppetossa.com\/tolvan\/","name":"F\u00f6rskolan Tolvan","description":"En till Hoppetossa-webbplatser webbplats","potentialAction":[{"@type":"SearchAction","target":{"@type":"EntryPoint","urlTemplate":"http:\/\/hoppetossa.com\/tolvan\/?s={search_term_string}"},"query-input":{"@type":"PropertyValueSpecification","valueRequired":true,"valueName":"search_term_string"}}],"inLanguage":"sv-SE"}]}},"jetpack_sharing_enabled":true,"jetpack-related-posts":[],"jetpack_shortlink":"https:\/\/wp.me\/Pc9iB5-n","_links":{"self":[{"href":"http:\/\/hoppetossa.com\/tolvan\/wp-json\/wp\/v2\/pages\/23","targetHints":{"allow":["GET"]}}],"collection":[{"href":"http:\/\/hoppetossa.com\/tolvan\/wp-json\/wp\/v2\/pages"}],"about":[{"href":"http:\/\/hoppetossa.com\/tolvan\/wp-json\/wp\/v2\/types\/page"}],"author":[{"embeddable":true,"href":"http:\/\/hoppetossa.com\/tolvan\/wp-json\/wp\/v2\/users\/5"}],"replies":[{"embeddable":true,"href":"http:\/\/hoppetossa.com\/tolvan\/wp-json\/wp\/v2\/comments?post=23"}],"version-history":[{"count":9,"href":"http:\/\/hoppetossa.com\/tolvan\/wp-json\/wp\/v2\/pages\/23\/revisions"}],"predecessor-version":[{"id":239,"href":"http:\/\/hoppetossa.com\/tolvan\/wp-json\/wp\/v2\/pages\/23\/revisions\/239"}],"wp:attachment":[{"href":"http:\/\/hoppetossa.com\/tolvan\/wp-json\/wp\/v2\/media?parent=23"}],"curies":[{"name":"wp","href":"https:\/\/api.w.org\/{rel}","templated":true}]}}