{"id":42,"date":"2022-05-04T19:38:38","date_gmt":"2022-05-04T17:38:38","guid":{"rendered":"http:\/\/hoppetossa.com\/haga\/?page_id=42"},"modified":"2024-12-18T13:31:37","modified_gmt":"2024-12-18T12:31:37","slug":"klagomal-och-synpunkter","status":"publish","type":"page","link":"https:\/\/hoppetossa.com\/haga\/klagomal-och-synpunkter\/","title":{"rendered":"Klagom\u00e5l och synpunkter"},"content":{"rendered":"\n<h1>Klagom\u00e5l och synpunkter<\/h1>\n\n\n\n<p>Vi har som m\u00e5l att erbjuda god kvalitet i v\u00e5r verksamhet. Inget \u00e4r s\u00e5 bra att det inte kan bli b\u00e4ttre och synpunkter och klagom\u00e5l bidrar till att utveckla verksamheten. Ge oss m\u00f6jligheten att r\u00e4tta till fel och brister genom att tala om vad&nbsp;det \u00e4r&nbsp;som&nbsp;du inte \u00e4r n\u00f6jd med, eller ber\u00e4tta vad vi g\u00f6r som \u00e4r bra.<\/p>\n\n\n\n<p>Om det \u00e4r n\u00e5got som inte motsvarar dina f\u00f6rv\u00e4ntningar eller som du \u00e4r missn\u00f6jd med i ditt barns utbildning, framf\u00f6r det i f\u00f6rsta hand till oss pedagoger p\u00e5 f\u00f6rskolan. Vi kan d\u00e5 exempelvis ta upp din synpunkt\/f\u00f6rslag p\u00e5 n\u00e4sta planeringsm\u00f6te s\u00e5 att alla p\u00e5 avdelningen\/f\u00f6rskolan blir informerade samt att vi p\u00e5 dessa m\u00f6ten \u00e4ven diskuterar vilka \u00e5tg\u00e4rder vi ska vidta.<\/p>\n\n\n\n<p>Om vi inte lyckas l\u00f6sa problemet och ditt missn\u00f6je kvarst\u00e5r v\u00e4nd dig till rektor s\u00e5 att verksamheten, tillsammans med rektor, f\u00e5r m\u00f6jlighet att agera ytterligare. H\u00e4r hittar du <a href=\"https:\/\/hoppetossa.com\/haga\/kontakt-och-hitta-hit\/\">Hagas kontaktuppgifter<\/a>.<\/p>\n\n\n\n<p>Ibland kan ett m\u00f6te beh\u00f6vs, d\u00e4r du som v\u00e5rdnadshavare, pedagogen du pratat med samt rektorn n\u00e4rvarar. M\u00f6tet blir ett forum f\u00f6r att diskutera och gemensamt landa i en l\u00f6sning\/\u00e5tg\u00e4rd. Efter detta m\u00f6te blir ber\u00f6rda pedagoger p\u00e5 avdelningen\/f\u00f6rskolan informerad s\u00e5 att alla vet vilka \u00e5tg\u00e4rder som vidtas. Landar vi i att en mer djupg\u00e5ende analys beh\u00f6vs, g\u00f6r rektor tillsammans med huvudmannen en utredning.<\/p>\n\n\n\n<p>Skulle det vara s\u00e5 att du fortfarande \u00e4r missn\u00f6jd, g\u00f6r du ett skriftligt klagom\u00e5l till huvudman genom att skicka e-post till&nbsp;<a href=\"mailto:synpunkter@hoppetossa.com\">synpunkter@hoppetossa.com<\/a>. Huvudmannen \u00e5terkopplar alltid till rektorn i samband med detta, samt sj\u00e4lvfallet direkt till dig som l\u00e4mnat klagom\u00e5let\/synpunkten.<\/p>\n\n\n\n<p>Om du inte \u00e4r n\u00f6jd med hur huvudmannen tagit emot och utrett ditt klagom\u00e5l kan du g\u00e5 vidare med \u00e4rendet till Stockholm Stad.<\/p>\n\n\n\n<p>Klagom\u00e5l dokumenteras f\u00f6r att s\u00e4kerst\u00e4lla adekvat uppf\u00f6ljning.<\/p>\n\n\n\n<p>Sj\u00e4lvfallet \u00e4r \u00e4ven f\u00f6r\u00e4ldrar\u00e5det ett bra tillf\u00e4lle att ta upp synpunkter\/klagom\u00e5l. F\u00f6r\u00e4ldrar\u00e5det \u00e4r ett forum f\u00f6r f\u00f6r\u00e4ldrarepresentanter fr\u00e5n varje avdelning och f\u00f6r oss fr\u00e5n verksamheten att m\u00f6tas. F\u00f6r\u00e4ldrarepresentanten har som uppgift att lyfta fram f\u00f6rslag, synpunkter och fr\u00e5gor fr\u00e5n \u00f6vriga v\u00e5rdnadshavare, samt se till att de andra v\u00e5rdnadshavare f\u00e5r information fr\u00e5n alla m\u00f6ten.<\/p>\n\n\n\n<p>Det \u00e4r viktig f\u00f6r oss att ha ett n\u00e4ra och f\u00f6rtroendefullt samarbete med hemmen!<\/p>\n","protected":false},"excerpt":{"rendered":"<p>Klagom\u00e5l och synpunkter Vi har som m\u00e5l att erbjuda god kvalitet i v\u00e5r verksamhet. Inget \u00e4r s\u00e5 bra att det&hellip; <a class=\"read-more\" href=\"https:\/\/hoppetossa.com\/haga\/klagomal-och-synpunkter\/\">L\u00e4s mera<\/a><\/p>\n","protected":false},"author":1,"featured_media":0,"parent":0,"menu_order":0,"comment_status":"closed","ping_status":"closed","template":"","meta":{"_acf_changed":false,"_monsterinsights_skip_tracking":false,"_monsterinsights_sitenote_active":false,"_monsterinsights_sitenote_note":"","_monsterinsights_sitenote_category":0,"footnotes":""},"class_list":["post-42","page","type-page","status-publish","hentry"],"acf":[],"yoast_head":"<!-- This site is optimized with the Yoast SEO plugin v27.5 - https:\/\/yoast.com\/product\/yoast-seo-wordpress\/ -->\n<title>Klagom\u00e5l och synpunkter - F\u00f6rskolan Haga<\/title>\n<meta name=\"robots\" content=\"index, follow, max-snippet:-1, max-image-preview:large, max-video-preview:-1\" \/>\n<link rel=\"canonical\" href=\"https:\/\/hoppetossa.com\/haga\/klagomal-och-synpunkter\/\" \/>\n<meta property=\"og:locale\" content=\"sv_SE\" \/>\n<meta property=\"og:type\" content=\"article\" \/>\n<meta property=\"og:title\" content=\"Klagom\u00e5l och synpunkter - F\u00f6rskolan Haga\" \/>\n<meta property=\"og:description\" content=\"Klagom\u00e5l och synpunkter Vi har som m\u00e5l att erbjuda god kvalitet i v\u00e5r verksamhet. Inget \u00e4r s\u00e5 bra att det&hellip; L\u00e4s mera\" \/>\n<meta property=\"og:url\" content=\"https:\/\/hoppetossa.com\/haga\/klagomal-och-synpunkter\/\" \/>\n<meta property=\"og:site_name\" content=\"F\u00f6rskolan Haga\" \/>\n<meta property=\"article:modified_time\" content=\"2024-12-18T12:31:37+00:00\" \/>\n<meta name=\"twitter:card\" content=\"summary_large_image\" \/>\n<meta name=\"twitter:label1\" content=\"Ber\u00e4knad l\u00e4stid\" \/>\n\t<meta name=\"twitter:data1\" content=\"2 minuter\" \/>\n<script type=\"application\/ld+json\" class=\"yoast-schema-graph\">{\"@context\":\"https:\\\/\\\/schema.org\",\"@graph\":[{\"@type\":\"WebPage\",\"@id\":\"https:\\\/\\\/hoppetossa.com\\\/haga\\\/klagomal-och-synpunkter\\\/\",\"url\":\"https:\\\/\\\/hoppetossa.com\\\/haga\\\/klagomal-och-synpunkter\\\/\",\"name\":\"Klagom\u00e5l och synpunkter - F\u00f6rskolan Haga\",\"isPartOf\":{\"@id\":\"https:\\\/\\\/hoppetossa.com\\\/haga\\\/#website\"},\"datePublished\":\"2022-05-04T17:38:38+00:00\",\"dateModified\":\"2024-12-18T12:31:37+00:00\",\"breadcrumb\":{\"@id\":\"https:\\\/\\\/hoppetossa.com\\\/haga\\\/klagomal-och-synpunkter\\\/#breadcrumb\"},\"inLanguage\":\"sv-SE\",\"potentialAction\":[{\"@type\":\"ReadAction\",\"target\":[\"https:\\\/\\\/hoppetossa.com\\\/haga\\\/klagomal-och-synpunkter\\\/\"]}]},{\"@type\":\"BreadcrumbList\",\"@id\":\"https:\\\/\\\/hoppetossa.com\\\/haga\\\/klagomal-och-synpunkter\\\/#breadcrumb\",\"itemListElement\":[{\"@type\":\"ListItem\",\"position\":1,\"name\":\"Hem\",\"item\":\"https:\\\/\\\/hoppetossa.com\\\/haga\\\/\"},{\"@type\":\"ListItem\",\"position\":2,\"name\":\"Klagom\u00e5l och synpunkter\"}]},{\"@type\":\"WebSite\",\"@id\":\"https:\\\/\\\/hoppetossa.com\\\/haga\\\/#website\",\"url\":\"https:\\\/\\\/hoppetossa.com\\\/haga\\\/\",\"name\":\"F\u00f6rskolan Haga\",\"description\":\"Hoppetossa f\u00f6rskolor\",\"potentialAction\":[{\"@type\":\"SearchAction\",\"target\":{\"@type\":\"EntryPoint\",\"urlTemplate\":\"https:\\\/\\\/hoppetossa.com\\\/haga\\\/?s={search_term_string}\"},\"query-input\":{\"@type\":\"PropertyValueSpecification\",\"valueRequired\":true,\"valueName\":\"search_term_string\"}}],\"inLanguage\":\"sv-SE\"}]}<\/script>\n<!-- \/ Yoast SEO plugin. -->","yoast_head_json":{"title":"Klagom\u00e5l och synpunkter - F\u00f6rskolan Haga","robots":{"index":"index","follow":"follow","max-snippet":"max-snippet:-1","max-image-preview":"max-image-preview:large","max-video-preview":"max-video-preview:-1"},"canonical":"https:\/\/hoppetossa.com\/haga\/klagomal-och-synpunkter\/","og_locale":"sv_SE","og_type":"article","og_title":"Klagom\u00e5l och synpunkter - F\u00f6rskolan Haga","og_description":"Klagom\u00e5l och synpunkter Vi har som m\u00e5l att erbjuda god kvalitet i v\u00e5r verksamhet. Inget \u00e4r s\u00e5 bra att det&hellip; L\u00e4s mera","og_url":"https:\/\/hoppetossa.com\/haga\/klagomal-och-synpunkter\/","og_site_name":"F\u00f6rskolan Haga","article_modified_time":"2024-12-18T12:31:37+00:00","twitter_card":"summary_large_image","twitter_misc":{"Ber\u00e4knad l\u00e4stid":"2 minuter"},"schema":{"@context":"https:\/\/schema.org","@graph":[{"@type":"WebPage","@id":"https:\/\/hoppetossa.com\/haga\/klagomal-och-synpunkter\/","url":"https:\/\/hoppetossa.com\/haga\/klagomal-och-synpunkter\/","name":"Klagom\u00e5l och synpunkter - F\u00f6rskolan Haga","isPartOf":{"@id":"https:\/\/hoppetossa.com\/haga\/#website"},"datePublished":"2022-05-04T17:38:38+00:00","dateModified":"2024-12-18T12:31:37+00:00","breadcrumb":{"@id":"https:\/\/hoppetossa.com\/haga\/klagomal-och-synpunkter\/#breadcrumb"},"inLanguage":"sv-SE","potentialAction":[{"@type":"ReadAction","target":["https:\/\/hoppetossa.com\/haga\/klagomal-och-synpunkter\/"]}]},{"@type":"BreadcrumbList","@id":"https:\/\/hoppetossa.com\/haga\/klagomal-och-synpunkter\/#breadcrumb","itemListElement":[{"@type":"ListItem","position":1,"name":"Hem","item":"https:\/\/hoppetossa.com\/haga\/"},{"@type":"ListItem","position":2,"name":"Klagom\u00e5l och synpunkter"}]},{"@type":"WebSite","@id":"https:\/\/hoppetossa.com\/haga\/#website","url":"https:\/\/hoppetossa.com\/haga\/","name":"F\u00f6rskolan Haga","description":"Hoppetossa f\u00f6rskolor","potentialAction":[{"@type":"SearchAction","target":{"@type":"EntryPoint","urlTemplate":"https:\/\/hoppetossa.com\/haga\/?s={search_term_string}"},"query-input":{"@type":"PropertyValueSpecification","valueRequired":true,"valueName":"search_term_string"}}],"inLanguage":"sv-SE"}]}},"jetpack-related-posts":[],"jetpack_sharing_enabled":true,"_links":{"self":[{"href":"https:\/\/hoppetossa.com\/haga\/wp-json\/wp\/v2\/pages\/42","targetHints":{"allow":["GET"]}}],"collection":[{"href":"https:\/\/hoppetossa.com\/haga\/wp-json\/wp\/v2\/pages"}],"about":[{"href":"https:\/\/hoppetossa.com\/haga\/wp-json\/wp\/v2\/types\/page"}],"author":[{"embeddable":true,"href":"https:\/\/hoppetossa.com\/haga\/wp-json\/wp\/v2\/users\/1"}],"replies":[{"embeddable":true,"href":"https:\/\/hoppetossa.com\/haga\/wp-json\/wp\/v2\/comments?post=42"}],"version-history":[{"count":4,"href":"https:\/\/hoppetossa.com\/haga\/wp-json\/wp\/v2\/pages\/42\/revisions"}],"predecessor-version":[{"id":229,"href":"https:\/\/hoppetossa.com\/haga\/wp-json\/wp\/v2\/pages\/42\/revisions\/229"}],"wp:attachment":[{"href":"https:\/\/hoppetossa.com\/haga\/wp-json\/wp\/v2\/media?parent=42"}],"curies":[{"name":"wp","href":"https:\/\/api.w.org\/{rel}","templated":true}]}}