{"id":554,"date":"2013-09-04T11:34:13","date_gmt":"2013-09-04T11:34:13","guid":{"rendered":"http:\/\/jollen.hoppetossa.com\/?page_id=554"},"modified":"2024-12-18T09:18:48","modified_gmt":"2024-12-18T08:18:48","slug":"in-english","status":"publish","type":"page","link":"https:\/\/hoppetossa.com\/jollen\/in-english\/","title":{"rendered":"In English"},"content":{"rendered":"\n<h1 class=\"wp-block-heading\">Welcome to preschool Jollen<\/h1>\n\n\n\n<div class=\"wp-block-group\"><div class=\"wp-block-group__inner-container is-layout-constrained wp-block-group-is-layout-constrained\">\n<figure class=\"wp-block-gallery alignleft has-nested-images columns-default is-cropped wp-block-gallery-1 is-layout-flex wp-block-gallery-is-layout-flex\">\n<figure class=\"wp-block-image size-large\"><img data-recalc-dims=\"1\" loading=\"lazy\" decoding=\"async\" width=\"1024\" height=\"663\" data-attachment-id=\"1456\" data-permalink=\"https:\/\/hoppetossa.com\/jollen\/utflykternas-forskola\/jollen-kompassen-2\/\" data-orig-file=\"https:\/\/i0.wp.com\/hoppetossa.com\/jollen\/wp-content\/uploads\/sites\/5\/2019\/05\/jollen-kompassen-2.jpg?fit=1125%2C728&amp;ssl=1\" data-orig-size=\"1125,728\" data-comments-opened=\"0\" data-image-meta=\"{&quot;aperture&quot;:&quot;0&quot;,&quot;credit&quot;:&quot;&quot;,&quot;camera&quot;:&quot;&quot;,&quot;caption&quot;:&quot;&quot;,&quot;created_timestamp&quot;:&quot;1556817562&quot;,&quot;copyright&quot;:&quot;&quot;,&quot;focal_length&quot;:&quot;0&quot;,&quot;iso&quot;:&quot;0&quot;,&quot;shutter_speed&quot;:&quot;0&quot;,&quot;title&quot;:&quot;&quot;,&quot;orientation&quot;:&quot;0&quot;}\" data-image-title=\"Jollen Kompassen 2 Hoppetossa F\u00f6rskolor\" data-image-description=\"\" data-image-caption=\"\" data-large-file=\"https:\/\/i0.wp.com\/hoppetossa.com\/jollen\/wp-content\/uploads\/sites\/5\/2019\/05\/jollen-kompassen-2.jpg?fit=1024%2C663&amp;ssl=1\" data-id=\"1456\" src=\"https:\/\/i0.wp.com\/hoppetossa.com\/jollen\/wp-content\/uploads\/sites\/5\/2019\/05\/jollen-kompassen-2-1024x663.jpg?resize=1024%2C663&#038;ssl=1\" alt=\"\" class=\"wp-image-1456 img-responsive\" srcset=\"https:\/\/i0.wp.com\/hoppetossa.com\/jollen\/wp-content\/uploads\/sites\/5\/2019\/05\/jollen-kompassen-2.jpg?resize=1024%2C663&amp;ssl=1 1024w, https:\/\/i0.wp.com\/hoppetossa.com\/jollen\/wp-content\/uploads\/sites\/5\/2019\/05\/jollen-kompassen-2.jpg?resize=300%2C194&amp;ssl=1 300w, https:\/\/i0.wp.com\/hoppetossa.com\/jollen\/wp-content\/uploads\/sites\/5\/2019\/05\/jollen-kompassen-2.jpg?resize=768%2C497&amp;ssl=1 768w, https:\/\/i0.wp.com\/hoppetossa.com\/jollen\/wp-content\/uploads\/sites\/5\/2019\/05\/jollen-kompassen-2.jpg?w=1125&amp;ssl=1 1125w\" sizes=\"auto, (max-width: 1024px) 100vw, 1024px\" \/><\/figure>\n<\/figure>\n\n\n\n<figure class=\"wp-block-gallery alignleft has-nested-images columns-default is-cropped wp-block-gallery-2 is-layout-flex wp-block-gallery-is-layout-flex\">\n<figure class=\"wp-block-image size-full\"><img data-recalc-dims=\"1\" loading=\"lazy\" decoding=\"async\" width=\"404\" height=\"381\" data-attachment-id=\"1467\" data-permalink=\"https:\/\/hoppetossa.com\/jollen\/den-viktiga-leken-och-trevlig-sommar\/skarmavbild-2019-06-05-kl-15-07-00\/\" data-orig-file=\"https:\/\/i0.wp.com\/hoppetossa.com\/jollen\/wp-content\/uploads\/sites\/5\/2019\/06\/skacc88rmavbild-2019-06-05-kl-15-07-00.png?fit=404%2C381&amp;ssl=1\" data-orig-size=\"404,381\" data-comments-opened=\"0\" data-image-meta=\"{&quot;aperture&quot;:&quot;0&quot;,&quot;credit&quot;:&quot;&quot;,&quot;camera&quot;:&quot;&quot;,&quot;caption&quot;:&quot;&quot;,&quot;created_timestamp&quot;:&quot;0&quot;,&quot;copyright&quot;:&quot;&quot;,&quot;focal_length&quot;:&quot;0&quot;,&quot;iso&quot;:&quot;0&quot;,&quot;shutter_speed&quot;:&quot;0&quot;,&quot;title&quot;:&quot;&quot;,&quot;orientation&quot;:&quot;0&quot;}\" data-image-title=\"Hoppetossa F\u00f6rskolor\" data-image-description=\"\" data-image-caption=\"\" data-large-file=\"https:\/\/i0.wp.com\/hoppetossa.com\/jollen\/wp-content\/uploads\/sites\/5\/2019\/06\/skacc88rmavbild-2019-06-05-kl-15-07-00.png?fit=404%2C381&amp;ssl=1\" data-id=\"1467\" src=\"https:\/\/i0.wp.com\/hoppetossa.com\/jollen\/wp-content\/uploads\/sites\/5\/2019\/06\/skacc88rmavbild-2019-06-05-kl-15-07-00.png?resize=404%2C381\" alt=\"\" class=\"wp-image-1467 img-responsive\" srcset=\"https:\/\/i0.wp.com\/hoppetossa.com\/jollen\/wp-content\/uploads\/sites\/5\/2019\/06\/skacc88rmavbild-2019-06-05-kl-15-07-00.png?w=404&amp;ssl=1 404w, https:\/\/i0.wp.com\/hoppetossa.com\/jollen\/wp-content\/uploads\/sites\/5\/2019\/06\/skacc88rmavbild-2019-06-05-kl-15-07-00.png?resize=300%2C283&amp;ssl=1 300w\" sizes=\"auto, (max-width: 404px) 100vw, 404px\" \/><\/figure>\n<\/figure>\n<\/div><\/div>\n\n\n\n<figure class=\"wp-block-gallery alignleft has-nested-images columns-default is-cropped wp-block-gallery-3 is-layout-flex wp-block-gallery-is-layout-flex\">\n<figure class=\"wp-block-image size-large\"><img data-recalc-dims=\"1\" loading=\"lazy\" decoding=\"async\" width=\"586\" height=\"372\" data-attachment-id=\"1375\" data-permalink=\"https:\/\/hoppetossa.com\/jollen\/motorik-en-viktigt-del-av-en-forskoledag\/skarmavbild-2018-07-04-kl-08-24-51\/\" data-orig-file=\"https:\/\/i0.wp.com\/hoppetossa.com\/jollen\/wp-content\/uploads\/sites\/5\/2018\/07\/skacc88rmavbild-2018-07-04-kl-08-24-51.png?fit=586%2C372&amp;ssl=1\" data-orig-size=\"586,372\" data-comments-opened=\"0\" data-image-meta=\"{&quot;aperture&quot;:&quot;0&quot;,&quot;credit&quot;:&quot;&quot;,&quot;camera&quot;:&quot;&quot;,&quot;caption&quot;:&quot;&quot;,&quot;created_timestamp&quot;:&quot;0&quot;,&quot;copyright&quot;:&quot;&quot;,&quot;focal_length&quot;:&quot;0&quot;,&quot;iso&quot;:&quot;0&quot;,&quot;shutter_speed&quot;:&quot;0&quot;,&quot;title&quot;:&quot;&quot;,&quot;orientation&quot;:&quot;0&quot;}\" data-image-title=\"Hoppetossa F\u00f6rskolor\" data-image-description=\"\" data-image-caption=\"\" data-large-file=\"https:\/\/i0.wp.com\/hoppetossa.com\/jollen\/wp-content\/uploads\/sites\/5\/2018\/07\/skacc88rmavbild-2018-07-04-kl-08-24-51.png?fit=586%2C372&amp;ssl=1\" data-id=\"1375\" src=\"https:\/\/i0.wp.com\/hoppetossa.com\/jollen\/wp-content\/uploads\/sites\/5\/2018\/07\/skacc88rmavbild-2018-07-04-kl-08-24-51.png?resize=586%2C372&#038;ssl=1\" alt=\"\" class=\"wp-image-1375 img-responsive\" srcset=\"https:\/\/i0.wp.com\/hoppetossa.com\/jollen\/wp-content\/uploads\/sites\/5\/2018\/07\/skacc88rmavbild-2018-07-04-kl-08-24-51.png?w=586&amp;ssl=1 586w, https:\/\/i0.wp.com\/hoppetossa.com\/jollen\/wp-content\/uploads\/sites\/5\/2018\/07\/skacc88rmavbild-2018-07-04-kl-08-24-51.png?resize=300%2C190&amp;ssl=1 300w\" sizes=\"auto, (max-width: 586px) 100vw, 586px\" \/><\/figure>\n<\/figure>\n\n\n\n<p>We are a small preschool beside Vanadislunden (Roslagstull) with committed teachers and daily outdoors activities. In total Jollen accepts 30 children. Our preschool sets the foundation for lifelong learning in an environment that is fun, secure and inspiring. Our goal is to allow each child to develop into a unique individual. It is important to us that everyone feels welcome and included. Jollen is run like a traditional Swedish preschool.<\/p>\n\n\n\n<p>We have well educated and experienced teachers as well as clear targets and continuous following-up of the preschool, to ensure high quality. As a parent you have the opportunity to create a meaningful time for your child together with us teachers.<\/p>\n\n\n\n<p>For more information and please&nbsp;contact our principal. Our queue can be found here:&nbsp;<a href=\"http:\/\/www.stockholm.se\/-\/Serviceenhetsdetaljer\/?enhet=bf31b286bd8544c3acefe58de94573d6\">http:\/\/www.stockholm.se\/-\/Serviceen<\/a><a href=\"https:\/\/forskola.stockholm\/hitta-forskola\/forskola\/hoppetossa-jollen\/\">hetsdetaljer\/?enhet=bf31b286bd8544c3acefe58de94573d6<\/a><\/p>\n\n\n\n<p><\/p>\n\n\n\n<p><\/p>\n\n\n\n<p><\/p>\n\n\n\n<p><\/p>\n\n\n\n<div style=\"height:26px\" aria-hidden=\"true\" class=\"wp-block-spacer\"><\/div>\n\n\n\n<p><strong>Welcome to us at Jollen!<\/strong><\/p>\n\n\n\n<div class=\"wp-block-media-text alignwide is-stacked-on-mobile\"><figure class=\"wp-block-media-text__media\"><img data-recalc-dims=\"1\" loading=\"lazy\" decoding=\"async\" width=\"150\" height=\"150\" data-attachment-id=\"545\" data-permalink=\"https:\/\/hoppetossa.com\/jollen\/hitta-hit\/hoppetossa-karta\/\" data-orig-file=\"https:\/\/i0.wp.com\/hoppetossa.com\/jollen\/wp-content\/uploads\/sites\/5\/2012\/11\/Hoppetossa-Karta.png?fit=163%2C170&amp;ssl=1\" data-orig-size=\"163,170\" data-comments-opened=\"0\" data-image-meta=\"{&quot;aperture&quot;:&quot;0&quot;,&quot;credit&quot;:&quot;&quot;,&quot;camera&quot;:&quot;&quot;,&quot;caption&quot;:&quot;&quot;,&quot;created_timestamp&quot;:&quot;0&quot;,&quot;copyright&quot;:&quot;&quot;,&quot;focal_length&quot;:&quot;0&quot;,&quot;iso&quot;:&quot;0&quot;,&quot;shutter_speed&quot;:&quot;0&quot;,&quot;title&quot;:&quot;&quot;,&quot;orientation&quot;:&quot;0&quot;}\" data-image-title=\"Hoppetossa F\u00f6rskola Roslagsgatan\" data-image-description=\"\" data-image-caption=\"\" data-large-file=\"https:\/\/i0.wp.com\/hoppetossa.com\/jollen\/wp-content\/uploads\/sites\/5\/2012\/11\/Hoppetossa-Karta.png?fit=163%2C170&amp;ssl=1\" src=\"https:\/\/i0.wp.com\/hoppetossa.com\/jollen\/wp-content\/uploads\/sites\/5\/2012\/11\/Hoppetossa-Karta.png?resize=150%2C150\" alt=\"\" class=\"wp-image-545 size-full img-responsive\"\/><\/figure><div class=\"wp-block-media-text__content\">\n<p><br>Preschool Jollen<br>Roslagsgatan 45<br>113 54 Stockholm<\/p>\n<\/div><\/div>\n\n\n\n<p><\/p>\n\n\n\n<p>General questions to our preschool: <a href=\"mailto:jollen@hoppetossa.com\" target=\"_blank\" rel=\"noopener noreferrer\">jollen@hoppetossa.com<\/a><\/p>\n\n\n\n<p>Contact details to our departments:<br>Dep.&nbsp;Kompassen: <a href=\"+46 76-946 49 58\">076-946 49 58<\/a>.<br>Dep.&nbsp;Kartan: <a href=\"+4672-250 49 58\" target=\"_blank\" rel=\"noopener noreferrer\">072-250 49 58<\/a>.<\/p>\n\n\n\n<p>Contact details to our preschool principal: <a href=\"mailto:jollen@hoppetossa.com\">jollen@hoppetossa.com<\/a><\/p>\n\n\n\n<p>Other:<br><a href=\"https:\/\/www.facebook.com\/ForskolanJollen\" target=\"_blank\" rel=\"noopener noreferrer\">Facebook-page<\/a><a href=\"http:\/\/www.hoppetossa.com\/jollen\/blogg\"><br><\/a><a href=\"https:\/\/forskola.stockholm\/hitta-forskola\/forskola\/hoppetossa-jollen\/\">Queue<\/a><\/p>\n\n\n<div class=\"wp-block-image\">\n<figure class=\"alignleft\"><img data-recalc-dims=\"1\" loading=\"lazy\" decoding=\"async\" width=\"150\" height=\"150\" data-attachment-id=\"587\" data-permalink=\"https:\/\/hoppetossa.com\/jollen\/augusti-manad-2013\/kompissol\/\" data-orig-file=\"https:\/\/i0.wp.com\/hoppetossa.com\/jollen\/wp-content\/uploads\/sites\/5\/2013\/09\/Kompissol.jpg?fit=3264%2C2448&amp;ssl=1\" data-orig-size=\"3264,2448\" data-comments-opened=\"0\" data-image-meta=\"{&quot;aperture&quot;:&quot;2.4&quot;,&quot;credit&quot;:&quot;&quot;,&quot;camera&quot;:&quot;iPhone 5&quot;,&quot;caption&quot;:&quot;&quot;,&quot;created_timestamp&quot;:&quot;1378750951&quot;,&quot;copyright&quot;:&quot;&quot;,&quot;focal_length&quot;:&quot;4.13&quot;,&quot;iso&quot;:&quot;64&quot;,&quot;shutter_speed&quot;:&quot;0.0166666666667&quot;,&quot;title&quot;:&quot;&quot;,&quot;orientation&quot;:&quot;1&quot;}\" data-image-title=\"Kompissol Hoppetossa F\u00f6rskolor\" data-image-description=\"\" data-image-caption=\"\" data-large-file=\"https:\/\/i0.wp.com\/hoppetossa.com\/jollen\/wp-content\/uploads\/sites\/5\/2013\/09\/Kompissol.jpg?fit=1024%2C768&amp;ssl=1\" src=\"https:\/\/i0.wp.com\/hoppetossa.com\/jollen\/wp-content\/uploads\/sites\/5\/2013\/09\/Kompissol.jpg?resize=150%2C150\" alt=\"\" class=\"wp-image-587 img-responsive\" srcset=\"https:\/\/i0.wp.com\/hoppetossa.com\/jollen\/wp-content\/uploads\/sites\/5\/2013\/09\/Kompissol.jpg?resize=150%2C150&amp;ssl=1 150w, https:\/\/i0.wp.com\/hoppetossa.com\/jollen\/wp-content\/uploads\/sites\/5\/2013\/09\/Kompissol.jpg?zoom=2&amp;resize=150%2C150 300w, https:\/\/i0.wp.com\/hoppetossa.com\/jollen\/wp-content\/uploads\/sites\/5\/2013\/09\/Kompissol.jpg?zoom=3&amp;resize=150%2C150 450w\" sizes=\"auto, (max-width: 150px) 100vw, 150px\" \/><\/figure>\n<\/div>\n\n\n<p><strong>Complaints and comments<\/strong><br>We aim to offer good quality in our preschool. Nothing is so good that it cannot be better and views and complaints contribute to developing the preschool. Give us the opportunity to correct errors and shortcomings by talking about what you are not satisfied with or tell us what we are doing that is good.<\/p>\n\n\n\n<p>If it is something that does not meet your expectations or that you are dissatisfied with in your child\u2019s education, turn primarily to us teachers at the preschool. We can then for example address your point of view\/proposal at the next planning meeting so that everyone at the department\/preschool will be informed and in these meetings we will also discuss what measures we should take.<\/p>\n\n\n\n<p>If we do not succeed in resolving the problem and your dissatisfaction persists, turn to the principal so that the preschool, together with the principal, can act further.<\/p>\n\n\n\n<p>Sometimes a meeting is needed, where you as the guardian, the teacher you talked to and the principal are present. The meeting will be a forum for discussing and jointly land in a solution\/action. After this meeting, relevant teachers at the department\/preschool will be informed so that everyone knows what measures are being taken. If we find that a more in-depth analysis is needed, the principal together with the&nbsp;<em>huvudman<\/em>&nbsp;make an inquiry.<\/p>\n\n\n\n<p>Should you still be dissatisfied, you make a written complaint to the&nbsp;<em>huvudman<\/em>&nbsp;by sending an e-mail to&nbsp;<a href=\"mailto:synpunkter@hoppetossa.com\">synpunkter@hoppetossa.com<\/a>. The&nbsp;<em>huvudman<\/em>&nbsp;always informs the principal in connection with this, and of course directly to you who have left the complaint\/point of view.<\/p>\n\n\n\n<p>If you are not satisfied with how the huvudman received and investigated your complaint, you can proceed with the matter to Stockholm Stad.<\/p>\n\n\n\n<p>Complaints are documented to ensure adequate follow-up.<\/p>\n\n\n\n<p>Of course, the parental council (f\u00f6r\u00e4ldrar\u00e5d) is also a good opportunity to raise views\/complaints. The parental council is a forum for guardians\u2019 representatives from each department and us from the preschool meet. The task of the guardians representative is to highlight suggestions, views and questions from other guardians, and ensure that the other guardians receive information from all meetings.<\/p>\n\n\n\n<p>It is important for us to have a close and trusting cooperation with all families in our preschool!<\/p>\n<p>\u00a0<\/p>\n\n\n","protected":false},"excerpt":{"rendered":"<p>Welcome to preschool Jollen We are a small preschool beside Vanadislunden (Roslagstull) with committed teachers and daily outdoors activities. In&hellip; <a class=\"read-more\" href=\"https:\/\/hoppetossa.com\/jollen\/in-english\/\">L\u00e4s mera<\/a><\/p>\n","protected":false},"author":5,"featured_media":0,"parent":0,"menu_order":5,"comment_status":"closed","ping_status":"closed","template":"","meta":{"_acf_changed":false,"_monsterinsights_skip_tracking":false,"_monsterinsights_sitenote_active":false,"_monsterinsights_sitenote_note":"","_monsterinsights_sitenote_category":0,"footnotes":""},"class_list":["post-554","page","type-page","status-publish","hentry"],"acf":[],"yoast_head":"<!-- This site is optimized with the Yoast SEO plugin v27.6 - https:\/\/yoast.com\/product\/yoast-seo-wordpress\/ -->\n<title>In English - F\u00f6rskolan Jollen<\/title>\n<meta name=\"description\" content=\"Welcome to Hoppetossa Jollen. We are a small pre-school beside Vanadislunden (Roslagstull) with committed\u00a0teachers and daily outdoors activities.\" \/>\n<meta name=\"robots\" content=\"index, follow, max-snippet:-1, max-image-preview:large, max-video-preview:-1\" \/>\n<link rel=\"canonical\" href=\"https:\/\/hoppetossa.com\/jollen\/in-english\/\" \/>\n<meta property=\"og:locale\" content=\"sv_SE\" \/>\n<meta property=\"og:type\" content=\"article\" \/>\n<meta property=\"og:title\" content=\"In English - F\u00f6rskolan Jollen\" \/>\n<meta property=\"og:description\" content=\"Welcome to Hoppetossa Jollen. We are a small pre-school beside Vanadislunden (Roslagstull) with committed\u00a0teachers and daily outdoors activities.\" \/>\n<meta property=\"og:url\" content=\"https:\/\/hoppetossa.com\/jollen\/in-english\/\" \/>\n<meta property=\"og:site_name\" content=\"F\u00f6rskolan Jollen\" \/>\n<meta property=\"article:modified_time\" content=\"2024-12-18T08:18:48+00:00\" \/>\n<meta property=\"og:image\" content=\"https:\/\/hoppetossa.com\/jollen\/wp-content\/uploads\/sites\/5\/2019\/05\/jollen-kompassen-2-1024x663.jpg\" \/>\n<meta name=\"twitter:card\" content=\"summary_large_image\" \/>\n<meta name=\"twitter:label1\" content=\"Ber\u00e4knad l\u00e4stid\" \/>\n\t<meta name=\"twitter:data1\" content=\"4 minuter\" \/>\n<script type=\"application\/ld+json\" class=\"yoast-schema-graph\">{\"@context\":\"https:\\\/\\\/schema.org\",\"@graph\":[{\"@type\":\"WebPage\",\"@id\":\"https:\\\/\\\/hoppetossa.com\\\/jollen\\\/in-english\\\/\",\"url\":\"https:\\\/\\\/hoppetossa.com\\\/jollen\\\/in-english\\\/\",\"name\":\"In English - F\u00f6rskolan Jollen\",\"isPartOf\":{\"@id\":\"http:\\\/\\\/hoppetossa.com\\\/jollen\\\/#website\"},\"primaryImageOfPage\":{\"@id\":\"https:\\\/\\\/hoppetossa.com\\\/jollen\\\/in-english\\\/#primaryimage\"},\"image\":{\"@id\":\"https:\\\/\\\/hoppetossa.com\\\/jollen\\\/in-english\\\/#primaryimage\"},\"thumbnailUrl\":\"https:\\\/\\\/hoppetossa.com\\\/jollen\\\/wp-content\\\/uploads\\\/sites\\\/5\\\/2019\\\/05\\\/jollen-kompassen-2-1024x663.jpg\",\"datePublished\":\"2013-09-04T11:34:13+00:00\",\"dateModified\":\"2024-12-18T08:18:48+00:00\",\"description\":\"Welcome to Hoppetossa Jollen. We are a small pre-school beside Vanadislunden (Roslagstull) with committed\u00a0teachers and daily outdoors activities.\",\"breadcrumb\":{\"@id\":\"https:\\\/\\\/hoppetossa.com\\\/jollen\\\/in-english\\\/#breadcrumb\"},\"inLanguage\":\"sv-SE\",\"potentialAction\":[{\"@type\":\"ReadAction\",\"target\":[\"https:\\\/\\\/hoppetossa.com\\\/jollen\\\/in-english\\\/\"]}]},{\"@type\":\"ImageObject\",\"inLanguage\":\"sv-SE\",\"@id\":\"https:\\\/\\\/hoppetossa.com\\\/jollen\\\/in-english\\\/#primaryimage\",\"url\":\"https:\\\/\\\/hoppetossa.com\\\/jollen\\\/wp-content\\\/uploads\\\/sites\\\/5\\\/2019\\\/05\\\/jollen-kompassen-2-1024x663.jpg\",\"contentUrl\":\"https:\\\/\\\/hoppetossa.com\\\/jollen\\\/wp-content\\\/uploads\\\/sites\\\/5\\\/2019\\\/05\\\/jollen-kompassen-2-1024x663.jpg\"},{\"@type\":\"BreadcrumbList\",\"@id\":\"https:\\\/\\\/hoppetossa.com\\\/jollen\\\/in-english\\\/#breadcrumb\",\"itemListElement\":[{\"@type\":\"ListItem\",\"position\":1,\"name\":\"Hem\",\"item\":\"http:\\\/\\\/hoppetossa.com\\\/jollen\\\/\"},{\"@type\":\"ListItem\",\"position\":2,\"name\":\"In English\"}]},{\"@type\":\"WebSite\",\"@id\":\"http:\\\/\\\/hoppetossa.com\\\/jollen\\\/#website\",\"url\":\"http:\\\/\\\/hoppetossa.com\\\/jollen\\\/\",\"name\":\"F\u00f6rskolan Jollen\",\"description\":\"Hoppetossa f\u00f6rskolor\",\"potentialAction\":[{\"@type\":\"SearchAction\",\"target\":{\"@type\":\"EntryPoint\",\"urlTemplate\":\"http:\\\/\\\/hoppetossa.com\\\/jollen\\\/?s={search_term_string}\"},\"query-input\":{\"@type\":\"PropertyValueSpecification\",\"valueRequired\":true,\"valueName\":\"search_term_string\"}}],\"inLanguage\":\"sv-SE\"}]}<\/script>\n<!-- \/ Yoast SEO plugin. -->","yoast_head_json":{"title":"In English - F\u00f6rskolan Jollen","description":"Welcome to Hoppetossa Jollen. We are a small pre-school beside Vanadislunden (Roslagstull) with committed\u00a0teachers and daily outdoors activities.","robots":{"index":"index","follow":"follow","max-snippet":"max-snippet:-1","max-image-preview":"max-image-preview:large","max-video-preview":"max-video-preview:-1"},"canonical":"https:\/\/hoppetossa.com\/jollen\/in-english\/","og_locale":"sv_SE","og_type":"article","og_title":"In English - F\u00f6rskolan Jollen","og_description":"Welcome to Hoppetossa Jollen. We are a small pre-school beside Vanadislunden (Roslagstull) with committed\u00a0teachers and daily outdoors activities.","og_url":"https:\/\/hoppetossa.com\/jollen\/in-english\/","og_site_name":"F\u00f6rskolan Jollen","article_modified_time":"2024-12-18T08:18:48+00:00","og_image":[{"url":"https:\/\/hoppetossa.com\/jollen\/wp-content\/uploads\/sites\/5\/2019\/05\/jollen-kompassen-2-1024x663.jpg","type":"","width":"","height":""}],"twitter_card":"summary_large_image","twitter_misc":{"Ber\u00e4knad l\u00e4stid":"4 minuter"},"schema":{"@context":"https:\/\/schema.org","@graph":[{"@type":"WebPage","@id":"https:\/\/hoppetossa.com\/jollen\/in-english\/","url":"https:\/\/hoppetossa.com\/jollen\/in-english\/","name":"In English - F\u00f6rskolan Jollen","isPartOf":{"@id":"http:\/\/hoppetossa.com\/jollen\/#website"},"primaryImageOfPage":{"@id":"https:\/\/hoppetossa.com\/jollen\/in-english\/#primaryimage"},"image":{"@id":"https:\/\/hoppetossa.com\/jollen\/in-english\/#primaryimage"},"thumbnailUrl":"https:\/\/hoppetossa.com\/jollen\/wp-content\/uploads\/sites\/5\/2019\/05\/jollen-kompassen-2-1024x663.jpg","datePublished":"2013-09-04T11:34:13+00:00","dateModified":"2024-12-18T08:18:48+00:00","description":"Welcome to Hoppetossa Jollen. We are a small pre-school beside Vanadislunden (Roslagstull) with committed\u00a0teachers and daily outdoors activities.","breadcrumb":{"@id":"https:\/\/hoppetossa.com\/jollen\/in-english\/#breadcrumb"},"inLanguage":"sv-SE","potentialAction":[{"@type":"ReadAction","target":["https:\/\/hoppetossa.com\/jollen\/in-english\/"]}]},{"@type":"ImageObject","inLanguage":"sv-SE","@id":"https:\/\/hoppetossa.com\/jollen\/in-english\/#primaryimage","url":"https:\/\/hoppetossa.com\/jollen\/wp-content\/uploads\/sites\/5\/2019\/05\/jollen-kompassen-2-1024x663.jpg","contentUrl":"https:\/\/hoppetossa.com\/jollen\/wp-content\/uploads\/sites\/5\/2019\/05\/jollen-kompassen-2-1024x663.jpg"},{"@type":"BreadcrumbList","@id":"https:\/\/hoppetossa.com\/jollen\/in-english\/#breadcrumb","itemListElement":[{"@type":"ListItem","position":1,"name":"Hem","item":"http:\/\/hoppetossa.com\/jollen\/"},{"@type":"ListItem","position":2,"name":"In English"}]},{"@type":"WebSite","@id":"http:\/\/hoppetossa.com\/jollen\/#website","url":"http:\/\/hoppetossa.com\/jollen\/","name":"F\u00f6rskolan Jollen","description":"Hoppetossa f\u00f6rskolor","potentialAction":[{"@type":"SearchAction","target":{"@type":"EntryPoint","urlTemplate":"http:\/\/hoppetossa.com\/jollen\/?s={search_term_string}"},"query-input":{"@type":"PropertyValueSpecification","valueRequired":true,"valueName":"search_term_string"}}],"inLanguage":"sv-SE"}]}},"jetpack_sharing_enabled":true,"jetpack_shortlink":"https:\/\/wp.me\/P7pkrG-8W","jetpack-related-posts":[],"_links":{"self":[{"href":"https:\/\/hoppetossa.com\/jollen\/wp-json\/wp\/v2\/pages\/554","targetHints":{"allow":["GET"]}}],"collection":[{"href":"https:\/\/hoppetossa.com\/jollen\/wp-json\/wp\/v2\/pages"}],"about":[{"href":"https:\/\/hoppetossa.com\/jollen\/wp-json\/wp\/v2\/types\/page"}],"author":[{"embeddable":true,"href":"https:\/\/hoppetossa.com\/jollen\/wp-json\/wp\/v2\/users\/5"}],"replies":[{"embeddable":true,"href":"https:\/\/hoppetossa.com\/jollen\/wp-json\/wp\/v2\/comments?post=554"}],"version-history":[{"count":23,"href":"https:\/\/hoppetossa.com\/jollen\/wp-json\/wp\/v2\/pages\/554\/revisions"}],"predecessor-version":[{"id":1744,"href":"https:\/\/hoppetossa.com\/jollen\/wp-json\/wp\/v2\/pages\/554\/revisions\/1744"}],"wp:attachment":[{"href":"https:\/\/hoppetossa.com\/jollen\/wp-json\/wp\/v2\/media?parent=554"}],"curies":[{"name":"wp","href":"https:\/\/api.w.org\/{rel}","templated":true}]}}