{"id":823,"date":"2015-04-14T17:57:19","date_gmt":"2015-04-14T17:57:19","guid":{"rendered":"http:\/\/jollen.hoppetossa.com\/?page_id=823"},"modified":"2024-12-18T10:15:36","modified_gmt":"2024-12-18T09:15:36","slug":"framsida","status":"publish","type":"page","link":"https:\/\/hoppetossa.com\/jollen\/","title":{"rendered":"Jollen &#8211; Hoppetossa F\u00f6rskolor"},"content":{"rendered":"","protected":false},"excerpt":{"rendered":"","protected":false},"author":5,"featured_media":181,"parent":0,"menu_order":0,"comment_status":"closed","ping_status":"closed","template":"","meta":{"_acf_changed":false,"_monsterinsights_skip_tracking":false,"_monsterinsights_sitenote_active":false,"_monsterinsights_sitenote_note":"","_monsterinsights_sitenote_category":0,"jetpack_post_was_ever_published":false,"footnotes":""},"class_list":["post-823","page","type-page","status-publish","has-post-thumbnail","hentry"],"acf":[],"yoast_head":"<!-- This site is optimized with the Yoast SEO plugin v27.5 - https:\/\/yoast.com\/product\/yoast-seo-wordpress\/ -->\n<title>F\u00f6rskolan Jollen<\/title>\n<meta name=\"description\" content=\"V\u00e4lkomna till f\u00f6rskolan Jollen p\u00e5 Norrmalm i Stockholm. Vi \u00e4r den lilla f\u00f6rskolan som s\u00e4tter barnens utveckling och v\u00e4lm\u00e5ende i fokus!\" \/>\n<meta name=\"robots\" content=\"index, follow, max-snippet:-1, max-image-preview:large, max-video-preview:-1\" \/>\n<link rel=\"canonical\" href=\"http:\/\/hoppetossa.com\/jollen\/\" \/>\n<meta property=\"og:locale\" content=\"sv_SE\" \/>\n<meta property=\"og:type\" content=\"article\" \/>\n<meta property=\"og:title\" content=\"F\u00f6rskolan Jollen\" \/>\n<meta property=\"og:description\" content=\"V\u00e4lkomna till f\u00f6rskolan Jollen p\u00e5 Norrmalm i Stockholm. Vi \u00e4r den lilla f\u00f6rskolan som s\u00e4tter barnens utveckling och v\u00e4lm\u00e5ende i fokus!\" \/>\n<meta property=\"og:url\" content=\"http:\/\/hoppetossa.com\/jollen\/\" \/>\n<meta property=\"og:site_name\" content=\"F\u00f6rskolan Jollen\" \/>\n<meta property=\"article:modified_time\" content=\"2024-12-18T09:15:36+00:00\" \/>\n<meta property=\"og:image\" content=\"https:\/\/i0.wp.com\/hoppetossa.com\/jollen\/wp-content\/uploads\/sites\/5\/2012\/11\/logo_carre_original-e1352846971531.jpg?fit=72%2C72\" \/>\n\t<meta property=\"og:image:width\" content=\"72\" \/>\n\t<meta property=\"og:image:height\" content=\"72\" \/>\n\t<meta property=\"og:image:type\" content=\"image\/jpeg\" \/>\n<meta name=\"twitter:card\" content=\"summary_large_image\" \/>\n<meta name=\"twitter:label1\" content=\"Ber\u00e4knad l\u00e4stid\" \/>\n\t<meta name=\"twitter:data1\" content=\"2 minuter\" \/>\n<script type=\"application\/ld+json\" class=\"yoast-schema-graph\">{\"@context\":\"https:\\\/\\\/schema.org\",\"@graph\":[{\"@type\":\"WebPage\",\"@id\":\"http:\\\/\\\/hoppetossa.com\\\/jollen\\\/\",\"url\":\"http:\\\/\\\/hoppetossa.com\\\/jollen\\\/\",\"name\":\"F\u00f6rskolan Jollen\",\"isPartOf\":{\"@id\":\"http:\\\/\\\/hoppetossa.com\\\/jollen\\\/#website\"},\"primaryImageOfPage\":{\"@id\":\"http:\\\/\\\/hoppetossa.com\\\/jollen\\\/#primaryimage\"},\"image\":{\"@id\":\"http:\\\/\\\/hoppetossa.com\\\/jollen\\\/#primaryimage\"},\"thumbnailUrl\":\"https:\\\/\\\/i0.wp.com\\\/hoppetossa.com\\\/jollen\\\/wp-content\\\/uploads\\\/sites\\\/5\\\/2012\\\/11\\\/logo_carre_original-e1352846971531.jpg?fit=72%2C72&ssl=1\",\"datePublished\":\"2015-04-14T17:57:19+00:00\",\"dateModified\":\"2024-12-18T09:15:36+00:00\",\"description\":\"V\u00e4lkomna till f\u00f6rskolan Jollen p\u00e5 Norrmalm i Stockholm. Vi \u00e4r den lilla f\u00f6rskolan som s\u00e4tter barnens utveckling och v\u00e4lm\u00e5ende i fokus!\",\"breadcrumb\":{\"@id\":\"http:\\\/\\\/hoppetossa.com\\\/jollen\\\/#breadcrumb\"},\"inLanguage\":\"sv-SE\",\"potentialAction\":[{\"@type\":\"ReadAction\",\"target\":[\"http:\\\/\\\/hoppetossa.com\\\/jollen\\\/\"]}]},{\"@type\":\"ImageObject\",\"inLanguage\":\"sv-SE\",\"@id\":\"http:\\\/\\\/hoppetossa.com\\\/jollen\\\/#primaryimage\",\"url\":\"https:\\\/\\\/i0.wp.com\\\/hoppetossa.com\\\/jollen\\\/wp-content\\\/uploads\\\/sites\\\/5\\\/2012\\\/11\\\/logo_carre_original-e1352846971531.jpg?fit=72%2C72&ssl=1\",\"contentUrl\":\"https:\\\/\\\/i0.wp.com\\\/hoppetossa.com\\\/jollen\\\/wp-content\\\/uploads\\\/sites\\\/5\\\/2012\\\/11\\\/logo_carre_original-e1352846971531.jpg?fit=72%2C72&ssl=1\",\"width\":72,\"height\":72},{\"@type\":\"BreadcrumbList\",\"@id\":\"http:\\\/\\\/hoppetossa.com\\\/jollen\\\/#breadcrumb\",\"itemListElement\":[{\"@type\":\"ListItem\",\"position\":1,\"name\":\"Hem\",\"item\":\"http:\\\/\\\/hoppetossa.com\\\/jollen\\\/\"},{\"@type\":\"ListItem\",\"position\":2,\"name\":\"Jollen &#8211; Hoppetossa F\u00f6rskolor\"}]},{\"@type\":\"WebSite\",\"@id\":\"http:\\\/\\\/hoppetossa.com\\\/jollen\\\/#website\",\"url\":\"http:\\\/\\\/hoppetossa.com\\\/jollen\\\/\",\"name\":\"F\u00f6rskolan Jollen\",\"description\":\"Hoppetossa f\u00f6rskolor\",\"potentialAction\":[{\"@type\":\"SearchAction\",\"target\":{\"@type\":\"EntryPoint\",\"urlTemplate\":\"http:\\\/\\\/hoppetossa.com\\\/jollen\\\/?s={search_term_string}\"},\"query-input\":{\"@type\":\"PropertyValueSpecification\",\"valueRequired\":true,\"valueName\":\"search_term_string\"}}],\"inLanguage\":\"sv-SE\"}]}<\/script>\n<!-- \/ Yoast SEO plugin. -->","yoast_head_json":{"title":"F\u00f6rskolan Jollen","description":"V\u00e4lkomna till f\u00f6rskolan Jollen p\u00e5 Norrmalm i Stockholm. Vi \u00e4r den lilla f\u00f6rskolan som s\u00e4tter barnens utveckling och v\u00e4lm\u00e5ende i fokus!","robots":{"index":"index","follow":"follow","max-snippet":"max-snippet:-1","max-image-preview":"max-image-preview:large","max-video-preview":"max-video-preview:-1"},"canonical":"http:\/\/hoppetossa.com\/jollen\/","og_locale":"sv_SE","og_type":"article","og_title":"F\u00f6rskolan Jollen","og_description":"V\u00e4lkomna till f\u00f6rskolan Jollen p\u00e5 Norrmalm i Stockholm. Vi \u00e4r den lilla f\u00f6rskolan som s\u00e4tter barnens utveckling och v\u00e4lm\u00e5ende i fokus!","og_url":"http:\/\/hoppetossa.com\/jollen\/","og_site_name":"F\u00f6rskolan Jollen","article_modified_time":"2024-12-18T09:15:36+00:00","og_image":[{"width":72,"height":72,"url":"https:\/\/i0.wp.com\/hoppetossa.com\/jollen\/wp-content\/uploads\/sites\/5\/2012\/11\/logo_carre_original-e1352846971531.jpg?fit=72%2C72","type":"image\/jpeg"}],"twitter_card":"summary_large_image","twitter_misc":{"Ber\u00e4knad l\u00e4stid":"2 minuter"},"schema":{"@context":"https:\/\/schema.org","@graph":[{"@type":"WebPage","@id":"http:\/\/hoppetossa.com\/jollen\/","url":"http:\/\/hoppetossa.com\/jollen\/","name":"F\u00f6rskolan Jollen","isPartOf":{"@id":"http:\/\/hoppetossa.com\/jollen\/#website"},"primaryImageOfPage":{"@id":"http:\/\/hoppetossa.com\/jollen\/#primaryimage"},"image":{"@id":"http:\/\/hoppetossa.com\/jollen\/#primaryimage"},"thumbnailUrl":"https:\/\/i0.wp.com\/hoppetossa.com\/jollen\/wp-content\/uploads\/sites\/5\/2012\/11\/logo_carre_original-e1352846971531.jpg?fit=72%2C72&ssl=1","datePublished":"2015-04-14T17:57:19+00:00","dateModified":"2024-12-18T09:15:36+00:00","description":"V\u00e4lkomna till f\u00f6rskolan Jollen p\u00e5 Norrmalm i Stockholm. Vi \u00e4r den lilla f\u00f6rskolan som s\u00e4tter barnens utveckling och v\u00e4lm\u00e5ende i fokus!","breadcrumb":{"@id":"http:\/\/hoppetossa.com\/jollen\/#breadcrumb"},"inLanguage":"sv-SE","potentialAction":[{"@type":"ReadAction","target":["http:\/\/hoppetossa.com\/jollen\/"]}]},{"@type":"ImageObject","inLanguage":"sv-SE","@id":"http:\/\/hoppetossa.com\/jollen\/#primaryimage","url":"https:\/\/i0.wp.com\/hoppetossa.com\/jollen\/wp-content\/uploads\/sites\/5\/2012\/11\/logo_carre_original-e1352846971531.jpg?fit=72%2C72&ssl=1","contentUrl":"https:\/\/i0.wp.com\/hoppetossa.com\/jollen\/wp-content\/uploads\/sites\/5\/2012\/11\/logo_carre_original-e1352846971531.jpg?fit=72%2C72&ssl=1","width":72,"height":72},{"@type":"BreadcrumbList","@id":"http:\/\/hoppetossa.com\/jollen\/#breadcrumb","itemListElement":[{"@type":"ListItem","position":1,"name":"Hem","item":"http:\/\/hoppetossa.com\/jollen\/"},{"@type":"ListItem","position":2,"name":"Jollen &#8211; Hoppetossa F\u00f6rskolor"}]},{"@type":"WebSite","@id":"http:\/\/hoppetossa.com\/jollen\/#website","url":"http:\/\/hoppetossa.com\/jollen\/","name":"F\u00f6rskolan Jollen","description":"Hoppetossa f\u00f6rskolor","potentialAction":[{"@type":"SearchAction","target":{"@type":"EntryPoint","urlTemplate":"http:\/\/hoppetossa.com\/jollen\/?s={search_term_string}"},"query-input":{"@type":"PropertyValueSpecification","valueRequired":true,"valueName":"search_term_string"}}],"inLanguage":"sv-SE"}]}},"jetpack_sharing_enabled":false,"jetpack_shortlink":"https:\/\/wp.me\/P7pkrG-dh","jetpack-related-posts":[],"_links":{"self":[{"href":"https:\/\/hoppetossa.com\/jollen\/wp-json\/wp\/v2\/pages\/823","targetHints":{"allow":["GET"]}}],"collection":[{"href":"https:\/\/hoppetossa.com\/jollen\/wp-json\/wp\/v2\/pages"}],"about":[{"href":"https:\/\/hoppetossa.com\/jollen\/wp-json\/wp\/v2\/types\/page"}],"author":[{"embeddable":true,"href":"https:\/\/hoppetossa.com\/jollen\/wp-json\/wp\/v2\/users\/5"}],"replies":[{"embeddable":true,"href":"https:\/\/hoppetossa.com\/jollen\/wp-json\/wp\/v2\/comments?post=823"}],"version-history":[{"count":66,"href":"https:\/\/hoppetossa.com\/jollen\/wp-json\/wp\/v2\/pages\/823\/revisions"}],"predecessor-version":[{"id":1747,"href":"https:\/\/hoppetossa.com\/jollen\/wp-json\/wp\/v2\/pages\/823\/revisions\/1747"}],"wp:featuredmedia":[{"embeddable":true,"href":"https:\/\/hoppetossa.com\/jollen\/wp-json\/wp\/v2\/media\/181"}],"wp:attachment":[{"href":"https:\/\/hoppetossa.com\/jollen\/wp-json\/wp\/v2\/media?parent=823"}],"curies":[{"name":"wp","href":"https:\/\/api.w.org\/{rel}","templated":true}]}}