{"id":120,"date":"2023-04-29T16:52:16","date_gmt":"2023-04-29T14:52:16","guid":{"rendered":"https:\/\/hoppetossa.com\/nyckelpigan\/?page_id=120"},"modified":"2023-06-29T19:46:03","modified_gmt":"2023-06-29T17:46:03","slug":"kontakta-oss","status":"publish","type":"page","link":"https:\/\/hoppetossa.com\/nyckelpigan\/kontakta-oss\/","title":{"rendered":"Kontakta oss"},"content":{"rendered":"\n<h1 class=\"wp-block-heading\">Kontakta oss<\/h1>\n\n\n\n<div class=\"wp-block-media-text alignwide is-stacked-on-mobile\"><figure class=\"wp-block-media-text__media\"><img data-recalc-dims=\"1\" loading=\"lazy\" decoding=\"async\" width=\"300\" height=\"222\" data-attachment-id=\"121\" data-permalink=\"https:\/\/hoppetossa.com\/nyckelpigan\/kontakta-oss\/karta\/\" data-orig-file=\"https:\/\/i0.wp.com\/hoppetossa.com\/nyckelpigan\/wp-content\/uploads\/sites\/13\/2023\/04\/karta.png?fit=1358%2C1006&amp;ssl=1\" data-orig-size=\"1358,1006\" data-comments-opened=\"0\" data-image-meta=\"{&quot;aperture&quot;:&quot;0&quot;,&quot;credit&quot;:&quot;&quot;,&quot;camera&quot;:&quot;&quot;,&quot;caption&quot;:&quot;&quot;,&quot;created_timestamp&quot;:&quot;0&quot;,&quot;copyright&quot;:&quot;&quot;,&quot;focal_length&quot;:&quot;0&quot;,&quot;iso&quot;:&quot;0&quot;,&quot;shutter_speed&quot;:&quot;0&quot;,&quot;title&quot;:&quot;&quot;,&quot;orientation&quot;:&quot;0&quot;}\" data-image-title=\"Karta\" data-image-description=\"\" data-image-caption=\"\" data-large-file=\"https:\/\/i0.wp.com\/hoppetossa.com\/nyckelpigan\/wp-content\/uploads\/sites\/13\/2023\/04\/karta.png?fit=1024%2C759&amp;ssl=1\" src=\"https:\/\/i0.wp.com\/hoppetossa.com\/nyckelpigan\/wp-content\/uploads\/sites\/13\/2023\/04\/karta-300x222.png?resize=300%2C222&#038;ssl=1\" alt=\"\" class=\"wp-image-121 size-full img-responsive\" srcset=\"https:\/\/i0.wp.com\/hoppetossa.com\/nyckelpigan\/wp-content\/uploads\/sites\/13\/2023\/04\/karta.png?resize=300%2C222&amp;ssl=1 300w, https:\/\/i0.wp.com\/hoppetossa.com\/nyckelpigan\/wp-content\/uploads\/sites\/13\/2023\/04\/karta.png?resize=1024%2C759&amp;ssl=1 1024w, https:\/\/i0.wp.com\/hoppetossa.com\/nyckelpigan\/wp-content\/uploads\/sites\/13\/2023\/04\/karta.png?resize=768%2C569&amp;ssl=1 768w, https:\/\/i0.wp.com\/hoppetossa.com\/nyckelpigan\/wp-content\/uploads\/sites\/13\/2023\/04\/karta.png?w=1358&amp;ssl=1 1358w\" sizes=\"auto, (max-width: 300px) 100vw, 300px\" \/><\/figure><div class=\"wp-block-media-text__content\">\n<p><strong>F\u00f6rskolan Nyckelpigan<\/strong><br>Samskolev\u00e4gen 6<br>133 34 Saltsj\u00f6baden<\/p>\n<\/div><\/div>\n\n\n\n<div style=\"height:20px\" aria-hidden=\"true\" class=\"wp-block-spacer\"><\/div>\n\n\n\n<p class=\"has-text-align-left\"><a href=\"https:\/\/hoppetossa.com\/nyckelpigan\/klagomalshantering\/\">Rutiner vid klagom\u00e5l<\/a><\/p>\n\n\n\n<div style=\"height:1px\" aria-hidden=\"true\" class=\"wp-block-spacer\"><\/div>\n\n\n\n<h2 class=\"wp-block-heading\">Kontaktuppgifter och organisation<\/h2>\n\n\n\n<h3 class=\"wp-block-heading\"><strong>Rektor Yvonne Alm\u00e9r Mattsson<\/strong><\/h3>\n\n\n\n<p>073-5528202<br><a href=\"mailto:nyckelpigan@hoppetossa.com\">nyckelpigan@hoppetossa.com<\/a><\/p>\n\n\n\n<h3 class=\"wp-block-heading\">Platsansvarig <strong>Jenny Djerw Wahlberg<\/strong><\/h3>\n\n\n\n<p>076-2918372<\/p>\n\n\n\n<div style=\"height:10px\" aria-hidden=\"true\" class=\"wp-block-spacer\"><\/div>\n\n\n\n<h3 class=\"wp-block-heading\">V\u00e5ra fyra avdelningar<\/h3>\n\n\n\n<h4 class=\"wp-block-heading\"><strong>Lammet 1-3 \u00e5r<\/strong><\/h4>\n\n\n\n<p>073-5521456<\/p>\n\n\n\n<h4 class=\"wp-block-heading\">Pandan 3-5 \u00e5r<\/h4>\n\n\n\n<p>073-5524485<\/p>\n\n\n\n<h4 class=\"wp-block-heading\">Duvan 3-5 \u00e5r<\/h4>\n\n\n\n<p>073-5525212<\/p>\n\n\n\n<h4 class=\"wp-block-heading\">Pingvinen 1-3 \u00e5r<\/h4>\n\n\n\n<p>0762918298<\/p>\n\n\n\n<h3 class=\"wp-block-heading\">V\u00e5rt k\u00f6k<\/h3>\n\n\n\n<p>076-3145942<\/p>\n\n\n\n<div style=\"height:10px\" aria-hidden=\"true\" class=\"wp-block-spacer\"><\/div>\n\n\n\n<h2 class=\"wp-block-heading\">\u00d6vrigt<\/h2>\n\n\n\n<p><a href=\"https:\/\/hoppetossa.com\/nyckelpigan\/var-ko-our-queue\/\">V\u00e5r k\u00f6<\/a><br><a href=\"http:\/\/www.facebook.com\/HoppetossaNyckelpigan\">V\u00e5r facebook-sida<\/a><\/p>\n\n\n\n<div style=\"height:10px\" aria-hidden=\"true\" class=\"wp-block-spacer\"><\/div>\n\n\n\n<h2 class=\"wp-block-heading\">Rutiner f\u00f6r klagom\u00e5lshantering<\/h2>\n\n\n\n<p>Enligt skollagen 4 kap. 8\u00a7 skall huvudmannen ha skriftliga rutiner f\u00f6r att ta emot och utreda klagom\u00e5l mot utbildningen. Ifall du som v\u00e5rdnadshavare har synpunkter eller klagom\u00e5l p\u00e5 f\u00f6rskolan vill vi g\u00e4rna veta det. Vi ser det som ett tillf\u00e4lle att f\u00f6rb\u00e4ttra v\u00e5r verksamhet.<\/p>\n\n\n\n<p>L\u00e4s mer h\u00e4r: <a href=\"https:\/\/hoppetossa.com\/nyckelpigan\/klagomalshantering\/\">https:\/\/hoppetossa.com\/nyckelpigan\/klagomalshantering\/<\/a><\/p>\n\n\n\n<div style=\"height:50px\" aria-hidden=\"true\" class=\"wp-block-spacer\"><\/div>\n","protected":false},"excerpt":{"rendered":"<p>Kontakta oss F\u00f6rskolan NyckelpiganSamskolev\u00e4gen 6133 34 Saltsj\u00f6baden Rutiner vid klagom\u00e5l Kontaktuppgifter och organisation Rektor Yvonne Alm\u00e9r Mattsson 073-5528202nyckelpigan@hoppetossa.com Platsansvarig Jenny&hellip; <a class=\"read-more\" href=\"https:\/\/hoppetossa.com\/nyckelpigan\/kontakta-oss\/\">L\u00e4s mera<\/a><\/p>\n","protected":false},"author":1,"featured_media":0,"parent":0,"menu_order":0,"comment_status":"closed","ping_status":"closed","template":"","meta":{"_acf_changed":false,"_monsterinsights_skip_tracking":false,"_monsterinsights_sitenote_active":false,"_monsterinsights_sitenote_note":"","_monsterinsights_sitenote_category":0,"jetpack_post_was_ever_published":false,"footnotes":""},"class_list":["post-120","page","type-page","status-publish","hentry"],"acf":[],"yoast_head":"<!-- This site is optimized with the Yoast SEO plugin v27.5 - https:\/\/yoast.com\/product\/yoast-seo-wordpress\/ -->\n<title>Kontakta oss - F\u00f6rskolan Nyckelpigan<\/title>\n<meta name=\"robots\" content=\"index, follow, max-snippet:-1, max-image-preview:large, max-video-preview:-1\" \/>\n<link rel=\"canonical\" href=\"https:\/\/hoppetossa.com\/nyckelpigan\/kontakta-oss\/\" \/>\n<meta property=\"og:locale\" content=\"sv_SE\" \/>\n<meta property=\"og:type\" content=\"article\" \/>\n<meta property=\"og:title\" content=\"Kontakta oss - F\u00f6rskolan Nyckelpigan\" \/>\n<meta property=\"og:description\" content=\"Kontakta oss F\u00f6rskolan NyckelpiganSamskolev\u00e4gen 6133 34 Saltsj\u00f6baden Rutiner vid klagom\u00e5l Kontaktuppgifter och organisation Rektor Yvonne Alm\u00e9r Mattsson 073-5528202nyckelpigan@hoppetossa.com Platsansvarig Jenny&hellip; L\u00e4s mera\" \/>\n<meta property=\"og:url\" content=\"https:\/\/hoppetossa.com\/nyckelpigan\/kontakta-oss\/\" \/>\n<meta property=\"og:site_name\" content=\"F\u00f6rskolan Nyckelpigan\" \/>\n<meta property=\"article:modified_time\" content=\"2023-06-29T17:46:03+00:00\" \/>\n<meta property=\"og:image\" content=\"https:\/\/hoppetossa.com\/nyckelpigan\/wp-content\/uploads\/sites\/13\/2023\/04\/karta-300x222.png\" \/>\n<meta name=\"twitter:card\" content=\"summary_large_image\" \/>\n<meta name=\"twitter:label1\" content=\"Ber\u00e4knad l\u00e4stid\" \/>\n\t<meta name=\"twitter:data1\" content=\"1 minut\" \/>\n<script type=\"application\/ld+json\" class=\"yoast-schema-graph\">{\"@context\":\"https:\\\/\\\/schema.org\",\"@graph\":[{\"@type\":\"WebPage\",\"@id\":\"https:\\\/\\\/hoppetossa.com\\\/nyckelpigan\\\/kontakta-oss\\\/\",\"url\":\"https:\\\/\\\/hoppetossa.com\\\/nyckelpigan\\\/kontakta-oss\\\/\",\"name\":\"Kontakta oss - F\u00f6rskolan Nyckelpigan\",\"isPartOf\":{\"@id\":\"https:\\\/\\\/hoppetossa.com\\\/nyckelpigan\\\/#website\"},\"primaryImageOfPage\":{\"@id\":\"https:\\\/\\\/hoppetossa.com\\\/nyckelpigan\\\/kontakta-oss\\\/#primaryimage\"},\"image\":{\"@id\":\"https:\\\/\\\/hoppetossa.com\\\/nyckelpigan\\\/kontakta-oss\\\/#primaryimage\"},\"thumbnailUrl\":\"https:\\\/\\\/hoppetossa.com\\\/nyckelpigan\\\/wp-content\\\/uploads\\\/sites\\\/13\\\/2023\\\/04\\\/karta-300x222.png\",\"datePublished\":\"2023-04-29T14:52:16+00:00\",\"dateModified\":\"2023-06-29T17:46:03+00:00\",\"breadcrumb\":{\"@id\":\"https:\\\/\\\/hoppetossa.com\\\/nyckelpigan\\\/kontakta-oss\\\/#breadcrumb\"},\"inLanguage\":\"sv-SE\",\"potentialAction\":[{\"@type\":\"ReadAction\",\"target\":[\"https:\\\/\\\/hoppetossa.com\\\/nyckelpigan\\\/kontakta-oss\\\/\"]}]},{\"@type\":\"ImageObject\",\"inLanguage\":\"sv-SE\",\"@id\":\"https:\\\/\\\/hoppetossa.com\\\/nyckelpigan\\\/kontakta-oss\\\/#primaryimage\",\"url\":\"https:\\\/\\\/hoppetossa.com\\\/nyckelpigan\\\/wp-content\\\/uploads\\\/sites\\\/13\\\/2023\\\/04\\\/karta-300x222.png\",\"contentUrl\":\"https:\\\/\\\/hoppetossa.com\\\/nyckelpigan\\\/wp-content\\\/uploads\\\/sites\\\/13\\\/2023\\\/04\\\/karta-300x222.png\"},{\"@type\":\"BreadcrumbList\",\"@id\":\"https:\\\/\\\/hoppetossa.com\\\/nyckelpigan\\\/kontakta-oss\\\/#breadcrumb\",\"itemListElement\":[{\"@type\":\"ListItem\",\"position\":1,\"name\":\"Hem\",\"item\":\"https:\\\/\\\/hoppetossa.com\\\/nyckelpigan\\\/\"},{\"@type\":\"ListItem\",\"position\":2,\"name\":\"Kontakta oss\"}]},{\"@type\":\"WebSite\",\"@id\":\"https:\\\/\\\/hoppetossa.com\\\/nyckelpigan\\\/#website\",\"url\":\"https:\\\/\\\/hoppetossa.com\\\/nyckelpigan\\\/\",\"name\":\"F\u00f6rskolan Nyckelpigan\",\"description\":\"\",\"potentialAction\":[{\"@type\":\"SearchAction\",\"target\":{\"@type\":\"EntryPoint\",\"urlTemplate\":\"https:\\\/\\\/hoppetossa.com\\\/nyckelpigan\\\/?s={search_term_string}\"},\"query-input\":{\"@type\":\"PropertyValueSpecification\",\"valueRequired\":true,\"valueName\":\"search_term_string\"}}],\"inLanguage\":\"sv-SE\"}]}<\/script>\n<!-- \/ Yoast SEO plugin. -->","yoast_head_json":{"title":"Kontakta oss - F\u00f6rskolan Nyckelpigan","robots":{"index":"index","follow":"follow","max-snippet":"max-snippet:-1","max-image-preview":"max-image-preview:large","max-video-preview":"max-video-preview:-1"},"canonical":"https:\/\/hoppetossa.com\/nyckelpigan\/kontakta-oss\/","og_locale":"sv_SE","og_type":"article","og_title":"Kontakta oss - F\u00f6rskolan Nyckelpigan","og_description":"Kontakta oss F\u00f6rskolan NyckelpiganSamskolev\u00e4gen 6133 34 Saltsj\u00f6baden Rutiner vid klagom\u00e5l Kontaktuppgifter och organisation Rektor Yvonne Alm\u00e9r Mattsson 073-5528202nyckelpigan@hoppetossa.com Platsansvarig Jenny&hellip; L\u00e4s mera","og_url":"https:\/\/hoppetossa.com\/nyckelpigan\/kontakta-oss\/","og_site_name":"F\u00f6rskolan Nyckelpigan","article_modified_time":"2023-06-29T17:46:03+00:00","og_image":[{"url":"https:\/\/hoppetossa.com\/nyckelpigan\/wp-content\/uploads\/sites\/13\/2023\/04\/karta-300x222.png","type":"","width":"","height":""}],"twitter_card":"summary_large_image","twitter_misc":{"Ber\u00e4knad l\u00e4stid":"1 minut"},"schema":{"@context":"https:\/\/schema.org","@graph":[{"@type":"WebPage","@id":"https:\/\/hoppetossa.com\/nyckelpigan\/kontakta-oss\/","url":"https:\/\/hoppetossa.com\/nyckelpigan\/kontakta-oss\/","name":"Kontakta oss - F\u00f6rskolan Nyckelpigan","isPartOf":{"@id":"https:\/\/hoppetossa.com\/nyckelpigan\/#website"},"primaryImageOfPage":{"@id":"https:\/\/hoppetossa.com\/nyckelpigan\/kontakta-oss\/#primaryimage"},"image":{"@id":"https:\/\/hoppetossa.com\/nyckelpigan\/kontakta-oss\/#primaryimage"},"thumbnailUrl":"https:\/\/hoppetossa.com\/nyckelpigan\/wp-content\/uploads\/sites\/13\/2023\/04\/karta-300x222.png","datePublished":"2023-04-29T14:52:16+00:00","dateModified":"2023-06-29T17:46:03+00:00","breadcrumb":{"@id":"https:\/\/hoppetossa.com\/nyckelpigan\/kontakta-oss\/#breadcrumb"},"inLanguage":"sv-SE","potentialAction":[{"@type":"ReadAction","target":["https:\/\/hoppetossa.com\/nyckelpigan\/kontakta-oss\/"]}]},{"@type":"ImageObject","inLanguage":"sv-SE","@id":"https:\/\/hoppetossa.com\/nyckelpigan\/kontakta-oss\/#primaryimage","url":"https:\/\/hoppetossa.com\/nyckelpigan\/wp-content\/uploads\/sites\/13\/2023\/04\/karta-300x222.png","contentUrl":"https:\/\/hoppetossa.com\/nyckelpigan\/wp-content\/uploads\/sites\/13\/2023\/04\/karta-300x222.png"},{"@type":"BreadcrumbList","@id":"https:\/\/hoppetossa.com\/nyckelpigan\/kontakta-oss\/#breadcrumb","itemListElement":[{"@type":"ListItem","position":1,"name":"Hem","item":"https:\/\/hoppetossa.com\/nyckelpigan\/"},{"@type":"ListItem","position":2,"name":"Kontakta oss"}]},{"@type":"WebSite","@id":"https:\/\/hoppetossa.com\/nyckelpigan\/#website","url":"https:\/\/hoppetossa.com\/nyckelpigan\/","name":"F\u00f6rskolan Nyckelpigan","description":"","potentialAction":[{"@type":"SearchAction","target":{"@type":"EntryPoint","urlTemplate":"https:\/\/hoppetossa.com\/nyckelpigan\/?s={search_term_string}"},"query-input":{"@type":"PropertyValueSpecification","valueRequired":true,"valueName":"search_term_string"}}],"inLanguage":"sv-SE"}]}},"jetpack-related-posts":[{"id":116,"url":"https:\/\/hoppetossa.com\/nyckelpigan\/klagomalshantering\/","url_meta":{"origin":120,"position":0},"title":"Klagom\u00e5lshantering","author":"Hoppetossa F\u00f6rskolor","date":"29 april 2023","format":false,"excerpt":"Rutiner f\u00f6r klagom\u00e5lshantering Enligt skollagen 4 kap. 8\u00a7 skall huvudmannen ha skriftliga rutiner f\u00f6r att ta emot och utreda klagom\u00e5l mot utbildningen. Ifall du som v\u00e5rdnadshavare har synpunkter eller klagom\u00e5l p\u00e5 f\u00f6rskolan vill vi g\u00e4rna veta det. Vi ser det som ett tillf\u00e4lle att f\u00f6rb\u00e4ttra v\u00e5r verksamhet. Vem framf\u00f6r jag\u2026","rel":"","context":"Liknande inl\u00e4gg","block_context":{"text":"Liknande inl\u00e4gg","link":""},"img":{"alt_text":"","src":"https:\/\/i0.wp.com\/hoppetossa.com\/nyckelpigan\/wp-content\/uploads\/sites\/13\/2023\/04\/nyckelpigan-3.png?resize=350%2C200&ssl=1","width":350,"height":200,"srcset":"https:\/\/i0.wp.com\/hoppetossa.com\/nyckelpigan\/wp-content\/uploads\/sites\/13\/2023\/04\/nyckelpigan-3.png?resize=350%2C200&ssl=1 1x, https:\/\/i0.wp.com\/hoppetossa.com\/nyckelpigan\/wp-content\/uploads\/sites\/13\/2023\/04\/nyckelpigan-3.png?resize=525%2C300&ssl=1 1.5x, https:\/\/i0.wp.com\/hoppetossa.com\/nyckelpigan\/wp-content\/uploads\/sites\/13\/2023\/04\/nyckelpigan-3.png?resize=700%2C400&ssl=1 2x"},"classes":[]},{"id":100,"url":"https:\/\/hoppetossa.com\/nyckelpigan\/forskola-och-hem\/","url_meta":{"origin":120,"position":1},"title":"F\u00f6rskola &#038; Hem","author":"Hoppetossa F\u00f6rskolor","date":"29 april 2023","format":false,"excerpt":"F\u00f6rskola och hem F\u00f6r oss \u00e4r det av st\u00f6rsta vikt att vi, f\u00f6rskola- hem, samarbetar och utvecklar en tillitsfull relation p\u00e5 ett n\u00e4ra och f\u00f6rtroendefullt s\u00e4tt. Det ger oss m\u00f6jligheter att gemensamt skapa b\u00e4sta m\u00f6jliga f\u00f6ruts\u00e4ttningar f\u00f6r att v\u00e5ra barn ska kunna utvecklas rikt och m\u00e5ngsidigt, utefter varje barns f\u00f6rm\u00e5ga.\u2026","rel":"","context":"Liknande inl\u00e4gg","block_context":{"text":"Liknande inl\u00e4gg","link":""},"img":{"alt_text":"","src":"https:\/\/i0.wp.com\/hoppetossa.com\/nyckelpigan\/wp-content\/uploads\/sites\/13\/2023\/04\/nyckelpigan-11-edited.png?resize=350%2C200","width":350,"height":200},"classes":[]},{"id":145,"url":"https:\/\/hoppetossa.com\/nyckelpigan\/welcome-to-preschool-nyckelpigan\/","url_meta":{"origin":120,"position":2},"title":"In English","author":"Hoppetossa F\u00f6rskolor","date":"29 april 2023","format":false,"excerpt":"Welcome to preschool Nyckelpigan Nyckelpigan is located in the scenic Saltsj\u00f6baden with nice premises and a beautiful yard, next to the forest and close to public transport. Our activities and education are based on the preschool curriculum, the School Act and the UN Convention on the Rights of the Child.\u2026","rel":"","context":"Liknande inl\u00e4gg","block_context":{"text":"Liknande inl\u00e4gg","link":""},"img":{"alt_text":"","src":"https:\/\/i0.wp.com\/hoppetossa.com\/nyckelpigan\/wp-content\/uploads\/sites\/13\/2023\/04\/nyckelpigan-13.png?resize=350%2C200","width":350,"height":200,"srcset":"https:\/\/i0.wp.com\/hoppetossa.com\/nyckelpigan\/wp-content\/uploads\/sites\/13\/2023\/04\/nyckelpigan-13.png?resize=350%2C200 1x, https:\/\/i0.wp.com\/hoppetossa.com\/nyckelpigan\/wp-content\/uploads\/sites\/13\/2023\/04\/nyckelpigan-13.png?resize=525%2C300 1.5x"},"classes":[]},{"id":83,"url":"https:\/\/hoppetossa.com\/nyckelpigan\/pedagogisk-inriktning\/","url_meta":{"origin":120,"position":3},"title":"Pedagogisk inriktning","author":"Hoppetossa F\u00f6rskolor","date":"29 april 2023","format":false,"excerpt":"Pedagogisk inriktning Pedagogiskt arbete och huvudinriktning Vi ser l\u00e4randet som en process. Barnen ges d\u00e4rf\u00f6r gott om tid och m\u00f6jligheter att unders\u00f6ka och utforska sin omv\u00e4rld i samspel med andra, men ocks\u00e5 i samverkan med milj\u00f6 och material. Deras teorier och hypoteser efterfr\u00e5gas, pr\u00f6vas och leder l\u00e4randeprocesserna vidare. Ett utforskande\u2026","rel":"","context":"Liknande inl\u00e4gg","block_context":{"text":"Liknande inl\u00e4gg","link":""},"img":{"alt_text":"","src":"https:\/\/i0.wp.com\/hoppetossa.com\/nyckelpigan\/wp-content\/uploads\/sites\/13\/2023\/04\/nyckelpigan-square3.png?resize=350%2C200","width":350,"height":200,"srcset":"https:\/\/i0.wp.com\/hoppetossa.com\/nyckelpigan\/wp-content\/uploads\/sites\/13\/2023\/04\/nyckelpigan-square3.png?resize=350%2C200 1x, https:\/\/i0.wp.com\/hoppetossa.com\/nyckelpigan\/wp-content\/uploads\/sites\/13\/2023\/04\/nyckelpigan-square3.png?resize=525%2C300 1.5x, https:\/\/i0.wp.com\/hoppetossa.com\/nyckelpigan\/wp-content\/uploads\/sites\/13\/2023\/04\/nyckelpigan-square3.png?resize=700%2C400 2x"},"classes":[]},{"id":67,"url":"https:\/\/hoppetossa.com\/nyckelpigan\/vision-och-vardegrund\/","url_meta":{"origin":120,"position":4},"title":"Vision &#038; V\u00e4rdegrund","author":"Hoppetossa F\u00f6rskolor","date":"29 april 2023","format":false,"excerpt":"Vision och v\u00e4rdegrund F\u00f6r en positiv utveckling i sitt l\u00e4rande beh\u00f6ver varje barn f\u00e5 k\u00e4nna sig trygg, bekr\u00e4ftad och trivas i f\u00f6rskolan. Vi v\u00e4rnar alla m\u00e4nniskors lika v\u00e4rde \u2013 v\u00e5r f\u00f6rskolas v\u00e4rdegrund, att f\u00e5 vara delaktig och kunna p\u00e5verka sin vardag och sitt liv. Barnen erbjuds en god omsorg med\u2026","rel":"","context":"Liknande inl\u00e4gg","block_context":{"text":"Liknande inl\u00e4gg","link":""},"img":{"alt_text":"","src":"https:\/\/i0.wp.com\/hoppetossa.com\/nyckelpigan\/wp-content\/uploads\/sites\/13\/2023\/04\/nyckelpigan-square3.png?resize=350%2C200","width":350,"height":200,"srcset":"https:\/\/i0.wp.com\/hoppetossa.com\/nyckelpigan\/wp-content\/uploads\/sites\/13\/2023\/04\/nyckelpigan-square3.png?resize=350%2C200 1x, https:\/\/i0.wp.com\/hoppetossa.com\/nyckelpigan\/wp-content\/uploads\/sites\/13\/2023\/04\/nyckelpigan-square3.png?resize=525%2C300 1.5x, https:\/\/i0.wp.com\/hoppetossa.com\/nyckelpigan\/wp-content\/uploads\/sites\/13\/2023\/04\/nyckelpigan-square3.png?resize=700%2C400 2x"},"classes":[]},{"id":155,"url":"https:\/\/hoppetossa.com\/nyckelpigan\/var-ko-our-queue\/","url_meta":{"origin":120,"position":5},"title":"V\u00e5r k\u00f6 &#8211; Our queue","author":"Hoppetossa F\u00f6rskolor","date":"29 april 2023","format":false,"excerpt":"En plats hos oss \/ St\u00e4ll ditt barn i k\u00f6 Kontakta oss g\u00e4rna f\u00f6r mer information: 073-5528202 eller nyckelpigan@hoppetossa.com. Vi finns med i Nacka kommuns gemensamma k\u00f6 under namnet\u00a0Nyckelpigan. H\u00e4r hittar ni den gemensamma k\u00f6n:\u00a0https:\/\/www.nacka.se\/forskola-skola\/forskola-och-pedagogisk-omsorg\/ansok-om-plats-forskola\/\u00a0\u00a0 V\u00e4lkomna! A place with us \/ Put your child in the queue Please contact us\u2026","rel":"","context":"Liknande inl\u00e4gg","block_context":{"text":"Liknande inl\u00e4gg","link":""},"img":{"alt_text":"","src":"https:\/\/i0.wp.com\/hoppetossa.com\/nyckelpigan\/wp-content\/uploads\/sites\/13\/2023\/04\/nyckelpigan-21-150x150.png?resize=350%2C200","width":350,"height":200},"classes":[]}],"jetpack_sharing_enabled":true,"_links":{"self":[{"href":"https:\/\/hoppetossa.com\/nyckelpigan\/wp-json\/wp\/v2\/pages\/120","targetHints":{"allow":["GET"]}}],"collection":[{"href":"https:\/\/hoppetossa.com\/nyckelpigan\/wp-json\/wp\/v2\/pages"}],"about":[{"href":"https:\/\/hoppetossa.com\/nyckelpigan\/wp-json\/wp\/v2\/types\/page"}],"author":[{"embeddable":true,"href":"https:\/\/hoppetossa.com\/nyckelpigan\/wp-json\/wp\/v2\/users\/1"}],"replies":[{"embeddable":true,"href":"https:\/\/hoppetossa.com\/nyckelpigan\/wp-json\/wp\/v2\/comments?post=120"}],"version-history":[{"count":12,"href":"https:\/\/hoppetossa.com\/nyckelpigan\/wp-json\/wp\/v2\/pages\/120\/revisions"}],"predecessor-version":[{"id":220,"href":"https:\/\/hoppetossa.com\/nyckelpigan\/wp-json\/wp\/v2\/pages\/120\/revisions\/220"}],"wp:attachment":[{"href":"https:\/\/hoppetossa.com\/nyckelpigan\/wp-json\/wp\/v2\/media?parent=120"}],"curies":[{"name":"wp","href":"https:\/\/api.w.org\/{rel}","templated":true}]}}