{"id":6,"date":"2023-04-11T21:27:34","date_gmt":"2023-04-11T19:27:34","guid":{"rendered":"https:\/\/hoppetossa.com\/nyckelpigan\/?page_id=6"},"modified":"2024-12-18T10:13:11","modified_gmt":"2024-12-18T09:13:11","slug":"nyckelpigan-hoppetossa-forskolor","status":"publish","type":"page","link":"https:\/\/hoppetossa.com\/nyckelpigan\/","title":{"rendered":"Nyckelpigan"},"content":{"rendered":"","protected":false},"excerpt":{"rendered":"","protected":false},"author":5,"featured_media":0,"parent":0,"menu_order":0,"comment_status":"closed","ping_status":"closed","template":"","meta":{"_acf_changed":false,"_monsterinsights_skip_tracking":false,"_monsterinsights_sitenote_active":false,"_monsterinsights_sitenote_note":"","_monsterinsights_sitenote_category":0,"jetpack_post_was_ever_published":false,"footnotes":""},"class_list":["post-6","page","type-page","status-publish","hentry"],"acf":[],"yoast_head":"<!-- This site is optimized with the Yoast SEO plugin v27.5 - https:\/\/yoast.com\/product\/yoast-seo-wordpress\/ -->\n<title>Nyckelpigan - F\u00f6rskolan Nyckelpigan<\/title>\n<meta name=\"description\" content=\"V\u00e4lkomna till v\u00e5r f\u00f6rskola bel\u00e4gen i natursk\u00f6na Saltsj\u00f6baden. Vi \u00e4r stolta \u00f6ver att vara certifierade enligt Gr\u00f6n Flagg!\" \/>\n<meta name=\"robots\" content=\"index, follow, max-snippet:-1, max-image-preview:large, max-video-preview:-1\" \/>\n<link rel=\"canonical\" href=\"https:\/\/hoppetossa.com\/nyckelpigan\/\" \/>\n<meta property=\"og:locale\" content=\"sv_SE\" \/>\n<meta property=\"og:type\" content=\"article\" \/>\n<meta property=\"og:title\" content=\"Nyckelpigan - F\u00f6rskolan Nyckelpigan\" \/>\n<meta property=\"og:description\" content=\"V\u00e4lkomna till v\u00e5r f\u00f6rskola bel\u00e4gen i natursk\u00f6na Saltsj\u00f6baden. Vi \u00e4r stolta \u00f6ver att vara certifierade enligt Gr\u00f6n Flagg!\" \/>\n<meta property=\"og:url\" content=\"https:\/\/hoppetossa.com\/nyckelpigan\/\" \/>\n<meta property=\"og:site_name\" content=\"F\u00f6rskolan Nyckelpigan\" \/>\n<meta property=\"article:modified_time\" content=\"2024-12-18T09:13:11+00:00\" \/>\n<meta name=\"twitter:card\" content=\"summary_large_image\" \/>\n<meta name=\"twitter:label1\" content=\"Ber\u00e4knad l\u00e4stid\" \/>\n\t<meta name=\"twitter:data1\" content=\"2 minuter\" \/>\n<script type=\"application\/ld+json\" class=\"yoast-schema-graph\">{\"@context\":\"https:\\\/\\\/schema.org\",\"@graph\":[{\"@type\":\"WebPage\",\"@id\":\"https:\\\/\\\/hoppetossa.com\\\/nyckelpigan\\\/\",\"url\":\"https:\\\/\\\/hoppetossa.com\\\/nyckelpigan\\\/\",\"name\":\"Nyckelpigan - F\u00f6rskolan Nyckelpigan\",\"isPartOf\":{\"@id\":\"https:\\\/\\\/hoppetossa.com\\\/nyckelpigan\\\/#website\"},\"datePublished\":\"2023-04-11T19:27:34+00:00\",\"dateModified\":\"2024-12-18T09:13:11+00:00\",\"description\":\"V\u00e4lkomna till v\u00e5r f\u00f6rskola bel\u00e4gen i natursk\u00f6na Saltsj\u00f6baden. Vi \u00e4r stolta \u00f6ver att vara certifierade enligt Gr\u00f6n Flagg!\",\"breadcrumb\":{\"@id\":\"https:\\\/\\\/hoppetossa.com\\\/nyckelpigan\\\/#breadcrumb\"},\"inLanguage\":\"sv-SE\",\"potentialAction\":[{\"@type\":\"ReadAction\",\"target\":[\"https:\\\/\\\/hoppetossa.com\\\/nyckelpigan\\\/\"]}]},{\"@type\":\"BreadcrumbList\",\"@id\":\"https:\\\/\\\/hoppetossa.com\\\/nyckelpigan\\\/#breadcrumb\",\"itemListElement\":[{\"@type\":\"ListItem\",\"position\":1,\"name\":\"Hem\",\"item\":\"https:\\\/\\\/hoppetossa.com\\\/nyckelpigan\\\/\"},{\"@type\":\"ListItem\",\"position\":2,\"name\":\"Nyckelpigan\"}]},{\"@type\":\"WebSite\",\"@id\":\"https:\\\/\\\/hoppetossa.com\\\/nyckelpigan\\\/#website\",\"url\":\"https:\\\/\\\/hoppetossa.com\\\/nyckelpigan\\\/\",\"name\":\"F\u00f6rskolan Nyckelpigan\",\"description\":\"\",\"potentialAction\":[{\"@type\":\"SearchAction\",\"target\":{\"@type\":\"EntryPoint\",\"urlTemplate\":\"https:\\\/\\\/hoppetossa.com\\\/nyckelpigan\\\/?s={search_term_string}\"},\"query-input\":{\"@type\":\"PropertyValueSpecification\",\"valueRequired\":true,\"valueName\":\"search_term_string\"}}],\"inLanguage\":\"sv-SE\"}]}<\/script>\n<!-- \/ Yoast SEO plugin. -->","yoast_head_json":{"title":"Nyckelpigan - F\u00f6rskolan Nyckelpigan","description":"V\u00e4lkomna till v\u00e5r f\u00f6rskola bel\u00e4gen i natursk\u00f6na Saltsj\u00f6baden. Vi \u00e4r stolta \u00f6ver att vara certifierade enligt Gr\u00f6n Flagg!","robots":{"index":"index","follow":"follow","max-snippet":"max-snippet:-1","max-image-preview":"max-image-preview:large","max-video-preview":"max-video-preview:-1"},"canonical":"https:\/\/hoppetossa.com\/nyckelpigan\/","og_locale":"sv_SE","og_type":"article","og_title":"Nyckelpigan - F\u00f6rskolan Nyckelpigan","og_description":"V\u00e4lkomna till v\u00e5r f\u00f6rskola bel\u00e4gen i natursk\u00f6na Saltsj\u00f6baden. Vi \u00e4r stolta \u00f6ver att vara certifierade enligt Gr\u00f6n Flagg!","og_url":"https:\/\/hoppetossa.com\/nyckelpigan\/","og_site_name":"F\u00f6rskolan Nyckelpigan","article_modified_time":"2024-12-18T09:13:11+00:00","twitter_card":"summary_large_image","twitter_misc":{"Ber\u00e4knad l\u00e4stid":"2 minuter"},"schema":{"@context":"https:\/\/schema.org","@graph":[{"@type":"WebPage","@id":"https:\/\/hoppetossa.com\/nyckelpigan\/","url":"https:\/\/hoppetossa.com\/nyckelpigan\/","name":"Nyckelpigan - F\u00f6rskolan Nyckelpigan","isPartOf":{"@id":"https:\/\/hoppetossa.com\/nyckelpigan\/#website"},"datePublished":"2023-04-11T19:27:34+00:00","dateModified":"2024-12-18T09:13:11+00:00","description":"V\u00e4lkomna till v\u00e5r f\u00f6rskola bel\u00e4gen i natursk\u00f6na Saltsj\u00f6baden. Vi \u00e4r stolta \u00f6ver att vara certifierade enligt Gr\u00f6n Flagg!","breadcrumb":{"@id":"https:\/\/hoppetossa.com\/nyckelpigan\/#breadcrumb"},"inLanguage":"sv-SE","potentialAction":[{"@type":"ReadAction","target":["https:\/\/hoppetossa.com\/nyckelpigan\/"]}]},{"@type":"BreadcrumbList","@id":"https:\/\/hoppetossa.com\/nyckelpigan\/#breadcrumb","itemListElement":[{"@type":"ListItem","position":1,"name":"Hem","item":"https:\/\/hoppetossa.com\/nyckelpigan\/"},{"@type":"ListItem","position":2,"name":"Nyckelpigan"}]},{"@type":"WebSite","@id":"https:\/\/hoppetossa.com\/nyckelpigan\/#website","url":"https:\/\/hoppetossa.com\/nyckelpigan\/","name":"F\u00f6rskolan Nyckelpigan","description":"","potentialAction":[{"@type":"SearchAction","target":{"@type":"EntryPoint","urlTemplate":"https:\/\/hoppetossa.com\/nyckelpigan\/?s={search_term_string}"},"query-input":{"@type":"PropertyValueSpecification","valueRequired":true,"valueName":"search_term_string"}}],"inLanguage":"sv-SE"}]}},"jetpack-related-posts":[{"id":155,"url":"https:\/\/hoppetossa.com\/nyckelpigan\/var-ko-our-queue\/","url_meta":{"origin":6,"position":0},"title":"V\u00e5r k\u00f6 &#8211; Our queue","author":"Hoppetossa F\u00f6rskolor","date":"29 april 2023","format":false,"excerpt":"En plats hos oss \/ St\u00e4ll ditt barn i k\u00f6 Kontakta oss g\u00e4rna f\u00f6r mer information: 073-5528202 eller nyckelpigan@hoppetossa.com. Vi finns med i Nacka kommuns gemensamma k\u00f6 under namnet\u00a0Nyckelpigan. H\u00e4r hittar ni den gemensamma k\u00f6n:\u00a0https:\/\/www.nacka.se\/forskola-skola\/forskola-och-pedagogisk-omsorg\/ansok-om-plats-forskola\/\u00a0\u00a0 V\u00e4lkomna! A place with us \/ Put your child in the queue Please contact us\u2026","rel":"","context":"Liknande inl\u00e4gg","block_context":{"text":"Liknande inl\u00e4gg","link":""},"img":{"alt_text":"","src":"https:\/\/i0.wp.com\/hoppetossa.com\/nyckelpigan\/wp-content\/uploads\/sites\/13\/2023\/04\/nyckelpigan-21-150x150.png?resize=350%2C200","width":350,"height":200},"classes":[]},{"id":120,"url":"https:\/\/hoppetossa.com\/nyckelpigan\/kontakta-oss\/","url_meta":{"origin":6,"position":1},"title":"Kontakta oss","author":"Hoppetossa F\u00f6rskolor","date":"29 april 2023","format":false,"excerpt":"Kontakta oss F\u00f6rskolan NyckelpiganSamskolev\u00e4gen 6133 34 Saltsj\u00f6baden Rutiner vid klagom\u00e5l Kontaktuppgifter och organisation Rektor Yvonne Alm\u00e9r Mattsson 073-5528202nyckelpigan@hoppetossa.com Platsansvarig Jenny Djerw Wahlberg 076-2918372 V\u00e5ra fyra avdelningar Lammet 1-3 \u00e5r 073-5521456 Pandan 3-5 \u00e5r 073-5524485 Duvan 3-5 \u00e5r 073-5525212 Pingvinen 1-3 \u00e5r 0762918298 V\u00e5rt k\u00f6k 076-3145942 \u00d6vrigt V\u00e5r k\u00f6V\u00e5r facebook-sida Rutiner\u2026","rel":"","context":"Liknande inl\u00e4gg","block_context":{"text":"Liknande inl\u00e4gg","link":""},"img":{"alt_text":"","src":"https:\/\/i0.wp.com\/hoppetossa.com\/nyckelpigan\/wp-content\/uploads\/sites\/13\/2023\/04\/karta.png?resize=350%2C200&ssl=1","width":350,"height":200,"srcset":"https:\/\/i0.wp.com\/hoppetossa.com\/nyckelpigan\/wp-content\/uploads\/sites\/13\/2023\/04\/karta.png?resize=350%2C200&ssl=1 1x, https:\/\/i0.wp.com\/hoppetossa.com\/nyckelpigan\/wp-content\/uploads\/sites\/13\/2023\/04\/karta.png?resize=525%2C300&ssl=1 1.5x, https:\/\/i0.wp.com\/hoppetossa.com\/nyckelpigan\/wp-content\/uploads\/sites\/13\/2023\/04\/karta.png?resize=700%2C400&ssl=1 2x, https:\/\/i0.wp.com\/hoppetossa.com\/nyckelpigan\/wp-content\/uploads\/sites\/13\/2023\/04\/karta.png?resize=1050%2C600&ssl=1 3x"},"classes":[]},{"id":145,"url":"https:\/\/hoppetossa.com\/nyckelpigan\/welcome-to-preschool-nyckelpigan\/","url_meta":{"origin":6,"position":2},"title":"In English","author":"Hoppetossa F\u00f6rskolor","date":"29 april 2023","format":false,"excerpt":"Welcome to preschool Nyckelpigan Nyckelpigan is located in the scenic Saltsj\u00f6baden with nice premises and a beautiful yard, next to the forest and close to public transport. Our activities and education are based on the preschool curriculum, the School Act and the UN Convention on the Rights of the Child.\u2026","rel":"","context":"Liknande inl\u00e4gg","block_context":{"text":"Liknande inl\u00e4gg","link":""},"img":{"alt_text":"","src":"https:\/\/i0.wp.com\/hoppetossa.com\/nyckelpigan\/wp-content\/uploads\/sites\/13\/2023\/04\/nyckelpigan-13.png?resize=350%2C200","width":350,"height":200,"srcset":"https:\/\/i0.wp.com\/hoppetossa.com\/nyckelpigan\/wp-content\/uploads\/sites\/13\/2023\/04\/nyckelpigan-13.png?resize=350%2C200 1x, https:\/\/i0.wp.com\/hoppetossa.com\/nyckelpigan\/wp-content\/uploads\/sites\/13\/2023\/04\/nyckelpigan-13.png?resize=525%2C300 1.5x"},"classes":[]},{"id":116,"url":"https:\/\/hoppetossa.com\/nyckelpigan\/klagomalshantering\/","url_meta":{"origin":6,"position":3},"title":"Klagom\u00e5lshantering","author":"Hoppetossa F\u00f6rskolor","date":"29 april 2023","format":false,"excerpt":"Rutiner f\u00f6r klagom\u00e5lshantering Enligt skollagen 4 kap. 8\u00a7 skall huvudmannen ha skriftliga rutiner f\u00f6r att ta emot och utreda klagom\u00e5l mot utbildningen. Ifall du som v\u00e5rdnadshavare har synpunkter eller klagom\u00e5l p\u00e5 f\u00f6rskolan vill vi g\u00e4rna veta det. Vi ser det som ett tillf\u00e4lle att f\u00f6rb\u00e4ttra v\u00e5r verksamhet. Vem framf\u00f6r jag\u2026","rel":"","context":"Liknande inl\u00e4gg","block_context":{"text":"Liknande inl\u00e4gg","link":""},"img":{"alt_text":"","src":"https:\/\/i0.wp.com\/hoppetossa.com\/nyckelpigan\/wp-content\/uploads\/sites\/13\/2023\/04\/nyckelpigan-3.png?resize=350%2C200&ssl=1","width":350,"height":200,"srcset":"https:\/\/i0.wp.com\/hoppetossa.com\/nyckelpigan\/wp-content\/uploads\/sites\/13\/2023\/04\/nyckelpigan-3.png?resize=350%2C200&ssl=1 1x, https:\/\/i0.wp.com\/hoppetossa.com\/nyckelpigan\/wp-content\/uploads\/sites\/13\/2023\/04\/nyckelpigan-3.png?resize=525%2C300&ssl=1 1.5x, https:\/\/i0.wp.com\/hoppetossa.com\/nyckelpigan\/wp-content\/uploads\/sites\/13\/2023\/04\/nyckelpigan-3.png?resize=700%2C400&ssl=1 2x"},"classes":[]},{"id":100,"url":"https:\/\/hoppetossa.com\/nyckelpigan\/forskola-och-hem\/","url_meta":{"origin":6,"position":4},"title":"F\u00f6rskola &#038; Hem","author":"Hoppetossa F\u00f6rskolor","date":"29 april 2023","format":false,"excerpt":"F\u00f6rskola och hem F\u00f6r oss \u00e4r det av st\u00f6rsta vikt att vi, f\u00f6rskola- hem, samarbetar och utvecklar en tillitsfull relation p\u00e5 ett n\u00e4ra och f\u00f6rtroendefullt s\u00e4tt. Det ger oss m\u00f6jligheter att gemensamt skapa b\u00e4sta m\u00f6jliga f\u00f6ruts\u00e4ttningar f\u00f6r att v\u00e5ra barn ska kunna utvecklas rikt och m\u00e5ngsidigt, utefter varje barns f\u00f6rm\u00e5ga.\u2026","rel":"","context":"Liknande inl\u00e4gg","block_context":{"text":"Liknande inl\u00e4gg","link":""},"img":{"alt_text":"","src":"https:\/\/i0.wp.com\/hoppetossa.com\/nyckelpigan\/wp-content\/uploads\/sites\/13\/2023\/04\/nyckelpigan-11-edited.png?resize=350%2C200","width":350,"height":200},"classes":[]},{"id":83,"url":"https:\/\/hoppetossa.com\/nyckelpigan\/pedagogisk-inriktning\/","url_meta":{"origin":6,"position":5},"title":"Pedagogisk inriktning","author":"Hoppetossa F\u00f6rskolor","date":"29 april 2023","format":false,"excerpt":"Pedagogisk inriktning Pedagogiskt arbete och huvudinriktning Vi ser l\u00e4randet som en process. Barnen ges d\u00e4rf\u00f6r gott om tid och m\u00f6jligheter att unders\u00f6ka och utforska sin omv\u00e4rld i samspel med andra, men ocks\u00e5 i samverkan med milj\u00f6 och material. Deras teorier och hypoteser efterfr\u00e5gas, pr\u00f6vas och leder l\u00e4randeprocesserna vidare. Ett utforskande\u2026","rel":"","context":"Liknande inl\u00e4gg","block_context":{"text":"Liknande inl\u00e4gg","link":""},"img":{"alt_text":"","src":"https:\/\/i0.wp.com\/hoppetossa.com\/nyckelpigan\/wp-content\/uploads\/sites\/13\/2023\/04\/nyckelpigan-square3.png?resize=350%2C200","width":350,"height":200,"srcset":"https:\/\/i0.wp.com\/hoppetossa.com\/nyckelpigan\/wp-content\/uploads\/sites\/13\/2023\/04\/nyckelpigan-square3.png?resize=350%2C200 1x, https:\/\/i0.wp.com\/hoppetossa.com\/nyckelpigan\/wp-content\/uploads\/sites\/13\/2023\/04\/nyckelpigan-square3.png?resize=525%2C300 1.5x, https:\/\/i0.wp.com\/hoppetossa.com\/nyckelpigan\/wp-content\/uploads\/sites\/13\/2023\/04\/nyckelpigan-square3.png?resize=700%2C400 2x"},"classes":[]}],"jetpack_sharing_enabled":true,"_links":{"self":[{"href":"https:\/\/hoppetossa.com\/nyckelpigan\/wp-json\/wp\/v2\/pages\/6","targetHints":{"allow":["GET"]}}],"collection":[{"href":"https:\/\/hoppetossa.com\/nyckelpigan\/wp-json\/wp\/v2\/pages"}],"about":[{"href":"https:\/\/hoppetossa.com\/nyckelpigan\/wp-json\/wp\/v2\/types\/page"}],"author":[{"embeddable":true,"href":"https:\/\/hoppetossa.com\/nyckelpigan\/wp-json\/wp\/v2\/users\/5"}],"replies":[{"embeddable":true,"href":"https:\/\/hoppetossa.com\/nyckelpigan\/wp-json\/wp\/v2\/comments?post=6"}],"version-history":[{"count":46,"href":"https:\/\/hoppetossa.com\/nyckelpigan\/wp-json\/wp\/v2\/pages\/6\/revisions"}],"predecessor-version":[{"id":254,"href":"https:\/\/hoppetossa.com\/nyckelpigan\/wp-json\/wp\/v2\/pages\/6\/revisions\/254"}],"wp:attachment":[{"href":"https:\/\/hoppetossa.com\/nyckelpigan\/wp-json\/wp\/v2\/media?parent=6"}],"curies":[{"name":"wp","href":"https:\/\/api.w.org\/{rel}","templated":true}]}}