{"id":2702,"date":"2023-04-30T09:11:04","date_gmt":"2023-04-30T07:11:04","guid":{"rendered":"http:\/\/hoppetossa.com\/raketen\/?page_id=2702"},"modified":"2023-05-24T21:59:43","modified_gmt":"2023-05-24T19:59:43","slug":"vision-karnvarden","status":"publish","type":"page","link":"https:\/\/hoppetossa.com\/raketen\/vision-karnvarden\/","title":{"rendered":"Vision &#038; K\u00e4rnv\u00e4rden"},"content":{"rendered":"\n<h1 class=\"wp-block-heading\">Vision och k\u00e4rnv\u00e4rden<\/h1>\n\n\n\n\n\n<div style=\"height:10px\" aria-hidden=\"true\" class=\"wp-block-spacer\"><\/div>\n\n\n\n<figure class=\"wp-block-gallery has-nested-images columns-default is-cropped wp-block-gallery-1 is-layout-flex wp-block-gallery-is-layout-flex\">\n<figure class=\"wp-block-image size-large\"><img data-recalc-dims=\"1\" loading=\"lazy\" decoding=\"async\" width=\"768\" height=\"1024\" data-attachment-id=\"2657\" data-permalink=\"https:\/\/hoppetossa.com\/raketen\/forskolanraketenvandrandepinne\/\" data-orig-file=\"https:\/\/i0.wp.com\/hoppetossa.com\/raketen\/wp-content\/uploads\/sites\/4\/2022\/02\/forskolanraketenvandrandepinne-scaled.jpg?fit=1920%2C2560&amp;ssl=1\" data-orig-size=\"1920,2560\" data-comments-opened=\"1\" data-image-meta=\"{&quot;aperture&quot;:&quot;0&quot;,&quot;credit&quot;:&quot;&quot;,&quot;camera&quot;:&quot;&quot;,&quot;caption&quot;:&quot;&quot;,&quot;created_timestamp&quot;:&quot;0&quot;,&quot;copyright&quot;:&quot;&quot;,&quot;focal_length&quot;:&quot;0&quot;,&quot;iso&quot;:&quot;0&quot;,&quot;shutter_speed&quot;:&quot;0&quot;,&quot;title&quot;:&quot;&quot;,&quot;orientation&quot;:&quot;1&quot;}\" data-image-title=\"ForskolanRaketenVandrandePinne\" data-image-description=\"\" data-image-caption=\"\" data-large-file=\"https:\/\/i0.wp.com\/hoppetossa.com\/raketen\/wp-content\/uploads\/sites\/4\/2022\/02\/forskolanraketenvandrandepinne-scaled.jpg?fit=768%2C1024&amp;ssl=1\" data-id=\"2657\" src=\"https:\/\/i0.wp.com\/hoppetossa.com\/raketen\/wp-content\/uploads\/sites\/4\/2022\/02\/forskolanraketenvandrandepinne.jpg?resize=768%2C1024\" alt=\"\" class=\"wp-image-2657 img-responsive\" srcset=\"https:\/\/i0.wp.com\/hoppetossa.com\/raketen\/wp-content\/uploads\/sites\/4\/2022\/02\/forskolanraketenvandrandepinne-scaled.jpg?resize=768%2C1024&amp;ssl=1 768w, https:\/\/i0.wp.com\/hoppetossa.com\/raketen\/wp-content\/uploads\/sites\/4\/2022\/02\/forskolanraketenvandrandepinne-scaled.jpg?resize=225%2C300&amp;ssl=1 225w, https:\/\/i0.wp.com\/hoppetossa.com\/raketen\/wp-content\/uploads\/sites\/4\/2022\/02\/forskolanraketenvandrandepinne-scaled.jpg?resize=1152%2C1536&amp;ssl=1 1152w, https:\/\/i0.wp.com\/hoppetossa.com\/raketen\/wp-content\/uploads\/sites\/4\/2022\/02\/forskolanraketenvandrandepinne-scaled.jpg?resize=1536%2C2048&amp;ssl=1 1536w, https:\/\/i0.wp.com\/hoppetossa.com\/raketen\/wp-content\/uploads\/sites\/4\/2022\/02\/forskolanraketenvandrandepinne-scaled.jpg?w=1920&amp;ssl=1 1920w\" sizes=\"auto, (max-width: 768px) 100vw, 768px\" \/><\/figure>\n\n\n\n<figure class=\"wp-block-image size-large\"><img data-recalc-dims=\"1\" loading=\"lazy\" decoding=\"async\" width=\"472\" height=\"566\" data-attachment-id=\"2543\" data-permalink=\"https:\/\/hoppetossa.com\/raketen\/att-bidra-till-en-hallbar-utveckling\/skarmavbild-2019-11-28-kl-14-48-20\/\" data-orig-file=\"https:\/\/i0.wp.com\/hoppetossa.com\/raketen\/wp-content\/uploads\/sites\/4\/2019\/11\/skacc88rmavbild-2019-11-28-kl-14-48-20.png?fit=472%2C566&amp;ssl=1\" data-orig-size=\"472,566\" data-comments-opened=\"0\" data-image-meta=\"{&quot;aperture&quot;:&quot;0&quot;,&quot;credit&quot;:&quot;&quot;,&quot;camera&quot;:&quot;&quot;,&quot;caption&quot;:&quot;&quot;,&quot;created_timestamp&quot;:&quot;0&quot;,&quot;copyright&quot;:&quot;&quot;,&quot;focal_length&quot;:&quot;0&quot;,&quot;iso&quot;:&quot;0&quot;,&quot;shutter_speed&quot;:&quot;0&quot;,&quot;title&quot;:&quot;&quot;,&quot;orientation&quot;:&quot;0&quot;}\" data-image-title=\"Ska\u0308rmavbild 2019-11-28 kl. 14.48.20\" data-image-description=\"\" data-image-caption=\"\" data-large-file=\"https:\/\/i0.wp.com\/hoppetossa.com\/raketen\/wp-content\/uploads\/sites\/4\/2019\/11\/skacc88rmavbild-2019-11-28-kl-14-48-20.png?fit=472%2C566&amp;ssl=1\" data-id=\"2543\" src=\"https:\/\/i0.wp.com\/hoppetossa.com\/raketen\/wp-content\/uploads\/sites\/4\/2019\/11\/skacc88rmavbild-2019-11-28-kl-14-48-20.png?resize=472%2C566\" alt=\"\" class=\"wp-image-2543 img-responsive\" srcset=\"https:\/\/i0.wp.com\/hoppetossa.com\/raketen\/wp-content\/uploads\/sites\/4\/2019\/11\/skacc88rmavbild-2019-11-28-kl-14-48-20.png?w=472&amp;ssl=1 472w, https:\/\/i0.wp.com\/hoppetossa.com\/raketen\/wp-content\/uploads\/sites\/4\/2019\/11\/skacc88rmavbild-2019-11-28-kl-14-48-20.png?resize=250%2C300&amp;ssl=1 250w\" sizes=\"auto, (max-width: 472px) 100vw, 472px\" \/><\/figure>\n\n\n\n<figure class=\"wp-block-image size-large\"><img data-recalc-dims=\"1\" loading=\"lazy\" decoding=\"async\" width=\"784\" height=\"1024\" data-attachment-id=\"2764\" data-permalink=\"https:\/\/hoppetossa.com\/raketen\/vision-karnvarden\/raketen-0\/\" data-orig-file=\"https:\/\/i0.wp.com\/hoppetossa.com\/raketen\/wp-content\/uploads\/sites\/4\/2023\/05\/raketen-0.jpg?fit=1125%2C1469&amp;ssl=1\" data-orig-size=\"1125,1469\" data-comments-opened=\"0\" data-image-meta=\"{&quot;aperture&quot;:&quot;0&quot;,&quot;credit&quot;:&quot;&quot;,&quot;camera&quot;:&quot;&quot;,&quot;caption&quot;:&quot;&quot;,&quot;created_timestamp&quot;:&quot;1684963598&quot;,&quot;copyright&quot;:&quot;&quot;,&quot;focal_length&quot;:&quot;0&quot;,&quot;iso&quot;:&quot;0&quot;,&quot;shutter_speed&quot;:&quot;0&quot;,&quot;title&quot;:&quot;&quot;,&quot;orientation&quot;:&quot;1&quot;}\" data-image-title=\"Raketen_0\" data-image-description=\"\" data-image-caption=\"\" data-large-file=\"https:\/\/i0.wp.com\/hoppetossa.com\/raketen\/wp-content\/uploads\/sites\/4\/2023\/05\/raketen-0.jpg?fit=784%2C1024&amp;ssl=1\" data-id=\"2764\" src=\"https:\/\/i0.wp.com\/hoppetossa.com\/raketen\/wp-content\/uploads\/sites\/4\/2023\/05\/raketen-0-784x1024.jpg?resize=784%2C1024&#038;ssl=1\" alt=\"\" class=\"wp-image-2764 img-responsive\" srcset=\"https:\/\/i0.wp.com\/hoppetossa.com\/raketen\/wp-content\/uploads\/sites\/4\/2023\/05\/raketen-0.jpg?resize=784%2C1024&amp;ssl=1 784w, https:\/\/i0.wp.com\/hoppetossa.com\/raketen\/wp-content\/uploads\/sites\/4\/2023\/05\/raketen-0.jpg?resize=230%2C300&amp;ssl=1 230w, https:\/\/i0.wp.com\/hoppetossa.com\/raketen\/wp-content\/uploads\/sites\/4\/2023\/05\/raketen-0.jpg?resize=768%2C1003&amp;ssl=1 768w, https:\/\/i0.wp.com\/hoppetossa.com\/raketen\/wp-content\/uploads\/sites\/4\/2023\/05\/raketen-0.jpg?w=1125&amp;ssl=1 1125w\" sizes=\"auto, (max-width: 784px) 100vw, 784px\" \/><\/figure>\n<\/figure>\n\n\n\n<div style=\"height:11px\" aria-hidden=\"true\" class=\"wp-block-spacer\"><\/div>\n\n\n\n<p>V\u00e5r barnsyn grundar sig i att varje barn \u00e4r unikt och ska bli bem\u00f6tt utifr\u00e5n sina egna f\u00f6ruts\u00e4ttningar och intressen. V\u00e5ra k\u00e4rnv\u00e4rden och v\u00e5r vision ligger till grund f\u00f6r v\u00e5r utbildning, verksamhet och l\u00e4rande.<\/p>\n\n\n\n<p><strong>Vision<\/strong><br>Vi vill vara en drivande kraft f\u00f6r en j\u00e4mst\u00e4lld och demokratisk v\u00e4rld.<\/p>\n\n\n\n<p><strong>K\u00e4rnv\u00e4rden<\/strong><br><em>Trygghet<br><\/em>Ett tryggt barn kan g\u00e5 hur l\u00e5ngt som helst. Sj\u00e4lvfallet vill vi erbjuda en trygg milj\u00f6 i v\u00e5r f\u00f6rskola; detta g\u00e4ller b\u00e5de den fysiska och den sociala milj\u00f6n. Genom att systematiskt utveckla v\u00e5r kvalitet f\u00f6rb\u00e4ttrar vi verksamheten och s\u00e4kerst\u00e4ller samtidigt att vi har kontroll som skapar den trygghet vi vill uppn\u00e5.<\/p>\n\n\n\n<p><em>Gl\u00e4dje<br><\/em>Vi l\u00e4gger v\u00e5rt fulla engagemang i vardagen med barnen och vill att hela f\u00f6rskolan ska genomsyras av gl\u00e4dje&nbsp;till barn, barns l\u00e4rande och f\u00f6rskolan.<\/p>\n\n\n\n<p><em>Nyfikenhet<\/em><br>Att erbjuda kvalitativ f\u00f6rskoleverksamhet&nbsp;kr\u00e4ver att vi ligger i framkant, samarbetar och utbyter erfarenheter med varandra och andra. Vi vill att&nbsp;barnens naturliga nyfikenhet och intresse alltid ska uppmuntras.<\/p>\n\n\n\n<p><em>Kunskap<br><\/em>Vi kan barns utveckling och l\u00e4rande, och vi vill alltid s\u00e4tta kunskap i fokus n\u00e4r vi driver v\u00e5r verksamhet.&nbsp;<\/p>\n\n\n\n<div style=\"height:25px\" aria-hidden=\"true\" class=\"wp-block-spacer\"><\/div>\n","protected":false},"excerpt":{"rendered":"<p>Vision och k\u00e4rnv\u00e4rden V\u00e5r barnsyn grundar sig i att varje barn \u00e4r unikt och ska bli bem\u00f6tt utifr\u00e5n sina egna&hellip; <a class=\"read-more\" href=\"https:\/\/hoppetossa.com\/raketen\/vision-karnvarden\/\">L\u00e4s mera<\/a><\/p>\n","protected":false},"author":1,"featured_media":0,"parent":0,"menu_order":0,"comment_status":"closed","ping_status":"closed","template":"","meta":{"_acf_changed":false,"_monsterinsights_skip_tracking":false,"_monsterinsights_sitenote_active":false,"_monsterinsights_sitenote_note":"","_monsterinsights_sitenote_category":0,"footnotes":""},"class_list":["post-2702","page","type-page","status-publish","hentry"],"acf":[],"yoast_head":"<!-- This site is optimized with the Yoast SEO plugin v27.5 - https:\/\/yoast.com\/product\/yoast-seo-wordpress\/ -->\n<title>Vision &amp; K\u00e4rnv\u00e4rden - F\u00f6rskolan Raketen<\/title>\n<meta name=\"robots\" content=\"index, follow, max-snippet:-1, max-image-preview:large, max-video-preview:-1\" \/>\n<link rel=\"canonical\" href=\"https:\/\/hoppetossa.com\/raketen\/vision-karnvarden\/\" \/>\n<meta property=\"og:locale\" content=\"sv_SE\" \/>\n<meta property=\"og:type\" content=\"article\" \/>\n<meta property=\"og:title\" content=\"Vision &amp; K\u00e4rnv\u00e4rden - F\u00f6rskolan Raketen\" \/>\n<meta property=\"og:description\" content=\"Vision och k\u00e4rnv\u00e4rden V\u00e5r barnsyn grundar sig i att varje barn \u00e4r unikt och ska bli bem\u00f6tt utifr\u00e5n sina egna&hellip; L\u00e4s mera\" \/>\n<meta property=\"og:url\" content=\"https:\/\/hoppetossa.com\/raketen\/vision-karnvarden\/\" \/>\n<meta property=\"og:site_name\" content=\"F\u00f6rskolan Raketen\" \/>\n<meta property=\"article:modified_time\" content=\"2023-05-24T19:59:43+00:00\" \/>\n<meta property=\"og:image\" content=\"http:\/\/hoppetossa.com\/raketen\/wp-content\/uploads\/sites\/4\/2022\/02\/forskolanraketenvandrandepinne-768x1024.jpg\" \/>\n<meta name=\"twitter:card\" content=\"summary_large_image\" \/>\n<meta name=\"twitter:label1\" content=\"Ber\u00e4knad l\u00e4stid\" \/>\n\t<meta name=\"twitter:data1\" content=\"2 minuter\" \/>\n<script type=\"application\/ld+json\" class=\"yoast-schema-graph\">{\"@context\":\"https:\\\/\\\/schema.org\",\"@graph\":[{\"@type\":\"WebPage\",\"@id\":\"https:\\\/\\\/hoppetossa.com\\\/raketen\\\/vision-karnvarden\\\/\",\"url\":\"https:\\\/\\\/hoppetossa.com\\\/raketen\\\/vision-karnvarden\\\/\",\"name\":\"Vision & K\u00e4rnv\u00e4rden - F\u00f6rskolan Raketen\",\"isPartOf\":{\"@id\":\"http:\\\/\\\/hoppetossa.com\\\/raketen\\\/#website\"},\"primaryImageOfPage\":{\"@id\":\"https:\\\/\\\/hoppetossa.com\\\/raketen\\\/vision-karnvarden\\\/#primaryimage\"},\"image\":{\"@id\":\"https:\\\/\\\/hoppetossa.com\\\/raketen\\\/vision-karnvarden\\\/#primaryimage\"},\"thumbnailUrl\":\"http:\\\/\\\/hoppetossa.com\\\/raketen\\\/wp-content\\\/uploads\\\/sites\\\/4\\\/2022\\\/02\\\/forskolanraketenvandrandepinne-768x1024.jpg\",\"datePublished\":\"2023-04-30T07:11:04+00:00\",\"dateModified\":\"2023-05-24T19:59:43+00:00\",\"breadcrumb\":{\"@id\":\"https:\\\/\\\/hoppetossa.com\\\/raketen\\\/vision-karnvarden\\\/#breadcrumb\"},\"inLanguage\":\"sv-SE\",\"potentialAction\":[{\"@type\":\"ReadAction\",\"target\":[\"https:\\\/\\\/hoppetossa.com\\\/raketen\\\/vision-karnvarden\\\/\"]}]},{\"@type\":\"ImageObject\",\"inLanguage\":\"sv-SE\",\"@id\":\"https:\\\/\\\/hoppetossa.com\\\/raketen\\\/vision-karnvarden\\\/#primaryimage\",\"url\":\"https:\\\/\\\/i0.wp.com\\\/hoppetossa.com\\\/raketen\\\/wp-content\\\/uploads\\\/sites\\\/4\\\/2022\\\/02\\\/forskolanraketenvandrandepinne-scaled.jpg?fit=1920%2C2560&ssl=1\",\"contentUrl\":\"https:\\\/\\\/i0.wp.com\\\/hoppetossa.com\\\/raketen\\\/wp-content\\\/uploads\\\/sites\\\/4\\\/2022\\\/02\\\/forskolanraketenvandrandepinne-scaled.jpg?fit=1920%2C2560&ssl=1\",\"width\":1920,\"height\":2560},{\"@type\":\"BreadcrumbList\",\"@id\":\"https:\\\/\\\/hoppetossa.com\\\/raketen\\\/vision-karnvarden\\\/#breadcrumb\",\"itemListElement\":[{\"@type\":\"ListItem\",\"position\":1,\"name\":\"Hem\",\"item\":\"http:\\\/\\\/hoppetossa.com\\\/raketen\\\/\"},{\"@type\":\"ListItem\",\"position\":2,\"name\":\"Vision &#038; K\u00e4rnv\u00e4rden\"}]},{\"@type\":\"WebSite\",\"@id\":\"http:\\\/\\\/hoppetossa.com\\\/raketen\\\/#website\",\"url\":\"http:\\\/\\\/hoppetossa.com\\\/raketen\\\/\",\"name\":\"F\u00f6rskolan Raketen\",\"description\":\"Hoppetossa f\u00f6rskolor\",\"potentialAction\":[{\"@type\":\"SearchAction\",\"target\":{\"@type\":\"EntryPoint\",\"urlTemplate\":\"http:\\\/\\\/hoppetossa.com\\\/raketen\\\/?s={search_term_string}\"},\"query-input\":{\"@type\":\"PropertyValueSpecification\",\"valueRequired\":true,\"valueName\":\"search_term_string\"}}],\"inLanguage\":\"sv-SE\"}]}<\/script>\n<!-- \/ Yoast SEO plugin. -->","yoast_head_json":{"title":"Vision & K\u00e4rnv\u00e4rden - F\u00f6rskolan Raketen","robots":{"index":"index","follow":"follow","max-snippet":"max-snippet:-1","max-image-preview":"max-image-preview:large","max-video-preview":"max-video-preview:-1"},"canonical":"https:\/\/hoppetossa.com\/raketen\/vision-karnvarden\/","og_locale":"sv_SE","og_type":"article","og_title":"Vision & K\u00e4rnv\u00e4rden - F\u00f6rskolan Raketen","og_description":"Vision och k\u00e4rnv\u00e4rden V\u00e5r barnsyn grundar sig i att varje barn \u00e4r unikt och ska bli bem\u00f6tt utifr\u00e5n sina egna&hellip; L\u00e4s mera","og_url":"https:\/\/hoppetossa.com\/raketen\/vision-karnvarden\/","og_site_name":"F\u00f6rskolan Raketen","article_modified_time":"2023-05-24T19:59:43+00:00","og_image":[{"url":"http:\/\/hoppetossa.com\/raketen\/wp-content\/uploads\/sites\/4\/2022\/02\/forskolanraketenvandrandepinne-768x1024.jpg","type":"","width":"","height":""}],"twitter_card":"summary_large_image","twitter_misc":{"Ber\u00e4knad l\u00e4stid":"2 minuter"},"schema":{"@context":"https:\/\/schema.org","@graph":[{"@type":"WebPage","@id":"https:\/\/hoppetossa.com\/raketen\/vision-karnvarden\/","url":"https:\/\/hoppetossa.com\/raketen\/vision-karnvarden\/","name":"Vision & K\u00e4rnv\u00e4rden - F\u00f6rskolan Raketen","isPartOf":{"@id":"http:\/\/hoppetossa.com\/raketen\/#website"},"primaryImageOfPage":{"@id":"https:\/\/hoppetossa.com\/raketen\/vision-karnvarden\/#primaryimage"},"image":{"@id":"https:\/\/hoppetossa.com\/raketen\/vision-karnvarden\/#primaryimage"},"thumbnailUrl":"http:\/\/hoppetossa.com\/raketen\/wp-content\/uploads\/sites\/4\/2022\/02\/forskolanraketenvandrandepinne-768x1024.jpg","datePublished":"2023-04-30T07:11:04+00:00","dateModified":"2023-05-24T19:59:43+00:00","breadcrumb":{"@id":"https:\/\/hoppetossa.com\/raketen\/vision-karnvarden\/#breadcrumb"},"inLanguage":"sv-SE","potentialAction":[{"@type":"ReadAction","target":["https:\/\/hoppetossa.com\/raketen\/vision-karnvarden\/"]}]},{"@type":"ImageObject","inLanguage":"sv-SE","@id":"https:\/\/hoppetossa.com\/raketen\/vision-karnvarden\/#primaryimage","url":"https:\/\/i0.wp.com\/hoppetossa.com\/raketen\/wp-content\/uploads\/sites\/4\/2022\/02\/forskolanraketenvandrandepinne-scaled.jpg?fit=1920%2C2560&ssl=1","contentUrl":"https:\/\/i0.wp.com\/hoppetossa.com\/raketen\/wp-content\/uploads\/sites\/4\/2022\/02\/forskolanraketenvandrandepinne-scaled.jpg?fit=1920%2C2560&ssl=1","width":1920,"height":2560},{"@type":"BreadcrumbList","@id":"https:\/\/hoppetossa.com\/raketen\/vision-karnvarden\/#breadcrumb","itemListElement":[{"@type":"ListItem","position":1,"name":"Hem","item":"http:\/\/hoppetossa.com\/raketen\/"},{"@type":"ListItem","position":2,"name":"Vision &#038; K\u00e4rnv\u00e4rden"}]},{"@type":"WebSite","@id":"http:\/\/hoppetossa.com\/raketen\/#website","url":"http:\/\/hoppetossa.com\/raketen\/","name":"F\u00f6rskolan Raketen","description":"Hoppetossa f\u00f6rskolor","potentialAction":[{"@type":"SearchAction","target":{"@type":"EntryPoint","urlTemplate":"http:\/\/hoppetossa.com\/raketen\/?s={search_term_string}"},"query-input":{"@type":"PropertyValueSpecification","valueRequired":true,"valueName":"search_term_string"}}],"inLanguage":"sv-SE"}]}},"jetpack_sharing_enabled":true,"jetpack_shortlink":"https:\/\/wp.me\/P7phn9-HA","jetpack-related-posts":[],"_links":{"self":[{"href":"https:\/\/hoppetossa.com\/raketen\/wp-json\/wp\/v2\/pages\/2702","targetHints":{"allow":["GET"]}}],"collection":[{"href":"https:\/\/hoppetossa.com\/raketen\/wp-json\/wp\/v2\/pages"}],"about":[{"href":"https:\/\/hoppetossa.com\/raketen\/wp-json\/wp\/v2\/types\/page"}],"author":[{"embeddable":true,"href":"https:\/\/hoppetossa.com\/raketen\/wp-json\/wp\/v2\/users\/1"}],"replies":[{"embeddable":true,"href":"https:\/\/hoppetossa.com\/raketen\/wp-json\/wp\/v2\/comments?post=2702"}],"version-history":[{"count":4,"href":"https:\/\/hoppetossa.com\/raketen\/wp-json\/wp\/v2\/pages\/2702\/revisions"}],"predecessor-version":[{"id":2765,"href":"https:\/\/hoppetossa.com\/raketen\/wp-json\/wp\/v2\/pages\/2702\/revisions\/2765"}],"wp:attachment":[{"href":"https:\/\/hoppetossa.com\/raketen\/wp-json\/wp\/v2\/media?parent=2702"}],"curies":[{"name":"wp","href":"https:\/\/api.w.org\/{rel}","templated":true}]}}