{"id":15,"date":"2021-06-23T09:29:07","date_gmt":"2021-06-23T07:29:07","guid":{"rendered":"http:\/\/hoppetossa.com\/risgrynet\/?page_id=15"},"modified":"2024-03-10T20:04:24","modified_gmt":"2024-03-10T19:04:24","slug":"kontakt-och-hitta-hit","status":"publish","type":"page","link":"https:\/\/hoppetossa.com\/risgrynet\/kontakt-och-hitta-hit\/","title":{"rendered":"Kontakt och hitta hit"},"content":{"rendered":"\n<h1>Kontakt och hitta hit<br \/>\u00a0 <img data-recalc-dims=\"1\" loading=\"lazy\" decoding=\"async\" class=\"alignnone size-medium wp-image-64 img-responsive\" src=\"https:\/\/i0.wp.com\/hoppetossa.com\/risgrynet\/wp-content\/uploads\/sites\/11\/2021\/06\/karta-risgrynet.png?resize=262%2C300\" alt=\"\" width=\"262\" height=\"300\" srcset=\"https:\/\/i0.wp.com\/hoppetossa.com\/risgrynet\/wp-content\/uploads\/sites\/11\/2021\/06\/karta-risgrynet.png?resize=262%2C300&amp;ssl=1 262w, https:\/\/i0.wp.com\/hoppetossa.com\/risgrynet\/wp-content\/uploads\/sites\/11\/2021\/06\/karta-risgrynet.png?resize=893%2C1024&amp;ssl=1 893w, https:\/\/i0.wp.com\/hoppetossa.com\/risgrynet\/wp-content\/uploads\/sites\/11\/2021\/06\/karta-risgrynet.png?resize=768%2C880&amp;ssl=1 768w, https:\/\/i0.wp.com\/hoppetossa.com\/risgrynet\/wp-content\/uploads\/sites\/11\/2021\/06\/karta-risgrynet.png?w=916&amp;ssl=1 916w\" sizes=\"auto, (max-width: 262px) 100vw, 262px\" \/><\/h1>\n<p>F\u00f6rskolan Hoppetossa Risgrynet<br \/>Tv\u00e4rv\u00e4gen 2-4 och L\u00f6vgatan 66-68<br \/>169 32 Solna<\/p>\n<p><a href=\"https:\/\/hoppetossa.com\/risgrynet\/klagomal-och-synpunkter\/\">Rutiner vid klagom\u00e5l<\/a><\/p>\n<p lang=\"SV-SE\"><span lang=\"SV-SE\" data-contrast=\"auto\"><span class=\"x_x_ContentPasted0\">Telefon avd. Lemuren <a href=\"phoneto: 070-794 34 60\">070-794 34 60<\/a><\/span><span class=\"x_x_ContentPasted0\"><br \/><\/span><\/span><\/p>\n<p lang=\"SV-SE\"><span lang=\"SV-SE\" data-contrast=\"auto\"><span class=\"x_x_ContentPasted0\">Telefon avd. Pantern <a href=\"phoneto: 070-494 07 41\">070-494 07 41<\/a><\/span><\/span><\/p>\n<p>Kontaktuppgifter till v\u00e5r rektor: <a href=\"mailto:risgrynet@hoppetossa.com\">risgrynet@hoppetossa.com<\/a><\/p>\n<p>\u00d6vrigt:<br \/><a href=\"https:\/\/www.facebook.com\/HoppetossaRisgrynet\/\">Facebook-sida<\/a><br \/><a href=\"http:\/\/hoppetossa.com\/risgrynet\/var-ko\/\">K\u00f6<\/a><\/p>\n<p><a href=\"http:\/\/raketen.hoppetossa.com\/blogg\/\"><br \/><\/a>Hur hittar du till oss?<\/p>\n<p><strong>Med kollektivtrafik:<\/strong> N\u00e4rmsta tunnelbanestation \u00e4r N\u00e4ckrosen, fr\u00e5n stationen \u00e4r det sedan ca 300 meter att g\u00e5 till f\u00f6rskolan. N\u00e4rmsta pendelt\u00e5gs-eller tv\u00e4rbanestation \u00e4r Sundbyberg, d\u00e4rifr\u00e5n \u00e4r det ca 1 km att g\u00e5 till f\u00f6rskolan (bussf\u00f6rbindelse finns).<\/p>\n<p><strong>Med bil: <\/strong>Via R\u00e5sundav\u00e4gen n\u00e5r du enkelt Tv\u00e4rv\u00e4gen, l\u00e4ngs vilken f\u00f6rskolan ligger.<\/p>\n<h2 class=\"wp-block-heading\">Rutiner f\u00f6r klagom\u00e5lshantering<\/h2>\n<p>Enligt skollagen 4 kap. 8\u00a7 skall huvudmannen ha skriftliga rutiner f\u00f6r att ta emot och utreda klagom\u00e5l mot utbildningen. Ifall du som v\u00e5rdnadshavare har synpunkter eller klagom\u00e5l p\u00e5 f\u00f6rskolan vill vi g\u00e4rna veta det. Vi ser det som ett tillf\u00e4lle att f\u00f6rb\u00e4ttra v\u00e5r verksamhet.<\/p>\n<p>L\u00e4s mer h\u00e4r: <a href=\"https:\/\/hoppetossa.com\/risgrynet\/klagomal-och-synpunkter\/\">https:\/\/hoppetossa.com\/risgrynet\/klagomal-och-synpunkter\/<\/a><\/p>\n","protected":false},"excerpt":{"rendered":"<p>Kontakt och hitta hit\u00a0 F\u00f6rskolan Hoppetossa RisgrynetTv\u00e4rv\u00e4gen 2-4 och L\u00f6vgatan 66-68169 32 Solna Rutiner vid klagom\u00e5l Telefon avd. Lemuren 070-794&hellip; <a class=\"read-more\" href=\"https:\/\/hoppetossa.com\/risgrynet\/kontakt-och-hitta-hit\/\">L\u00e4s mera<\/a><\/p>\n","protected":false},"author":1,"featured_media":0,"parent":0,"menu_order":0,"comment_status":"closed","ping_status":"closed","template":"","meta":{"_acf_changed":false,"_monsterinsights_skip_tracking":false,"_monsterinsights_sitenote_active":false,"_monsterinsights_sitenote_note":"","_monsterinsights_sitenote_category":0,"footnotes":""},"class_list":["post-15","page","type-page","status-publish","hentry"],"acf":[],"yoast_head":"<!-- This site is optimized with the Yoast SEO plugin v27.5 - https:\/\/yoast.com\/product\/yoast-seo-wordpress\/ -->\n<title>Kontakt och hitta hit - F\u00f6rskolan Risgrynet<\/title>\n<meta name=\"robots\" content=\"index, follow, max-snippet:-1, max-image-preview:large, max-video-preview:-1\" \/>\n<link rel=\"canonical\" href=\"http:\/\/hoppetossa.com\/risgrynet\/kontakt-och-hitta-hit\/\" \/>\n<meta property=\"og:locale\" content=\"sv_SE\" \/>\n<meta property=\"og:type\" content=\"article\" \/>\n<meta property=\"og:title\" content=\"Kontakt och hitta hit - F\u00f6rskolan Risgrynet\" \/>\n<meta property=\"og:description\" content=\"Kontakt och hitta hit\u00a0 F\u00f6rskolan Hoppetossa RisgrynetTv\u00e4rv\u00e4gen 2-4 och L\u00f6vgatan 66-68169 32 Solna Rutiner vid klagom\u00e5l Telefon avd. Lemuren 070-794&hellip; L\u00e4s mera\" \/>\n<meta property=\"og:url\" content=\"http:\/\/hoppetossa.com\/risgrynet\/kontakt-och-hitta-hit\/\" \/>\n<meta property=\"og:site_name\" content=\"F\u00f6rskolan Risgrynet\" \/>\n<meta property=\"article:modified_time\" content=\"2024-03-10T19:04:24+00:00\" \/>\n<meta property=\"og:image\" content=\"http:\/\/hoppetossa.com\/risgrynet\/wp-content\/uploads\/sites\/11\/2021\/06\/karta-risgrynet-262x300.png\" \/>\n<meta name=\"twitter:card\" content=\"summary_large_image\" \/>\n<meta name=\"twitter:label1\" content=\"Ber\u00e4knad l\u00e4stid\" \/>\n\t<meta name=\"twitter:data1\" content=\"1 minut\" \/>\n<script type=\"application\/ld+json\" class=\"yoast-schema-graph\">{\"@context\":\"https:\\\/\\\/schema.org\",\"@graph\":[{\"@type\":\"WebPage\",\"@id\":\"http:\\\/\\\/hoppetossa.com\\\/risgrynet\\\/kontakt-och-hitta-hit\\\/\",\"url\":\"http:\\\/\\\/hoppetossa.com\\\/risgrynet\\\/kontakt-och-hitta-hit\\\/\",\"name\":\"Kontakt och hitta hit - F\u00f6rskolan Risgrynet\",\"isPartOf\":{\"@id\":\"https:\\\/\\\/hoppetossa.com\\\/risgrynet\\\/#website\"},\"primaryImageOfPage\":{\"@id\":\"http:\\\/\\\/hoppetossa.com\\\/risgrynet\\\/kontakt-och-hitta-hit\\\/#primaryimage\"},\"image\":{\"@id\":\"http:\\\/\\\/hoppetossa.com\\\/risgrynet\\\/kontakt-och-hitta-hit\\\/#primaryimage\"},\"thumbnailUrl\":\"http:\\\/\\\/hoppetossa.com\\\/risgrynet\\\/wp-content\\\/uploads\\\/sites\\\/11\\\/2021\\\/06\\\/karta-risgrynet-262x300.png\",\"datePublished\":\"2021-06-23T07:29:07+00:00\",\"dateModified\":\"2024-03-10T19:04:24+00:00\",\"breadcrumb\":{\"@id\":\"http:\\\/\\\/hoppetossa.com\\\/risgrynet\\\/kontakt-och-hitta-hit\\\/#breadcrumb\"},\"inLanguage\":\"sv-SE\",\"potentialAction\":[{\"@type\":\"ReadAction\",\"target\":[\"http:\\\/\\\/hoppetossa.com\\\/risgrynet\\\/kontakt-och-hitta-hit\\\/\"]}]},{\"@type\":\"ImageObject\",\"inLanguage\":\"sv-SE\",\"@id\":\"http:\\\/\\\/hoppetossa.com\\\/risgrynet\\\/kontakt-och-hitta-hit\\\/#primaryimage\",\"url\":\"https:\\\/\\\/i0.wp.com\\\/hoppetossa.com\\\/risgrynet\\\/wp-content\\\/uploads\\\/sites\\\/11\\\/2021\\\/06\\\/karta-risgrynet.png?fit=916%2C1050&ssl=1\",\"contentUrl\":\"https:\\\/\\\/i0.wp.com\\\/hoppetossa.com\\\/risgrynet\\\/wp-content\\\/uploads\\\/sites\\\/11\\\/2021\\\/06\\\/karta-risgrynet.png?fit=916%2C1050&ssl=1\",\"width\":916,\"height\":1050},{\"@type\":\"BreadcrumbList\",\"@id\":\"http:\\\/\\\/hoppetossa.com\\\/risgrynet\\\/kontakt-och-hitta-hit\\\/#breadcrumb\",\"itemListElement\":[{\"@type\":\"ListItem\",\"position\":1,\"name\":\"Hem\",\"item\":\"https:\\\/\\\/hoppetossa.com\\\/risgrynet\\\/\"},{\"@type\":\"ListItem\",\"position\":2,\"name\":\"Kontakt och hitta hit\"}]},{\"@type\":\"WebSite\",\"@id\":\"https:\\\/\\\/hoppetossa.com\\\/risgrynet\\\/#website\",\"url\":\"https:\\\/\\\/hoppetossa.com\\\/risgrynet\\\/\",\"name\":\"F\u00f6rskolan Risgrynet\",\"description\":\"Hoppetossa f\u00f6rskolor\",\"potentialAction\":[{\"@type\":\"SearchAction\",\"target\":{\"@type\":\"EntryPoint\",\"urlTemplate\":\"https:\\\/\\\/hoppetossa.com\\\/risgrynet\\\/?s={search_term_string}\"},\"query-input\":{\"@type\":\"PropertyValueSpecification\",\"valueRequired\":true,\"valueName\":\"search_term_string\"}}],\"inLanguage\":\"sv-SE\"}]}<\/script>\n<!-- \/ Yoast SEO plugin. -->","yoast_head_json":{"title":"Kontakt och hitta hit - F\u00f6rskolan Risgrynet","robots":{"index":"index","follow":"follow","max-snippet":"max-snippet:-1","max-image-preview":"max-image-preview:large","max-video-preview":"max-video-preview:-1"},"canonical":"http:\/\/hoppetossa.com\/risgrynet\/kontakt-och-hitta-hit\/","og_locale":"sv_SE","og_type":"article","og_title":"Kontakt och hitta hit - F\u00f6rskolan Risgrynet","og_description":"Kontakt och hitta hit\u00a0 F\u00f6rskolan Hoppetossa RisgrynetTv\u00e4rv\u00e4gen 2-4 och L\u00f6vgatan 66-68169 32 Solna Rutiner vid klagom\u00e5l Telefon avd. Lemuren 070-794&hellip; L\u00e4s mera","og_url":"http:\/\/hoppetossa.com\/risgrynet\/kontakt-och-hitta-hit\/","og_site_name":"F\u00f6rskolan Risgrynet","article_modified_time":"2024-03-10T19:04:24+00:00","og_image":[{"url":"http:\/\/hoppetossa.com\/risgrynet\/wp-content\/uploads\/sites\/11\/2021\/06\/karta-risgrynet-262x300.png","type":"","width":"","height":""}],"twitter_card":"summary_large_image","twitter_misc":{"Ber\u00e4knad l\u00e4stid":"1 minut"},"schema":{"@context":"https:\/\/schema.org","@graph":[{"@type":"WebPage","@id":"http:\/\/hoppetossa.com\/risgrynet\/kontakt-och-hitta-hit\/","url":"http:\/\/hoppetossa.com\/risgrynet\/kontakt-och-hitta-hit\/","name":"Kontakt och hitta hit - F\u00f6rskolan Risgrynet","isPartOf":{"@id":"https:\/\/hoppetossa.com\/risgrynet\/#website"},"primaryImageOfPage":{"@id":"http:\/\/hoppetossa.com\/risgrynet\/kontakt-och-hitta-hit\/#primaryimage"},"image":{"@id":"http:\/\/hoppetossa.com\/risgrynet\/kontakt-och-hitta-hit\/#primaryimage"},"thumbnailUrl":"http:\/\/hoppetossa.com\/risgrynet\/wp-content\/uploads\/sites\/11\/2021\/06\/karta-risgrynet-262x300.png","datePublished":"2021-06-23T07:29:07+00:00","dateModified":"2024-03-10T19:04:24+00:00","breadcrumb":{"@id":"http:\/\/hoppetossa.com\/risgrynet\/kontakt-och-hitta-hit\/#breadcrumb"},"inLanguage":"sv-SE","potentialAction":[{"@type":"ReadAction","target":["http:\/\/hoppetossa.com\/risgrynet\/kontakt-och-hitta-hit\/"]}]},{"@type":"ImageObject","inLanguage":"sv-SE","@id":"http:\/\/hoppetossa.com\/risgrynet\/kontakt-och-hitta-hit\/#primaryimage","url":"https:\/\/i0.wp.com\/hoppetossa.com\/risgrynet\/wp-content\/uploads\/sites\/11\/2021\/06\/karta-risgrynet.png?fit=916%2C1050&ssl=1","contentUrl":"https:\/\/i0.wp.com\/hoppetossa.com\/risgrynet\/wp-content\/uploads\/sites\/11\/2021\/06\/karta-risgrynet.png?fit=916%2C1050&ssl=1","width":916,"height":1050},{"@type":"BreadcrumbList","@id":"http:\/\/hoppetossa.com\/risgrynet\/kontakt-och-hitta-hit\/#breadcrumb","itemListElement":[{"@type":"ListItem","position":1,"name":"Hem","item":"https:\/\/hoppetossa.com\/risgrynet\/"},{"@type":"ListItem","position":2,"name":"Kontakt och hitta hit"}]},{"@type":"WebSite","@id":"https:\/\/hoppetossa.com\/risgrynet\/#website","url":"https:\/\/hoppetossa.com\/risgrynet\/","name":"F\u00f6rskolan Risgrynet","description":"Hoppetossa f\u00f6rskolor","potentialAction":[{"@type":"SearchAction","target":{"@type":"EntryPoint","urlTemplate":"https:\/\/hoppetossa.com\/risgrynet\/?s={search_term_string}"},"query-input":{"@type":"PropertyValueSpecification","valueRequired":true,"valueName":"search_term_string"}}],"inLanguage":"sv-SE"}]}},"jetpack_sharing_enabled":true,"_links":{"self":[{"href":"https:\/\/hoppetossa.com\/risgrynet\/wp-json\/wp\/v2\/pages\/15","targetHints":{"allow":["GET"]}}],"collection":[{"href":"https:\/\/hoppetossa.com\/risgrynet\/wp-json\/wp\/v2\/pages"}],"about":[{"href":"https:\/\/hoppetossa.com\/risgrynet\/wp-json\/wp\/v2\/types\/page"}],"author":[{"embeddable":true,"href":"https:\/\/hoppetossa.com\/risgrynet\/wp-json\/wp\/v2\/users\/1"}],"replies":[{"embeddable":true,"href":"https:\/\/hoppetossa.com\/risgrynet\/wp-json\/wp\/v2\/comments?post=15"}],"version-history":[{"count":13,"href":"https:\/\/hoppetossa.com\/risgrynet\/wp-json\/wp\/v2\/pages\/15\/revisions"}],"predecessor-version":[{"id":142,"href":"https:\/\/hoppetossa.com\/risgrynet\/wp-json\/wp\/v2\/pages\/15\/revisions\/142"}],"wp:attachment":[{"href":"https:\/\/hoppetossa.com\/risgrynet\/wp-json\/wp\/v2\/media?parent=15"}],"curies":[{"name":"wp","href":"https:\/\/api.w.org\/{rel}","templated":true}]}}