{"id":59,"date":"2021-06-23T16:09:48","date_gmt":"2021-06-23T14:09:48","guid":{"rendered":"http:\/\/hoppetossa.com\/risgrynet\/?page_id=59"},"modified":"2024-03-10T20:05:27","modified_gmt":"2024-03-10T19:05:27","slug":"var-ko","status":"publish","type":"page","link":"https:\/\/hoppetossa.com\/risgrynet\/var-ko\/","title":{"rendered":"V\u00e5r k\u00f6"},"content":{"rendered":"\n<h1>En plats hos oss \/ St\u00e4ll ditt barn i k\u00f6<\/h1>\n<p><img loading=\"lazy\" decoding=\"async\" class=\"alignleft size-thumbnail wp-image-135 img-responsive img-responsive\" src=\"https:\/\/i0.wp.com\/hoppetossa.com\/skeppet\/wp-content\/uploads\/sites\/8\/2018\/10\/skeppet-6_2.jpg?resize=150%2C150\" sizes=\"auto, (max-width: 150px) 100vw, 150px\" srcset=\"https:\/\/i0.wp.com\/hoppetossa.com\/skeppet\/wp-content\/uploads\/sites\/8\/2018\/10\/skeppet-6_2.jpg?resize=150%2C150 150w, https:\/\/i0.wp.com\/hoppetossa.com\/skeppet\/wp-content\/uploads\/sites\/8\/2018\/10\/skeppet-6_2.jpg?zoom=2&amp;resize=150%2C150 300w, https:\/\/i0.wp.com\/hoppetossa.com\/skeppet\/wp-content\/uploads\/sites\/8\/2018\/10\/skeppet-6_2.jpg?zoom=3&amp;resize=150%2C150 450w\" alt=\"\" width=\"150\" height=\"150\" data-attachment-id=\"135\" data-permalink=\"http:\/\/hoppetossa.com\/skeppet\/2018\/10\/17\/pedagogiskt-material-och-mobler-fran-insgraf\/skeppet-6_2\/\" data-orig-file=\"https:\/\/i0.wp.com\/hoppetossa.com\/skeppet\/wp-content\/uploads\/sites\/8\/2018\/10\/skeppet-6_2.jpg?fit=2816%2C3739\" data-orig-size=\"2816,3739\" data-comments-opened=\"0\" data-image-meta=\"{&quot;aperture&quot;:&quot;1.8&quot;,&quot;credit&quot;:&quot;&quot;,&quot;camera&quot;:&quot;iPhone X&quot;,&quot;caption&quot;:&quot;&quot;,&quot;created_timestamp&quot;:&quot;1539770013&quot;,&quot;copyright&quot;:&quot;&quot;,&quot;focal_length&quot;:&quot;4&quot;,&quot;iso&quot;:&quot;40&quot;,&quot;shutter_speed&quot;:&quot;0.058823529411765&quot;,&quot;title&quot;:&quot;&quot;,&quot;orientation&quot;:&quot;1&quot;}\" data-image-title=\"skeppet 6_2\" data-image-description=\"\" data-medium-file=\"https:\/\/i0.wp.com\/hoppetossa.com\/skeppet\/wp-content\/uploads\/sites\/8\/2018\/10\/skeppet-6_2.jpg?fit=226%2C300\" data-large-file=\"https:\/\/i0.wp.com\/hoppetossa.com\/skeppet\/wp-content\/uploads\/sites\/8\/2018\/10\/skeppet-6_2.jpg?fit=771%2C1024\" \/>Kontakta oss g\u00e4rna f\u00f6r mer information: <span lang=\"SV-SE\" data-contrast=\"auto\"><span class=\"x_x_ContentPasted0\"> 076-288 16 61<\/span><\/span> eller risgrynet@hoppetossa.com.<\/p>\n<p>Vi finns med i Solna stads gemensamma k\u00f6 under namnet <em>Hoppetossa Risgrynet<\/em>. H\u00e4r hittar ni den gemensamma k\u00f6n: <a href=\"https:\/\/www.solna.se\/barn--utbildning\/forskola\/hitta-forskola-och-pedagogisk-omsorg\">https:\/\/www.solna.se\/barn&#8211;utbildning\/forskola\/hitta-forskola-och-pedagogisk-omsorg<\/a><\/p>\n<p>V\u00e4lkomna!<\/p>\n<h1>A place with us \/ Put your child in the queue<\/h1>\n<p><img loading=\"lazy\" decoding=\"async\" class=\"alignleft size-thumbnail wp-image-279 img-responsive img-responsive\" src=\"https:\/\/i0.wp.com\/hoppetossa.com\/skeppet\/wp-content\/uploads\/sites\/8\/2019\/06\/file3-1.jpeg?resize=150%2C150\" sizes=\"auto, (max-width: 150px) 100vw, 150px\" srcset=\"https:\/\/i0.wp.com\/hoppetossa.com\/skeppet\/wp-content\/uploads\/sites\/8\/2019\/06\/file3-1.jpeg?resize=150%2C150 150w, https:\/\/i0.wp.com\/hoppetossa.com\/skeppet\/wp-content\/uploads\/sites\/8\/2019\/06\/file3-1.jpeg?zoom=2&amp;resize=150%2C150 300w\" alt=\"\" width=\"150\" height=\"150\" data-attachment-id=\"279\" data-permalink=\"http:\/\/hoppetossa.com\/skeppet\/2019\/06\/05\/den-viktiga-leken-och-trevlig-sommar\/file3-1\/\" data-orig-file=\"https:\/\/i0.wp.com\/hoppetossa.com\/skeppet\/wp-content\/uploads\/sites\/8\/2019\/06\/file3-1.jpeg?fit=444%2C336\" data-orig-size=\"444,336\" data-comments-opened=\"0\" data-image-meta=\"{&quot;aperture&quot;:&quot;0&quot;,&quot;credit&quot;:&quot;&quot;,&quot;camera&quot;:&quot;&quot;,&quot;caption&quot;:&quot;&quot;,&quot;created_timestamp&quot;:&quot;1559746135&quot;,&quot;copyright&quot;:&quot;&quot;,&quot;focal_length&quot;:&quot;0&quot;,&quot;iso&quot;:&quot;0&quot;,&quot;shutter_speed&quot;:&quot;0&quot;,&quot;title&quot;:&quot;&quot;,&quot;orientation&quot;:&quot;0&quot;}\" data-image-title=\"file3-1\" data-image-description=\"\" data-medium-file=\"https:\/\/i0.wp.com\/hoppetossa.com\/skeppet\/wp-content\/uploads\/sites\/8\/2019\/06\/file3-1.jpeg?fit=300%2C227\" data-large-file=\"https:\/\/i0.wp.com\/hoppetossa.com\/skeppet\/wp-content\/uploads\/sites\/8\/2019\/06\/file3-1.jpeg?fit=444%2C336\" \/>Please contact us for more information: <span lang=\"SV-SE\" data-contrast=\"auto\"><span class=\"x_x_ContentPasted0\"> 076-288 16 61<\/span><\/span>\u00a0or risgrynet@hoppetossa.com.<\/p>\n<p>We are present in the common queue of the municipality of Solna under the name <em>Hoppetossa Risgrynet<\/em>. Here you will find the common queue: <a href=\"https:\/\/www.solna.se\/barn--utbildning\/forskola\/hitta-forskola-och-pedagogisk-omsorg\">https:\/\/www.solna.se\/barn&#8211;utbildning\/forskola\/hitta-forskola-och-pedagogisk-omsorg<\/a><\/p>\n<p>Welcome!<\/p>\n","protected":false},"excerpt":{"rendered":"<p>En plats hos oss \/ St\u00e4ll ditt barn i k\u00f6 Kontakta oss g\u00e4rna f\u00f6r mer information: 076-288 16 61 eller&hellip; <a class=\"read-more\" href=\"https:\/\/hoppetossa.com\/risgrynet\/var-ko\/\">L\u00e4s mera<\/a><\/p>\n","protected":false},"author":1,"featured_media":0,"parent":0,"menu_order":0,"comment_status":"closed","ping_status":"closed","template":"","meta":{"_acf_changed":false,"_monsterinsights_skip_tracking":false,"_monsterinsights_sitenote_active":false,"_monsterinsights_sitenote_note":"","_monsterinsights_sitenote_category":0,"footnotes":""},"class_list":["post-59","page","type-page","status-publish","hentry"],"acf":[],"yoast_head":"<!-- This site is optimized with the Yoast SEO plugin v27.6 - https:\/\/yoast.com\/product\/yoast-seo-wordpress\/ -->\n<title>V\u00e5r k\u00f6 - F\u00f6rskolan Risgrynet<\/title>\n<meta name=\"robots\" content=\"index, follow, max-snippet:-1, max-image-preview:large, max-video-preview:-1\" \/>\n<link rel=\"canonical\" href=\"https:\/\/hoppetossa.com\/risgrynet\/var-ko\/\" \/>\n<meta property=\"og:locale\" content=\"sv_SE\" \/>\n<meta property=\"og:type\" content=\"article\" \/>\n<meta property=\"og:title\" content=\"V\u00e5r k\u00f6 - F\u00f6rskolan Risgrynet\" \/>\n<meta property=\"og:description\" content=\"En plats hos oss \/ St\u00e4ll ditt barn i k\u00f6 Kontakta oss g\u00e4rna f\u00f6r mer information: 076-288 16 61 eller&hellip; L\u00e4s mera\" \/>\n<meta property=\"og:url\" content=\"https:\/\/hoppetossa.com\/risgrynet\/var-ko\/\" \/>\n<meta property=\"og:site_name\" content=\"F\u00f6rskolan Risgrynet\" \/>\n<meta property=\"article:modified_time\" content=\"2024-03-10T19:05:27+00:00\" \/>\n<meta property=\"og:image\" content=\"https:\/\/i0.wp.com\/hoppetossa.com\/skeppet\/wp-content\/uploads\/sites\/8\/2018\/10\/skeppet-6_2.jpg?resize=150%2C150\" \/>\n<meta name=\"twitter:card\" content=\"summary_large_image\" \/>\n<meta name=\"twitter:label1\" content=\"Ber\u00e4knad l\u00e4stid\" \/>\n\t<meta name=\"twitter:data1\" content=\"1 minut\" \/>\n<script type=\"application\/ld+json\" class=\"yoast-schema-graph\">{\"@context\":\"https:\\\/\\\/schema.org\",\"@graph\":[{\"@type\":\"WebPage\",\"@id\":\"https:\\\/\\\/hoppetossa.com\\\/risgrynet\\\/var-ko\\\/\",\"url\":\"https:\\\/\\\/hoppetossa.com\\\/risgrynet\\\/var-ko\\\/\",\"name\":\"V\u00e5r k\u00f6 - F\u00f6rskolan Risgrynet\",\"isPartOf\":{\"@id\":\"https:\\\/\\\/hoppetossa.com\\\/risgrynet\\\/#website\"},\"primaryImageOfPage\":{\"@id\":\"https:\\\/\\\/hoppetossa.com\\\/risgrynet\\\/var-ko\\\/#primaryimage\"},\"image\":{\"@id\":\"https:\\\/\\\/hoppetossa.com\\\/risgrynet\\\/var-ko\\\/#primaryimage\"},\"thumbnailUrl\":\"https:\\\/\\\/i0.wp.com\\\/hoppetossa.com\\\/skeppet\\\/wp-content\\\/uploads\\\/sites\\\/8\\\/2018\\\/10\\\/skeppet-6_2.jpg?resize=150%2C150\",\"datePublished\":\"2021-06-23T14:09:48+00:00\",\"dateModified\":\"2024-03-10T19:05:27+00:00\",\"breadcrumb\":{\"@id\":\"https:\\\/\\\/hoppetossa.com\\\/risgrynet\\\/var-ko\\\/#breadcrumb\"},\"inLanguage\":\"sv-SE\",\"potentialAction\":[{\"@type\":\"ReadAction\",\"target\":[\"https:\\\/\\\/hoppetossa.com\\\/risgrynet\\\/var-ko\\\/\"]}]},{\"@type\":\"ImageObject\",\"inLanguage\":\"sv-SE\",\"@id\":\"https:\\\/\\\/hoppetossa.com\\\/risgrynet\\\/var-ko\\\/#primaryimage\",\"url\":\"https:\\\/\\\/i0.wp.com\\\/hoppetossa.com\\\/skeppet\\\/wp-content\\\/uploads\\\/sites\\\/8\\\/2018\\\/10\\\/skeppet-6_2.jpg?resize=150%2C150\",\"contentUrl\":\"https:\\\/\\\/i0.wp.com\\\/hoppetossa.com\\\/skeppet\\\/wp-content\\\/uploads\\\/sites\\\/8\\\/2018\\\/10\\\/skeppet-6_2.jpg?resize=150%2C150\"},{\"@type\":\"BreadcrumbList\",\"@id\":\"https:\\\/\\\/hoppetossa.com\\\/risgrynet\\\/var-ko\\\/#breadcrumb\",\"itemListElement\":[{\"@type\":\"ListItem\",\"position\":1,\"name\":\"Hem\",\"item\":\"https:\\\/\\\/hoppetossa.com\\\/risgrynet\\\/\"},{\"@type\":\"ListItem\",\"position\":2,\"name\":\"V\u00e5r k\u00f6\"}]},{\"@type\":\"WebSite\",\"@id\":\"https:\\\/\\\/hoppetossa.com\\\/risgrynet\\\/#website\",\"url\":\"https:\\\/\\\/hoppetossa.com\\\/risgrynet\\\/\",\"name\":\"F\u00f6rskolan Risgrynet\",\"description\":\"Hoppetossa f\u00f6rskolor\",\"potentialAction\":[{\"@type\":\"SearchAction\",\"target\":{\"@type\":\"EntryPoint\",\"urlTemplate\":\"https:\\\/\\\/hoppetossa.com\\\/risgrynet\\\/?s={search_term_string}\"},\"query-input\":{\"@type\":\"PropertyValueSpecification\",\"valueRequired\":true,\"valueName\":\"search_term_string\"}}],\"inLanguage\":\"sv-SE\"}]}<\/script>\n<!-- \/ Yoast SEO plugin. -->","yoast_head_json":{"title":"V\u00e5r k\u00f6 - F\u00f6rskolan Risgrynet","robots":{"index":"index","follow":"follow","max-snippet":"max-snippet:-1","max-image-preview":"max-image-preview:large","max-video-preview":"max-video-preview:-1"},"canonical":"https:\/\/hoppetossa.com\/risgrynet\/var-ko\/","og_locale":"sv_SE","og_type":"article","og_title":"V\u00e5r k\u00f6 - F\u00f6rskolan Risgrynet","og_description":"En plats hos oss \/ St\u00e4ll ditt barn i k\u00f6 Kontakta oss g\u00e4rna f\u00f6r mer information: 076-288 16 61 eller&hellip; L\u00e4s mera","og_url":"https:\/\/hoppetossa.com\/risgrynet\/var-ko\/","og_site_name":"F\u00f6rskolan Risgrynet","article_modified_time":"2024-03-10T19:05:27+00:00","og_image":[{"url":"https:\/\/i0.wp.com\/hoppetossa.com\/skeppet\/wp-content\/uploads\/sites\/8\/2018\/10\/skeppet-6_2.jpg?resize=150%2C150","type":"","width":"","height":""}],"twitter_card":"summary_large_image","twitter_misc":{"Ber\u00e4knad l\u00e4stid":"1 minut"},"schema":{"@context":"https:\/\/schema.org","@graph":[{"@type":"WebPage","@id":"https:\/\/hoppetossa.com\/risgrynet\/var-ko\/","url":"https:\/\/hoppetossa.com\/risgrynet\/var-ko\/","name":"V\u00e5r k\u00f6 - F\u00f6rskolan Risgrynet","isPartOf":{"@id":"https:\/\/hoppetossa.com\/risgrynet\/#website"},"primaryImageOfPage":{"@id":"https:\/\/hoppetossa.com\/risgrynet\/var-ko\/#primaryimage"},"image":{"@id":"https:\/\/hoppetossa.com\/risgrynet\/var-ko\/#primaryimage"},"thumbnailUrl":"https:\/\/i0.wp.com\/hoppetossa.com\/skeppet\/wp-content\/uploads\/sites\/8\/2018\/10\/skeppet-6_2.jpg?resize=150%2C150","datePublished":"2021-06-23T14:09:48+00:00","dateModified":"2024-03-10T19:05:27+00:00","breadcrumb":{"@id":"https:\/\/hoppetossa.com\/risgrynet\/var-ko\/#breadcrumb"},"inLanguage":"sv-SE","potentialAction":[{"@type":"ReadAction","target":["https:\/\/hoppetossa.com\/risgrynet\/var-ko\/"]}]},{"@type":"ImageObject","inLanguage":"sv-SE","@id":"https:\/\/hoppetossa.com\/risgrynet\/var-ko\/#primaryimage","url":"https:\/\/i0.wp.com\/hoppetossa.com\/skeppet\/wp-content\/uploads\/sites\/8\/2018\/10\/skeppet-6_2.jpg?resize=150%2C150","contentUrl":"https:\/\/i0.wp.com\/hoppetossa.com\/skeppet\/wp-content\/uploads\/sites\/8\/2018\/10\/skeppet-6_2.jpg?resize=150%2C150"},{"@type":"BreadcrumbList","@id":"https:\/\/hoppetossa.com\/risgrynet\/var-ko\/#breadcrumb","itemListElement":[{"@type":"ListItem","position":1,"name":"Hem","item":"https:\/\/hoppetossa.com\/risgrynet\/"},{"@type":"ListItem","position":2,"name":"V\u00e5r k\u00f6"}]},{"@type":"WebSite","@id":"https:\/\/hoppetossa.com\/risgrynet\/#website","url":"https:\/\/hoppetossa.com\/risgrynet\/","name":"F\u00f6rskolan Risgrynet","description":"Hoppetossa f\u00f6rskolor","potentialAction":[{"@type":"SearchAction","target":{"@type":"EntryPoint","urlTemplate":"https:\/\/hoppetossa.com\/risgrynet\/?s={search_term_string}"},"query-input":{"@type":"PropertyValueSpecification","valueRequired":true,"valueName":"search_term_string"}}],"inLanguage":"sv-SE"}]}},"jetpack_sharing_enabled":true,"_links":{"self":[{"href":"https:\/\/hoppetossa.com\/risgrynet\/wp-json\/wp\/v2\/pages\/59","targetHints":{"allow":["GET"]}}],"collection":[{"href":"https:\/\/hoppetossa.com\/risgrynet\/wp-json\/wp\/v2\/pages"}],"about":[{"href":"https:\/\/hoppetossa.com\/risgrynet\/wp-json\/wp\/v2\/types\/page"}],"author":[{"embeddable":true,"href":"https:\/\/hoppetossa.com\/risgrynet\/wp-json\/wp\/v2\/users\/1"}],"replies":[{"embeddable":true,"href":"https:\/\/hoppetossa.com\/risgrynet\/wp-json\/wp\/v2\/comments?post=59"}],"version-history":[{"count":3,"href":"https:\/\/hoppetossa.com\/risgrynet\/wp-json\/wp\/v2\/pages\/59\/revisions"}],"predecessor-version":[{"id":143,"href":"https:\/\/hoppetossa.com\/risgrynet\/wp-json\/wp\/v2\/pages\/59\/revisions\/143"}],"wp:attachment":[{"href":"https:\/\/hoppetossa.com\/risgrynet\/wp-json\/wp\/v2\/media?parent=59"}],"curies":[{"name":"wp","href":"https:\/\/api.w.org\/{rel}","templated":true}]}}