{"id":9,"date":"2021-06-23T09:27:45","date_gmt":"2021-06-23T07:27:45","guid":{"rendered":"http:\/\/hoppetossa.com\/risgrynet\/?page_id=9"},"modified":"2024-12-18T17:03:03","modified_gmt":"2024-12-18T16:03:03","slug":"ovrig-information","status":"publish","type":"page","link":"https:\/\/hoppetossa.com\/risgrynet\/ovrig-information\/","title":{"rendered":"F\u00f6rskola &amp; Hem"},"content":{"rendered":"\n<figure class=\"wp-block-image size-large is-style-rectangular\"><img data-recalc-dims=\"1\" loading=\"lazy\" decoding=\"async\" width=\"1024\" height=\"608\" src=\"https:\/\/i0.wp.com\/hoppetossa.com\/risgrynet\/wp-content\/uploads\/sites\/11\/2024\/12\/img-2532.jpg?resize=1024%2C608\" alt=\"\" class=\"wp-image-154 img-responsive\" srcset=\"https:\/\/i0.wp.com\/hoppetossa.com\/risgrynet\/wp-content\/uploads\/sites\/11\/2024\/12\/img-2532.jpg?resize=1024%2C608&amp;ssl=1 1024w, https:\/\/i0.wp.com\/hoppetossa.com\/risgrynet\/wp-content\/uploads\/sites\/11\/2024\/12\/img-2532.jpg?resize=300%2C178&amp;ssl=1 300w, https:\/\/i0.wp.com\/hoppetossa.com\/risgrynet\/wp-content\/uploads\/sites\/11\/2024\/12\/img-2532.jpg?resize=768%2C456&amp;ssl=1 768w, https:\/\/i0.wp.com\/hoppetossa.com\/risgrynet\/wp-content\/uploads\/sites\/11\/2024\/12\/img-2532.jpg?w=1170&amp;ssl=1 1170w\" sizes=\"auto, (max-width: 1024px) 100vw, 1024px\" \/><\/figure>\n\n\n\n<h1>F\u00f6rskola och hem<\/h1>\n<p><span class=\"NormalTextRun SCXW129370066 BCX0\"><span class=\"NormalTextRun SCXW151924501 BCX0\" data-ccp-charstyle=\"normaltextrun\" data-ccp-charstyle-defn=\"{&quot;ObjectId&quot;:&quot;0c2dd7ca-d66d-4606-aff3-8aba1cb4c870|49&quot;,&quot;ClassId&quot;:1073872969,&quot;Properties&quot;:[469775450,&quot;normaltextrun&quot;,201340122,&quot;1&quot;,134233614,&quot;true&quot;,469778129,&quot;normaltextrun&quot;,335572020,&quot;1&quot;,469778324,&quot;Default Paragraph Font&quot;]}\">Vi bjuder in <\/span><span class=\"FindHit SCXW151924501 BCX0\" data-ccp-charstyle=\"normaltextrun\">v\u00e5rdnadshavare<\/span><span class=\"NormalTextRun SCXW151924501 BCX0\" data-ccp-charstyle=\"normaltextrun\"> till samverkan och det dagliga m\u00f6tet berikar och utvecklar verksamheten. <span class=\"TextRun SCXW23123985 BCX0\" lang=\"SV-SE\" xml:lang=\"SV-SE\" data-contrast=\"auto\"><span class=\"NormalTextRun SCXW23123985 BCX0\" data-ccp-charstyle=\"normaltextrun\" data-ccp-charstyle-defn=\"{&quot;ObjectId&quot;:&quot;0c2dd7ca-d66d-4606-aff3-8aba1cb4c870|49&quot;,&quot;ClassId&quot;:1073872969,&quot;Properties&quot;:[469775450,&quot;normaltextrun&quot;,201340122,&quot;1&quot;,134233614,&quot;true&quot;,469778129,&quot;normaltextrun&quot;,335572020,&quot;1&quot;,469778324,&quot;Default Paragraph Font&quot;]}\">Hos oss ska alla barn, <\/span><span class=\"FindHit SCXW23123985 BCX0\" data-ccp-charstyle=\"normaltextrun\">v\u00e5rdnadshavare<\/span><span class=\"NormalTextRun SCXW23123985 BCX0\" data-ccp-charstyle=\"normaltextrun\"> och pedagoger bem\u00f6tas med respekt och \u00f6dmjukhet och k\u00e4nna sig v\u00e4lkomna!<\/span><span class=\"NormalTextRun SCXW23123985 BCX0\" data-ccp-charstyle=\"eop\" data-ccp-charstyle-defn=\"{&quot;ObjectId&quot;:&quot;0c2dd7ca-d66d-4606-aff3-8aba1cb4c870|51&quot;,&quot;ClassId&quot;:1073872969,&quot;Properties&quot;:[469775450,&quot;eop&quot;,201340122,&quot;1&quot;,134233614,&quot;true&quot;,469778129,&quot;eop&quot;,335572020,&quot;1&quot;,469778324,&quot;Default Paragraph Font&quot;]}\">\u202f<\/span><\/span><span class=\"EOP SCXW23123985 BCX0\" data-ccp-props=\"{&quot;134233117&quot;:false,&quot;134233118&quot;:false,&quot;201341983&quot;:0,&quot;335559738&quot;:0,&quot;335559739&quot;:0,&quot;335559740&quot;:240}\">\u00a0<\/span><\/span><\/span><\/p>\n<h1>\u00d6ppettider<\/h1>\n<p>Vi f\u00f6ljer Solna stads riktlinjer. Enligt dem ska en f\u00f6rskola erbjuda \u00f6ppettider i f\u00f6rh\u00e5llande till v\u00e5rdnadshavares behov inom ramtiden 06:30-18:00 alla helgfria vardagar f\u00f6rutom julafton, midsommarafton och ny\u00e5rsafton.<\/p>\n<h1>K\u00f6regler<\/h1>\n<p>V\u00e5r f\u00f6rskola \u00e4r med i Solna stads gemensamma k\u00f6, vilket inneb\u00e4r att vi f\u00f6ljer Solna stads urvalsregler. V\u00e5r k\u00f6 hittar ni h\u00e4r: <a href=\"https:\/\/hoppetossa.com\/risgrynet\/var-ko\/\">https:\/\/hoppetossa.com\/risgrynet\/var-ko\/.<\/a><\/p>\n<h1>M\u00e5nadsavgift<\/h1>\n<p>M\u00e5nadsavgiften f\u00f6ljer den kommunala maxtaxan. N\u00e5gon avgift\/kostnad ut\u00f6ver maxtaxan f\u00e5r inte tas ut f\u00f6r en plats i f\u00f6rskolan, och detta g\u00f6r vi sj\u00e4lvfallet <strong>inte<\/strong> i v\u00e5r f\u00f6rskola.<\/p>\n<h1>Upps\u00e4gningstid<\/h1>\n<p>En v\u00e5rdnadshavares upps\u00e4gningstid av sitt barns plats i en f\u00f6rskola \u00e4r en m\u00e5nad.\u00a0<\/p>\n<h1>Olycksfallsf\u00f6rs\u00e4kring<\/h1>\n<p>Barn som \u00e4r folkbokf\u00f6rda i Solna stad kan till f\u00f6ljd av olycksfall f\u00e5 ers\u00e4ttning fr\u00e5n kommunens kollektiva olycksfallsf\u00f6rs\u00e4kring.<\/p>\n<p>Barn folkbokf\u00f6rda i andra kommuner men som g\u00e5r i f\u00f6rskole- eller skolverksamhet i Solna stad \u00e4r f\u00f6rs\u00e4krade under tiden de \u00e4r i verksamheten.<\/p>\n<ul>\n<li>F\u00f6rs\u00e4kringen g\u00e4ller dygnet runt f\u00f6r f\u00f6rskole- och skolbarn (ink. gymnasieskola) folkbokf\u00f6rda i Solna.<\/li>\n<li>F\u00f6rs\u00e4kringen g\u00e4ller under verksamhetstid f\u00f6r barn- och elever folkbokf\u00f6rda i andra kommuner som g\u00e5r i f\u00f6rskola eller skola i Solna stad.<\/li>\n<li>Du beh\u00f6ver inte betala sj\u00e4lvrisk om du beh\u00f6ver anv\u00e4nda dig av f\u00f6rs\u00e4kringen.<\/li>\n<\/ul>\n<p>Om barnet r\u00e5kar ut f\u00f6r en skada \u00e4r det \u00e4r v\u00e5rdnadshavaren sj\u00e4lv som anm\u00e4ler skadan.<\/p>\n<p>Blankett f\u00f6r skadeanm\u00e4lan samt mer information om f\u00f6rs\u00e4kringen, f\u00f6rs\u00e4kringsvillkor, f\u00f6rs\u00e4kringsinformation och vad som g\u00e4ller hittar du via Solna Stad. F\u00f6r ytterligare fr\u00e5gor h\u00f6r av dig till stadens kontaktcenter.<\/p>\n","protected":false},"excerpt":{"rendered":"<p>F\u00f6rskola och hem Vi bjuder in v\u00e5rdnadshavare till samverkan och det dagliga m\u00f6tet berikar och utvecklar verksamheten. Hos oss ska&hellip; <a class=\"read-more\" href=\"https:\/\/hoppetossa.com\/risgrynet\/ovrig-information\/\">L\u00e4s mera<\/a><\/p>\n","protected":false},"author":1,"featured_media":0,"parent":0,"menu_order":0,"comment_status":"closed","ping_status":"closed","template":"","meta":{"_acf_changed":false,"_monsterinsights_skip_tracking":false,"_monsterinsights_sitenote_active":false,"_monsterinsights_sitenote_note":"","_monsterinsights_sitenote_category":0,"footnotes":""},"class_list":["post-9","page","type-page","status-publish","hentry"],"acf":[],"yoast_head":"<!-- This site is optimized with the Yoast SEO plugin v27.6 - https:\/\/yoast.com\/product\/yoast-seo-wordpress\/ -->\n<title>F\u00f6rskola &amp; Hem - F\u00f6rskolan Risgrynet<\/title>\n<meta name=\"robots\" content=\"index, follow, max-snippet:-1, max-image-preview:large, max-video-preview:-1\" \/>\n<link rel=\"canonical\" href=\"https:\/\/hoppetossa.com\/risgrynet\/ovrig-information\/\" \/>\n<meta property=\"og:locale\" content=\"sv_SE\" \/>\n<meta property=\"og:type\" content=\"article\" \/>\n<meta property=\"og:title\" content=\"F\u00f6rskola &amp; Hem - F\u00f6rskolan Risgrynet\" \/>\n<meta property=\"og:description\" content=\"F\u00f6rskola och hem Vi bjuder in v\u00e5rdnadshavare till samverkan och det dagliga m\u00f6tet berikar och utvecklar verksamheten. Hos oss ska&hellip; L\u00e4s mera\" \/>\n<meta property=\"og:url\" content=\"https:\/\/hoppetossa.com\/risgrynet\/ovrig-information\/\" \/>\n<meta property=\"og:site_name\" content=\"F\u00f6rskolan Risgrynet\" \/>\n<meta property=\"article:modified_time\" content=\"2024-12-18T16:03:03+00:00\" \/>\n<meta property=\"og:image\" content=\"http:\/\/hoppetossa.com\/risgrynet\/wp-content\/uploads\/sites\/11\/2024\/12\/img-2532-1024x608.jpg\" \/>\n<meta name=\"twitter:card\" content=\"summary_large_image\" \/>\n<meta name=\"twitter:label1\" content=\"Ber\u00e4knad l\u00e4stid\" \/>\n\t<meta name=\"twitter:data1\" content=\"2 minuter\" \/>\n<script type=\"application\/ld+json\" class=\"yoast-schema-graph\">{\"@context\":\"https:\\\/\\\/schema.org\",\"@graph\":[{\"@type\":\"WebPage\",\"@id\":\"https:\\\/\\\/hoppetossa.com\\\/risgrynet\\\/ovrig-information\\\/\",\"url\":\"https:\\\/\\\/hoppetossa.com\\\/risgrynet\\\/ovrig-information\\\/\",\"name\":\"F\u00f6rskola &amp; Hem - F\u00f6rskolan Risgrynet\",\"isPartOf\":{\"@id\":\"https:\\\/\\\/hoppetossa.com\\\/risgrynet\\\/#website\"},\"primaryImageOfPage\":{\"@id\":\"https:\\\/\\\/hoppetossa.com\\\/risgrynet\\\/ovrig-information\\\/#primaryimage\"},\"image\":{\"@id\":\"https:\\\/\\\/hoppetossa.com\\\/risgrynet\\\/ovrig-information\\\/#primaryimage\"},\"thumbnailUrl\":\"http:\\\/\\\/hoppetossa.com\\\/risgrynet\\\/wp-content\\\/uploads\\\/sites\\\/11\\\/2024\\\/12\\\/img-2532-1024x608.jpg\",\"datePublished\":\"2021-06-23T07:27:45+00:00\",\"dateModified\":\"2024-12-18T16:03:03+00:00\",\"breadcrumb\":{\"@id\":\"https:\\\/\\\/hoppetossa.com\\\/risgrynet\\\/ovrig-information\\\/#breadcrumb\"},\"inLanguage\":\"sv-SE\",\"potentialAction\":[{\"@type\":\"ReadAction\",\"target\":[\"https:\\\/\\\/hoppetossa.com\\\/risgrynet\\\/ovrig-information\\\/\"]}]},{\"@type\":\"ImageObject\",\"inLanguage\":\"sv-SE\",\"@id\":\"https:\\\/\\\/hoppetossa.com\\\/risgrynet\\\/ovrig-information\\\/#primaryimage\",\"url\":\"https:\\\/\\\/i0.wp.com\\\/hoppetossa.com\\\/risgrynet\\\/wp-content\\\/uploads\\\/sites\\\/11\\\/2024\\\/12\\\/img-2532.jpg?fit=1170%2C695&ssl=1\",\"contentUrl\":\"https:\\\/\\\/i0.wp.com\\\/hoppetossa.com\\\/risgrynet\\\/wp-content\\\/uploads\\\/sites\\\/11\\\/2024\\\/12\\\/img-2532.jpg?fit=1170%2C695&ssl=1\",\"width\":1170,\"height\":695,\"caption\":\"Screenshot\"},{\"@type\":\"BreadcrumbList\",\"@id\":\"https:\\\/\\\/hoppetossa.com\\\/risgrynet\\\/ovrig-information\\\/#breadcrumb\",\"itemListElement\":[{\"@type\":\"ListItem\",\"position\":1,\"name\":\"Hem\",\"item\":\"https:\\\/\\\/hoppetossa.com\\\/risgrynet\\\/\"},{\"@type\":\"ListItem\",\"position\":2,\"name\":\"F\u00f6rskola &amp; Hem\"}]},{\"@type\":\"WebSite\",\"@id\":\"https:\\\/\\\/hoppetossa.com\\\/risgrynet\\\/#website\",\"url\":\"https:\\\/\\\/hoppetossa.com\\\/risgrynet\\\/\",\"name\":\"F\u00f6rskolan Risgrynet\",\"description\":\"Hoppetossa f\u00f6rskolor\",\"potentialAction\":[{\"@type\":\"SearchAction\",\"target\":{\"@type\":\"EntryPoint\",\"urlTemplate\":\"https:\\\/\\\/hoppetossa.com\\\/risgrynet\\\/?s={search_term_string}\"},\"query-input\":{\"@type\":\"PropertyValueSpecification\",\"valueRequired\":true,\"valueName\":\"search_term_string\"}}],\"inLanguage\":\"sv-SE\"}]}<\/script>\n<!-- \/ Yoast SEO plugin. -->","yoast_head_json":{"title":"F\u00f6rskola &amp; Hem - F\u00f6rskolan Risgrynet","robots":{"index":"index","follow":"follow","max-snippet":"max-snippet:-1","max-image-preview":"max-image-preview:large","max-video-preview":"max-video-preview:-1"},"canonical":"https:\/\/hoppetossa.com\/risgrynet\/ovrig-information\/","og_locale":"sv_SE","og_type":"article","og_title":"F\u00f6rskola &amp; Hem - F\u00f6rskolan Risgrynet","og_description":"F\u00f6rskola och hem Vi bjuder in v\u00e5rdnadshavare till samverkan och det dagliga m\u00f6tet berikar och utvecklar verksamheten. Hos oss ska&hellip; L\u00e4s mera","og_url":"https:\/\/hoppetossa.com\/risgrynet\/ovrig-information\/","og_site_name":"F\u00f6rskolan Risgrynet","article_modified_time":"2024-12-18T16:03:03+00:00","og_image":[{"url":"http:\/\/hoppetossa.com\/risgrynet\/wp-content\/uploads\/sites\/11\/2024\/12\/img-2532-1024x608.jpg","type":"","width":"","height":""}],"twitter_card":"summary_large_image","twitter_misc":{"Ber\u00e4knad l\u00e4stid":"2 minuter"},"schema":{"@context":"https:\/\/schema.org","@graph":[{"@type":"WebPage","@id":"https:\/\/hoppetossa.com\/risgrynet\/ovrig-information\/","url":"https:\/\/hoppetossa.com\/risgrynet\/ovrig-information\/","name":"F\u00f6rskola &amp; Hem - F\u00f6rskolan Risgrynet","isPartOf":{"@id":"https:\/\/hoppetossa.com\/risgrynet\/#website"},"primaryImageOfPage":{"@id":"https:\/\/hoppetossa.com\/risgrynet\/ovrig-information\/#primaryimage"},"image":{"@id":"https:\/\/hoppetossa.com\/risgrynet\/ovrig-information\/#primaryimage"},"thumbnailUrl":"http:\/\/hoppetossa.com\/risgrynet\/wp-content\/uploads\/sites\/11\/2024\/12\/img-2532-1024x608.jpg","datePublished":"2021-06-23T07:27:45+00:00","dateModified":"2024-12-18T16:03:03+00:00","breadcrumb":{"@id":"https:\/\/hoppetossa.com\/risgrynet\/ovrig-information\/#breadcrumb"},"inLanguage":"sv-SE","potentialAction":[{"@type":"ReadAction","target":["https:\/\/hoppetossa.com\/risgrynet\/ovrig-information\/"]}]},{"@type":"ImageObject","inLanguage":"sv-SE","@id":"https:\/\/hoppetossa.com\/risgrynet\/ovrig-information\/#primaryimage","url":"https:\/\/i0.wp.com\/hoppetossa.com\/risgrynet\/wp-content\/uploads\/sites\/11\/2024\/12\/img-2532.jpg?fit=1170%2C695&ssl=1","contentUrl":"https:\/\/i0.wp.com\/hoppetossa.com\/risgrynet\/wp-content\/uploads\/sites\/11\/2024\/12\/img-2532.jpg?fit=1170%2C695&ssl=1","width":1170,"height":695,"caption":"Screenshot"},{"@type":"BreadcrumbList","@id":"https:\/\/hoppetossa.com\/risgrynet\/ovrig-information\/#breadcrumb","itemListElement":[{"@type":"ListItem","position":1,"name":"Hem","item":"https:\/\/hoppetossa.com\/risgrynet\/"},{"@type":"ListItem","position":2,"name":"F\u00f6rskola &amp; Hem"}]},{"@type":"WebSite","@id":"https:\/\/hoppetossa.com\/risgrynet\/#website","url":"https:\/\/hoppetossa.com\/risgrynet\/","name":"F\u00f6rskolan Risgrynet","description":"Hoppetossa f\u00f6rskolor","potentialAction":[{"@type":"SearchAction","target":{"@type":"EntryPoint","urlTemplate":"https:\/\/hoppetossa.com\/risgrynet\/?s={search_term_string}"},"query-input":{"@type":"PropertyValueSpecification","valueRequired":true,"valueName":"search_term_string"}}],"inLanguage":"sv-SE"}]}},"jetpack_sharing_enabled":true,"_links":{"self":[{"href":"https:\/\/hoppetossa.com\/risgrynet\/wp-json\/wp\/v2\/pages\/9","targetHints":{"allow":["GET"]}}],"collection":[{"href":"https:\/\/hoppetossa.com\/risgrynet\/wp-json\/wp\/v2\/pages"}],"about":[{"href":"https:\/\/hoppetossa.com\/risgrynet\/wp-json\/wp\/v2\/types\/page"}],"author":[{"embeddable":true,"href":"https:\/\/hoppetossa.com\/risgrynet\/wp-json\/wp\/v2\/users\/1"}],"replies":[{"embeddable":true,"href":"https:\/\/hoppetossa.com\/risgrynet\/wp-json\/wp\/v2\/comments?post=9"}],"version-history":[{"count":6,"href":"https:\/\/hoppetossa.com\/risgrynet\/wp-json\/wp\/v2\/pages\/9\/revisions"}],"predecessor-version":[{"id":172,"href":"https:\/\/hoppetossa.com\/risgrynet\/wp-json\/wp\/v2\/pages\/9\/revisions\/172"}],"wp:attachment":[{"href":"https:\/\/hoppetossa.com\/risgrynet\/wp-json\/wp\/v2\/media?parent=9"}],"curies":[{"name":"wp","href":"https:\/\/api.w.org\/{rel}","templated":true}]}}