{"id":101,"date":"2024-12-13T06:35:00","date_gmt":"2024-12-13T05:35:00","guid":{"rendered":"https:\/\/hoppetossa.com\/stellanova\/?page_id=101"},"modified":"2025-02-02T14:59:15","modified_gmt":"2025-02-02T13:59:15","slug":"var-ko","status":"publish","type":"page","link":"https:\/\/hoppetossa.com\/stellanova\/var-ko\/","title":{"rendered":"V\u00e5r k\u00f6"},"content":{"rendered":"\n<div class=\"wp-block-media-text is-stacked-on-mobile\"><figure class=\"wp-block-media-text__media\"><img loading=\"lazy\" decoding=\"async\" width=\"598\" height=\"598\" src=\"https:\/\/hoppetossa.com\/stellanova\/wp-content\/uploads\/sites\/14\/2024\/12\/skarmavbild-2024-12-12-kl-154150-1.png\" alt=\"\" class=\"wp-image-102 size-full img-responsive\" srcset=\"https:\/\/hoppetossa.com\/stellanova\/wp-content\/uploads\/sites\/14\/2024\/12\/skarmavbild-2024-12-12-kl-154150-1.png 598w, https:\/\/hoppetossa.com\/stellanova\/wp-content\/uploads\/sites\/14\/2024\/12\/skarmavbild-2024-12-12-kl-154150-1-300x300.png 300w, https:\/\/hoppetossa.com\/stellanova\/wp-content\/uploads\/sites\/14\/2024\/12\/skarmavbild-2024-12-12-kl-154150-1-150x150.png 150w\" sizes=\"auto, (max-width: 598px) 100vw, 598px\" \/><\/figure><div class=\"wp-block-media-text__content\">\n<h2 class=\"wp-block-heading\">En plats hos oss \/ St\u00e4ll ditt barn i k\u00f6<\/h2>\n<\/div><\/div>\n\n\n\n<div style=\"height:18px\" aria-hidden=\"true\" class=\"wp-block-spacer\"><\/div>\n\n\n\n<p>Kontakta oss g\u00e4rna f\u00f6r mer information: <a href=\"mailto:stellanova@hoppetossa.com\">stellanova@hoppetossa.com<\/a>.<\/p>\n\n\n\n<p>Vi finns med i Sundbyberg Stads gemensamma k\u00f6 under namnet\u00a0<em>Stella Nova<\/em>. H\u00e4r hittar ni den gemensamma k\u00f6n: <a href=\"https:\/\/www.sundbyberg.se\/forskola-skola-och-utbildning\/forskola\/ansok-eller-sag-upp-plats#:~:text=Ans%C3%B6kan,kontaktuppgifter%20och%20s%C3%A4ga%20upp%20f%C3%B6rskoleplats.\">https:\/\/www.sundbyberg.se\/forskola-skola-och-utbildning\/forskola\/ansok-eller-sag-upp-plats#:~:text=Ans%C3%B6kan,kontaktuppgifter%20och%20s%C3%A4ga%20upp%20f%C3%B6rskoleplats.<\/a><\/p>\n\n\n\n<p>V\u00e4lkomna!<\/p>\n\n\n\n<div style=\"height:26px\" aria-hidden=\"true\" class=\"wp-block-spacer\"><\/div>\n\n\n\n<div class=\"wp-block-media-text is-stacked-on-mobile\"><figure class=\"wp-block-media-text__media\"><img loading=\"lazy\" decoding=\"async\" width=\"606\" height=\"560\" src=\"https:\/\/hoppetossa.com\/stellanova\/wp-content\/uploads\/sites\/14\/2024\/12\/skarmavbild-2024-12-12-kl-154136-1.png\" alt=\"\" class=\"wp-image-103 size-full img-responsive\" srcset=\"https:\/\/hoppetossa.com\/stellanova\/wp-content\/uploads\/sites\/14\/2024\/12\/skarmavbild-2024-12-12-kl-154136-1.png 606w, https:\/\/hoppetossa.com\/stellanova\/wp-content\/uploads\/sites\/14\/2024\/12\/skarmavbild-2024-12-12-kl-154136-1-300x277.png 300w\" sizes=\"auto, (max-width: 606px) 100vw, 606px\" \/><\/figure><div class=\"wp-block-media-text__content\">\n<h2 class=\"wp-block-heading\">A place with us \/ Put your child in the queue<\/h2>\n<\/div><\/div>\n\n\n\n<div style=\"height:16px\" aria-hidden=\"true\" class=\"wp-block-spacer\"><\/div>\n\n\n\n<p>Please contact us for more information: <a href=\"mailto:stellanova@hoppetossa.com\">stellanova@hoppetossa.com<\/a>.<\/p>\n\n\n\n<p>We are part of the common queue of the municipality of Sundbyberg under the name&nbsp;<em>Stella Nova<\/em>. Here you will find the common queue:&nbsp;<a href=\"https:\/\/www.sundbyberg.se\/forskola-skola-och-utbildning\/forskola\/ansok-eller-sag-upp-plats#:~:text=Ans%C3%B6kan,kontaktuppgifter%20och%20s%C3%A4ga%20upp%20f%C3%B6rskoleplats.\">https:\/\/www.sundbyberg.se\/forskola-skola-och-utbildning\/forskola\/ansok-eller-sag-upp-plats#:~:text=Ans%C3%B6kan,kontaktuppgifter%20och%20s%C3%A4ga%20upp%20f%C3%B6rskoleplats.<\/a><\/p>\n\n\n\n<p>Welcome!<\/p>\n","protected":false},"excerpt":{"rendered":"<p>En plats hos oss \/ St\u00e4ll ditt barn i k\u00f6 Kontakta oss g\u00e4rna f\u00f6r mer information: stellanova@hoppetossa.com. Vi finns med&hellip; <a class=\"read-more\" href=\"https:\/\/hoppetossa.com\/stellanova\/var-ko\/\">L\u00e4s mera<\/a><\/p>\n","protected":false},"author":1,"featured_media":0,"parent":0,"menu_order":0,"comment_status":"closed","ping_status":"closed","template":"","meta":{"_acf_changed":false,"_monsterinsights_skip_tracking":false,"_monsterinsights_sitenote_active":false,"_monsterinsights_sitenote_note":"","_monsterinsights_sitenote_category":0,"footnotes":""},"class_list":["post-101","page","type-page","status-publish","hentry"],"acf":[],"yoast_head":"<!-- This site is optimized with the Yoast SEO plugin v27.6 - https:\/\/yoast.com\/product\/yoast-seo-wordpress\/ -->\n<title>V\u00e5r k\u00f6 - F\u00f6rskolan Stella Nova<\/title>\n<meta name=\"robots\" content=\"index, follow, max-snippet:-1, max-image-preview:large, max-video-preview:-1\" \/>\n<link rel=\"canonical\" href=\"https:\/\/hoppetossa.com\/stellanova\/var-ko\/\" \/>\n<meta property=\"og:locale\" content=\"sv_SE\" \/>\n<meta property=\"og:type\" content=\"article\" \/>\n<meta property=\"og:title\" content=\"V\u00e5r k\u00f6 - F\u00f6rskolan Stella Nova\" \/>\n<meta property=\"og:description\" content=\"En plats hos oss \/ St\u00e4ll ditt barn i k\u00f6 Kontakta oss g\u00e4rna f\u00f6r mer information: stellanova@hoppetossa.com. Vi finns med&hellip; L\u00e4s mera\" \/>\n<meta property=\"og:url\" content=\"https:\/\/hoppetossa.com\/stellanova\/var-ko\/\" \/>\n<meta property=\"og:site_name\" content=\"F\u00f6rskolan Stella Nova\" \/>\n<meta property=\"article:modified_time\" content=\"2025-02-02T13:59:15+00:00\" \/>\n<meta property=\"og:image\" content=\"https:\/\/hoppetossa.com\/stellanova\/wp-content\/uploads\/sites\/14\/2024\/12\/skarmavbild-2024-12-12-kl-154150-1.png\" \/>\n\t<meta property=\"og:image:width\" content=\"598\" \/>\n\t<meta property=\"og:image:height\" content=\"598\" \/>\n\t<meta property=\"og:image:type\" content=\"image\/png\" \/>\n<meta name=\"twitter:card\" content=\"summary_large_image\" \/>\n<meta name=\"twitter:label1\" content=\"Ber\u00e4knad l\u00e4stid\" \/>\n\t<meta name=\"twitter:data1\" content=\"1 minut\" \/>\n<script type=\"application\/ld+json\" class=\"yoast-schema-graph\">{\"@context\":\"https:\\\/\\\/schema.org\",\"@graph\":[{\"@type\":\"WebPage\",\"@id\":\"https:\\\/\\\/hoppetossa.com\\\/stellanova\\\/var-ko\\\/\",\"url\":\"https:\\\/\\\/hoppetossa.com\\\/stellanova\\\/var-ko\\\/\",\"name\":\"V\u00e5r k\u00f6 - F\u00f6rskolan Stella Nova\",\"isPartOf\":{\"@id\":\"https:\\\/\\\/hoppetossa.com\\\/stellanova\\\/#website\"},\"primaryImageOfPage\":{\"@id\":\"https:\\\/\\\/hoppetossa.com\\\/stellanova\\\/var-ko\\\/#primaryimage\"},\"image\":{\"@id\":\"https:\\\/\\\/hoppetossa.com\\\/stellanova\\\/var-ko\\\/#primaryimage\"},\"thumbnailUrl\":\"https:\\\/\\\/hoppetossa.com\\\/stellanova\\\/wp-content\\\/uploads\\\/sites\\\/14\\\/2024\\\/12\\\/skarmavbild-2024-12-12-kl-154150-1.png\",\"datePublished\":\"2024-12-13T05:35:00+00:00\",\"dateModified\":\"2025-02-02T13:59:15+00:00\",\"breadcrumb\":{\"@id\":\"https:\\\/\\\/hoppetossa.com\\\/stellanova\\\/var-ko\\\/#breadcrumb\"},\"inLanguage\":\"sv-SE\",\"potentialAction\":[{\"@type\":\"ReadAction\",\"target\":[\"https:\\\/\\\/hoppetossa.com\\\/stellanova\\\/var-ko\\\/\"]}]},{\"@type\":\"ImageObject\",\"inLanguage\":\"sv-SE\",\"@id\":\"https:\\\/\\\/hoppetossa.com\\\/stellanova\\\/var-ko\\\/#primaryimage\",\"url\":\"https:\\\/\\\/hoppetossa.com\\\/stellanova\\\/wp-content\\\/uploads\\\/sites\\\/14\\\/2024\\\/12\\\/skarmavbild-2024-12-12-kl-154150-1.png\",\"contentUrl\":\"https:\\\/\\\/hoppetossa.com\\\/stellanova\\\/wp-content\\\/uploads\\\/sites\\\/14\\\/2024\\\/12\\\/skarmavbild-2024-12-12-kl-154150-1.png\",\"width\":598,\"height\":598},{\"@type\":\"BreadcrumbList\",\"@id\":\"https:\\\/\\\/hoppetossa.com\\\/stellanova\\\/var-ko\\\/#breadcrumb\",\"itemListElement\":[{\"@type\":\"ListItem\",\"position\":1,\"name\":\"Hem\",\"item\":\"https:\\\/\\\/hoppetossa.com\\\/stellanova\\\/\"},{\"@type\":\"ListItem\",\"position\":2,\"name\":\"V\u00e5r k\u00f6\"}]},{\"@type\":\"WebSite\",\"@id\":\"https:\\\/\\\/hoppetossa.com\\\/stellanova\\\/#website\",\"url\":\"https:\\\/\\\/hoppetossa.com\\\/stellanova\\\/\",\"name\":\"F\u00f6rskolan Stella Nova\",\"description\":\"Hoppetossa f\u00f6rskolor\",\"potentialAction\":[{\"@type\":\"SearchAction\",\"target\":{\"@type\":\"EntryPoint\",\"urlTemplate\":\"https:\\\/\\\/hoppetossa.com\\\/stellanova\\\/?s={search_term_string}\"},\"query-input\":{\"@type\":\"PropertyValueSpecification\",\"valueRequired\":true,\"valueName\":\"search_term_string\"}}],\"inLanguage\":\"sv-SE\"}]}<\/script>\n<!-- \/ Yoast SEO plugin. -->","yoast_head_json":{"title":"V\u00e5r k\u00f6 - F\u00f6rskolan Stella Nova","robots":{"index":"index","follow":"follow","max-snippet":"max-snippet:-1","max-image-preview":"max-image-preview:large","max-video-preview":"max-video-preview:-1"},"canonical":"https:\/\/hoppetossa.com\/stellanova\/var-ko\/","og_locale":"sv_SE","og_type":"article","og_title":"V\u00e5r k\u00f6 - F\u00f6rskolan Stella Nova","og_description":"En plats hos oss \/ St\u00e4ll ditt barn i k\u00f6 Kontakta oss g\u00e4rna f\u00f6r mer information: stellanova@hoppetossa.com. Vi finns med&hellip; L\u00e4s mera","og_url":"https:\/\/hoppetossa.com\/stellanova\/var-ko\/","og_site_name":"F\u00f6rskolan Stella Nova","article_modified_time":"2025-02-02T13:59:15+00:00","og_image":[{"width":598,"height":598,"url":"https:\/\/hoppetossa.com\/stellanova\/wp-content\/uploads\/sites\/14\/2024\/12\/skarmavbild-2024-12-12-kl-154150-1.png","type":"image\/png"}],"twitter_card":"summary_large_image","twitter_misc":{"Ber\u00e4knad l\u00e4stid":"1 minut"},"schema":{"@context":"https:\/\/schema.org","@graph":[{"@type":"WebPage","@id":"https:\/\/hoppetossa.com\/stellanova\/var-ko\/","url":"https:\/\/hoppetossa.com\/stellanova\/var-ko\/","name":"V\u00e5r k\u00f6 - F\u00f6rskolan Stella Nova","isPartOf":{"@id":"https:\/\/hoppetossa.com\/stellanova\/#website"},"primaryImageOfPage":{"@id":"https:\/\/hoppetossa.com\/stellanova\/var-ko\/#primaryimage"},"image":{"@id":"https:\/\/hoppetossa.com\/stellanova\/var-ko\/#primaryimage"},"thumbnailUrl":"https:\/\/hoppetossa.com\/stellanova\/wp-content\/uploads\/sites\/14\/2024\/12\/skarmavbild-2024-12-12-kl-154150-1.png","datePublished":"2024-12-13T05:35:00+00:00","dateModified":"2025-02-02T13:59:15+00:00","breadcrumb":{"@id":"https:\/\/hoppetossa.com\/stellanova\/var-ko\/#breadcrumb"},"inLanguage":"sv-SE","potentialAction":[{"@type":"ReadAction","target":["https:\/\/hoppetossa.com\/stellanova\/var-ko\/"]}]},{"@type":"ImageObject","inLanguage":"sv-SE","@id":"https:\/\/hoppetossa.com\/stellanova\/var-ko\/#primaryimage","url":"https:\/\/hoppetossa.com\/stellanova\/wp-content\/uploads\/sites\/14\/2024\/12\/skarmavbild-2024-12-12-kl-154150-1.png","contentUrl":"https:\/\/hoppetossa.com\/stellanova\/wp-content\/uploads\/sites\/14\/2024\/12\/skarmavbild-2024-12-12-kl-154150-1.png","width":598,"height":598},{"@type":"BreadcrumbList","@id":"https:\/\/hoppetossa.com\/stellanova\/var-ko\/#breadcrumb","itemListElement":[{"@type":"ListItem","position":1,"name":"Hem","item":"https:\/\/hoppetossa.com\/stellanova\/"},{"@type":"ListItem","position":2,"name":"V\u00e5r k\u00f6"}]},{"@type":"WebSite","@id":"https:\/\/hoppetossa.com\/stellanova\/#website","url":"https:\/\/hoppetossa.com\/stellanova\/","name":"F\u00f6rskolan Stella Nova","description":"Hoppetossa f\u00f6rskolor","potentialAction":[{"@type":"SearchAction","target":{"@type":"EntryPoint","urlTemplate":"https:\/\/hoppetossa.com\/stellanova\/?s={search_term_string}"},"query-input":{"@type":"PropertyValueSpecification","valueRequired":true,"valueName":"search_term_string"}}],"inLanguage":"sv-SE"}]}},"_links":{"self":[{"href":"https:\/\/hoppetossa.com\/stellanova\/wp-json\/wp\/v2\/pages\/101","targetHints":{"allow":["GET"]}}],"collection":[{"href":"https:\/\/hoppetossa.com\/stellanova\/wp-json\/wp\/v2\/pages"}],"about":[{"href":"https:\/\/hoppetossa.com\/stellanova\/wp-json\/wp\/v2\/types\/page"}],"author":[{"embeddable":true,"href":"https:\/\/hoppetossa.com\/stellanova\/wp-json\/wp\/v2\/users\/1"}],"replies":[{"embeddable":true,"href":"https:\/\/hoppetossa.com\/stellanova\/wp-json\/wp\/v2\/comments?post=101"}],"version-history":[{"count":3,"href":"https:\/\/hoppetossa.com\/stellanova\/wp-json\/wp\/v2\/pages\/101\/revisions"}],"predecessor-version":[{"id":141,"href":"https:\/\/hoppetossa.com\/stellanova\/wp-json\/wp\/v2\/pages\/101\/revisions\/141"}],"wp:attachment":[{"href":"https:\/\/hoppetossa.com\/stellanova\/wp-json\/wp\/v2\/media?parent=101"}],"curies":[{"name":"wp","href":"https:\/\/api.w.org\/{rel}","templated":true}]}}