{"id":42,"date":"2024-12-12T15:42:55","date_gmt":"2024-12-12T14:42:55","guid":{"rendered":"https:\/\/hoppetossa.com\/stellanova\/?page_id=42"},"modified":"2025-02-12T18:09:55","modified_gmt":"2025-02-12T17:09:55","slug":"vision-och-karnvarden","status":"publish","type":"page","link":"https:\/\/hoppetossa.com\/stellanova\/vision-och-karnvarden\/","title":{"rendered":"Vision och k\u00e4rnv\u00e4rden"},"content":{"rendered":"\n<h2 class=\"wp-block-heading\">Vision och k\u00e4rnv\u00e4rden<\/h2>\n\n\n\n<figure class=\"wp-block-image size-full\"><img loading=\"lazy\" decoding=\"async\" width=\"604\" height=\"518\" src=\"https:\/\/hoppetossa.com\/stellanova\/wp-content\/uploads\/sites\/14\/2024\/12\/skarmavbild-2024-12-12-kl-154205.png\" alt=\"\" class=\"wp-image-44 img-responsive\" srcset=\"https:\/\/hoppetossa.com\/stellanova\/wp-content\/uploads\/sites\/14\/2024\/12\/skarmavbild-2024-12-12-kl-154205.png 604w, https:\/\/hoppetossa.com\/stellanova\/wp-content\/uploads\/sites\/14\/2024\/12\/skarmavbild-2024-12-12-kl-154205-300x257.png 300w\" sizes=\"auto, (max-width: 604px) 100vw, 604px\" \/><\/figure>\n\n\n\n<div style=\"height:12px\" aria-hidden=\"true\" class=\"wp-block-spacer\"><\/div>\n\n\n\n<p>P\u00e5 Stella Nova f\u00f6rskola arbetar vi f\u00f6r att ge varje barn en trygg och inspirerande start i livet. P\u00e5 v\u00e5r f\u00f6rskola vill vi skapa en milj\u00f6 d\u00e4r barnen f\u00e5r blomstra genom lek, l\u00e4rande och gemenskap.<\/p>\n\n\n\n<p><strong>Vision<\/strong><br>Vi vill vara en drivande kraft f\u00f6r en j\u00e4mst\u00e4lld och demokratisk v\u00e4rld.<\/p>\n\n\n\n<p><strong>K\u00e4rnv\u00e4rden<\/strong><br><em>Trygghet<br><\/em>Ett tryggt barn kan g\u00e5 hur l\u00e5ngt som helst. Sj\u00e4lvfallet vill vi erbjuda en trygg milj\u00f6 i v\u00e5r f\u00f6rskola; detta g\u00e4ller b\u00e5de den fysiska och den sociala milj\u00f6n. Genom att systematiskt utveckla v\u00e5r kvalitet f\u00f6rb\u00e4ttrar vi verksamheten och s\u00e4kerst\u00e4ller samtidigt att vi har kontroll som skapar den trygghet vi vill uppn\u00e5.<\/p>\n\n\n\n<p><em>Gl\u00e4dje<br><\/em>Vi l\u00e4gger v\u00e5rt fulla engagemang i vardagen med barnen och vill att hela f\u00f6rskolan ska genomsyras av gl\u00e4dje&nbsp;till barn, barns l\u00e4rande och f\u00f6rskolan.<\/p>\n\n\n\n<p><em>Nyfikenhet<\/em><br>Att erbjuda kvalitativ f\u00f6rskoleverksamhet&nbsp;kr\u00e4ver att vi ligger i framkant, samarbetar och utbyter erfarenheter med varandra och andra. Vi vill att&nbsp;barnens naturliga nyfikenhet och intresse alltid ska uppmuntras.<\/p>\n\n\n\n<p><em>Kunskap<br><\/em>Vi kan barns utveckling och l\u00e4rande, och vi vill alltid s\u00e4tta kunskap i fokus n\u00e4r vi driver v\u00e5r verksamhet.&nbsp;<\/p>\n","protected":false},"excerpt":{"rendered":"<p>Vision och k\u00e4rnv\u00e4rden P\u00e5 Stella Nova f\u00f6rskola arbetar vi f\u00f6r att ge varje barn en trygg och inspirerande start i&hellip; <a class=\"read-more\" href=\"https:\/\/hoppetossa.com\/stellanova\/vision-och-karnvarden\/\">L\u00e4s mera<\/a><\/p>\n","protected":false},"author":1,"featured_media":0,"parent":0,"menu_order":0,"comment_status":"closed","ping_status":"closed","template":"","meta":{"_acf_changed":false,"_monsterinsights_skip_tracking":false,"_monsterinsights_sitenote_active":false,"_monsterinsights_sitenote_note":"","_monsterinsights_sitenote_category":0,"footnotes":""},"class_list":["post-42","page","type-page","status-publish","hentry"],"acf":[],"yoast_head":"<!-- This site is optimized with the Yoast SEO plugin v27.5 - https:\/\/yoast.com\/product\/yoast-seo-wordpress\/ -->\n<title>Vision och k\u00e4rnv\u00e4rden - F\u00f6rskolan Stella Nova<\/title>\n<meta name=\"robots\" content=\"index, follow, max-snippet:-1, max-image-preview:large, max-video-preview:-1\" \/>\n<link rel=\"canonical\" href=\"https:\/\/hoppetossa.com\/stellanova\/vision-och-karnvarden\/\" \/>\n<meta property=\"og:locale\" content=\"sv_SE\" \/>\n<meta property=\"og:type\" content=\"article\" \/>\n<meta property=\"og:title\" content=\"Vision och k\u00e4rnv\u00e4rden - F\u00f6rskolan Stella Nova\" \/>\n<meta property=\"og:description\" content=\"Vision och k\u00e4rnv\u00e4rden P\u00e5 Stella Nova f\u00f6rskola arbetar vi f\u00f6r att ge varje barn en trygg och inspirerande start i&hellip; L\u00e4s mera\" \/>\n<meta property=\"og:url\" content=\"https:\/\/hoppetossa.com\/stellanova\/vision-och-karnvarden\/\" \/>\n<meta property=\"og:site_name\" content=\"F\u00f6rskolan Stella Nova\" \/>\n<meta property=\"article:modified_time\" content=\"2025-02-12T17:09:55+00:00\" \/>\n<meta property=\"og:image\" content=\"https:\/\/hoppetossa.com\/stellanova\/wp-content\/uploads\/sites\/14\/2024\/12\/skarmavbild-2024-12-12-kl-154205.png\" \/>\n\t<meta property=\"og:image:width\" content=\"604\" \/>\n\t<meta property=\"og:image:height\" content=\"518\" \/>\n\t<meta property=\"og:image:type\" content=\"image\/png\" \/>\n<meta name=\"twitter:card\" content=\"summary_large_image\" \/>\n<meta name=\"twitter:label1\" content=\"Ber\u00e4knad l\u00e4stid\" \/>\n\t<meta name=\"twitter:data1\" content=\"2 minuter\" \/>\n<script type=\"application\/ld+json\" class=\"yoast-schema-graph\">{\"@context\":\"https:\\\/\\\/schema.org\",\"@graph\":[{\"@type\":\"WebPage\",\"@id\":\"https:\\\/\\\/hoppetossa.com\\\/stellanova\\\/vision-och-karnvarden\\\/\",\"url\":\"https:\\\/\\\/hoppetossa.com\\\/stellanova\\\/vision-och-karnvarden\\\/\",\"name\":\"Vision och k\u00e4rnv\u00e4rden - F\u00f6rskolan Stella Nova\",\"isPartOf\":{\"@id\":\"https:\\\/\\\/hoppetossa.com\\\/stellanova\\\/#website\"},\"primaryImageOfPage\":{\"@id\":\"https:\\\/\\\/hoppetossa.com\\\/stellanova\\\/vision-och-karnvarden\\\/#primaryimage\"},\"image\":{\"@id\":\"https:\\\/\\\/hoppetossa.com\\\/stellanova\\\/vision-och-karnvarden\\\/#primaryimage\"},\"thumbnailUrl\":\"https:\\\/\\\/hoppetossa.com\\\/stellanova\\\/wp-content\\\/uploads\\\/sites\\\/14\\\/2024\\\/12\\\/skarmavbild-2024-12-12-kl-154205.png\",\"datePublished\":\"2024-12-12T14:42:55+00:00\",\"dateModified\":\"2025-02-12T17:09:55+00:00\",\"breadcrumb\":{\"@id\":\"https:\\\/\\\/hoppetossa.com\\\/stellanova\\\/vision-och-karnvarden\\\/#breadcrumb\"},\"inLanguage\":\"sv-SE\",\"potentialAction\":[{\"@type\":\"ReadAction\",\"target\":[\"https:\\\/\\\/hoppetossa.com\\\/stellanova\\\/vision-och-karnvarden\\\/\"]}]},{\"@type\":\"ImageObject\",\"inLanguage\":\"sv-SE\",\"@id\":\"https:\\\/\\\/hoppetossa.com\\\/stellanova\\\/vision-och-karnvarden\\\/#primaryimage\",\"url\":\"https:\\\/\\\/hoppetossa.com\\\/stellanova\\\/wp-content\\\/uploads\\\/sites\\\/14\\\/2024\\\/12\\\/skarmavbild-2024-12-12-kl-154205.png\",\"contentUrl\":\"https:\\\/\\\/hoppetossa.com\\\/stellanova\\\/wp-content\\\/uploads\\\/sites\\\/14\\\/2024\\\/12\\\/skarmavbild-2024-12-12-kl-154205.png\",\"width\":604,\"height\":518},{\"@type\":\"BreadcrumbList\",\"@id\":\"https:\\\/\\\/hoppetossa.com\\\/stellanova\\\/vision-och-karnvarden\\\/#breadcrumb\",\"itemListElement\":[{\"@type\":\"ListItem\",\"position\":1,\"name\":\"Hem\",\"item\":\"https:\\\/\\\/hoppetossa.com\\\/stellanova\\\/\"},{\"@type\":\"ListItem\",\"position\":2,\"name\":\"Vision och k\u00e4rnv\u00e4rden\"}]},{\"@type\":\"WebSite\",\"@id\":\"https:\\\/\\\/hoppetossa.com\\\/stellanova\\\/#website\",\"url\":\"https:\\\/\\\/hoppetossa.com\\\/stellanova\\\/\",\"name\":\"F\u00f6rskolan Stella Nova\",\"description\":\"Hoppetossa f\u00f6rskolor\",\"potentialAction\":[{\"@type\":\"SearchAction\",\"target\":{\"@type\":\"EntryPoint\",\"urlTemplate\":\"https:\\\/\\\/hoppetossa.com\\\/stellanova\\\/?s={search_term_string}\"},\"query-input\":{\"@type\":\"PropertyValueSpecification\",\"valueRequired\":true,\"valueName\":\"search_term_string\"}}],\"inLanguage\":\"sv-SE\"}]}<\/script>\n<!-- \/ Yoast SEO plugin. -->","yoast_head_json":{"title":"Vision och k\u00e4rnv\u00e4rden - F\u00f6rskolan Stella Nova","robots":{"index":"index","follow":"follow","max-snippet":"max-snippet:-1","max-image-preview":"max-image-preview:large","max-video-preview":"max-video-preview:-1"},"canonical":"https:\/\/hoppetossa.com\/stellanova\/vision-och-karnvarden\/","og_locale":"sv_SE","og_type":"article","og_title":"Vision och k\u00e4rnv\u00e4rden - F\u00f6rskolan Stella Nova","og_description":"Vision och k\u00e4rnv\u00e4rden P\u00e5 Stella Nova f\u00f6rskola arbetar vi f\u00f6r att ge varje barn en trygg och inspirerande start i&hellip; L\u00e4s mera","og_url":"https:\/\/hoppetossa.com\/stellanova\/vision-och-karnvarden\/","og_site_name":"F\u00f6rskolan Stella Nova","article_modified_time":"2025-02-12T17:09:55+00:00","og_image":[{"width":604,"height":518,"url":"https:\/\/hoppetossa.com\/stellanova\/wp-content\/uploads\/sites\/14\/2024\/12\/skarmavbild-2024-12-12-kl-154205.png","type":"image\/png"}],"twitter_card":"summary_large_image","twitter_misc":{"Ber\u00e4knad l\u00e4stid":"2 minuter"},"schema":{"@context":"https:\/\/schema.org","@graph":[{"@type":"WebPage","@id":"https:\/\/hoppetossa.com\/stellanova\/vision-och-karnvarden\/","url":"https:\/\/hoppetossa.com\/stellanova\/vision-och-karnvarden\/","name":"Vision och k\u00e4rnv\u00e4rden - F\u00f6rskolan Stella Nova","isPartOf":{"@id":"https:\/\/hoppetossa.com\/stellanova\/#website"},"primaryImageOfPage":{"@id":"https:\/\/hoppetossa.com\/stellanova\/vision-och-karnvarden\/#primaryimage"},"image":{"@id":"https:\/\/hoppetossa.com\/stellanova\/vision-och-karnvarden\/#primaryimage"},"thumbnailUrl":"https:\/\/hoppetossa.com\/stellanova\/wp-content\/uploads\/sites\/14\/2024\/12\/skarmavbild-2024-12-12-kl-154205.png","datePublished":"2024-12-12T14:42:55+00:00","dateModified":"2025-02-12T17:09:55+00:00","breadcrumb":{"@id":"https:\/\/hoppetossa.com\/stellanova\/vision-och-karnvarden\/#breadcrumb"},"inLanguage":"sv-SE","potentialAction":[{"@type":"ReadAction","target":["https:\/\/hoppetossa.com\/stellanova\/vision-och-karnvarden\/"]}]},{"@type":"ImageObject","inLanguage":"sv-SE","@id":"https:\/\/hoppetossa.com\/stellanova\/vision-och-karnvarden\/#primaryimage","url":"https:\/\/hoppetossa.com\/stellanova\/wp-content\/uploads\/sites\/14\/2024\/12\/skarmavbild-2024-12-12-kl-154205.png","contentUrl":"https:\/\/hoppetossa.com\/stellanova\/wp-content\/uploads\/sites\/14\/2024\/12\/skarmavbild-2024-12-12-kl-154205.png","width":604,"height":518},{"@type":"BreadcrumbList","@id":"https:\/\/hoppetossa.com\/stellanova\/vision-och-karnvarden\/#breadcrumb","itemListElement":[{"@type":"ListItem","position":1,"name":"Hem","item":"https:\/\/hoppetossa.com\/stellanova\/"},{"@type":"ListItem","position":2,"name":"Vision och k\u00e4rnv\u00e4rden"}]},{"@type":"WebSite","@id":"https:\/\/hoppetossa.com\/stellanova\/#website","url":"https:\/\/hoppetossa.com\/stellanova\/","name":"F\u00f6rskolan Stella Nova","description":"Hoppetossa f\u00f6rskolor","potentialAction":[{"@type":"SearchAction","target":{"@type":"EntryPoint","urlTemplate":"https:\/\/hoppetossa.com\/stellanova\/?s={search_term_string}"},"query-input":{"@type":"PropertyValueSpecification","valueRequired":true,"valueName":"search_term_string"}}],"inLanguage":"sv-SE"}]}},"_links":{"self":[{"href":"https:\/\/hoppetossa.com\/stellanova\/wp-json\/wp\/v2\/pages\/42","targetHints":{"allow":["GET"]}}],"collection":[{"href":"https:\/\/hoppetossa.com\/stellanova\/wp-json\/wp\/v2\/pages"}],"about":[{"href":"https:\/\/hoppetossa.com\/stellanova\/wp-json\/wp\/v2\/types\/page"}],"author":[{"embeddable":true,"href":"https:\/\/hoppetossa.com\/stellanova\/wp-json\/wp\/v2\/users\/1"}],"replies":[{"embeddable":true,"href":"https:\/\/hoppetossa.com\/stellanova\/wp-json\/wp\/v2\/comments?post=42"}],"version-history":[{"count":4,"href":"https:\/\/hoppetossa.com\/stellanova\/wp-json\/wp\/v2\/pages\/42\/revisions"}],"predecessor-version":[{"id":109,"href":"https:\/\/hoppetossa.com\/stellanova\/wp-json\/wp\/v2\/pages\/42\/revisions\/109"}],"wp:attachment":[{"href":"https:\/\/hoppetossa.com\/stellanova\/wp-json\/wp\/v2\/media?parent=42"}],"curies":[{"name":"wp","href":"https:\/\/api.w.org\/{rel}","templated":true}]}}