{"id":47,"date":"2024-12-12T20:56:39","date_gmt":"2024-12-12T19:56:39","guid":{"rendered":"https:\/\/hoppetossa.com\/stellanova\/?page_id=47"},"modified":"2025-04-25T16:05:23","modified_gmt":"2025-04-25T14:05:23","slug":"pedagogik-verksamhet","status":"publish","type":"page","link":"https:\/\/hoppetossa.com\/stellanova\/pedagogik-verksamhet\/","title":{"rendered":"Pedagogik &amp; Verksamhet"},"content":{"rendered":"\n<h2 class=\"wp-block-heading\">Pedagogik och verksamhet<\/h2>\n\n\n\n<p>P\u00e5 Stella Nova skapar vi en trygg och inspirerande milj\u00f6 d\u00e4r barnens utveckling och framtidstro st\u00e5r i centrum!<\/p>\n\n\n\n<figure class=\"wp-block-gallery has-nested-images columns-default is-cropped wp-block-gallery-1 is-layout-flex wp-block-gallery-is-layout-flex\">\n<figure class=\"wp-block-image size-full\"><img loading=\"lazy\" decoding=\"async\" width=\"498\" height=\"496\" data-id=\"71\" src=\"https:\/\/hoppetossa.com\/stellanova\/wp-content\/uploads\/sites\/14\/2024\/12\/skarmavbild-2024-12-12-kl-213449.png\" alt=\"\" class=\"wp-image-71 img-responsive\" srcset=\"https:\/\/hoppetossa.com\/stellanova\/wp-content\/uploads\/sites\/14\/2024\/12\/skarmavbild-2024-12-12-kl-213449.png 498w, https:\/\/hoppetossa.com\/stellanova\/wp-content\/uploads\/sites\/14\/2024\/12\/skarmavbild-2024-12-12-kl-213449-300x300.png 300w, https:\/\/hoppetossa.com\/stellanova\/wp-content\/uploads\/sites\/14\/2024\/12\/skarmavbild-2024-12-12-kl-213449-150x150.png 150w\" sizes=\"auto, (max-width: 498px) 100vw, 498px\" \/><\/figure>\n\n\n\n<figure class=\"wp-block-image size-large\"><img loading=\"lazy\" decoding=\"async\" width=\"598\" height=\"540\" data-id=\"51\" src=\"https:\/\/hoppetossa.com\/stellanova\/wp-content\/uploads\/sites\/14\/2024\/12\/skarmavbild-2024-12-12-kl-154128.png\" alt=\"\" class=\"wp-image-51 img-responsive\" srcset=\"https:\/\/hoppetossa.com\/stellanova\/wp-content\/uploads\/sites\/14\/2024\/12\/skarmavbild-2024-12-12-kl-154128.png 598w, https:\/\/hoppetossa.com\/stellanova\/wp-content\/uploads\/sites\/14\/2024\/12\/skarmavbild-2024-12-12-kl-154128-300x271.png 300w\" sizes=\"auto, (max-width: 598px) 100vw, 598px\" \/><\/figure>\n\n\n\n<figure class=\"wp-block-image size-large\"><img loading=\"lazy\" decoding=\"async\" width=\"606\" height=\"560\" data-id=\"52\" src=\"https:\/\/hoppetossa.com\/stellanova\/wp-content\/uploads\/sites\/14\/2024\/12\/skarmavbild-2024-12-12-kl-154136.png\" alt=\"\" class=\"wp-image-52 img-responsive\" srcset=\"https:\/\/hoppetossa.com\/stellanova\/wp-content\/uploads\/sites\/14\/2024\/12\/skarmavbild-2024-12-12-kl-154136.png 606w, https:\/\/hoppetossa.com\/stellanova\/wp-content\/uploads\/sites\/14\/2024\/12\/skarmavbild-2024-12-12-kl-154136-300x277.png 300w\" sizes=\"auto, (max-width: 606px) 100vw, 606px\" \/><\/figure>\n<\/figure>\n\n\n\n<div style=\"height:13px\" aria-hidden=\"true\" class=\"wp-block-spacer\"><\/div>\n\n\n\n<p>Vi \u00e4r stolta \u00f6ver att vara anslutna till <strong>Gr\u00f6n Flagg<\/strong> via H\u00e5ll Sverige Rent, en certifiering som driver v\u00e5rt arbete f\u00f6r h\u00e5llbar utveckling. Vi har utsetts till <strong>\u00c5rets H\u00e5llbara F\u00f6rskola<\/strong>, och vi ser hur barnens handlingskraft g\u00f6r verklig skillnad i v\u00e5r omgivning. V\u00e5ra barngrupper har bland annat kartlagt grovsopor i n\u00e4romr\u00e5det och arbetat fram l\u00f6sningar som presenterats f\u00f6r Fastighets AB F\u00f6rvaltaren. Genom v\u00e5rt arbete f\u00e5r barnen framtidstro och sj\u00e4lvk\u00e4nsla, d\u00e5 de ser att deras id\u00e9er kan p\u00e5verka och skapa f\u00f6r\u00e4ndring \u2013 \u00e4ven n\u00e4r v\u00e4gen dit \u00e4r utmanande.<\/p>\n\n\n\n<div style=\"height:16px\" aria-hidden=\"true\" class=\"wp-block-spacer\"><\/div>\n\n\n\n<figure class=\"wp-block-gallery has-nested-images columns-default is-cropped wp-block-gallery-2 is-layout-flex wp-block-gallery-is-layout-flex\">\n<figure class=\"wp-block-image size-large\"><img loading=\"lazy\" decoding=\"async\" width=\"1024\" height=\"720\" data-id=\"56\" src=\"https:\/\/hoppetossa.com\/stellanova\/wp-content\/uploads\/sites\/14\/2024\/12\/skarmavbild-2024-12-12-kl-210100-1024x720.png\" alt=\"\" class=\"wp-image-56 img-responsive\" srcset=\"https:\/\/hoppetossa.com\/stellanova\/wp-content\/uploads\/sites\/14\/2024\/12\/skarmavbild-2024-12-12-kl-210100-1024x720.png 1024w, https:\/\/hoppetossa.com\/stellanova\/wp-content\/uploads\/sites\/14\/2024\/12\/skarmavbild-2024-12-12-kl-210100-300x211.png 300w, https:\/\/hoppetossa.com\/stellanova\/wp-content\/uploads\/sites\/14\/2024\/12\/skarmavbild-2024-12-12-kl-210100-768x540.png 768w, https:\/\/hoppetossa.com\/stellanova\/wp-content\/uploads\/sites\/14\/2024\/12\/skarmavbild-2024-12-12-kl-210100.png 1172w\" sizes=\"auto, (max-width: 1024px) 100vw, 1024px\" \/><\/figure>\n\n\n\n<figure class=\"wp-block-image size-large\"><img loading=\"lazy\" decoding=\"async\" width=\"512\" height=\"516\" data-id=\"59\" src=\"https:\/\/hoppetossa.com\/stellanova\/wp-content\/uploads\/sites\/14\/2024\/12\/skarmavbild-2024-12-12-kl-210522.png\" alt=\"\" class=\"wp-image-59 img-responsive\" srcset=\"https:\/\/hoppetossa.com\/stellanova\/wp-content\/uploads\/sites\/14\/2024\/12\/skarmavbild-2024-12-12-kl-210522.png 512w, https:\/\/hoppetossa.com\/stellanova\/wp-content\/uploads\/sites\/14\/2024\/12\/skarmavbild-2024-12-12-kl-210522-298x300.png 298w, https:\/\/hoppetossa.com\/stellanova\/wp-content\/uploads\/sites\/14\/2024\/12\/skarmavbild-2024-12-12-kl-210522-150x150.png 150w\" sizes=\"auto, (max-width: 512px) 100vw, 512px\" \/><\/figure>\n\n\n\n<figure class=\"wp-block-image size-large\"><img loading=\"lazy\" decoding=\"async\" width=\"1015\" height=\"1024\" data-id=\"68\" src=\"https:\/\/hoppetossa.com\/stellanova\/wp-content\/uploads\/sites\/14\/2024\/12\/stellanova-4-2-1015x1024.jpg\" alt=\"\" class=\"wp-image-68 img-responsive\" srcset=\"https:\/\/hoppetossa.com\/stellanova\/wp-content\/uploads\/sites\/14\/2024\/12\/stellanova-4-2-1015x1024.jpg 1015w, https:\/\/hoppetossa.com\/stellanova\/wp-content\/uploads\/sites\/14\/2024\/12\/stellanova-4-2-297x300.jpg 297w, https:\/\/hoppetossa.com\/stellanova\/wp-content\/uploads\/sites\/14\/2024\/12\/stellanova-4-2-150x150.jpg 150w, https:\/\/hoppetossa.com\/stellanova\/wp-content\/uploads\/sites\/14\/2024\/12\/stellanova-4-2-768x775.jpg 768w, https:\/\/hoppetossa.com\/stellanova\/wp-content\/uploads\/sites\/14\/2024\/12\/stellanova-4-2.jpg 1128w\" sizes=\"auto, (max-width: 1015px) 100vw, 1015px\" \/><\/figure>\n<\/figure>\n\n\n\n<div style=\"height:15px\" aria-hidden=\"true\" class=\"wp-block-spacer\"><\/div>\n\n\n\n<p><strong>Spr\u00e5kutveckling \u00e4r en naturlig del av allt vi g\u00f6r.<\/strong> Genom dagliga samtal, aktiv h\u00f6gl\u00e4sning och kreativa aktiviteter f\u00e5r barnen m\u00f6jlighet att utveckla b\u00e5de sitt modersm\u00e5l och svenska spr\u00e5ket. <\/p>\n\n\n\n<p>I <strong>k\u00f6ket <\/strong>p\u00e5 Stella Novas f\u00f6rskola lagar vi n\u00e4ringsriktig och god mat till v\u00e5ra avdelningar. Vi f\u00f6ljer givetvis Livsmedelsverkets riktlinjer f\u00f6r barnomsorgen och uppfyller kraven enligt livsmedelslagen.<\/p>\n\n\n\n<div style=\"height:16px\" aria-hidden=\"true\" class=\"wp-block-spacer\"><\/div>\n\n\n\n<div class=\"wp-block-media-text is-stacked-on-mobile\"><figure class=\"wp-block-media-text__media\"><img loading=\"lazy\" decoding=\"async\" width=\"797\" height=\"1024\" src=\"https:\/\/hoppetossa.com\/stellanova\/wp-content\/uploads\/sites\/14\/2024\/12\/skarmavbild-2024-12-12-kl-154428-797x1024.jpg\" alt=\"\" class=\"wp-image-48 size-full img-responsive\" srcset=\"https:\/\/hoppetossa.com\/stellanova\/wp-content\/uploads\/sites\/14\/2024\/12\/skarmavbild-2024-12-12-kl-154428-797x1024.jpg 797w, https:\/\/hoppetossa.com\/stellanova\/wp-content\/uploads\/sites\/14\/2024\/12\/skarmavbild-2024-12-12-kl-154428-233x300.jpg 233w, https:\/\/hoppetossa.com\/stellanova\/wp-content\/uploads\/sites\/14\/2024\/12\/skarmavbild-2024-12-12-kl-154428-768x987.jpg 768w, https:\/\/hoppetossa.com\/stellanova\/wp-content\/uploads\/sites\/14\/2024\/12\/skarmavbild-2024-12-12-kl-154428.jpg 912w\" sizes=\"auto, (max-width: 797px) 100vw, 797px\" \/><\/figure><div class=\"wp-block-media-text__content\">\n<p>Vi samarbetar med lokala akt\u00f6rer som fastighetsbolag och matbutiker, och barnens id\u00e9er har f\u00e5tt stort genomslag. Ett exempel \u00e4r v\u00e5rt samarbete med Tr\u00e4ffpunkten och \u00e4ldreboendet Hallonh\u00f6jden i Hallonbergen, d\u00e4r delar av v\u00e5rt arbete visats p\u00e5 en gemensam utst\u00e4llning p\u00e5 Galleri Ung.<\/p>\n\n\n\n<p>Hos oss f\u00e5r varje barn m\u00f6jlighet att v\u00e4xa \u2013 b\u00e5de som individ och som en del av ett h\u00e5llbart samh\u00e4lle.<\/p>\n<\/div><\/div>\n\n\n\n<div style=\"height:20px\" aria-hidden=\"true\" class=\"wp-block-spacer\"><\/div>\n\n\n\n<figure class=\"wp-block-image size-full\"><img loading=\"lazy\" decoding=\"async\" width=\"966\" height=\"936\" src=\"https:\/\/hoppetossa.com\/stellanova\/wp-content\/uploads\/sites\/14\/2024\/12\/skarmavbild-2024-12-12-kl-210035.png\" alt=\"\" class=\"wp-image-61 img-responsive\" srcset=\"https:\/\/hoppetossa.com\/stellanova\/wp-content\/uploads\/sites\/14\/2024\/12\/skarmavbild-2024-12-12-kl-210035.png 966w, https:\/\/hoppetossa.com\/stellanova\/wp-content\/uploads\/sites\/14\/2024\/12\/skarmavbild-2024-12-12-kl-210035-300x291.png 300w, https:\/\/hoppetossa.com\/stellanova\/wp-content\/uploads\/sites\/14\/2024\/12\/skarmavbild-2024-12-12-kl-210035-768x744.png 768w\" sizes=\"auto, (max-width: 966px) 100vw, 966px\" \/><\/figure>\n\n\n\n<figure class=\"wp-block-image size-full\"><img loading=\"lazy\" decoding=\"async\" width=\"800\" height=\"200\" src=\"http:\/\/hoppetossa.com\/stellanova\/wp-content\/uploads\/sites\/14\/2025\/02\/sn.jpg\" alt=\"\" class=\"wp-image-136 img-responsive\" srcset=\"https:\/\/hoppetossa.com\/stellanova\/wp-content\/uploads\/sites\/14\/2025\/02\/sn.jpg 800w, https:\/\/hoppetossa.com\/stellanova\/wp-content\/uploads\/sites\/14\/2025\/02\/sn-300x75.jpg 300w, https:\/\/hoppetossa.com\/stellanova\/wp-content\/uploads\/sites\/14\/2025\/02\/sn-768x192.jpg 768w\" sizes=\"auto, (max-width: 800px) 100vw, 800px\" \/><\/figure>\n","protected":false},"excerpt":{"rendered":"<p>Pedagogik och verksamhet P\u00e5 Stella Nova skapar vi en trygg och inspirerande milj\u00f6 d\u00e4r barnens utveckling och framtidstro st\u00e5r i&hellip; <a class=\"read-more\" href=\"https:\/\/hoppetossa.com\/stellanova\/pedagogik-verksamhet\/\">L\u00e4s mera<\/a><\/p>\n","protected":false},"author":1,"featured_media":0,"parent":0,"menu_order":0,"comment_status":"closed","ping_status":"closed","template":"","meta":{"_acf_changed":false,"_monsterinsights_skip_tracking":false,"_monsterinsights_sitenote_active":false,"_monsterinsights_sitenote_note":"","_monsterinsights_sitenote_category":0,"footnotes":""},"class_list":["post-47","page","type-page","status-publish","hentry"],"acf":[],"yoast_head":"<!-- This site is optimized with the Yoast SEO plugin v27.6 - https:\/\/yoast.com\/product\/yoast-seo-wordpress\/ -->\n<title>Pedagogik &amp; Verksamhet - F\u00f6rskolan Stella Nova<\/title>\n<meta name=\"robots\" content=\"index, follow, max-snippet:-1, max-image-preview:large, max-video-preview:-1\" \/>\n<link rel=\"canonical\" href=\"https:\/\/hoppetossa.com\/stellanova\/pedagogik-verksamhet\/\" \/>\n<meta property=\"og:locale\" content=\"sv_SE\" \/>\n<meta property=\"og:type\" content=\"article\" \/>\n<meta property=\"og:title\" content=\"Pedagogik &amp; Verksamhet - F\u00f6rskolan Stella Nova\" \/>\n<meta property=\"og:description\" content=\"Pedagogik och verksamhet P\u00e5 Stella Nova skapar vi en trygg och inspirerande milj\u00f6 d\u00e4r barnens utveckling och framtidstro st\u00e5r i&hellip; L\u00e4s mera\" \/>\n<meta property=\"og:url\" content=\"https:\/\/hoppetossa.com\/stellanova\/pedagogik-verksamhet\/\" \/>\n<meta property=\"og:site_name\" content=\"F\u00f6rskolan Stella Nova\" \/>\n<meta property=\"article:modified_time\" content=\"2025-04-25T14:05:23+00:00\" \/>\n<meta property=\"og:image\" content=\"https:\/\/hoppetossa.com\/stellanova\/wp-content\/uploads\/sites\/14\/2024\/12\/skarmavbild-2024-12-12-kl-213449.png\" \/>\n\t<meta property=\"og:image:width\" content=\"498\" \/>\n\t<meta property=\"og:image:height\" content=\"496\" \/>\n\t<meta property=\"og:image:type\" content=\"image\/png\" \/>\n<meta name=\"twitter:card\" content=\"summary_large_image\" \/>\n<meta name=\"twitter:label1\" content=\"Ber\u00e4knad l\u00e4stid\" \/>\n\t<meta name=\"twitter:data1\" content=\"3 minuter\" \/>\n<script type=\"application\/ld+json\" class=\"yoast-schema-graph\">{\"@context\":\"https:\\\/\\\/schema.org\",\"@graph\":[{\"@type\":\"WebPage\",\"@id\":\"https:\\\/\\\/hoppetossa.com\\\/stellanova\\\/pedagogik-verksamhet\\\/\",\"url\":\"https:\\\/\\\/hoppetossa.com\\\/stellanova\\\/pedagogik-verksamhet\\\/\",\"name\":\"Pedagogik &amp; Verksamhet - F\u00f6rskolan Stella Nova\",\"isPartOf\":{\"@id\":\"https:\\\/\\\/hoppetossa.com\\\/stellanova\\\/#website\"},\"primaryImageOfPage\":{\"@id\":\"https:\\\/\\\/hoppetossa.com\\\/stellanova\\\/pedagogik-verksamhet\\\/#primaryimage\"},\"image\":{\"@id\":\"https:\\\/\\\/hoppetossa.com\\\/stellanova\\\/pedagogik-verksamhet\\\/#primaryimage\"},\"thumbnailUrl\":\"https:\\\/\\\/hoppetossa.com\\\/stellanova\\\/wp-content\\\/uploads\\\/sites\\\/14\\\/2024\\\/12\\\/skarmavbild-2024-12-12-kl-213449.png\",\"datePublished\":\"2024-12-12T19:56:39+00:00\",\"dateModified\":\"2025-04-25T14:05:23+00:00\",\"breadcrumb\":{\"@id\":\"https:\\\/\\\/hoppetossa.com\\\/stellanova\\\/pedagogik-verksamhet\\\/#breadcrumb\"},\"inLanguage\":\"sv-SE\",\"potentialAction\":[{\"@type\":\"ReadAction\",\"target\":[\"https:\\\/\\\/hoppetossa.com\\\/stellanova\\\/pedagogik-verksamhet\\\/\"]}]},{\"@type\":\"ImageObject\",\"inLanguage\":\"sv-SE\",\"@id\":\"https:\\\/\\\/hoppetossa.com\\\/stellanova\\\/pedagogik-verksamhet\\\/#primaryimage\",\"url\":\"https:\\\/\\\/hoppetossa.com\\\/stellanova\\\/wp-content\\\/uploads\\\/sites\\\/14\\\/2024\\\/12\\\/skarmavbild-2024-12-12-kl-213449.png\",\"contentUrl\":\"https:\\\/\\\/hoppetossa.com\\\/stellanova\\\/wp-content\\\/uploads\\\/sites\\\/14\\\/2024\\\/12\\\/skarmavbild-2024-12-12-kl-213449.png\",\"width\":498,\"height\":496},{\"@type\":\"BreadcrumbList\",\"@id\":\"https:\\\/\\\/hoppetossa.com\\\/stellanova\\\/pedagogik-verksamhet\\\/#breadcrumb\",\"itemListElement\":[{\"@type\":\"ListItem\",\"position\":1,\"name\":\"Hem\",\"item\":\"https:\\\/\\\/hoppetossa.com\\\/stellanova\\\/\"},{\"@type\":\"ListItem\",\"position\":2,\"name\":\"Pedagogik &amp; Verksamhet\"}]},{\"@type\":\"WebSite\",\"@id\":\"https:\\\/\\\/hoppetossa.com\\\/stellanova\\\/#website\",\"url\":\"https:\\\/\\\/hoppetossa.com\\\/stellanova\\\/\",\"name\":\"F\u00f6rskolan Stella Nova\",\"description\":\"Hoppetossa f\u00f6rskolor\",\"potentialAction\":[{\"@type\":\"SearchAction\",\"target\":{\"@type\":\"EntryPoint\",\"urlTemplate\":\"https:\\\/\\\/hoppetossa.com\\\/stellanova\\\/?s={search_term_string}\"},\"query-input\":{\"@type\":\"PropertyValueSpecification\",\"valueRequired\":true,\"valueName\":\"search_term_string\"}}],\"inLanguage\":\"sv-SE\"}]}<\/script>\n<!-- \/ Yoast SEO plugin. -->","yoast_head_json":{"title":"Pedagogik &amp; Verksamhet - F\u00f6rskolan Stella Nova","robots":{"index":"index","follow":"follow","max-snippet":"max-snippet:-1","max-image-preview":"max-image-preview:large","max-video-preview":"max-video-preview:-1"},"canonical":"https:\/\/hoppetossa.com\/stellanova\/pedagogik-verksamhet\/","og_locale":"sv_SE","og_type":"article","og_title":"Pedagogik &amp; Verksamhet - F\u00f6rskolan Stella Nova","og_description":"Pedagogik och verksamhet P\u00e5 Stella Nova skapar vi en trygg och inspirerande milj\u00f6 d\u00e4r barnens utveckling och framtidstro st\u00e5r i&hellip; L\u00e4s mera","og_url":"https:\/\/hoppetossa.com\/stellanova\/pedagogik-verksamhet\/","og_site_name":"F\u00f6rskolan Stella Nova","article_modified_time":"2025-04-25T14:05:23+00:00","og_image":[{"width":498,"height":496,"url":"https:\/\/hoppetossa.com\/stellanova\/wp-content\/uploads\/sites\/14\/2024\/12\/skarmavbild-2024-12-12-kl-213449.png","type":"image\/png"}],"twitter_card":"summary_large_image","twitter_misc":{"Ber\u00e4knad l\u00e4stid":"3 minuter"},"schema":{"@context":"https:\/\/schema.org","@graph":[{"@type":"WebPage","@id":"https:\/\/hoppetossa.com\/stellanova\/pedagogik-verksamhet\/","url":"https:\/\/hoppetossa.com\/stellanova\/pedagogik-verksamhet\/","name":"Pedagogik &amp; Verksamhet - F\u00f6rskolan Stella Nova","isPartOf":{"@id":"https:\/\/hoppetossa.com\/stellanova\/#website"},"primaryImageOfPage":{"@id":"https:\/\/hoppetossa.com\/stellanova\/pedagogik-verksamhet\/#primaryimage"},"image":{"@id":"https:\/\/hoppetossa.com\/stellanova\/pedagogik-verksamhet\/#primaryimage"},"thumbnailUrl":"https:\/\/hoppetossa.com\/stellanova\/wp-content\/uploads\/sites\/14\/2024\/12\/skarmavbild-2024-12-12-kl-213449.png","datePublished":"2024-12-12T19:56:39+00:00","dateModified":"2025-04-25T14:05:23+00:00","breadcrumb":{"@id":"https:\/\/hoppetossa.com\/stellanova\/pedagogik-verksamhet\/#breadcrumb"},"inLanguage":"sv-SE","potentialAction":[{"@type":"ReadAction","target":["https:\/\/hoppetossa.com\/stellanova\/pedagogik-verksamhet\/"]}]},{"@type":"ImageObject","inLanguage":"sv-SE","@id":"https:\/\/hoppetossa.com\/stellanova\/pedagogik-verksamhet\/#primaryimage","url":"https:\/\/hoppetossa.com\/stellanova\/wp-content\/uploads\/sites\/14\/2024\/12\/skarmavbild-2024-12-12-kl-213449.png","contentUrl":"https:\/\/hoppetossa.com\/stellanova\/wp-content\/uploads\/sites\/14\/2024\/12\/skarmavbild-2024-12-12-kl-213449.png","width":498,"height":496},{"@type":"BreadcrumbList","@id":"https:\/\/hoppetossa.com\/stellanova\/pedagogik-verksamhet\/#breadcrumb","itemListElement":[{"@type":"ListItem","position":1,"name":"Hem","item":"https:\/\/hoppetossa.com\/stellanova\/"},{"@type":"ListItem","position":2,"name":"Pedagogik &amp; Verksamhet"}]},{"@type":"WebSite","@id":"https:\/\/hoppetossa.com\/stellanova\/#website","url":"https:\/\/hoppetossa.com\/stellanova\/","name":"F\u00f6rskolan Stella Nova","description":"Hoppetossa f\u00f6rskolor","potentialAction":[{"@type":"SearchAction","target":{"@type":"EntryPoint","urlTemplate":"https:\/\/hoppetossa.com\/stellanova\/?s={search_term_string}"},"query-input":{"@type":"PropertyValueSpecification","valueRequired":true,"valueName":"search_term_string"}}],"inLanguage":"sv-SE"}]}},"_links":{"self":[{"href":"https:\/\/hoppetossa.com\/stellanova\/wp-json\/wp\/v2\/pages\/47","targetHints":{"allow":["GET"]}}],"collection":[{"href":"https:\/\/hoppetossa.com\/stellanova\/wp-json\/wp\/v2\/pages"}],"about":[{"href":"https:\/\/hoppetossa.com\/stellanova\/wp-json\/wp\/v2\/types\/page"}],"author":[{"embeddable":true,"href":"https:\/\/hoppetossa.com\/stellanova\/wp-json\/wp\/v2\/users\/1"}],"replies":[{"embeddable":true,"href":"https:\/\/hoppetossa.com\/stellanova\/wp-json\/wp\/v2\/comments?post=47"}],"version-history":[{"count":13,"href":"https:\/\/hoppetossa.com\/stellanova\/wp-json\/wp\/v2\/pages\/47\/revisions"}],"predecessor-version":[{"id":150,"href":"https:\/\/hoppetossa.com\/stellanova\/wp-json\/wp\/v2\/pages\/47\/revisions\/150"}],"wp:attachment":[{"href":"https:\/\/hoppetossa.com\/stellanova\/wp-json\/wp\/v2\/media?parent=47"}],"curies":[{"name":"wp","href":"https:\/\/api.w.org\/{rel}","templated":true}]}}