{"id":75,"date":"2024-12-12T21:44:16","date_gmt":"2024-12-12T20:44:16","guid":{"rendered":"https:\/\/hoppetossa.com\/stellanova\/?page_id=75"},"modified":"2025-02-02T14:57:19","modified_gmt":"2025-02-02T13:57:19","slug":"forskola-hem","status":"publish","type":"page","link":"https:\/\/hoppetossa.com\/stellanova\/forskola-hem\/","title":{"rendered":"F\u00f6rskola &amp; Hem"},"content":{"rendered":"\n<h2 class=\"wp-block-heading\">F\u00f6rskola och hem<\/h2>\n\n\n\n<figure class=\"wp-block-gallery has-nested-images columns-default is-cropped wp-block-gallery-1 is-layout-flex wp-block-gallery-is-layout-flex\">\n<figure class=\"wp-block-image size-large\"><img loading=\"lazy\" decoding=\"async\" width=\"604\" height=\"596\" data-id=\"76\" src=\"https:\/\/hoppetossa.com\/stellanova\/wp-content\/uploads\/sites\/14\/2024\/12\/skarmavbild-2024-12-12-kl-154107.png\" alt=\"\" class=\"wp-image-76 img-responsive\" srcset=\"https:\/\/hoppetossa.com\/stellanova\/wp-content\/uploads\/sites\/14\/2024\/12\/skarmavbild-2024-12-12-kl-154107.png 604w, https:\/\/hoppetossa.com\/stellanova\/wp-content\/uploads\/sites\/14\/2024\/12\/skarmavbild-2024-12-12-kl-154107-300x296.png 300w\" sizes=\"auto, (max-width: 604px) 100vw, 604px\" \/><\/figure>\n\n\n\n<figure class=\"wp-block-image size-large\"><img loading=\"lazy\" decoding=\"async\" width=\"608\" height=\"608\" data-id=\"77\" src=\"https:\/\/hoppetossa.com\/stellanova\/wp-content\/uploads\/sites\/14\/2024\/12\/skarmavbild-2024-12-12-kl-154116-1.png\" alt=\"\" class=\"wp-image-77 img-responsive\" srcset=\"https:\/\/hoppetossa.com\/stellanova\/wp-content\/uploads\/sites\/14\/2024\/12\/skarmavbild-2024-12-12-kl-154116-1.png 608w, https:\/\/hoppetossa.com\/stellanova\/wp-content\/uploads\/sites\/14\/2024\/12\/skarmavbild-2024-12-12-kl-154116-1-300x300.png 300w, https:\/\/hoppetossa.com\/stellanova\/wp-content\/uploads\/sites\/14\/2024\/12\/skarmavbild-2024-12-12-kl-154116-1-150x150.png 150w\" sizes=\"auto, (max-width: 608px) 100vw, 608px\" \/><\/figure>\n\n\n\n<figure class=\"wp-block-image size-large\"><img loading=\"lazy\" decoding=\"async\" width=\"598\" height=\"598\" data-id=\"78\" src=\"https:\/\/hoppetossa.com\/stellanova\/wp-content\/uploads\/sites\/14\/2024\/12\/skarmavbild-2024-12-12-kl-154150.png\" alt=\"\" class=\"wp-image-78 img-responsive\" srcset=\"https:\/\/hoppetossa.com\/stellanova\/wp-content\/uploads\/sites\/14\/2024\/12\/skarmavbild-2024-12-12-kl-154150.png 598w, https:\/\/hoppetossa.com\/stellanova\/wp-content\/uploads\/sites\/14\/2024\/12\/skarmavbild-2024-12-12-kl-154150-300x300.png 300w, https:\/\/hoppetossa.com\/stellanova\/wp-content\/uploads\/sites\/14\/2024\/12\/skarmavbild-2024-12-12-kl-154150-150x150.png 150w\" sizes=\"auto, (max-width: 598px) 100vw, 598px\" \/><\/figure>\n<\/figure>\n\n\n\n<div style=\"height:18px\" aria-hidden=\"true\" class=\"wp-block-spacer\"><\/div>\n\n\n\n<p>Vi arbetar medvetet f\u00f6r att skapa&nbsp;trygghet&nbsp;f\u00f6r barn och v\u00e5rdnadshavare.&nbsp;F\u00f6r oss \u00e4r det viktigt att vi, f\u00f6rskola \u2013 hem, samarbetar och utvecklar en tillitsfull relation. Hos oss \u00e4r det sj\u00e4lvklart att alla barn och familjer ska bem\u00f6tas med respekt och \u00f6dmjukt i det dagliga m\u00f6tet och k\u00e4nna sig v\u00e4lkomna. Vi uppmuntrar till f\u00f6r\u00e4ldrainflytande eftersom det \u00e4r en f\u00f6ruts\u00e4ttning f\u00f6r barnen att f\u00f6rskolan och hemmet st\u00e5r i tillitsfull och n\u00e4ra f\u00f6rbindelse.<\/p>\n\n\n\n<h2 class=\"wp-block-heading\">Introduktion \u2013 n\u00e4r ert barn b\u00f6rjar f\u00f6rskolan<\/h2>\n\n\n\n<p>Innan introduktionen tar f\u00f6rskolans pedagoger kontakt med er f\u00f6r att delge er information inf\u00f6r inskolningen. I samband med inskolningen sker \u00e4ven samtal mellan er och f\u00f6rskolan, syftet \u00e4r att ni f\u00e5r m\u00f6jlighet att ber\u00e4tta om ert barn och p\u00e5 vilket s\u00e4tt f\u00f6rskolan kan bidra till trivsel, utveckling och l\u00e4rande. Vid inskolningsperioden \u00e4r v\u00e5rt syfte att barnen ska kunna k\u00e4nna sig v\u00e4lkomna d\u00e4r vi f\u00f6rs\u00f6ker att skapa relation med barnen f\u00f6r deras trygghet och tillit till oss pedagoger.<\/p>\n\n\n\n<h2 class=\"wp-block-heading\">\u00d6ppettider<\/h2>\n\n\n\n<p>Vi f\u00f6ljer Sundbyberg Stads riktlinjer. Vid inskrivning av nytt barn samt i b\u00f6rjan av varje termin samlar vi in v\u00e5rdnadshavares behov av barnomsorg f\u00f6r den kommande terminen. Sj\u00e4lvfallet g\u00e5r det att \u00e4ndra tider \u00e4ven under terminens g\u00e5ng i enlighet med v\u00e5ra rutiner. V\u00e5rdnadshavare ansvarar f\u00f6r att den avtalade tiden h\u00e5lls.<\/p>\n\n\n\n<h2 class=\"wp-block-heading\">K\u00f6regler<\/h2>\n\n\n\n<p>V\u00e5r f\u00f6rskola\u00a0\u00e4r med i Sundbyberg Stads gemensamma k\u00f6, vilket inneb\u00e4r att vi f\u00f6ljer deras urvalsregler. L\u00e4s mer h\u00e4r: <a href=\"https:\/\/www.sundbyberg.se\/forskola-skola-och-utbildning\/forskola\/ansok-eller-sag-upp-plats#:~:text=Ans%C3%B6kan,kontaktuppgifter%20och%20s%C3%A4ga%20upp%20f%C3%B6rskoleplats.\">https:\/\/www.sundbyberg.se\/forskola-skola-och-utbildning\/forskola\/ansok-eller-sag-upp-plats#:~:text=Ans%C3%B6kan,kontaktuppgifter%20och%20s%C3%A4ga%20upp%20f%C3%B6rskoleplats.<\/a><\/p>\n\n\n\n<h2 class=\"wp-block-heading\">M\u00e5nadsavgift<\/h2>\n\n\n\n<p>M\u00e5nadsavgiften f\u00f6ljer den kommunala maxtaxan. Man&nbsp;har ingen r\u00e4tt till \u00e5terbetalning av m\u00e5nadsavgiften om barnet&nbsp;\u00e4r tillf\u00e4lligt fr\u00e5nvarande fr\u00e5n f\u00f6rskolan&nbsp;(t.ex. vid sjukdom eller resa).&nbsp;Man betalar m\u00e5nadsavgift 12 m\u00e5nader per \u00e5r.&nbsp; N\u00e5gon avgift\/kostnad ut\u00f6ver maxtaxan f\u00e5r inte tas ut f\u00f6r en plats i f\u00f6rskolan, och detta g\u00f6r vi sj\u00e4lvfallet&nbsp;<strong>inte<\/strong>&nbsp;i v\u00e5r f\u00f6rskola.<\/p>\n\n\n\n<h2 class=\"wp-block-heading\">Upps\u00e4gningstid<\/h2>\n\n\n\n<p>En v\u00e5rdnadshavares upps\u00e4gningstid av sitt barns plats i en f\u00f6rskola \u00e4r en m\u00e5nad. Man betalar m\u00e5nadsavgift under upps\u00e4gningstiden.<\/p>\n\n\n\n<h2 class=\"wp-block-heading\">Olycksfallsf\u00f6rs\u00e4kring<\/h2>\n\n\n\n<p>Alla barn som g\u00e5r i kommunala och frist\u00e5ende f\u00f6rskolor i Sundbyberg Stad \u00e4r olycksfallsf\u00f6rs\u00e4krade. L\u00e4s mer p\u00e5 Sundbyberg Stads hemsida:<a href=\" https:\/\/www.sundbyberg.se\/forskola-skola-och-utbildning\/forsakringar-i-skolan#:~:text=Sundbybergs%20stad%20har%20en%20kollektiv,delta%20i%20Sundbybergs%20stads%20verksamheter.\"> https:\/\/www.sundbyberg.se\/forskola-skola-och-utbildning\/forsakringar-i-skolan#:~:text=Sundbybergs%20stad%20har%20en%20kollektiv,delta%20i%20Sundbybergs%20stads%20verksamheter.<\/a><\/p>\n\n\n\n<p><\/p>\n\n\n\n<p><\/p>\n","protected":false},"excerpt":{"rendered":"<p>F\u00f6rskola och hem Vi arbetar medvetet f\u00f6r att skapa&nbsp;trygghet&nbsp;f\u00f6r barn och v\u00e5rdnadshavare.&nbsp;F\u00f6r oss \u00e4r det viktigt att vi, f\u00f6rskola \u2013&hellip; <a class=\"read-more\" href=\"https:\/\/hoppetossa.com\/stellanova\/forskola-hem\/\">L\u00e4s mera<\/a><\/p>\n","protected":false},"author":1,"featured_media":0,"parent":0,"menu_order":0,"comment_status":"closed","ping_status":"closed","template":"","meta":{"_acf_changed":false,"_monsterinsights_skip_tracking":false,"_monsterinsights_sitenote_active":false,"_monsterinsights_sitenote_note":"","_monsterinsights_sitenote_category":0,"footnotes":""},"class_list":["post-75","page","type-page","status-publish","hentry"],"acf":[],"yoast_head":"<!-- This site is optimized with the Yoast SEO plugin v27.5 - https:\/\/yoast.com\/product\/yoast-seo-wordpress\/ -->\n<title>F\u00f6rskola &amp; Hem - F\u00f6rskolan Stella Nova<\/title>\n<meta name=\"robots\" content=\"index, follow, max-snippet:-1, max-image-preview:large, max-video-preview:-1\" \/>\n<link rel=\"canonical\" href=\"https:\/\/hoppetossa.com\/stellanova\/forskola-hem\/\" \/>\n<meta property=\"og:locale\" content=\"sv_SE\" \/>\n<meta property=\"og:type\" content=\"article\" \/>\n<meta property=\"og:title\" content=\"F\u00f6rskola &amp; Hem - F\u00f6rskolan Stella Nova\" \/>\n<meta property=\"og:description\" content=\"F\u00f6rskola och hem Vi arbetar medvetet f\u00f6r att skapa&nbsp;trygghet&nbsp;f\u00f6r barn och v\u00e5rdnadshavare.&nbsp;F\u00f6r oss \u00e4r det viktigt att vi, f\u00f6rskola \u2013&hellip; L\u00e4s mera\" \/>\n<meta property=\"og:url\" content=\"https:\/\/hoppetossa.com\/stellanova\/forskola-hem\/\" \/>\n<meta property=\"og:site_name\" content=\"F\u00f6rskolan Stella Nova\" \/>\n<meta property=\"article:modified_time\" content=\"2025-02-02T13:57:19+00:00\" \/>\n<meta property=\"og:image\" content=\"https:\/\/hoppetossa.com\/stellanova\/wp-content\/uploads\/sites\/14\/2024\/12\/skarmavbild-2024-12-12-kl-154107.png\" \/>\n\t<meta property=\"og:image:width\" content=\"604\" \/>\n\t<meta property=\"og:image:height\" content=\"596\" \/>\n\t<meta property=\"og:image:type\" content=\"image\/png\" \/>\n<meta name=\"twitter:card\" content=\"summary_large_image\" \/>\n<meta name=\"twitter:label1\" content=\"Ber\u00e4knad l\u00e4stid\" \/>\n\t<meta name=\"twitter:data1\" content=\"3 minuter\" \/>\n<script type=\"application\/ld+json\" class=\"yoast-schema-graph\">{\"@context\":\"https:\\\/\\\/schema.org\",\"@graph\":[{\"@type\":\"WebPage\",\"@id\":\"https:\\\/\\\/hoppetossa.com\\\/stellanova\\\/forskola-hem\\\/\",\"url\":\"https:\\\/\\\/hoppetossa.com\\\/stellanova\\\/forskola-hem\\\/\",\"name\":\"F\u00f6rskola &amp; Hem - F\u00f6rskolan Stella Nova\",\"isPartOf\":{\"@id\":\"https:\\\/\\\/hoppetossa.com\\\/stellanova\\\/#website\"},\"primaryImageOfPage\":{\"@id\":\"https:\\\/\\\/hoppetossa.com\\\/stellanova\\\/forskola-hem\\\/#primaryimage\"},\"image\":{\"@id\":\"https:\\\/\\\/hoppetossa.com\\\/stellanova\\\/forskola-hem\\\/#primaryimage\"},\"thumbnailUrl\":\"https:\\\/\\\/hoppetossa.com\\\/stellanova\\\/wp-content\\\/uploads\\\/sites\\\/14\\\/2024\\\/12\\\/skarmavbild-2024-12-12-kl-154107.png\",\"datePublished\":\"2024-12-12T20:44:16+00:00\",\"dateModified\":\"2025-02-02T13:57:19+00:00\",\"breadcrumb\":{\"@id\":\"https:\\\/\\\/hoppetossa.com\\\/stellanova\\\/forskola-hem\\\/#breadcrumb\"},\"inLanguage\":\"sv-SE\",\"potentialAction\":[{\"@type\":\"ReadAction\",\"target\":[\"https:\\\/\\\/hoppetossa.com\\\/stellanova\\\/forskola-hem\\\/\"]}]},{\"@type\":\"ImageObject\",\"inLanguage\":\"sv-SE\",\"@id\":\"https:\\\/\\\/hoppetossa.com\\\/stellanova\\\/forskola-hem\\\/#primaryimage\",\"url\":\"https:\\\/\\\/hoppetossa.com\\\/stellanova\\\/wp-content\\\/uploads\\\/sites\\\/14\\\/2024\\\/12\\\/skarmavbild-2024-12-12-kl-154107.png\",\"contentUrl\":\"https:\\\/\\\/hoppetossa.com\\\/stellanova\\\/wp-content\\\/uploads\\\/sites\\\/14\\\/2024\\\/12\\\/skarmavbild-2024-12-12-kl-154107.png\",\"width\":604,\"height\":596},{\"@type\":\"BreadcrumbList\",\"@id\":\"https:\\\/\\\/hoppetossa.com\\\/stellanova\\\/forskola-hem\\\/#breadcrumb\",\"itemListElement\":[{\"@type\":\"ListItem\",\"position\":1,\"name\":\"Hem\",\"item\":\"https:\\\/\\\/hoppetossa.com\\\/stellanova\\\/\"},{\"@type\":\"ListItem\",\"position\":2,\"name\":\"F\u00f6rskola &amp; Hem\"}]},{\"@type\":\"WebSite\",\"@id\":\"https:\\\/\\\/hoppetossa.com\\\/stellanova\\\/#website\",\"url\":\"https:\\\/\\\/hoppetossa.com\\\/stellanova\\\/\",\"name\":\"F\u00f6rskolan Stella Nova\",\"description\":\"Hoppetossa f\u00f6rskolor\",\"potentialAction\":[{\"@type\":\"SearchAction\",\"target\":{\"@type\":\"EntryPoint\",\"urlTemplate\":\"https:\\\/\\\/hoppetossa.com\\\/stellanova\\\/?s={search_term_string}\"},\"query-input\":{\"@type\":\"PropertyValueSpecification\",\"valueRequired\":true,\"valueName\":\"search_term_string\"}}],\"inLanguage\":\"sv-SE\"}]}<\/script>\n<!-- \/ Yoast SEO plugin. -->","yoast_head_json":{"title":"F\u00f6rskola &amp; Hem - F\u00f6rskolan Stella Nova","robots":{"index":"index","follow":"follow","max-snippet":"max-snippet:-1","max-image-preview":"max-image-preview:large","max-video-preview":"max-video-preview:-1"},"canonical":"https:\/\/hoppetossa.com\/stellanova\/forskola-hem\/","og_locale":"sv_SE","og_type":"article","og_title":"F\u00f6rskola &amp; Hem - F\u00f6rskolan Stella Nova","og_description":"F\u00f6rskola och hem Vi arbetar medvetet f\u00f6r att skapa&nbsp;trygghet&nbsp;f\u00f6r barn och v\u00e5rdnadshavare.&nbsp;F\u00f6r oss \u00e4r det viktigt att vi, f\u00f6rskola \u2013&hellip; L\u00e4s mera","og_url":"https:\/\/hoppetossa.com\/stellanova\/forskola-hem\/","og_site_name":"F\u00f6rskolan Stella Nova","article_modified_time":"2025-02-02T13:57:19+00:00","og_image":[{"width":604,"height":596,"url":"https:\/\/hoppetossa.com\/stellanova\/wp-content\/uploads\/sites\/14\/2024\/12\/skarmavbild-2024-12-12-kl-154107.png","type":"image\/png"}],"twitter_card":"summary_large_image","twitter_misc":{"Ber\u00e4knad l\u00e4stid":"3 minuter"},"schema":{"@context":"https:\/\/schema.org","@graph":[{"@type":"WebPage","@id":"https:\/\/hoppetossa.com\/stellanova\/forskola-hem\/","url":"https:\/\/hoppetossa.com\/stellanova\/forskola-hem\/","name":"F\u00f6rskola &amp; Hem - F\u00f6rskolan Stella Nova","isPartOf":{"@id":"https:\/\/hoppetossa.com\/stellanova\/#website"},"primaryImageOfPage":{"@id":"https:\/\/hoppetossa.com\/stellanova\/forskola-hem\/#primaryimage"},"image":{"@id":"https:\/\/hoppetossa.com\/stellanova\/forskola-hem\/#primaryimage"},"thumbnailUrl":"https:\/\/hoppetossa.com\/stellanova\/wp-content\/uploads\/sites\/14\/2024\/12\/skarmavbild-2024-12-12-kl-154107.png","datePublished":"2024-12-12T20:44:16+00:00","dateModified":"2025-02-02T13:57:19+00:00","breadcrumb":{"@id":"https:\/\/hoppetossa.com\/stellanova\/forskola-hem\/#breadcrumb"},"inLanguage":"sv-SE","potentialAction":[{"@type":"ReadAction","target":["https:\/\/hoppetossa.com\/stellanova\/forskola-hem\/"]}]},{"@type":"ImageObject","inLanguage":"sv-SE","@id":"https:\/\/hoppetossa.com\/stellanova\/forskola-hem\/#primaryimage","url":"https:\/\/hoppetossa.com\/stellanova\/wp-content\/uploads\/sites\/14\/2024\/12\/skarmavbild-2024-12-12-kl-154107.png","contentUrl":"https:\/\/hoppetossa.com\/stellanova\/wp-content\/uploads\/sites\/14\/2024\/12\/skarmavbild-2024-12-12-kl-154107.png","width":604,"height":596},{"@type":"BreadcrumbList","@id":"https:\/\/hoppetossa.com\/stellanova\/forskola-hem\/#breadcrumb","itemListElement":[{"@type":"ListItem","position":1,"name":"Hem","item":"https:\/\/hoppetossa.com\/stellanova\/"},{"@type":"ListItem","position":2,"name":"F\u00f6rskola &amp; Hem"}]},{"@type":"WebSite","@id":"https:\/\/hoppetossa.com\/stellanova\/#website","url":"https:\/\/hoppetossa.com\/stellanova\/","name":"F\u00f6rskolan Stella Nova","description":"Hoppetossa f\u00f6rskolor","potentialAction":[{"@type":"SearchAction","target":{"@type":"EntryPoint","urlTemplate":"https:\/\/hoppetossa.com\/stellanova\/?s={search_term_string}"},"query-input":{"@type":"PropertyValueSpecification","valueRequired":true,"valueName":"search_term_string"}}],"inLanguage":"sv-SE"}]}},"_links":{"self":[{"href":"https:\/\/hoppetossa.com\/stellanova\/wp-json\/wp\/v2\/pages\/75","targetHints":{"allow":["GET"]}}],"collection":[{"href":"https:\/\/hoppetossa.com\/stellanova\/wp-json\/wp\/v2\/pages"}],"about":[{"href":"https:\/\/hoppetossa.com\/stellanova\/wp-json\/wp\/v2\/types\/page"}],"author":[{"embeddable":true,"href":"https:\/\/hoppetossa.com\/stellanova\/wp-json\/wp\/v2\/users\/1"}],"replies":[{"embeddable":true,"href":"https:\/\/hoppetossa.com\/stellanova\/wp-json\/wp\/v2\/comments?post=75"}],"version-history":[{"count":3,"href":"https:\/\/hoppetossa.com\/stellanova\/wp-json\/wp\/v2\/pages\/75\/revisions"}],"predecessor-version":[{"id":140,"href":"https:\/\/hoppetossa.com\/stellanova\/wp-json\/wp\/v2\/pages\/75\/revisions\/140"}],"wp:attachment":[{"href":"https:\/\/hoppetossa.com\/stellanova\/wp-json\/wp\/v2\/media?parent=75"}],"curies":[{"name":"wp","href":"https:\/\/api.w.org\/{rel}","templated":true}]}}