{"id":8,"date":"2024-06-09T19:51:26","date_gmt":"2024-06-09T17:51:26","guid":{"rendered":"https:\/\/hoppetossa.com\/stellanova\/?page_id=8"},"modified":"2025-02-02T14:51:38","modified_gmt":"2025-02-02T13:51:38","slug":"stellanova","status":"publish","type":"page","link":"https:\/\/hoppetossa.com\/stellanova\/","title":{"rendered":"Stella Nova"},"content":{"rendered":"","protected":false},"excerpt":{"rendered":"","protected":false},"author":5,"featured_media":0,"parent":0,"menu_order":0,"comment_status":"closed","ping_status":"closed","template":"","meta":{"_acf_changed":false,"_monsterinsights_skip_tracking":false,"_monsterinsights_sitenote_active":false,"_monsterinsights_sitenote_note":"","_monsterinsights_sitenote_category":0,"footnotes":""},"class_list":["post-8","page","type-page","status-publish","hentry"],"acf":[],"yoast_head":"<!-- This site is optimized with the Yoast SEO plugin v27.6 - https:\/\/yoast.com\/product\/yoast-seo-wordpress\/ -->\n<title>Stella Nova - F\u00f6rskolan Stella Nova<\/title>\n<meta name=\"description\" content=\"F\u00f6rskolan Stella Nova i Hallonbergen \u2013 en trygg plats f\u00f6r hela familjen, d\u00e4r barnens utveckling st\u00e5r i centrum!\" \/>\n<meta name=\"robots\" content=\"index, follow, max-snippet:-1, max-image-preview:large, max-video-preview:-1\" \/>\n<link rel=\"canonical\" href=\"https:\/\/hoppetossa.com\/stellanova\/\" \/>\n<meta property=\"og:locale\" content=\"sv_SE\" \/>\n<meta property=\"og:type\" content=\"article\" \/>\n<meta property=\"og:title\" content=\"Stella Nova - F\u00f6rskolan Stella Nova\" \/>\n<meta property=\"og:description\" content=\"F\u00f6rskolan Stella Nova i Hallonbergen \u2013 en trygg plats f\u00f6r hela familjen, d\u00e4r barnens utveckling st\u00e5r i centrum!\" \/>\n<meta property=\"og:url\" content=\"https:\/\/hoppetossa.com\/stellanova\/\" \/>\n<meta property=\"og:site_name\" content=\"F\u00f6rskolan Stella Nova\" \/>\n<meta property=\"article:modified_time\" content=\"2025-02-02T13:51:38+00:00\" \/>\n<meta name=\"twitter:card\" content=\"summary_large_image\" \/>\n<meta name=\"twitter:label1\" content=\"Ber\u00e4knad l\u00e4stid\" \/>\n\t<meta name=\"twitter:data1\" content=\"3 minuter\" \/>\n<script type=\"application\/ld+json\" class=\"yoast-schema-graph\">{\"@context\":\"https:\\\/\\\/schema.org\",\"@graph\":[{\"@type\":\"WebPage\",\"@id\":\"https:\\\/\\\/hoppetossa.com\\\/stellanova\\\/\",\"url\":\"https:\\\/\\\/hoppetossa.com\\\/stellanova\\\/\",\"name\":\"Stella Nova - F\u00f6rskolan Stella Nova\",\"isPartOf\":{\"@id\":\"https:\\\/\\\/hoppetossa.com\\\/stellanova\\\/#website\"},\"datePublished\":\"2024-06-09T17:51:26+00:00\",\"dateModified\":\"2025-02-02T13:51:38+00:00\",\"description\":\"F\u00f6rskolan Stella Nova i Hallonbergen \u2013 en trygg plats f\u00f6r hela familjen, d\u00e4r barnens utveckling st\u00e5r i centrum!\",\"breadcrumb\":{\"@id\":\"https:\\\/\\\/hoppetossa.com\\\/stellanova\\\/#breadcrumb\"},\"inLanguage\":\"sv-SE\",\"potentialAction\":[{\"@type\":\"ReadAction\",\"target\":[\"https:\\\/\\\/hoppetossa.com\\\/stellanova\\\/\"]}]},{\"@type\":\"BreadcrumbList\",\"@id\":\"https:\\\/\\\/hoppetossa.com\\\/stellanova\\\/#breadcrumb\",\"itemListElement\":[{\"@type\":\"ListItem\",\"position\":1,\"name\":\"Hem\",\"item\":\"https:\\\/\\\/hoppetossa.com\\\/stellanova\\\/\"},{\"@type\":\"ListItem\",\"position\":2,\"name\":\"Stella Nova\"}]},{\"@type\":\"WebSite\",\"@id\":\"https:\\\/\\\/hoppetossa.com\\\/stellanova\\\/#website\",\"url\":\"https:\\\/\\\/hoppetossa.com\\\/stellanova\\\/\",\"name\":\"F\u00f6rskolan Stella Nova\",\"description\":\"Hoppetossa f\u00f6rskolor\",\"potentialAction\":[{\"@type\":\"SearchAction\",\"target\":{\"@type\":\"EntryPoint\",\"urlTemplate\":\"https:\\\/\\\/hoppetossa.com\\\/stellanova\\\/?s={search_term_string}\"},\"query-input\":{\"@type\":\"PropertyValueSpecification\",\"valueRequired\":true,\"valueName\":\"search_term_string\"}}],\"inLanguage\":\"sv-SE\"}]}<\/script>\n<!-- \/ Yoast SEO plugin. -->","yoast_head_json":{"title":"Stella Nova - F\u00f6rskolan Stella Nova","description":"F\u00f6rskolan Stella Nova i Hallonbergen \u2013 en trygg plats f\u00f6r hela familjen, d\u00e4r barnens utveckling st\u00e5r i centrum!","robots":{"index":"index","follow":"follow","max-snippet":"max-snippet:-1","max-image-preview":"max-image-preview:large","max-video-preview":"max-video-preview:-1"},"canonical":"https:\/\/hoppetossa.com\/stellanova\/","og_locale":"sv_SE","og_type":"article","og_title":"Stella Nova - F\u00f6rskolan Stella Nova","og_description":"F\u00f6rskolan Stella Nova i Hallonbergen \u2013 en trygg plats f\u00f6r hela familjen, d\u00e4r barnens utveckling st\u00e5r i centrum!","og_url":"https:\/\/hoppetossa.com\/stellanova\/","og_site_name":"F\u00f6rskolan Stella Nova","article_modified_time":"2025-02-02T13:51:38+00:00","twitter_card":"summary_large_image","twitter_misc":{"Ber\u00e4knad l\u00e4stid":"3 minuter"},"schema":{"@context":"https:\/\/schema.org","@graph":[{"@type":"WebPage","@id":"https:\/\/hoppetossa.com\/stellanova\/","url":"https:\/\/hoppetossa.com\/stellanova\/","name":"Stella Nova - F\u00f6rskolan Stella Nova","isPartOf":{"@id":"https:\/\/hoppetossa.com\/stellanova\/#website"},"datePublished":"2024-06-09T17:51:26+00:00","dateModified":"2025-02-02T13:51:38+00:00","description":"F\u00f6rskolan Stella Nova i Hallonbergen \u2013 en trygg plats f\u00f6r hela familjen, d\u00e4r barnens utveckling st\u00e5r i centrum!","breadcrumb":{"@id":"https:\/\/hoppetossa.com\/stellanova\/#breadcrumb"},"inLanguage":"sv-SE","potentialAction":[{"@type":"ReadAction","target":["https:\/\/hoppetossa.com\/stellanova\/"]}]},{"@type":"BreadcrumbList","@id":"https:\/\/hoppetossa.com\/stellanova\/#breadcrumb","itemListElement":[{"@type":"ListItem","position":1,"name":"Hem","item":"https:\/\/hoppetossa.com\/stellanova\/"},{"@type":"ListItem","position":2,"name":"Stella Nova"}]},{"@type":"WebSite","@id":"https:\/\/hoppetossa.com\/stellanova\/#website","url":"https:\/\/hoppetossa.com\/stellanova\/","name":"F\u00f6rskolan Stella Nova","description":"Hoppetossa f\u00f6rskolor","potentialAction":[{"@type":"SearchAction","target":{"@type":"EntryPoint","urlTemplate":"https:\/\/hoppetossa.com\/stellanova\/?s={search_term_string}"},"query-input":{"@type":"PropertyValueSpecification","valueRequired":true,"valueName":"search_term_string"}}],"inLanguage":"sv-SE"}]}},"_links":{"self":[{"href":"https:\/\/hoppetossa.com\/stellanova\/wp-json\/wp\/v2\/pages\/8","targetHints":{"allow":["GET"]}}],"collection":[{"href":"https:\/\/hoppetossa.com\/stellanova\/wp-json\/wp\/v2\/pages"}],"about":[{"href":"https:\/\/hoppetossa.com\/stellanova\/wp-json\/wp\/v2\/types\/page"}],"author":[{"embeddable":true,"href":"https:\/\/hoppetossa.com\/stellanova\/wp-json\/wp\/v2\/users\/5"}],"replies":[{"embeddable":true,"href":"https:\/\/hoppetossa.com\/stellanova\/wp-json\/wp\/v2\/comments?post=8"}],"version-history":[{"count":16,"href":"https:\/\/hoppetossa.com\/stellanova\/wp-json\/wp\/v2\/pages\/8\/revisions"}],"predecessor-version":[{"id":138,"href":"https:\/\/hoppetossa.com\/stellanova\/wp-json\/wp\/v2\/pages\/8\/revisions\/138"}],"wp:attachment":[{"href":"https:\/\/hoppetossa.com\/stellanova\/wp-json\/wp\/v2\/media?parent=8"}],"curies":[{"name":"wp","href":"https:\/\/api.w.org\/{rel}","templated":true}]}}