{"id":92,"date":"2024-12-12T22:07:50","date_gmt":"2024-12-12T21:07:50","guid":{"rendered":"https:\/\/hoppetossa.com\/stellanova\/?page_id=92"},"modified":"2025-02-13T13:32:59","modified_gmt":"2025-02-13T12:32:59","slug":"in-english","status":"publish","type":"page","link":"https:\/\/hoppetossa.com\/stellanova\/in-english\/","title":{"rendered":"In English"},"content":{"rendered":"\n<h2 class=\"wp-block-heading\"><strong>Welcome to Stella Nova Preschool in Hallonbergen<\/strong><\/h2>\n\n\n\n<figure class=\"wp-block-gallery has-nested-images columns-default is-cropped wp-block-gallery-1 is-layout-flex wp-block-gallery-is-layout-flex\">\n<figure class=\"wp-block-image size-large\"><img loading=\"lazy\" decoding=\"async\" width=\"504\" height=\"502\" data-id=\"96\" src=\"https:\/\/hoppetossa.com\/stellanova\/wp-content\/uploads\/sites\/14\/2024\/12\/skarmavbild-2024-12-12-kl-220847.png\" alt=\"\" class=\"wp-image-96 img-responsive\" srcset=\"https:\/\/hoppetossa.com\/stellanova\/wp-content\/uploads\/sites\/14\/2024\/12\/skarmavbild-2024-12-12-kl-220847.png 504w, https:\/\/hoppetossa.com\/stellanova\/wp-content\/uploads\/sites\/14\/2024\/12\/skarmavbild-2024-12-12-kl-220847-300x300.png 300w, https:\/\/hoppetossa.com\/stellanova\/wp-content\/uploads\/sites\/14\/2024\/12\/skarmavbild-2024-12-12-kl-220847-150x150.png 150w\" sizes=\"auto, (max-width: 504px) 100vw, 504px\" \/><\/figure>\n\n\n\n<figure class=\"wp-block-image size-large\"><img loading=\"lazy\" decoding=\"async\" width=\"380\" height=\"512\" data-id=\"97\" src=\"https:\/\/hoppetossa.com\/stellanova\/wp-content\/uploads\/sites\/14\/2024\/12\/skarmavbild-2024-12-12-kl-220857.png\" alt=\"\" class=\"wp-image-97 img-responsive\" srcset=\"https:\/\/hoppetossa.com\/stellanova\/wp-content\/uploads\/sites\/14\/2024\/12\/skarmavbild-2024-12-12-kl-220857.png 380w, https:\/\/hoppetossa.com\/stellanova\/wp-content\/uploads\/sites\/14\/2024\/12\/skarmavbild-2024-12-12-kl-220857-223x300.png 223w\" sizes=\"auto, (max-width: 380px) 100vw, 380px\" \/><\/figure>\n\n\n\n<figure class=\"wp-block-image size-large\"><img loading=\"lazy\" decoding=\"async\" width=\"404\" height=\"428\" data-id=\"98\" src=\"https:\/\/hoppetossa.com\/stellanova\/wp-content\/uploads\/sites\/14\/2024\/12\/skarmavbild-2024-12-12-kl-220911.png\" alt=\"\" class=\"wp-image-98 img-responsive\" srcset=\"https:\/\/hoppetossa.com\/stellanova\/wp-content\/uploads\/sites\/14\/2024\/12\/skarmavbild-2024-12-12-kl-220911.png 404w, https:\/\/hoppetossa.com\/stellanova\/wp-content\/uploads\/sites\/14\/2024\/12\/skarmavbild-2024-12-12-kl-220911-283x300.png 283w\" sizes=\"auto, (max-width: 404px) 100vw, 404px\" \/><\/figure>\n<\/figure>\n\n\n\n<div style=\"height:18px\" aria-hidden=\"true\" class=\"wp-block-spacer\"><\/div>\n\n\n\n<p>At Stella Nova Preschool, we strive to give every child a safe and inspiring start in life. We create an environment where children\u2019s language development and understanding of sustainability can flourish through play, learning, and community.<\/p>\n\n\n\n<p>We place great emphasis on working in democratic ways, sparking children\u2019s interest in sustainability and fostering a sense of togetherness. We are proud to be certified by <strong>Gr\u00f6n Flagg<\/strong> (Green Flag) \u2013 an internationally recognised certification that guides us in actively promoting sustainable development from a child\u2019s perspective.<br><br>We have been named <strong>&#8221;Preschool of the Year for Sustainability&#8221;<\/strong> with the following motivation:<em> &#8221;With strong engagement and solution-oriented efforts, the children have driven change \u2013 from projects on ocean plastics to wildflower meadows and recycling. They have contributed to a more sustainable local community, and their work has even reached an international audience.&#8221;<\/em><\/p>\n\n\n\n<p>At Stella Nova, children\u2019s creativity and self-esteem are nurtured in a warm and respectful environment. We also collaborate with local partners such as property management companies and grocery stores, where children\u2019s ideas have often made a significant impact.<\/p>\n\n\n\n<p>We believe in the power of language and communication and offer special support for children who speak multiple languages. Through play, singing, and storytelling, we create a strong foundation for children\u2019s future learning. We are also proud to have our own kitchen, where we prepare nutritious meals for our preschool.<\/p>\n\n\n\n<p><strong>Our vision is to be a driving force for an equal and democratic world!<\/strong><\/p>\n\n\n\n<div style=\"height:37px\" aria-hidden=\"true\" class=\"wp-block-spacer\"><\/div>\n\n\n\n<div class=\"wp-block-media-text is-stacked-on-mobile\"><figure class=\"wp-block-media-text__media\"><img loading=\"lazy\" decoding=\"async\" width=\"850\" height=\"306\" src=\"https:\/\/hoppetossa.com\/stellanova\/wp-content\/uploads\/sites\/14\/2024\/12\/skarmavbild-2024-12-12-kl-214828-1.png\" alt=\"\" class=\"wp-image-93 size-full img-responsive\" srcset=\"https:\/\/hoppetossa.com\/stellanova\/wp-content\/uploads\/sites\/14\/2024\/12\/skarmavbild-2024-12-12-kl-214828-1.png 850w, https:\/\/hoppetossa.com\/stellanova\/wp-content\/uploads\/sites\/14\/2024\/12\/skarmavbild-2024-12-12-kl-214828-1-300x108.png 300w, https:\/\/hoppetossa.com\/stellanova\/wp-content\/uploads\/sites\/14\/2024\/12\/skarmavbild-2024-12-12-kl-214828-1-768x276.png 768w\" sizes=\"auto, (max-width: 850px) 100vw, 850px\" \/><\/figure><div class=\"wp-block-media-text__content\">\n<p>Stella Nova preschool<br>Rissneleden 25<br>174 53 Sundbyberg<\/p>\n<\/div><\/div>\n\n\n\n<div style=\"height:29px\" aria-hidden=\"true\" class=\"wp-block-spacer\"><\/div>\n\n\n\n<p>General questions to our preschool: <a href=\"mailto:stellanova@hoppetossa.com\">stellanova@hoppetossa.com<\/a><\/p>\n\n\n\n<p>Contact details to our departments:<br>Group 1 : <a href=\"phone:079-585 35 13\">079-585 35 13<\/a><\/p>\n\n\n\n<p>Group 2: <a href=\"phone:079-585 35 14\">079-585 35 14<\/a><\/p>\n\n\n\n<p>Group 3: <a href=\"phone:079-585 35 15\">079-585 35 15<\/a><\/p>\n\n\n\n<p>Group 4: <a href=\"http:\/\/phone079-585 35 16\">079-585 35 16<\/a><\/p>\n\n\n\n<p>Group 5: <a href=\"phone:079-585 35 17\">079-585 35 17<\/a><\/p>\n\n\n\n<p>Contact details to our preschool principal: <a href=\"phone: 073-919 06 91\">073-919 06 91<\/a> and  <a href=\"mailto:stellanova@hoppetossa.com\">stellanova@hoppetossa.com<\/a><\/p>\n\n\n\n<p>Other:<br><a href=\"https:\/\/www.instagram.com\/stellanovaforskola\/\">Instagram<\/a><br><a href=\"https:\/\/hoppetossa.com\/stellanova\/var-ko\/\">Queue<\/a><a href=\"http:\/\/www.hoppetossa.com\/jollen\/blogg\"><br><\/a><\/p>\n\n\n\n<div style=\"height:26px\" aria-hidden=\"true\" class=\"wp-block-spacer\"><\/div>\n\n\n\n<figure class=\"wp-block-image\"><img decoding=\"async\" src=\"https:\/\/i0.wp.com\/hoppetossa.com\/jollen\/wp-content\/uploads\/sites\/5\/2013\/09\/Kompissol.jpg?resize=150%2C150\" alt=\"\" class=\"wp-image-587 img-responsive\"\/><\/figure>\n\n\n\n<div style=\"height:19px\" aria-hidden=\"true\" class=\"wp-block-spacer\"><\/div>\n\n\n\n<p><strong>Complaints and comments<\/strong><br>We aim to offer good quality in our preschool. Nothing is so good that it cannot be better and views and complaints contribute to developing the preschool. Give us the opportunity to correct errors and shortcomings by talking about what you are not satisfied with or tell us what we are doing that is good.<\/p>\n\n\n\n<p>If it is something that does not meet your expectations or that you are dissatisfied with in your child\u2019s education, turn primarily to us teachers at the preschool. We can then for example address your point of view\/proposal at the next planning meeting so that everyone at the department\/preschool will be informed and in these meetings we will also discuss what measures we should take.<\/p>\n\n\n\n<p>If we do not succeed in resolving the problem and your dissatisfaction persists, turn to the principal so that the preschool, together with the principal, can act further.<\/p>\n\n\n\n<p>Sometimes a meeting is needed, where you as the guardian, the teacher you talked to and the principal are present. The meeting will be a forum for discussing and jointly land in a solution\/action. After this meeting, relevant teachers at the department\/preschool will be informed so that everyone knows what measures are being taken. If we find that a more in-depth analysis is needed, the principal together with the <em>huvudman<\/em> make an inquiry.<\/p>\n\n\n\n<p>Should you still be dissatisfied, you make a written complaint to the <em>huvudman<\/em> by sending an e-mail to&nbsp;<a href=\"mailto:synpunkter@hoppetossa.com\">synpunkter@hoppetossa.com<\/a>. The <em>huvudman<\/em> always informs the principal in connection with this, and of course directly to you who have left the complaint\/point of view.<\/p>\n\n\n\n<p>If you are not satisfied with how the <em>huvudman<\/em> received and investigated your complaint, you can proceed with the matter to Sundbyberg municipality.<\/p>\n\n\n\n<p>Complaints are documented to ensure adequate follow-up.<\/p>\n\n\n\n<p>Of course, the parental council (f\u00f6r\u00e4ldrar\u00e5d) is also a good opportunity to raise views\/complaints. The parental council is a forum for guardians\u2019 representatives from each department and us from the preschool meet. The task of the guardians representative is to highlight suggestions, views and questions from other guardians, and ensure that the other guardians receive information from all meetings. <\/p>\n\n\n\n<p>It is important for us to have a close and trusting cooperation with all families in our preschool!<\/p>\n","protected":false},"excerpt":{"rendered":"<p>Welcome to Stella Nova Preschool in Hallonbergen At Stella Nova Preschool, we strive to give every child a safe and&hellip; <a class=\"read-more\" href=\"https:\/\/hoppetossa.com\/stellanova\/in-english\/\">L\u00e4s mera<\/a><\/p>\n","protected":false},"author":1,"featured_media":0,"parent":0,"menu_order":0,"comment_status":"closed","ping_status":"closed","template":"","meta":{"_acf_changed":false,"_monsterinsights_skip_tracking":false,"_monsterinsights_sitenote_active":false,"_monsterinsights_sitenote_note":"","_monsterinsights_sitenote_category":0,"footnotes":""},"class_list":["post-92","page","type-page","status-publish","hentry"],"acf":[],"yoast_head":"<!-- This site is optimized with the Yoast SEO plugin v27.5 - https:\/\/yoast.com\/product\/yoast-seo-wordpress\/ -->\n<title>In English - F\u00f6rskolan Stella Nova<\/title>\n<meta name=\"robots\" content=\"index, follow, max-snippet:-1, max-image-preview:large, max-video-preview:-1\" \/>\n<link rel=\"canonical\" href=\"https:\/\/hoppetossa.com\/stellanova\/in-english\/\" \/>\n<meta property=\"og:locale\" content=\"sv_SE\" \/>\n<meta property=\"og:type\" content=\"article\" \/>\n<meta property=\"og:title\" content=\"In English - F\u00f6rskolan Stella Nova\" \/>\n<meta property=\"og:description\" content=\"Welcome to Stella Nova Preschool in Hallonbergen At Stella Nova Preschool, we strive to give every child a safe and&hellip; L\u00e4s mera\" \/>\n<meta property=\"og:url\" content=\"https:\/\/hoppetossa.com\/stellanova\/in-english\/\" \/>\n<meta property=\"og:site_name\" content=\"F\u00f6rskolan Stella Nova\" \/>\n<meta property=\"article:modified_time\" content=\"2025-02-13T12:32:59+00:00\" \/>\n<meta property=\"og:image\" content=\"https:\/\/hoppetossa.com\/stellanova\/wp-content\/uploads\/sites\/14\/2024\/12\/skarmavbild-2024-12-12-kl-220847.png\" \/>\n\t<meta property=\"og:image:width\" content=\"504\" \/>\n\t<meta property=\"og:image:height\" content=\"502\" \/>\n\t<meta property=\"og:image:type\" content=\"image\/png\" \/>\n<meta name=\"twitter:card\" content=\"summary_large_image\" \/>\n<meta name=\"twitter:label1\" content=\"Ber\u00e4knad l\u00e4stid\" \/>\n\t<meta name=\"twitter:data1\" content=\"5 minuter\" \/>\n<script type=\"application\/ld+json\" class=\"yoast-schema-graph\">{\"@context\":\"https:\\\/\\\/schema.org\",\"@graph\":[{\"@type\":\"WebPage\",\"@id\":\"https:\\\/\\\/hoppetossa.com\\\/stellanova\\\/in-english\\\/\",\"url\":\"https:\\\/\\\/hoppetossa.com\\\/stellanova\\\/in-english\\\/\",\"name\":\"In English - F\u00f6rskolan Stella Nova\",\"isPartOf\":{\"@id\":\"https:\\\/\\\/hoppetossa.com\\\/stellanova\\\/#website\"},\"primaryImageOfPage\":{\"@id\":\"https:\\\/\\\/hoppetossa.com\\\/stellanova\\\/in-english\\\/#primaryimage\"},\"image\":{\"@id\":\"https:\\\/\\\/hoppetossa.com\\\/stellanova\\\/in-english\\\/#primaryimage\"},\"thumbnailUrl\":\"https:\\\/\\\/hoppetossa.com\\\/stellanova\\\/wp-content\\\/uploads\\\/sites\\\/14\\\/2024\\\/12\\\/skarmavbild-2024-12-12-kl-220847.png\",\"datePublished\":\"2024-12-12T21:07:50+00:00\",\"dateModified\":\"2025-02-13T12:32:59+00:00\",\"breadcrumb\":{\"@id\":\"https:\\\/\\\/hoppetossa.com\\\/stellanova\\\/in-english\\\/#breadcrumb\"},\"inLanguage\":\"sv-SE\",\"potentialAction\":[{\"@type\":\"ReadAction\",\"target\":[\"https:\\\/\\\/hoppetossa.com\\\/stellanova\\\/in-english\\\/\"]}]},{\"@type\":\"ImageObject\",\"inLanguage\":\"sv-SE\",\"@id\":\"https:\\\/\\\/hoppetossa.com\\\/stellanova\\\/in-english\\\/#primaryimage\",\"url\":\"https:\\\/\\\/hoppetossa.com\\\/stellanova\\\/wp-content\\\/uploads\\\/sites\\\/14\\\/2024\\\/12\\\/skarmavbild-2024-12-12-kl-220847.png\",\"contentUrl\":\"https:\\\/\\\/hoppetossa.com\\\/stellanova\\\/wp-content\\\/uploads\\\/sites\\\/14\\\/2024\\\/12\\\/skarmavbild-2024-12-12-kl-220847.png\",\"width\":504,\"height\":502},{\"@type\":\"BreadcrumbList\",\"@id\":\"https:\\\/\\\/hoppetossa.com\\\/stellanova\\\/in-english\\\/#breadcrumb\",\"itemListElement\":[{\"@type\":\"ListItem\",\"position\":1,\"name\":\"Hem\",\"item\":\"https:\\\/\\\/hoppetossa.com\\\/stellanova\\\/\"},{\"@type\":\"ListItem\",\"position\":2,\"name\":\"In English\"}]},{\"@type\":\"WebSite\",\"@id\":\"https:\\\/\\\/hoppetossa.com\\\/stellanova\\\/#website\",\"url\":\"https:\\\/\\\/hoppetossa.com\\\/stellanova\\\/\",\"name\":\"F\u00f6rskolan Stella Nova\",\"description\":\"Hoppetossa f\u00f6rskolor\",\"potentialAction\":[{\"@type\":\"SearchAction\",\"target\":{\"@type\":\"EntryPoint\",\"urlTemplate\":\"https:\\\/\\\/hoppetossa.com\\\/stellanova\\\/?s={search_term_string}\"},\"query-input\":{\"@type\":\"PropertyValueSpecification\",\"valueRequired\":true,\"valueName\":\"search_term_string\"}}],\"inLanguage\":\"sv-SE\"}]}<\/script>\n<!-- \/ Yoast SEO plugin. -->","yoast_head_json":{"title":"In English - F\u00f6rskolan Stella Nova","robots":{"index":"index","follow":"follow","max-snippet":"max-snippet:-1","max-image-preview":"max-image-preview:large","max-video-preview":"max-video-preview:-1"},"canonical":"https:\/\/hoppetossa.com\/stellanova\/in-english\/","og_locale":"sv_SE","og_type":"article","og_title":"In English - F\u00f6rskolan Stella Nova","og_description":"Welcome to Stella Nova Preschool in Hallonbergen At Stella Nova Preschool, we strive to give every child a safe and&hellip; L\u00e4s mera","og_url":"https:\/\/hoppetossa.com\/stellanova\/in-english\/","og_site_name":"F\u00f6rskolan Stella Nova","article_modified_time":"2025-02-13T12:32:59+00:00","og_image":[{"width":504,"height":502,"url":"https:\/\/hoppetossa.com\/stellanova\/wp-content\/uploads\/sites\/14\/2024\/12\/skarmavbild-2024-12-12-kl-220847.png","type":"image\/png"}],"twitter_card":"summary_large_image","twitter_misc":{"Ber\u00e4knad l\u00e4stid":"5 minuter"},"schema":{"@context":"https:\/\/schema.org","@graph":[{"@type":"WebPage","@id":"https:\/\/hoppetossa.com\/stellanova\/in-english\/","url":"https:\/\/hoppetossa.com\/stellanova\/in-english\/","name":"In English - F\u00f6rskolan Stella Nova","isPartOf":{"@id":"https:\/\/hoppetossa.com\/stellanova\/#website"},"primaryImageOfPage":{"@id":"https:\/\/hoppetossa.com\/stellanova\/in-english\/#primaryimage"},"image":{"@id":"https:\/\/hoppetossa.com\/stellanova\/in-english\/#primaryimage"},"thumbnailUrl":"https:\/\/hoppetossa.com\/stellanova\/wp-content\/uploads\/sites\/14\/2024\/12\/skarmavbild-2024-12-12-kl-220847.png","datePublished":"2024-12-12T21:07:50+00:00","dateModified":"2025-02-13T12:32:59+00:00","breadcrumb":{"@id":"https:\/\/hoppetossa.com\/stellanova\/in-english\/#breadcrumb"},"inLanguage":"sv-SE","potentialAction":[{"@type":"ReadAction","target":["https:\/\/hoppetossa.com\/stellanova\/in-english\/"]}]},{"@type":"ImageObject","inLanguage":"sv-SE","@id":"https:\/\/hoppetossa.com\/stellanova\/in-english\/#primaryimage","url":"https:\/\/hoppetossa.com\/stellanova\/wp-content\/uploads\/sites\/14\/2024\/12\/skarmavbild-2024-12-12-kl-220847.png","contentUrl":"https:\/\/hoppetossa.com\/stellanova\/wp-content\/uploads\/sites\/14\/2024\/12\/skarmavbild-2024-12-12-kl-220847.png","width":504,"height":502},{"@type":"BreadcrumbList","@id":"https:\/\/hoppetossa.com\/stellanova\/in-english\/#breadcrumb","itemListElement":[{"@type":"ListItem","position":1,"name":"Hem","item":"https:\/\/hoppetossa.com\/stellanova\/"},{"@type":"ListItem","position":2,"name":"In English"}]},{"@type":"WebSite","@id":"https:\/\/hoppetossa.com\/stellanova\/#website","url":"https:\/\/hoppetossa.com\/stellanova\/","name":"F\u00f6rskolan Stella Nova","description":"Hoppetossa f\u00f6rskolor","potentialAction":[{"@type":"SearchAction","target":{"@type":"EntryPoint","urlTemplate":"https:\/\/hoppetossa.com\/stellanova\/?s={search_term_string}"},"query-input":{"@type":"PropertyValueSpecification","valueRequired":true,"valueName":"search_term_string"}}],"inLanguage":"sv-SE"}]}},"_links":{"self":[{"href":"https:\/\/hoppetossa.com\/stellanova\/wp-json\/wp\/v2\/pages\/92","targetHints":{"allow":["GET"]}}],"collection":[{"href":"https:\/\/hoppetossa.com\/stellanova\/wp-json\/wp\/v2\/pages"}],"about":[{"href":"https:\/\/hoppetossa.com\/stellanova\/wp-json\/wp\/v2\/types\/page"}],"author":[{"embeddable":true,"href":"https:\/\/hoppetossa.com\/stellanova\/wp-json\/wp\/v2\/users\/1"}],"replies":[{"embeddable":true,"href":"https:\/\/hoppetossa.com\/stellanova\/wp-json\/wp\/v2\/comments?post=92"}],"version-history":[{"count":8,"href":"https:\/\/hoppetossa.com\/stellanova\/wp-json\/wp\/v2\/pages\/92\/revisions"}],"predecessor-version":[{"id":149,"href":"https:\/\/hoppetossa.com\/stellanova\/wp-json\/wp\/v2\/pages\/92\/revisions\/149"}],"wp:attachment":[{"href":"https:\/\/hoppetossa.com\/stellanova\/wp-json\/wp\/v2\/media?parent=92"}],"curies":[{"name":"wp","href":"https:\/\/api.w.org\/{rel}","templated":true}]}}